{"id":32769,"date":"2023-06-23T01:16:15","date_gmt":"2023-06-22T23:16:15","guid":{"rendered":"https:\/\/librairie7l.com\/?post_type=product&#038;p=32769"},"modified":"2026-04-18T22:11:47","modified_gmt":"2026-04-18T20:11:47","slug":"japon-le-temps-suspendu","status":"publish","type":"product","link":"https:\/\/librairie7l.com\/en\/produit\/japon-le-temps-suspendu\/","title":{"rendered":"JAPON : LE TEMPS SUSPENDU"},"content":{"rendered":"<p>Ce nouvel opus de l&#8217;Oeil curieux offre un voyage au coeur d&#8217;un Japon r\u00eav\u00e9 : vues et paysages, portraits et sc\u00e8nes de genre, figures embl\u00e9matiques &#8211; geishas, sumos et samoura\u00efs. \u00c0 travers 40 tirages photographiques mis en couleur, \u00e0 la d\u00e9licatesse reminiscente des estampes d&#8217;Hokusai, le lecteur d\u00e9couvre un Japon immuable, loin des clich\u00e9s.<br \/>\nUn Japon immuable Les photographes Beato et Stillfried donnent \u00e0 voir, \u00e0 travers les sujets trait\u00e9s et les lieux repr\u00e9sent\u00e9s, l&#8217;image d&#8217;un pays immuable alors m\u00eame que l&#8217;archipel entre dans une p\u00e9riode de profonds bouleversements. Destin\u00e9es \u00e0 une client\u00e8le naissante de touristes \u00e9trangers en recherche d&#8217;exotisme, leurs images correspondent \u00e0 une demande et sont autant de tableaux d&#8217;un Japon \u00e9ternel.<\/p>\n<p> Vues et paysages Beato et Stillfried photographient les m\u00eames lieux c\u00e9l\u00e8bres qu&#8217;ont repr\u00e9sent\u00e9s avant eux les ma\u00eetres de l&#8217;estampe Hokusai ou Hiroshige, : Mont Fuji, environs de Yokohama, lacs et relais de la route historique du T?kaid?.<\/p>\n<p> Portraits et sc\u00e8nes de genre Les petits m\u00e9tiers de rue, porteurs, conducteurs de pousse-pousse, poissonniers, vendeurs ambulants, marchands devant leur boutique sont saisis comme une succession de  tableaux vivants , m\u00eame si le photographe a recours \u00e0 des figurants dans des compositions savamment organis\u00e9es. La figure du samourai associ\u00e9e aux images de l&#8217;ancien Japon, est pr\u00e9sente \u00e0 travers des mod\u00e8les posant en armures. Lutteurs de sumo, palefreniers tatou\u00e9s, moines bouddhistes donnent de la couleur locale \u00e0 cette galerie de portraits o\u00f9 se m\u00e9langent le r\u00e9el et le reconstitu\u00e9.<\/p>\n<p> Exotisme La recherche d&#8217;exotisme est empreinte de go\u00fbt occidental. Femmes \u00e9l\u00e9gantes et guerriers en armes posent dans l&#8217;atelier de Stillfried devant des toiles peintes de sous-bois, tout droit sortis de l&#8217;\u00c9cole de Barbizon, d&#8217;o\u00f9 \u00e9merge la figure majestueuse du Mont Fuji. Il recr\u00e9e en studio l&#8217;identit\u00e9 visuelle des int\u00e9rieurs japonais o\u00f9 il lui est impossible de p\u00e9n\u00e9trer. La place de la femme est y centrale, identifi\u00e9e autour de quelques activit\u00e9s : la toilette, la musique, le th\u00e9.. Stillfried se distingue enfin par des portraits cadr\u00e9s serr\u00e9s de jeunes filles ou de vieillards d&#8217;une grande pr\u00e9sence.<\/p>\n<p> Yokohama Rapport\u00e9es dans les malles des voyageurs ou export\u00e9es pour \u00eatre vendues en Occident, les images de Felice Beato et Raimund von Stillfried contribueront \u00e0 la vogue du japonisme en Europe, un genre en plein essor connu sous le nom de Yokohama shashin, les  photographies de Yokohama .<\/p>\n","protected":false},"excerpt":{"rendered":"<p>Ce nouvel opus de l&#8217;Oeil curieux offre un voyage au coeur d&#8217;un Japon r\u00eav\u00e9 : vues et paysages, portraits et sc\u00e8nes de genre, figures embl\u00e9matiques &#8211; geishas, sumos et samoura\u00efs. \u00c0 travers 40 tirages photographiques mis en couleur, \u00e0 la d\u00e9licatesse reminiscente des estampes d&#8217;Hokusai, le lecteur d\u00e9couvre un Japon immuable, loin des clich\u00e9s. Un [&hellip;]<\/p>\n","protected":false},"featured_media":32767,"template":"","meta":[],"product_cat":[2948,2958],"product_tag":[],"acf":[],"yoast_head":"<!-- This site is optimized with the Yoast SEO plugin v20.11 - https:\/\/yoast.com\/wordpress\/plugins\/seo\/ -->\n<title>JAPON : LE TEMPS SUSPENDU - Librairie 7L<\/title>\n<meta name=\"robots\" content=\"index, follow, max-snippet:-1, max-image-preview:large, max-video-preview:-1\" \/>\n<link rel=\"canonical\" href=\"https:\/\/librairie7l.com\/en\/produit\/japon-le-temps-suspendu\/\" \/>\n<meta property=\"og:locale\" content=\"en_US\" \/>\n<meta property=\"og:type\" content=\"article\" \/>\n<meta property=\"og:title\" content=\"JAPON : LE TEMPS SUSPENDU - Librairie 7L\" \/>\n<meta property=\"og:description\" content=\"Ce nouvel opus de l&#8217;Oeil curieux offre un voyage au coeur d&#8217;un Japon r\u00eav\u00e9 : vues et paysages, portraits et sc\u00e8nes de genre, figures embl\u00e9matiques &#8211; geishas, sumos et samoura\u00efs. \u00c0 travers 40 tirages photographiques mis en couleur, \u00e0 la d\u00e9licatesse reminiscente des estampes d&#8217;Hokusai, le lecteur d\u00e9couvre un Japon immuable, loin des clich\u00e9s. Un [&hellip;]\" \/>\n<meta property=\"og:url\" content=\"https:\/\/librairie7l.com\/en\/produit\/japon-le-temps-suspendu\/\" \/>\n<meta property=\"og:site_name\" content=\"Librairie 7L\" \/>\n<meta property=\"article:modified_time\" content=\"2026-04-18T20:11:47+00:00\" \/>\n<meta property=\"og:image\" content=\"https:\/\/librairie7l.com\/wp-content\/uploads\/2023\/02\/9782717729290_1_75.jpg\" \/>\n\t<meta property=\"og:image:width\" content=\"600\" \/>\n\t<meta property=\"og:image:height\" content=\"840\" \/>\n\t<meta property=\"og:image:type\" content=\"image\/jpeg\" \/>\n<meta name=\"twitter:card\" content=\"summary_large_image\" \/>\n<meta name=\"twitter:label1\" content=\"Est. reading time\" \/>\n\t<meta name=\"twitter:data1\" content=\"2 minutes\" \/>\n<script type=\"application\/ld+json\" class=\"yoast-schema-graph\">{\"@context\":\"https:\/\/schema.org\",\"@graph\":[{\"@type\":\"WebPage\",\"@id\":\"https:\/\/librairie7l.com\/en\/produit\/japon-le-temps-suspendu\/\",\"url\":\"https:\/\/librairie7l.com\/en\/produit\/japon-le-temps-suspendu\/\",\"name\":\"JAPON : LE TEMPS SUSPENDU - Librairie 7L\",\"isPartOf\":{\"@id\":\"https:\/\/librairie7l.com\/en\/#website\"},\"datePublished\":\"2023-06-22T23:16:15+00:00\",\"dateModified\":\"2026-04-18T20:11:47+00:00\",\"breadcrumb\":{\"@id\":\"https:\/\/librairie7l.com\/en\/produit\/japon-le-temps-suspendu\/#breadcrumb\"},\"inLanguage\":\"en-US\",\"potentialAction\":[{\"@type\":\"ReadAction\",\"target\":[\"https:\/\/librairie7l.com\/en\/produit\/japon-le-temps-suspendu\/\"]}]},{\"@type\":\"BreadcrumbList\",\"@id\":\"https:\/\/librairie7l.com\/en\/produit\/japon-le-temps-suspendu\/#breadcrumb\",\"itemListElement\":[{\"@type\":\"ListItem\",\"position\":1,\"name\":\"Accueil\",\"item\":\"https:\/\/librairie7l.com\/en\/\"},{\"@type\":\"ListItem\",\"position\":2,\"name\":\"Shop\",\"item\":\"https:\/\/librairie7l.com\/en\/shop\/\"},{\"@type\":\"ListItem\",\"position\":3,\"name\":\"JAPON : LE TEMPS SUSPENDU\"}]},{\"@type\":\"WebSite\",\"@id\":\"https:\/\/librairie7l.com\/en\/#website\",\"url\":\"https:\/\/librairie7l.com\/en\/\",\"name\":\"Librairie 7L\",\"description\":\"Librairie fond\u00e9e en 1999 par Karl Lagerfeld \u00e0 Paris\",\"publisher\":{\"@id\":\"https:\/\/librairie7l.com\/en\/#organization\"},\"potentialAction\":[{\"@type\":\"SearchAction\",\"target\":{\"@type\":\"EntryPoint\",\"urlTemplate\":\"https:\/\/librairie7l.com\/en\/?s={search_term_string}\"},\"query-input\":\"required name=search_term_string\"}],\"inLanguage\":\"en-US\"},{\"@type\":\"Organization\",\"@id\":\"https:\/\/librairie7l.com\/en\/#organization\",\"name\":\"Librairie 7L\",\"url\":\"https:\/\/librairie7l.com\/en\/\",\"logo\":{\"@type\":\"ImageObject\",\"inLanguage\":\"en-US\",\"@id\":\"https:\/\/librairie7l.com\/en\/#\/schema\/logo\/image\/\",\"url\":\"https:\/\/librairie7l.com\/wp-content\/uploads\/2022\/08\/logo-1.png\",\"contentUrl\":\"https:\/\/librairie7l.com\/wp-content\/uploads\/2022\/08\/logo-1.png\",\"width\":227,\"height\":301,\"caption\":\"Librairie 7L\"},\"image\":{\"@id\":\"https:\/\/librairie7l.com\/en\/#\/schema\/logo\/image\/\"}}]}<\/script>\n<!-- \/ Yoast SEO plugin. -->","yoast_head_json":{"title":"JAPON : LE TEMPS SUSPENDU - Librairie 7L","robots":{"index":"index","follow":"follow","max-snippet":"max-snippet:-1","max-image-preview":"max-image-preview:large","max-video-preview":"max-video-preview:-1"},"canonical":"https:\/\/librairie7l.com\/en\/produit\/japon-le-temps-suspendu\/","og_locale":"en_US","og_type":"article","og_title":"JAPON : LE TEMPS SUSPENDU - Librairie 7L","og_description":"Ce nouvel opus de l&#8217;Oeil curieux offre un voyage au coeur d&#8217;un Japon r\u00eav\u00e9 : vues et paysages, portraits et sc\u00e8nes de genre, figures embl\u00e9matiques &#8211; geishas, sumos et samoura\u00efs. \u00c0 travers 40 tirages photographiques mis en couleur, \u00e0 la d\u00e9licatesse reminiscente des estampes d&#8217;Hokusai, le lecteur d\u00e9couvre un Japon immuable, loin des clich\u00e9s. Un [&hellip;]","og_url":"https:\/\/librairie7l.com\/en\/produit\/japon-le-temps-suspendu\/","og_site_name":"Librairie 7L","article_modified_time":"2026-04-18T20:11:47+00:00","og_image":[{"width":600,"height":840,"url":"https:\/\/librairie7l.com\/wp-content\/uploads\/2023\/02\/9782717729290_1_75.jpg","type":"image\/jpeg"}],"twitter_card":"summary_large_image","twitter_misc":{"Est. reading time":"2 minutes"},"schema":{"@context":"https:\/\/schema.org","@graph":[{"@type":"WebPage","@id":"https:\/\/librairie7l.com\/en\/produit\/japon-le-temps-suspendu\/","url":"https:\/\/librairie7l.com\/en\/produit\/japon-le-temps-suspendu\/","name":"JAPON : LE TEMPS SUSPENDU - Librairie 7L","isPartOf":{"@id":"https:\/\/librairie7l.com\/en\/#website"},"datePublished":"2023-06-22T23:16:15+00:00","dateModified":"2026-04-18T20:11:47+00:00","breadcrumb":{"@id":"https:\/\/librairie7l.com\/en\/produit\/japon-le-temps-suspendu\/#breadcrumb"},"inLanguage":"en-US","potentialAction":[{"@type":"ReadAction","target":["https:\/\/librairie7l.com\/en\/produit\/japon-le-temps-suspendu\/"]}]},{"@type":"BreadcrumbList","@id":"https:\/\/librairie7l.com\/en\/produit\/japon-le-temps-suspendu\/#breadcrumb","itemListElement":[{"@type":"ListItem","position":1,"name":"Accueil","item":"https:\/\/librairie7l.com\/en\/"},{"@type":"ListItem","position":2,"name":"Shop","item":"https:\/\/librairie7l.com\/en\/shop\/"},{"@type":"ListItem","position":3,"name":"JAPON : LE TEMPS SUSPENDU"}]},{"@type":"WebSite","@id":"https:\/\/librairie7l.com\/en\/#website","url":"https:\/\/librairie7l.com\/en\/","name":"Librairie 7L","description":"Librairie fond\u00e9e en 1999 par Karl Lagerfeld \u00e0 Paris","publisher":{"@id":"https:\/\/librairie7l.com\/en\/#organization"},"potentialAction":[{"@type":"SearchAction","target":{"@type":"EntryPoint","urlTemplate":"https:\/\/librairie7l.com\/en\/?s={search_term_string}"},"query-input":"required name=search_term_string"}],"inLanguage":"en-US"},{"@type":"Organization","@id":"https:\/\/librairie7l.com\/en\/#organization","name":"Librairie 7L","url":"https:\/\/librairie7l.com\/en\/","logo":{"@type":"ImageObject","inLanguage":"en-US","@id":"https:\/\/librairie7l.com\/en\/#\/schema\/logo\/image\/","url":"https:\/\/librairie7l.com\/wp-content\/uploads\/2022\/08\/logo-1.png","contentUrl":"https:\/\/librairie7l.com\/wp-content\/uploads\/2022\/08\/logo-1.png","width":227,"height":301,"caption":"Librairie 7L"},"image":{"@id":"https:\/\/librairie7l.com\/en\/#\/schema\/logo\/image\/"}}]}},"_links":{"self":[{"href":"https:\/\/librairie7l.com\/en\/wp-json\/wp\/v2\/product\/32769"}],"collection":[{"href":"https:\/\/librairie7l.com\/en\/wp-json\/wp\/v2\/product"}],"about":[{"href":"https:\/\/librairie7l.com\/en\/wp-json\/wp\/v2\/types\/product"}],"wp:featuredmedia":[{"embeddable":true,"href":"https:\/\/librairie7l.com\/en\/wp-json\/wp\/v2\/media\/32767"}],"wp:attachment":[{"href":"https:\/\/librairie7l.com\/en\/wp-json\/wp\/v2\/media?parent=32769"}],"wp:term":[{"taxonomy":"product_cat","embeddable":true,"href":"https:\/\/librairie7l.com\/en\/wp-json\/wp\/v2\/product_cat?post=32769"},{"taxonomy":"product_tag","embeddable":true,"href":"https:\/\/librairie7l.com\/en\/wp-json\/wp\/v2\/product_tag?post=32769"}],"curies":[{"name":"wp","href":"https:\/\/api.w.org\/{rel}","templated":true}]}}