{"id":32773,"date":"2023-06-23T01:16:16","date_gmt":"2023-06-22T23:16:16","guid":{"rendered":"https:\/\/librairie7l.com\/?post_type=product&#038;p=32773"},"modified":"2026-04-16T17:27:48","modified_gmt":"2026-04-16T15:27:48","slug":"potagers","status":"publish","type":"product","link":"https:\/\/librairie7l.com\/en\/produit\/potagers\/","title":{"rendered":"POTAGERS"},"content":{"rendered":"<p>Ce nouvel opus de l&#8217;Oeil curieux retrace l&#8217;histoire, en images, des fruits et l\u00e9gumes dans les manuscrits et les imprim\u00e9s. <\/p>\n<p> Le propos du livre fait \u00e9cho aux pr\u00e9occupations actuelles : int\u00e9r\u00eat pour les vari\u00e9t\u00e9s anciennes, d\u00e9veloppement de pratiques culturales moins agressives, ou red\u00e9couverte des vertus de l&#8217;autoconsommation.<br \/>\nFruits et l\u00e9gumesD\u00e8s le Moyen-Age ; fruits et l\u00e9gumes apparaissent dans les herbiers manuscrits m\u00e9di\u00e9vaux pour leurs propri\u00e9t\u00e9s m\u00e9dicinales. Il s&#8217;agit d&#8217;esp\u00e8ces indig\u00e8nes, de fruits introduits par les Romains, ou de plantes cultiv\u00e9es dans les jardins monastiques. Avec La Renaissance et les voyages aux long cours, on assiste \u00e0 l&#8217;introduction de nouvelles esp\u00e8ces. Les plantes mettent toutefois plus de temps \u00e0 \u00eatre adopt\u00e9es par la population qui ne sait comment les cultiver et les pr\u00e9parer. Plus recemment, l&#8217;action d&#8217;hommes comme Parmentier, avec la pomme de terre, d\u00e9mocratise la culture des plantes.<\/p>\n<p> Esp\u00e8ces raresLa cr\u00e9ation de jardins botaniques et de collections priv\u00e9es vont changer la donne. Il devient alors de bon ton d&#8217;entretenir des esp\u00e8ces rares et de faire conna\u00eetre ses collections au travers de floril\u00e8ges.<\/p>\n<p> Engouement horticoleLe potager du roi Louis XIV, v\u00e9ritable mod\u00e8le du genre, symbolise un v\u00e9ritable engouement horticole. Le for\u00e7age des cultures et les serres alimentent la table royale et parall\u00e8lement, la vari\u00e9t\u00e9 de l\u00e9gumes utilis\u00e9s dans les trait\u00e9s de cuisine fran\u00e7ais augmente.<\/p>\n<p> Fruits exotiquesLes fruits exotiques sont particuli\u00e8rement recherch\u00e9s en raison de leur raret\u00e9 et de la difficult\u00e9 \u00e0 les faire pousser sous nos climats temp\u00e9r\u00e9s. \u00c0 la cour, ils sont offerts aux h\u00f4tes de marque.<\/p>\n<p> Vari\u00e9t\u00e9 et popularit\u00e9Peu \u00e0 peu, les connaissances horticoles se diffusent dans la population gr\u00e2ce \u00e0 l&#8217;action de soci\u00e9t\u00e9s savantes et aux revues. De nouvelles esp\u00e8ces sont introduites, des centaines de vari\u00e9t\u00e9s sont mises au point. Les terroirs se sp\u00e9cialisent et les mara\u00eechers, pr\u00e8s des villes, obtiennent plusieurs r\u00e9coltes par an.<\/p>\n<p> SubsistanceL&#8217;industrialisation et l&#8217;urbanisation \u00e9loignent du jardin la population qui s&#8217;approvisionne dans les march\u00e9s et les commerces. Mais la fonction de jardin de subsistance r\u00e9appara\u00eet lors de p\u00e9nuries ou de guerres.<\/p>\n<p> Nouvelles pratiquesLa science agronomique permet un accroissement des rendements, des productions plus calibr\u00e9es, mais s&#8217;accompagne \u00e9galement d&#8217;une diminution de la diversit\u00e9. D&#8217;o\u00f9 un regain d&#8217;int\u00e9r\u00eat pour les vari\u00e9t\u00e9s anciennes, le d\u00e9veloppement de pratiques culturales moins agressives, ou la red\u00e9couverte des vertus de l&#8217;autoconsommation.<\/p>\n","protected":false},"excerpt":{"rendered":"<p>Ce nouvel opus de l&#8217;Oeil curieux retrace l&#8217;histoire, en images, des fruits et l\u00e9gumes dans les manuscrits et les imprim\u00e9s. Le propos du livre fait \u00e9cho aux pr\u00e9occupations actuelles : int\u00e9r\u00eat pour les vari\u00e9t\u00e9s anciennes, d\u00e9veloppement de pratiques culturales moins agressives, ou red\u00e9couverte des vertus de l&#8217;autoconsommation. Fruits et l\u00e9gumesD\u00e8s le Moyen-Age ; fruits et [&hellip;]<\/p>\n","protected":false},"featured_media":32771,"template":"","meta":[],"product_cat":[2948,2956],"product_tag":[],"acf":[],"yoast_head":"<!-- This site is optimized with the Yoast SEO plugin v20.11 - https:\/\/yoast.com\/wordpress\/plugins\/seo\/ -->\n<title>POTAGERS - Librairie 7L<\/title>\n<meta name=\"robots\" content=\"index, follow, max-snippet:-1, max-image-preview:large, max-video-preview:-1\" \/>\n<link rel=\"canonical\" href=\"https:\/\/librairie7l.com\/en\/produit\/potagers\/\" \/>\n<meta property=\"og:locale\" content=\"en_US\" \/>\n<meta property=\"og:type\" content=\"article\" \/>\n<meta property=\"og:title\" content=\"POTAGERS - Librairie 7L\" \/>\n<meta property=\"og:description\" content=\"Ce nouvel opus de l&#8217;Oeil curieux retrace l&#8217;histoire, en images, des fruits et l\u00e9gumes dans les manuscrits et les imprim\u00e9s. Le propos du livre fait \u00e9cho aux pr\u00e9occupations actuelles : int\u00e9r\u00eat pour les vari\u00e9t\u00e9s anciennes, d\u00e9veloppement de pratiques culturales moins agressives, ou red\u00e9couverte des vertus de l&#8217;autoconsommation. Fruits et l\u00e9gumesD\u00e8s le Moyen-Age ; fruits et [&hellip;]\" \/>\n<meta property=\"og:url\" content=\"https:\/\/librairie7l.com\/en\/produit\/potagers\/\" \/>\n<meta property=\"og:site_name\" content=\"Librairie 7L\" \/>\n<meta property=\"article:modified_time\" content=\"2026-04-16T15:27:48+00:00\" \/>\n<meta property=\"og:image\" content=\"https:\/\/librairie7l.com\/wp-content\/uploads\/2023\/02\/9782717729313_1_75.jpg\" \/>\n\t<meta property=\"og:image:width\" content=\"600\" \/>\n\t<meta property=\"og:image:height\" content=\"840\" \/>\n\t<meta property=\"og:image:type\" content=\"image\/jpeg\" \/>\n<meta name=\"twitter:card\" content=\"summary_large_image\" \/>\n<meta name=\"twitter:label1\" content=\"Est. reading time\" \/>\n\t<meta name=\"twitter:data1\" content=\"2 minutes\" \/>\n<script type=\"application\/ld+json\" class=\"yoast-schema-graph\">{\"@context\":\"https:\/\/schema.org\",\"@graph\":[{\"@type\":\"WebPage\",\"@id\":\"https:\/\/librairie7l.com\/en\/produit\/potagers\/\",\"url\":\"https:\/\/librairie7l.com\/en\/produit\/potagers\/\",\"name\":\"POTAGERS - Librairie 7L\",\"isPartOf\":{\"@id\":\"https:\/\/librairie7l.com\/en\/#website\"},\"datePublished\":\"2023-06-22T23:16:16+00:00\",\"dateModified\":\"2026-04-16T15:27:48+00:00\",\"breadcrumb\":{\"@id\":\"https:\/\/librairie7l.com\/en\/produit\/potagers\/#breadcrumb\"},\"inLanguage\":\"en-US\",\"potentialAction\":[{\"@type\":\"ReadAction\",\"target\":[\"https:\/\/librairie7l.com\/en\/produit\/potagers\/\"]}]},{\"@type\":\"BreadcrumbList\",\"@id\":\"https:\/\/librairie7l.com\/en\/produit\/potagers\/#breadcrumb\",\"itemListElement\":[{\"@type\":\"ListItem\",\"position\":1,\"name\":\"Accueil\",\"item\":\"https:\/\/librairie7l.com\/en\/\"},{\"@type\":\"ListItem\",\"position\":2,\"name\":\"Shop\",\"item\":\"https:\/\/librairie7l.com\/en\/shop\/\"},{\"@type\":\"ListItem\",\"position\":3,\"name\":\"POTAGERS\"}]},{\"@type\":\"WebSite\",\"@id\":\"https:\/\/librairie7l.com\/en\/#website\",\"url\":\"https:\/\/librairie7l.com\/en\/\",\"name\":\"Librairie 7L\",\"description\":\"Librairie fond\u00e9e en 1999 par Karl Lagerfeld \u00e0 Paris\",\"publisher\":{\"@id\":\"https:\/\/librairie7l.com\/en\/#organization\"},\"potentialAction\":[{\"@type\":\"SearchAction\",\"target\":{\"@type\":\"EntryPoint\",\"urlTemplate\":\"https:\/\/librairie7l.com\/en\/?s={search_term_string}\"},\"query-input\":\"required name=search_term_string\"}],\"inLanguage\":\"en-US\"},{\"@type\":\"Organization\",\"@id\":\"https:\/\/librairie7l.com\/en\/#organization\",\"name\":\"Librairie 7L\",\"url\":\"https:\/\/librairie7l.com\/en\/\",\"logo\":{\"@type\":\"ImageObject\",\"inLanguage\":\"en-US\",\"@id\":\"https:\/\/librairie7l.com\/en\/#\/schema\/logo\/image\/\",\"url\":\"https:\/\/librairie7l.com\/wp-content\/uploads\/2022\/08\/logo-1.png\",\"contentUrl\":\"https:\/\/librairie7l.com\/wp-content\/uploads\/2022\/08\/logo-1.png\",\"width\":227,\"height\":301,\"caption\":\"Librairie 7L\"},\"image\":{\"@id\":\"https:\/\/librairie7l.com\/en\/#\/schema\/logo\/image\/\"}}]}<\/script>\n<!-- \/ Yoast SEO plugin. -->","yoast_head_json":{"title":"POTAGERS - Librairie 7L","robots":{"index":"index","follow":"follow","max-snippet":"max-snippet:-1","max-image-preview":"max-image-preview:large","max-video-preview":"max-video-preview:-1"},"canonical":"https:\/\/librairie7l.com\/en\/produit\/potagers\/","og_locale":"en_US","og_type":"article","og_title":"POTAGERS - Librairie 7L","og_description":"Ce nouvel opus de l&#8217;Oeil curieux retrace l&#8217;histoire, en images, des fruits et l\u00e9gumes dans les manuscrits et les imprim\u00e9s. Le propos du livre fait \u00e9cho aux pr\u00e9occupations actuelles : int\u00e9r\u00eat pour les vari\u00e9t\u00e9s anciennes, d\u00e9veloppement de pratiques culturales moins agressives, ou red\u00e9couverte des vertus de l&#8217;autoconsommation. Fruits et l\u00e9gumesD\u00e8s le Moyen-Age ; fruits et [&hellip;]","og_url":"https:\/\/librairie7l.com\/en\/produit\/potagers\/","og_site_name":"Librairie 7L","article_modified_time":"2026-04-16T15:27:48+00:00","og_image":[{"width":600,"height":840,"url":"https:\/\/librairie7l.com\/wp-content\/uploads\/2023\/02\/9782717729313_1_75.jpg","type":"image\/jpeg"}],"twitter_card":"summary_large_image","twitter_misc":{"Est. reading time":"2 minutes"},"schema":{"@context":"https:\/\/schema.org","@graph":[{"@type":"WebPage","@id":"https:\/\/librairie7l.com\/en\/produit\/potagers\/","url":"https:\/\/librairie7l.com\/en\/produit\/potagers\/","name":"POTAGERS - Librairie 7L","isPartOf":{"@id":"https:\/\/librairie7l.com\/en\/#website"},"datePublished":"2023-06-22T23:16:16+00:00","dateModified":"2026-04-16T15:27:48+00:00","breadcrumb":{"@id":"https:\/\/librairie7l.com\/en\/produit\/potagers\/#breadcrumb"},"inLanguage":"en-US","potentialAction":[{"@type":"ReadAction","target":["https:\/\/librairie7l.com\/en\/produit\/potagers\/"]}]},{"@type":"BreadcrumbList","@id":"https:\/\/librairie7l.com\/en\/produit\/potagers\/#breadcrumb","itemListElement":[{"@type":"ListItem","position":1,"name":"Accueil","item":"https:\/\/librairie7l.com\/en\/"},{"@type":"ListItem","position":2,"name":"Shop","item":"https:\/\/librairie7l.com\/en\/shop\/"},{"@type":"ListItem","position":3,"name":"POTAGERS"}]},{"@type":"WebSite","@id":"https:\/\/librairie7l.com\/en\/#website","url":"https:\/\/librairie7l.com\/en\/","name":"Librairie 7L","description":"Librairie fond\u00e9e en 1999 par Karl Lagerfeld \u00e0 Paris","publisher":{"@id":"https:\/\/librairie7l.com\/en\/#organization"},"potentialAction":[{"@type":"SearchAction","target":{"@type":"EntryPoint","urlTemplate":"https:\/\/librairie7l.com\/en\/?s={search_term_string}"},"query-input":"required name=search_term_string"}],"inLanguage":"en-US"},{"@type":"Organization","@id":"https:\/\/librairie7l.com\/en\/#organization","name":"Librairie 7L","url":"https:\/\/librairie7l.com\/en\/","logo":{"@type":"ImageObject","inLanguage":"en-US","@id":"https:\/\/librairie7l.com\/en\/#\/schema\/logo\/image\/","url":"https:\/\/librairie7l.com\/wp-content\/uploads\/2022\/08\/logo-1.png","contentUrl":"https:\/\/librairie7l.com\/wp-content\/uploads\/2022\/08\/logo-1.png","width":227,"height":301,"caption":"Librairie 7L"},"image":{"@id":"https:\/\/librairie7l.com\/en\/#\/schema\/logo\/image\/"}}]}},"_links":{"self":[{"href":"https:\/\/librairie7l.com\/en\/wp-json\/wp\/v2\/product\/32773"}],"collection":[{"href":"https:\/\/librairie7l.com\/en\/wp-json\/wp\/v2\/product"}],"about":[{"href":"https:\/\/librairie7l.com\/en\/wp-json\/wp\/v2\/types\/product"}],"wp:featuredmedia":[{"embeddable":true,"href":"https:\/\/librairie7l.com\/en\/wp-json\/wp\/v2\/media\/32771"}],"wp:attachment":[{"href":"https:\/\/librairie7l.com\/en\/wp-json\/wp\/v2\/media?parent=32773"}],"wp:term":[{"taxonomy":"product_cat","embeddable":true,"href":"https:\/\/librairie7l.com\/en\/wp-json\/wp\/v2\/product_cat?post=32773"},{"taxonomy":"product_tag","embeddable":true,"href":"https:\/\/librairie7l.com\/en\/wp-json\/wp\/v2\/product_tag?post=32773"}],"curies":[{"name":"wp","href":"https:\/\/api.w.org\/{rel}","templated":true}]}}