{"id":32777,"date":"2023-06-23T01:16:17","date_gmt":"2023-06-22T23:16:17","guid":{"rendered":"https:\/\/librairie7l.com\/?post_type=product&#038;p=32777"},"modified":"2026-05-12T16:49:48","modified_gmt":"2026-05-12T14:49:48","slug":"arbres","status":"publish","type":"product","link":"https:\/\/librairie7l.com\/en\/produit\/arbres\/","title":{"rendered":"ARBRES"},"content":{"rendered":"<p>\u00c9l\u00e9ment vital au coeur de l&#8217;\u00e9cosyst\u00e8me, symbole de long\u00e9vit\u00e9, de diversit\u00e9, de beaut\u00e9, de r\u00e9silience face aux agressions de tous ordres, source d&#8217;inspiration pour les artistes de tous les continents, l&#8217;arbre est par ailleurs pr\u00e9sent dans l&#8217;imaginaire o\u00f9 sa ramure, mais aussi sa force souterraine, nourrit les textes sacr\u00e9s, les mythes comme la litt\u00e9rature profane.<br \/>\nL&#8217;arbre est le coeur d&#8217;un \u00e9cosyst\u00e8me regroupant animaux, v\u00e9g\u00e9taux et champignons qui d\u00e9pendent en partie ou enti\u00e8rement de lui, de m\u00eame qu&#8217;il peut d\u00e9pendre d&#8217;eux pour se reproduire et diffuser ses graines. L&#8217;insecte et la plante ont besoin l&#8217;un de l&#8217;autre pour assurer leur descendance. Une partie de ces relations entre esp\u00e8ces \u00e9chappe \u00e0 notre regard car elle se d\u00e9roule sous terre. Le syst\u00e8me racinaire permet \u00e0 un arbre de communiquer avec ses voisins.<\/p>\n<p>Face aux intemp\u00e9ries ou aux ravageurs, l&#8217;arbre r\u00e9agit de mani\u00e8re \u00e9tonnante et peut avertir ses voisins. Des arbres abattus par le vent voient, symbole de vitalit\u00e9, un nouveau tronc jaillir du tronc renvers\u00e9.<\/p>\n<p>Le motif de l&#8217;arbre de vie se retrouve dans de nombreuses mythologies. L&#8217;arbre de la connaissance du bien et du mal, porteur du fruit d\u00e9fendu, en serait une variante biblique.<\/p>\n<p>Certains arbres sont devenus des symboles comme le c\u00e8dre pour le Liban qui l&#8217;a plac\u00e9 au centre de son drapeau. L&#8217;arbre sait aussi se faire festif, \u00e0 l&#8217;image de l&#8217;arbre de mai, plant\u00e9 au printemps pour c\u00e9l\u00e9brer le retour de la fertilit\u00e9 et de la v\u00e9g\u00e9tation.<\/p>\n<p>Quant au sapin de No\u00ebl, il s&#8217;est impos\u00e9 dans de nombreux pays, devenant tr\u00e8s vite embl\u00e9matique de cette f\u00eate au coeur de l&#8217;hiver.<\/p>\n<p>Le mot  livre  tire son origine du latin liber qui d\u00e9signe aussi la partie int\u00e9rieure de l&#8217;\u00e9corce d&#8217;un arbre Une belle mise en abyme se produit dans cet opus : les livres sont en effet eux-m\u00eames supports de repr\u00e9sentation de ces arbres qui leur ont donn\u00e9 vie, transformant les riches collections de la Biblioth\u00e8que nationale de France en for\u00eat de papier.<\/p>\n","protected":false},"excerpt":{"rendered":"<p>\u00c9l\u00e9ment vital au coeur de l&#8217;\u00e9cosyst\u00e8me, symbole de long\u00e9vit\u00e9, de diversit\u00e9, de beaut\u00e9, de r\u00e9silience face aux agressions de tous ordres, source d&#8217;inspiration pour les artistes de tous les continents, l&#8217;arbre est par ailleurs pr\u00e9sent dans l&#8217;imaginaire o\u00f9 sa ramure, mais aussi sa force souterraine, nourrit les textes sacr\u00e9s, les mythes comme la litt\u00e9rature profane. [&hellip;]<\/p>\n","protected":false},"featured_media":32775,"template":"","meta":[],"product_cat":[2948,2956],"product_tag":[],"acf":[],"yoast_head":"<!-- This site is optimized with the Yoast SEO plugin v20.11 - https:\/\/yoast.com\/wordpress\/plugins\/seo\/ -->\n<title>ARBRES - Librairie 7L<\/title>\n<meta name=\"robots\" content=\"index, follow, max-snippet:-1, max-image-preview:large, max-video-preview:-1\" \/>\n<link rel=\"canonical\" href=\"https:\/\/librairie7l.com\/en\/produit\/arbres\/\" \/>\n<meta property=\"og:locale\" content=\"en_US\" \/>\n<meta property=\"og:type\" content=\"article\" \/>\n<meta property=\"og:title\" content=\"ARBRES - Librairie 7L\" \/>\n<meta property=\"og:description\" content=\"\u00c9l\u00e9ment vital au coeur de l&#8217;\u00e9cosyst\u00e8me, symbole de long\u00e9vit\u00e9, de diversit\u00e9, de beaut\u00e9, de r\u00e9silience face aux agressions de tous ordres, source d&#8217;inspiration pour les artistes de tous les continents, l&#8217;arbre est par ailleurs pr\u00e9sent dans l&#8217;imaginaire o\u00f9 sa ramure, mais aussi sa force souterraine, nourrit les textes sacr\u00e9s, les mythes comme la litt\u00e9rature profane. [&hellip;]\" \/>\n<meta property=\"og:url\" content=\"https:\/\/librairie7l.com\/en\/produit\/arbres\/\" \/>\n<meta property=\"og:site_name\" content=\"Librairie 7L\" \/>\n<meta property=\"article:modified_time\" content=\"2026-05-12T14:49:48+00:00\" \/>\n<meta property=\"og:image\" content=\"https:\/\/librairie7l.com\/wp-content\/uploads\/2023\/02\/9782717729306_1_75.jpg\" \/>\n\t<meta property=\"og:image:width\" content=\"600\" \/>\n\t<meta property=\"og:image:height\" content=\"840\" \/>\n\t<meta property=\"og:image:type\" content=\"image\/jpeg\" \/>\n<meta name=\"twitter:card\" content=\"summary_large_image\" \/>\n<meta name=\"twitter:label1\" content=\"Est. reading time\" \/>\n\t<meta name=\"twitter:data1\" content=\"2 minutes\" \/>\n<script type=\"application\/ld+json\" class=\"yoast-schema-graph\">{\"@context\":\"https:\/\/schema.org\",\"@graph\":[{\"@type\":\"WebPage\",\"@id\":\"https:\/\/librairie7l.com\/en\/produit\/arbres\/\",\"url\":\"https:\/\/librairie7l.com\/en\/produit\/arbres\/\",\"name\":\"ARBRES - Librairie 7L\",\"isPartOf\":{\"@id\":\"https:\/\/librairie7l.com\/en\/#website\"},\"datePublished\":\"2023-06-22T23:16:17+00:00\",\"dateModified\":\"2026-05-12T14:49:48+00:00\",\"breadcrumb\":{\"@id\":\"https:\/\/librairie7l.com\/en\/produit\/arbres\/#breadcrumb\"},\"inLanguage\":\"en-US\",\"potentialAction\":[{\"@type\":\"ReadAction\",\"target\":[\"https:\/\/librairie7l.com\/en\/produit\/arbres\/\"]}]},{\"@type\":\"BreadcrumbList\",\"@id\":\"https:\/\/librairie7l.com\/en\/produit\/arbres\/#breadcrumb\",\"itemListElement\":[{\"@type\":\"ListItem\",\"position\":1,\"name\":\"Accueil\",\"item\":\"https:\/\/librairie7l.com\/en\/\"},{\"@type\":\"ListItem\",\"position\":2,\"name\":\"Shop\",\"item\":\"https:\/\/librairie7l.com\/en\/shop\/\"},{\"@type\":\"ListItem\",\"position\":3,\"name\":\"ARBRES\"}]},{\"@type\":\"WebSite\",\"@id\":\"https:\/\/librairie7l.com\/en\/#website\",\"url\":\"https:\/\/librairie7l.com\/en\/\",\"name\":\"Librairie 7L\",\"description\":\"Librairie fond\u00e9e en 1999 par Karl Lagerfeld \u00e0 Paris\",\"publisher\":{\"@id\":\"https:\/\/librairie7l.com\/en\/#organization\"},\"potentialAction\":[{\"@type\":\"SearchAction\",\"target\":{\"@type\":\"EntryPoint\",\"urlTemplate\":\"https:\/\/librairie7l.com\/en\/?s={search_term_string}\"},\"query-input\":\"required name=search_term_string\"}],\"inLanguage\":\"en-US\"},{\"@type\":\"Organization\",\"@id\":\"https:\/\/librairie7l.com\/en\/#organization\",\"name\":\"Librairie 7L\",\"url\":\"https:\/\/librairie7l.com\/en\/\",\"logo\":{\"@type\":\"ImageObject\",\"inLanguage\":\"en-US\",\"@id\":\"https:\/\/librairie7l.com\/en\/#\/schema\/logo\/image\/\",\"url\":\"https:\/\/librairie7l.com\/wp-content\/uploads\/2022\/08\/logo-1.png\",\"contentUrl\":\"https:\/\/librairie7l.com\/wp-content\/uploads\/2022\/08\/logo-1.png\",\"width\":227,\"height\":301,\"caption\":\"Librairie 7L\"},\"image\":{\"@id\":\"https:\/\/librairie7l.com\/en\/#\/schema\/logo\/image\/\"}}]}<\/script>\n<!-- \/ Yoast SEO plugin. -->","yoast_head_json":{"title":"ARBRES - Librairie 7L","robots":{"index":"index","follow":"follow","max-snippet":"max-snippet:-1","max-image-preview":"max-image-preview:large","max-video-preview":"max-video-preview:-1"},"canonical":"https:\/\/librairie7l.com\/en\/produit\/arbres\/","og_locale":"en_US","og_type":"article","og_title":"ARBRES - Librairie 7L","og_description":"\u00c9l\u00e9ment vital au coeur de l&#8217;\u00e9cosyst\u00e8me, symbole de long\u00e9vit\u00e9, de diversit\u00e9, de beaut\u00e9, de r\u00e9silience face aux agressions de tous ordres, source d&#8217;inspiration pour les artistes de tous les continents, l&#8217;arbre est par ailleurs pr\u00e9sent dans l&#8217;imaginaire o\u00f9 sa ramure, mais aussi sa force souterraine, nourrit les textes sacr\u00e9s, les mythes comme la litt\u00e9rature profane. [&hellip;]","og_url":"https:\/\/librairie7l.com\/en\/produit\/arbres\/","og_site_name":"Librairie 7L","article_modified_time":"2026-05-12T14:49:48+00:00","og_image":[{"width":600,"height":840,"url":"https:\/\/librairie7l.com\/wp-content\/uploads\/2023\/02\/9782717729306_1_75.jpg","type":"image\/jpeg"}],"twitter_card":"summary_large_image","twitter_misc":{"Est. reading time":"2 minutes"},"schema":{"@context":"https:\/\/schema.org","@graph":[{"@type":"WebPage","@id":"https:\/\/librairie7l.com\/en\/produit\/arbres\/","url":"https:\/\/librairie7l.com\/en\/produit\/arbres\/","name":"ARBRES - Librairie 7L","isPartOf":{"@id":"https:\/\/librairie7l.com\/en\/#website"},"datePublished":"2023-06-22T23:16:17+00:00","dateModified":"2026-05-12T14:49:48+00:00","breadcrumb":{"@id":"https:\/\/librairie7l.com\/en\/produit\/arbres\/#breadcrumb"},"inLanguage":"en-US","potentialAction":[{"@type":"ReadAction","target":["https:\/\/librairie7l.com\/en\/produit\/arbres\/"]}]},{"@type":"BreadcrumbList","@id":"https:\/\/librairie7l.com\/en\/produit\/arbres\/#breadcrumb","itemListElement":[{"@type":"ListItem","position":1,"name":"Accueil","item":"https:\/\/librairie7l.com\/en\/"},{"@type":"ListItem","position":2,"name":"Shop","item":"https:\/\/librairie7l.com\/en\/shop\/"},{"@type":"ListItem","position":3,"name":"ARBRES"}]},{"@type":"WebSite","@id":"https:\/\/librairie7l.com\/en\/#website","url":"https:\/\/librairie7l.com\/en\/","name":"Librairie 7L","description":"Librairie fond\u00e9e en 1999 par Karl Lagerfeld \u00e0 Paris","publisher":{"@id":"https:\/\/librairie7l.com\/en\/#organization"},"potentialAction":[{"@type":"SearchAction","target":{"@type":"EntryPoint","urlTemplate":"https:\/\/librairie7l.com\/en\/?s={search_term_string}"},"query-input":"required name=search_term_string"}],"inLanguage":"en-US"},{"@type":"Organization","@id":"https:\/\/librairie7l.com\/en\/#organization","name":"Librairie 7L","url":"https:\/\/librairie7l.com\/en\/","logo":{"@type":"ImageObject","inLanguage":"en-US","@id":"https:\/\/librairie7l.com\/en\/#\/schema\/logo\/image\/","url":"https:\/\/librairie7l.com\/wp-content\/uploads\/2022\/08\/logo-1.png","contentUrl":"https:\/\/librairie7l.com\/wp-content\/uploads\/2022\/08\/logo-1.png","width":227,"height":301,"caption":"Librairie 7L"},"image":{"@id":"https:\/\/librairie7l.com\/en\/#\/schema\/logo\/image\/"}}]}},"_links":{"self":[{"href":"https:\/\/librairie7l.com\/en\/wp-json\/wp\/v2\/product\/32777"}],"collection":[{"href":"https:\/\/librairie7l.com\/en\/wp-json\/wp\/v2\/product"}],"about":[{"href":"https:\/\/librairie7l.com\/en\/wp-json\/wp\/v2\/types\/product"}],"wp:featuredmedia":[{"embeddable":true,"href":"https:\/\/librairie7l.com\/en\/wp-json\/wp\/v2\/media\/32775"}],"wp:attachment":[{"href":"https:\/\/librairie7l.com\/en\/wp-json\/wp\/v2\/media?parent=32777"}],"wp:term":[{"taxonomy":"product_cat","embeddable":true,"href":"https:\/\/librairie7l.com\/en\/wp-json\/wp\/v2\/product_cat?post=32777"},{"taxonomy":"product_tag","embeddable":true,"href":"https:\/\/librairie7l.com\/en\/wp-json\/wp\/v2\/product_tag?post=32777"}],"curies":[{"name":"wp","href":"https:\/\/api.w.org\/{rel}","templated":true}]}}