{"id":32785,"date":"2023-06-23T01:16:19","date_gmt":"2023-06-22T23:16:19","guid":{"rendered":"https:\/\/librairie7l.com\/?post_type=product&#038;p=32785"},"modified":"2026-04-28T03:05:39","modified_gmt":"2026-04-28T01:05:39","slug":"larchitecture-de-claude-nicolas-ledoux-1804","status":"publish","type":"product","link":"https:\/\/librairie7l.com\/en\/produit\/larchitecture-de-claude-nicolas-ledoux-1804\/","title":{"rendered":"L&#8217;ARCHITECTURE DE CLAUDE-NICOLAS LEDOUX 1804"},"content":{"rendered":"<p>Parue en 1804 deux ans avant la mort de l&#8217;architecte Claude-Nicolas Ledoux (1736 &#8211; 1806),  L&#8217;Architecture consid\u00e9r\u00e9e sous le rapport de l&#8217;art, des moeurs et de la l\u00e9gislation, est l&#8217;un des textes les plus fascinants de toute l&#8217;architecture moderne europ\u00e9enne, indisponible depuis plusieurs ann\u00e9es. Les \u00c9ditions du patrimoine en proposent une \u00e9dition critique.<br \/>\nL&#8217;Architecture consid\u00e9r\u00e9e sous le rapport de l&#8217;art, des moeurs et de la l\u00e9gislation, parue en 1804, deux ans avant la mort de l&#8217;architecte Claude-Nicolas Ledoux (1736 &#8211; 1806), est l&#8217;un des textes les plus fascinants de toute l&#8217;architecture moderne europ\u00e9enne. Premier tome d&#8217;une oeuvre monument qui devait en compter cinq, cet ouvrage testamentaire au  style magique et po\u00e9tique  (selon Jacques Cellerier, son premier biographe) fait figure de v\u00e9ritable  OVNI dans la production architecturale du tournant des Lumi\u00e8res.<\/p>\n<p> Ledoux travailla trente ann\u00e9es durant \u00e0 son illustration (pr\u00e8s de 500 planches, dont 125 publi\u00e9es en 1804) et pr\u00e8s de dix ans \u00e0 la r\u00e9daction des 240 pages de texte. Qu&#8217;on l&#8217;envisage comme le combat mythologique du g\u00e9nie et du progr\u00e8s contre tous les obscurantismes, comme le legs esth\u00e9tique du grand architecte aux g\u00e9n\u00e9rations futures, ou comme l&#8217;exp\u00e9rience initiatique d&#8217;un voyageur \u00e0 travers la ville-livre de Chaux,  L&#8217;Architecture de 1804 offre au lecteur d&#8217;aujourd&#8217;hui une synth\u00e8se inspir\u00e9e des Lumi\u00e8res, \u00e0 la mesure de l&#8217;ambition artistique totale de son auteur.<\/p>\n<p> Cette premi\u00e8re \u00e9dition annot\u00e9e de l&#8217;oeuvre originale de Ledoux, dot\u00e9e d&#8217;une introduction, d&#8217;un riche appareil de notes et de glossaires, facilitera la d\u00e9couverte ou la red\u00e9couverte de ce texte po\u00e9tique, philosophique et artistique, et ne manquera pas de susciter de nouvelles \u00e9tudes.<\/p>\n","protected":false},"excerpt":{"rendered":"<p>Parue en 1804 deux ans avant la mort de l&#8217;architecte Claude-Nicolas Ledoux (1736 &#8211; 1806), L&#8217;Architecture consid\u00e9r\u00e9e sous le rapport de l&#8217;art, des moeurs et de la l\u00e9gislation, est l&#8217;un des textes les plus fascinants de toute l&#8217;architecture moderne europ\u00e9enne, indisponible depuis plusieurs ann\u00e9es. Les \u00c9ditions du patrimoine en proposent une \u00e9dition critique. L&#8217;Architecture consid\u00e9r\u00e9e [&hellip;]<\/p>\n","protected":false},"featured_media":32783,"template":"","meta":[],"product_cat":[2948,2950],"product_tag":[],"acf":[],"yoast_head":"<!-- This site is optimized with the Yoast SEO plugin v20.11 - https:\/\/yoast.com\/wordpress\/plugins\/seo\/ -->\n<title>L&#039;ARCHITECTURE DE CLAUDE-NICOLAS LEDOUX 1804 - Librairie 7L<\/title>\n<meta name=\"robots\" content=\"index, follow, max-snippet:-1, max-image-preview:large, max-video-preview:-1\" \/>\n<link rel=\"canonical\" href=\"https:\/\/librairie7l.com\/en\/produit\/larchitecture-de-claude-nicolas-ledoux-1804\/\" \/>\n<meta property=\"og:locale\" content=\"en_US\" \/>\n<meta property=\"og:type\" content=\"article\" \/>\n<meta property=\"og:title\" content=\"L&#039;ARCHITECTURE DE CLAUDE-NICOLAS LEDOUX 1804 - Librairie 7L\" \/>\n<meta property=\"og:description\" content=\"Parue en 1804 deux ans avant la mort de l&#8217;architecte Claude-Nicolas Ledoux (1736 &#8211; 1806), L&#8217;Architecture consid\u00e9r\u00e9e sous le rapport de l&#8217;art, des moeurs et de la l\u00e9gislation, est l&#8217;un des textes les plus fascinants de toute l&#8217;architecture moderne europ\u00e9enne, indisponible depuis plusieurs ann\u00e9es. Les \u00c9ditions du patrimoine en proposent une \u00e9dition critique. L&#8217;Architecture consid\u00e9r\u00e9e [&hellip;]\" \/>\n<meta property=\"og:url\" content=\"https:\/\/librairie7l.com\/en\/produit\/larchitecture-de-claude-nicolas-ledoux-1804\/\" \/>\n<meta property=\"og:site_name\" content=\"Librairie 7L\" \/>\n<meta property=\"article:modified_time\" content=\"2026-04-28T01:05:39+00:00\" \/>\n<meta property=\"og:image\" content=\"https:\/\/librairie7l.com\/wp-content\/uploads\/2023\/02\/9782757708651_1_75.jpg\" \/>\n\t<meta property=\"og:image:width\" content=\"400\" \/>\n\t<meta property=\"og:image:height\" content=\"540\" \/>\n\t<meta property=\"og:image:type\" content=\"image\/jpeg\" \/>\n<meta name=\"twitter:card\" content=\"summary_large_image\" \/>\n<meta name=\"twitter:label1\" content=\"Est. reading time\" \/>\n\t<meta name=\"twitter:data1\" content=\"1 minute\" \/>\n<script type=\"application\/ld+json\" class=\"yoast-schema-graph\">{\"@context\":\"https:\/\/schema.org\",\"@graph\":[{\"@type\":\"WebPage\",\"@id\":\"https:\/\/librairie7l.com\/en\/produit\/larchitecture-de-claude-nicolas-ledoux-1804\/\",\"url\":\"https:\/\/librairie7l.com\/en\/produit\/larchitecture-de-claude-nicolas-ledoux-1804\/\",\"name\":\"L'ARCHITECTURE DE CLAUDE-NICOLAS LEDOUX 1804 - Librairie 7L\",\"isPartOf\":{\"@id\":\"https:\/\/librairie7l.com\/en\/#website\"},\"datePublished\":\"2023-06-22T23:16:19+00:00\",\"dateModified\":\"2026-04-28T01:05:39+00:00\",\"breadcrumb\":{\"@id\":\"https:\/\/librairie7l.com\/en\/produit\/larchitecture-de-claude-nicolas-ledoux-1804\/#breadcrumb\"},\"inLanguage\":\"en-US\",\"potentialAction\":[{\"@type\":\"ReadAction\",\"target\":[\"https:\/\/librairie7l.com\/en\/produit\/larchitecture-de-claude-nicolas-ledoux-1804\/\"]}]},{\"@type\":\"BreadcrumbList\",\"@id\":\"https:\/\/librairie7l.com\/en\/produit\/larchitecture-de-claude-nicolas-ledoux-1804\/#breadcrumb\",\"itemListElement\":[{\"@type\":\"ListItem\",\"position\":1,\"name\":\"Accueil\",\"item\":\"https:\/\/librairie7l.com\/en\/\"},{\"@type\":\"ListItem\",\"position\":2,\"name\":\"Shop\",\"item\":\"https:\/\/librairie7l.com\/en\/shop\/\"},{\"@type\":\"ListItem\",\"position\":3,\"name\":\"L&#8217;ARCHITECTURE DE CLAUDE-NICOLAS LEDOUX 1804\"}]},{\"@type\":\"WebSite\",\"@id\":\"https:\/\/librairie7l.com\/en\/#website\",\"url\":\"https:\/\/librairie7l.com\/en\/\",\"name\":\"Librairie 7L\",\"description\":\"Librairie fond\u00e9e en 1999 par Karl Lagerfeld \u00e0 Paris\",\"publisher\":{\"@id\":\"https:\/\/librairie7l.com\/en\/#organization\"},\"potentialAction\":[{\"@type\":\"SearchAction\",\"target\":{\"@type\":\"EntryPoint\",\"urlTemplate\":\"https:\/\/librairie7l.com\/en\/?s={search_term_string}\"},\"query-input\":\"required name=search_term_string\"}],\"inLanguage\":\"en-US\"},{\"@type\":\"Organization\",\"@id\":\"https:\/\/librairie7l.com\/en\/#organization\",\"name\":\"Librairie 7L\",\"url\":\"https:\/\/librairie7l.com\/en\/\",\"logo\":{\"@type\":\"ImageObject\",\"inLanguage\":\"en-US\",\"@id\":\"https:\/\/librairie7l.com\/en\/#\/schema\/logo\/image\/\",\"url\":\"https:\/\/librairie7l.com\/wp-content\/uploads\/2022\/08\/logo-1.png\",\"contentUrl\":\"https:\/\/librairie7l.com\/wp-content\/uploads\/2022\/08\/logo-1.png\",\"width\":227,\"height\":301,\"caption\":\"Librairie 7L\"},\"image\":{\"@id\":\"https:\/\/librairie7l.com\/en\/#\/schema\/logo\/image\/\"}}]}<\/script>\n<!-- \/ Yoast SEO plugin. -->","yoast_head_json":{"title":"L'ARCHITECTURE DE CLAUDE-NICOLAS LEDOUX 1804 - Librairie 7L","robots":{"index":"index","follow":"follow","max-snippet":"max-snippet:-1","max-image-preview":"max-image-preview:large","max-video-preview":"max-video-preview:-1"},"canonical":"https:\/\/librairie7l.com\/en\/produit\/larchitecture-de-claude-nicolas-ledoux-1804\/","og_locale":"en_US","og_type":"article","og_title":"L'ARCHITECTURE DE CLAUDE-NICOLAS LEDOUX 1804 - Librairie 7L","og_description":"Parue en 1804 deux ans avant la mort de l&#8217;architecte Claude-Nicolas Ledoux (1736 &#8211; 1806), L&#8217;Architecture consid\u00e9r\u00e9e sous le rapport de l&#8217;art, des moeurs et de la l\u00e9gislation, est l&#8217;un des textes les plus fascinants de toute l&#8217;architecture moderne europ\u00e9enne, indisponible depuis plusieurs ann\u00e9es. Les \u00c9ditions du patrimoine en proposent une \u00e9dition critique. L&#8217;Architecture consid\u00e9r\u00e9e [&hellip;]","og_url":"https:\/\/librairie7l.com\/en\/produit\/larchitecture-de-claude-nicolas-ledoux-1804\/","og_site_name":"Librairie 7L","article_modified_time":"2026-04-28T01:05:39+00:00","og_image":[{"width":400,"height":540,"url":"https:\/\/librairie7l.com\/wp-content\/uploads\/2023\/02\/9782757708651_1_75.jpg","type":"image\/jpeg"}],"twitter_card":"summary_large_image","twitter_misc":{"Est. reading time":"1 minute"},"schema":{"@context":"https:\/\/schema.org","@graph":[{"@type":"WebPage","@id":"https:\/\/librairie7l.com\/en\/produit\/larchitecture-de-claude-nicolas-ledoux-1804\/","url":"https:\/\/librairie7l.com\/en\/produit\/larchitecture-de-claude-nicolas-ledoux-1804\/","name":"L'ARCHITECTURE DE CLAUDE-NICOLAS LEDOUX 1804 - Librairie 7L","isPartOf":{"@id":"https:\/\/librairie7l.com\/en\/#website"},"datePublished":"2023-06-22T23:16:19+00:00","dateModified":"2026-04-28T01:05:39+00:00","breadcrumb":{"@id":"https:\/\/librairie7l.com\/en\/produit\/larchitecture-de-claude-nicolas-ledoux-1804\/#breadcrumb"},"inLanguage":"en-US","potentialAction":[{"@type":"ReadAction","target":["https:\/\/librairie7l.com\/en\/produit\/larchitecture-de-claude-nicolas-ledoux-1804\/"]}]},{"@type":"BreadcrumbList","@id":"https:\/\/librairie7l.com\/en\/produit\/larchitecture-de-claude-nicolas-ledoux-1804\/#breadcrumb","itemListElement":[{"@type":"ListItem","position":1,"name":"Accueil","item":"https:\/\/librairie7l.com\/en\/"},{"@type":"ListItem","position":2,"name":"Shop","item":"https:\/\/librairie7l.com\/en\/shop\/"},{"@type":"ListItem","position":3,"name":"L&#8217;ARCHITECTURE DE CLAUDE-NICOLAS LEDOUX 1804"}]},{"@type":"WebSite","@id":"https:\/\/librairie7l.com\/en\/#website","url":"https:\/\/librairie7l.com\/en\/","name":"Librairie 7L","description":"Librairie fond\u00e9e en 1999 par Karl Lagerfeld \u00e0 Paris","publisher":{"@id":"https:\/\/librairie7l.com\/en\/#organization"},"potentialAction":[{"@type":"SearchAction","target":{"@type":"EntryPoint","urlTemplate":"https:\/\/librairie7l.com\/en\/?s={search_term_string}"},"query-input":"required name=search_term_string"}],"inLanguage":"en-US"},{"@type":"Organization","@id":"https:\/\/librairie7l.com\/en\/#organization","name":"Librairie 7L","url":"https:\/\/librairie7l.com\/en\/","logo":{"@type":"ImageObject","inLanguage":"en-US","@id":"https:\/\/librairie7l.com\/en\/#\/schema\/logo\/image\/","url":"https:\/\/librairie7l.com\/wp-content\/uploads\/2022\/08\/logo-1.png","contentUrl":"https:\/\/librairie7l.com\/wp-content\/uploads\/2022\/08\/logo-1.png","width":227,"height":301,"caption":"Librairie 7L"},"image":{"@id":"https:\/\/librairie7l.com\/en\/#\/schema\/logo\/image\/"}}]}},"_links":{"self":[{"href":"https:\/\/librairie7l.com\/en\/wp-json\/wp\/v2\/product\/32785"}],"collection":[{"href":"https:\/\/librairie7l.com\/en\/wp-json\/wp\/v2\/product"}],"about":[{"href":"https:\/\/librairie7l.com\/en\/wp-json\/wp\/v2\/types\/product"}],"wp:featuredmedia":[{"embeddable":true,"href":"https:\/\/librairie7l.com\/en\/wp-json\/wp\/v2\/media\/32783"}],"wp:attachment":[{"href":"https:\/\/librairie7l.com\/en\/wp-json\/wp\/v2\/media?parent=32785"}],"wp:term":[{"taxonomy":"product_cat","embeddable":true,"href":"https:\/\/librairie7l.com\/en\/wp-json\/wp\/v2\/product_cat?post=32785"},{"taxonomy":"product_tag","embeddable":true,"href":"https:\/\/librairie7l.com\/en\/wp-json\/wp\/v2\/product_tag?post=32785"}],"curies":[{"name":"wp","href":"https:\/\/api.w.org\/{rel}","templated":true}]}}