{"id":32807,"date":"2023-06-30T01:16:24","date_gmt":"2023-06-29T23:16:24","guid":{"rendered":"https:\/\/librairie7l.com\/?post_type=product&#038;p=32807"},"modified":"2026-04-23T11:05:46","modified_gmt":"2026-04-23T09:05:46","slug":"carnet-n1-expo54","status":"publish","type":"product","link":"https:\/\/librairie7l.com\/en\/produit\/carnet-n1-expo54\/","title":{"rendered":"CARNET N\u00b01 : EXPO54"},"content":{"rendered":"<p>En juin 1954, Agn\u00e8s Varda ouvre les portes de sa maison rue Daguerre pour pr\u00e9senter, dans sa cour, \u00e0 m\u00eame les murs, un choix de portraits, nus, natures mortes.<\/p>\n<p>Sa rue et ses voisins sont des sujets privil\u00e9gi\u00e9s, comme Alexander Calder, rencontr\u00e9 gr\u00e2ce \u00e0 Jean Vilar, ou encore Hans Hartung et Brassa\u00ef. Les visiteurs d\u00e9couvrent des images frappantes par leur style, annonciatrices de l&#8217;esth\u00e9tique de toute une carri\u00e8re.<\/p>\n<p>Transparaissent d\u00e9j\u00e0 son humour et son amour des mots ; la personnalisation d&#8217;objets du quotidien \u00e0 travers ce qu&#8217;elle nomme ses \u00ab dr\u00f4les de gueules \u00bb ; la patate en forme de coeur presque cinquante ans avant son documentaire Les Glaneurs et La Glaneuse ; les premi\u00e8res images de S\u00e8te o\u00f9 la photographe discerne des lignes de force, agence les perspectives, joue avec les formes et les textures jusqu&#8217;\u00e0 la limite de l&#8217;abstraction.<\/p>\n<p>Agn\u00e8s Varda nous incite \u00e0 d\u00e9couvrir ce qu&#8217;elle voit de ses \u00ab yeux curieux \u00bb.<\/p>\n","protected":false},"excerpt":{"rendered":"<p>En juin 1954, Agn\u00e8s Varda ouvre les portes de sa maison rue Daguerre pour pr\u00e9senter, dans sa cour, \u00e0 m\u00eame les murs, un choix de portraits, nus, natures mortes. Sa rue et ses voisins sont des sujets privil\u00e9gi\u00e9s, comme Alexander Calder, rencontr\u00e9 gr\u00e2ce \u00e0 Jean Vilar, ou encore Hans Hartung et Brassa\u00ef. Les visiteurs d\u00e9couvrent [&hellip;]<\/p>\n","protected":false},"featured_media":32805,"template":"","meta":[],"product_cat":[2948,2958],"product_tag":[],"acf":[],"yoast_head":"<!-- This site is optimized with the Yoast SEO plugin v20.11 - https:\/\/yoast.com\/wordpress\/plugins\/seo\/ -->\n<title>CARNET N\u00b01 : EXPO54 - Librairie 7L<\/title>\n<meta name=\"robots\" content=\"index, follow, max-snippet:-1, max-image-preview:large, max-video-preview:-1\" \/>\n<link rel=\"canonical\" href=\"https:\/\/librairie7l.com\/en\/produit\/carnet-n1-expo54\/\" \/>\n<meta property=\"og:locale\" content=\"en_US\" \/>\n<meta property=\"og:type\" content=\"article\" \/>\n<meta property=\"og:title\" content=\"CARNET N\u00b01 : EXPO54 - Librairie 7L\" \/>\n<meta property=\"og:description\" content=\"En juin 1954, Agn\u00e8s Varda ouvre les portes de sa maison rue Daguerre pour pr\u00e9senter, dans sa cour, \u00e0 m\u00eame les murs, un choix de portraits, nus, natures mortes. Sa rue et ses voisins sont des sujets privil\u00e9gi\u00e9s, comme Alexander Calder, rencontr\u00e9 gr\u00e2ce \u00e0 Jean Vilar, ou encore Hans Hartung et Brassa\u00ef. Les visiteurs d\u00e9couvrent [&hellip;]\" \/>\n<meta property=\"og:url\" content=\"https:\/\/librairie7l.com\/en\/produit\/carnet-n1-expo54\/\" \/>\n<meta property=\"og:site_name\" content=\"Librairie 7L\" \/>\n<meta property=\"article:modified_time\" content=\"2026-04-23T09:05:46+00:00\" \/>\n<meta property=\"og:image\" content=\"https:\/\/librairie7l.com\/wp-content\/uploads\/2023\/04\/9791095821632_1_75.jpg\" \/>\n\t<meta property=\"og:image:width\" content=\"400\" \/>\n\t<meta property=\"og:image:height\" content=\"566\" \/>\n\t<meta property=\"og:image:type\" content=\"image\/jpeg\" \/>\n<meta name=\"twitter:card\" content=\"summary_large_image\" \/>\n<meta name=\"twitter:label1\" content=\"Est. reading time\" \/>\n\t<meta name=\"twitter:data1\" content=\"1 minute\" \/>\n<script type=\"application\/ld+json\" class=\"yoast-schema-graph\">{\"@context\":\"https:\/\/schema.org\",\"@graph\":[{\"@type\":\"WebPage\",\"@id\":\"https:\/\/librairie7l.com\/en\/produit\/carnet-n1-expo54\/\",\"url\":\"https:\/\/librairie7l.com\/en\/produit\/carnet-n1-expo54\/\",\"name\":\"CARNET N\u00b01 : EXPO54 - Librairie 7L\",\"isPartOf\":{\"@id\":\"https:\/\/librairie7l.com\/en\/#website\"},\"datePublished\":\"2023-06-29T23:16:24+00:00\",\"dateModified\":\"2026-04-23T09:05:46+00:00\",\"breadcrumb\":{\"@id\":\"https:\/\/librairie7l.com\/en\/produit\/carnet-n1-expo54\/#breadcrumb\"},\"inLanguage\":\"en-US\",\"potentialAction\":[{\"@type\":\"ReadAction\",\"target\":[\"https:\/\/librairie7l.com\/en\/produit\/carnet-n1-expo54\/\"]}]},{\"@type\":\"BreadcrumbList\",\"@id\":\"https:\/\/librairie7l.com\/en\/produit\/carnet-n1-expo54\/#breadcrumb\",\"itemListElement\":[{\"@type\":\"ListItem\",\"position\":1,\"name\":\"Accueil\",\"item\":\"https:\/\/librairie7l.com\/en\/\"},{\"@type\":\"ListItem\",\"position\":2,\"name\":\"Shop\",\"item\":\"https:\/\/librairie7l.com\/en\/shop\/\"},{\"@type\":\"ListItem\",\"position\":3,\"name\":\"CARNET N\u00b01 : EXPO54\"}]},{\"@type\":\"WebSite\",\"@id\":\"https:\/\/librairie7l.com\/en\/#website\",\"url\":\"https:\/\/librairie7l.com\/en\/\",\"name\":\"Librairie 7L\",\"description\":\"Librairie fond\u00e9e en 1999 par Karl Lagerfeld \u00e0 Paris\",\"publisher\":{\"@id\":\"https:\/\/librairie7l.com\/en\/#organization\"},\"potentialAction\":[{\"@type\":\"SearchAction\",\"target\":{\"@type\":\"EntryPoint\",\"urlTemplate\":\"https:\/\/librairie7l.com\/en\/?s={search_term_string}\"},\"query-input\":\"required name=search_term_string\"}],\"inLanguage\":\"en-US\"},{\"@type\":\"Organization\",\"@id\":\"https:\/\/librairie7l.com\/en\/#organization\",\"name\":\"Librairie 7L\",\"url\":\"https:\/\/librairie7l.com\/en\/\",\"logo\":{\"@type\":\"ImageObject\",\"inLanguage\":\"en-US\",\"@id\":\"https:\/\/librairie7l.com\/en\/#\/schema\/logo\/image\/\",\"url\":\"https:\/\/librairie7l.com\/wp-content\/uploads\/2022\/08\/logo-1.png\",\"contentUrl\":\"https:\/\/librairie7l.com\/wp-content\/uploads\/2022\/08\/logo-1.png\",\"width\":227,\"height\":301,\"caption\":\"Librairie 7L\"},\"image\":{\"@id\":\"https:\/\/librairie7l.com\/en\/#\/schema\/logo\/image\/\"}}]}<\/script>\n<!-- \/ Yoast SEO plugin. -->","yoast_head_json":{"title":"CARNET N\u00b01 : EXPO54 - Librairie 7L","robots":{"index":"index","follow":"follow","max-snippet":"max-snippet:-1","max-image-preview":"max-image-preview:large","max-video-preview":"max-video-preview:-1"},"canonical":"https:\/\/librairie7l.com\/en\/produit\/carnet-n1-expo54\/","og_locale":"en_US","og_type":"article","og_title":"CARNET N\u00b01 : EXPO54 - Librairie 7L","og_description":"En juin 1954, Agn\u00e8s Varda ouvre les portes de sa maison rue Daguerre pour pr\u00e9senter, dans sa cour, \u00e0 m\u00eame les murs, un choix de portraits, nus, natures mortes. Sa rue et ses voisins sont des sujets privil\u00e9gi\u00e9s, comme Alexander Calder, rencontr\u00e9 gr\u00e2ce \u00e0 Jean Vilar, ou encore Hans Hartung et Brassa\u00ef. Les visiteurs d\u00e9couvrent [&hellip;]","og_url":"https:\/\/librairie7l.com\/en\/produit\/carnet-n1-expo54\/","og_site_name":"Librairie 7L","article_modified_time":"2026-04-23T09:05:46+00:00","og_image":[{"width":400,"height":566,"url":"https:\/\/librairie7l.com\/wp-content\/uploads\/2023\/04\/9791095821632_1_75.jpg","type":"image\/jpeg"}],"twitter_card":"summary_large_image","twitter_misc":{"Est. reading time":"1 minute"},"schema":{"@context":"https:\/\/schema.org","@graph":[{"@type":"WebPage","@id":"https:\/\/librairie7l.com\/en\/produit\/carnet-n1-expo54\/","url":"https:\/\/librairie7l.com\/en\/produit\/carnet-n1-expo54\/","name":"CARNET N\u00b01 : EXPO54 - Librairie 7L","isPartOf":{"@id":"https:\/\/librairie7l.com\/en\/#website"},"datePublished":"2023-06-29T23:16:24+00:00","dateModified":"2026-04-23T09:05:46+00:00","breadcrumb":{"@id":"https:\/\/librairie7l.com\/en\/produit\/carnet-n1-expo54\/#breadcrumb"},"inLanguage":"en-US","potentialAction":[{"@type":"ReadAction","target":["https:\/\/librairie7l.com\/en\/produit\/carnet-n1-expo54\/"]}]},{"@type":"BreadcrumbList","@id":"https:\/\/librairie7l.com\/en\/produit\/carnet-n1-expo54\/#breadcrumb","itemListElement":[{"@type":"ListItem","position":1,"name":"Accueil","item":"https:\/\/librairie7l.com\/en\/"},{"@type":"ListItem","position":2,"name":"Shop","item":"https:\/\/librairie7l.com\/en\/shop\/"},{"@type":"ListItem","position":3,"name":"CARNET N\u00b01 : EXPO54"}]},{"@type":"WebSite","@id":"https:\/\/librairie7l.com\/en\/#website","url":"https:\/\/librairie7l.com\/en\/","name":"Librairie 7L","description":"Librairie fond\u00e9e en 1999 par Karl Lagerfeld \u00e0 Paris","publisher":{"@id":"https:\/\/librairie7l.com\/en\/#organization"},"potentialAction":[{"@type":"SearchAction","target":{"@type":"EntryPoint","urlTemplate":"https:\/\/librairie7l.com\/en\/?s={search_term_string}"},"query-input":"required name=search_term_string"}],"inLanguage":"en-US"},{"@type":"Organization","@id":"https:\/\/librairie7l.com\/en\/#organization","name":"Librairie 7L","url":"https:\/\/librairie7l.com\/en\/","logo":{"@type":"ImageObject","inLanguage":"en-US","@id":"https:\/\/librairie7l.com\/en\/#\/schema\/logo\/image\/","url":"https:\/\/librairie7l.com\/wp-content\/uploads\/2022\/08\/logo-1.png","contentUrl":"https:\/\/librairie7l.com\/wp-content\/uploads\/2022\/08\/logo-1.png","width":227,"height":301,"caption":"Librairie 7L"},"image":{"@id":"https:\/\/librairie7l.com\/en\/#\/schema\/logo\/image\/"}}]}},"_links":{"self":[{"href":"https:\/\/librairie7l.com\/en\/wp-json\/wp\/v2\/product\/32807"}],"collection":[{"href":"https:\/\/librairie7l.com\/en\/wp-json\/wp\/v2\/product"}],"about":[{"href":"https:\/\/librairie7l.com\/en\/wp-json\/wp\/v2\/types\/product"}],"wp:featuredmedia":[{"embeddable":true,"href":"https:\/\/librairie7l.com\/en\/wp-json\/wp\/v2\/media\/32805"}],"wp:attachment":[{"href":"https:\/\/librairie7l.com\/en\/wp-json\/wp\/v2\/media?parent=32807"}],"wp:term":[{"taxonomy":"product_cat","embeddable":true,"href":"https:\/\/librairie7l.com\/en\/wp-json\/wp\/v2\/product_cat?post=32807"},{"taxonomy":"product_tag","embeddable":true,"href":"https:\/\/librairie7l.com\/en\/wp-json\/wp\/v2\/product_tag?post=32807"}],"curies":[{"name":"wp","href":"https:\/\/api.w.org\/{rel}","templated":true}]}}