{"id":32811,"date":"2023-06-30T01:16:27","date_gmt":"2023-06-29T23:16:27","guid":{"rendered":"https:\/\/librairie7l.com\/?post_type=product&#038;p=32811"},"modified":"2026-04-05T10:59:41","modified_gmt":"2026-04-05T08:59:41","slug":"carnet-n2-la-pointe-courte","status":"publish","type":"product","link":"https:\/\/librairie7l.com\/en\/produit\/carnet-n2-la-pointe-courte\/","title":{"rendered":"CARNET N\u00b02 : LA POINTE COURTE"},"content":{"rendered":"<p>Avec La Pointe-Courte, Agn\u00e8s Varda produit en 1954 un film radical alternant un style graphique et r\u00e9aliste qui n&#8217;a pas \u00e9chapp\u00e9 aux cin\u00e9philes avertis de l&#8217;\u00e9poque. Le film arbore une ind\u00e9pendance artistique qui rompt avec les codes du cin\u00e9ma de son temps au point d&#8217;\u00eatre qualifi\u00e9 de pr\u00e9curseur de la Nouvelle Vague.<\/p>\n<p>Pour pr\u00e9parer son film, la jeune femme entreprend une s\u00e9lection minutieuse de ses photographies, parmi les quelque 800 vues prises \u00e0 S\u00e8te entre 1949 et 1954. Elle constitue ainsi neuf planches de photographies de r\u00e9f\u00e9rences et de rep\u00e9rage qui lui inspirent des sc\u00e8nes, des atmosph\u00e8res et m\u00eame des plans fixes du film, qu&#8217;elle d\u00e9taille dans un sc\u00e9nario r\u00e9dig\u00e9 avec soin. Il n&#8217;est pas ici question de photographies de plateau ou de tournage mais bien de ce qui a pr\u00e9exist\u00e9 \u00e0 l&#8217;id\u00e9e du film ou particip\u00e9 \u00e0 sa conception. Ses sujets et motifs de pr\u00e9dilection sont encore confirm\u00e9s par la red\u00e9couverte de tirages d&#8217;\u00e9poque ou tardifs, reflets de ses pr\u00e9f\u00e9rences et r\u00e9v\u00e9lateurs d&#8217;une vision.<\/p>\n","protected":false},"excerpt":{"rendered":"<p>Avec La Pointe-Courte, Agn\u00e8s Varda produit en 1954 un film radical alternant un style graphique et r\u00e9aliste qui n&#8217;a pas \u00e9chapp\u00e9 aux cin\u00e9philes avertis de l&#8217;\u00e9poque. Le film arbore une ind\u00e9pendance artistique qui rompt avec les codes du cin\u00e9ma de son temps au point d&#8217;\u00eatre qualifi\u00e9 de pr\u00e9curseur de la Nouvelle Vague. Pour pr\u00e9parer son [&hellip;]<\/p>\n","protected":false},"featured_media":32809,"template":"","meta":[],"product_cat":[2948,2958],"product_tag":[],"acf":[],"yoast_head":"<!-- This site is optimized with the Yoast SEO plugin v20.11 - https:\/\/yoast.com\/wordpress\/plugins\/seo\/ -->\n<title>CARNET N\u00b02 : LA POINTE COURTE - Librairie 7L<\/title>\n<meta name=\"robots\" content=\"index, follow, max-snippet:-1, max-image-preview:large, max-video-preview:-1\" \/>\n<link rel=\"canonical\" href=\"https:\/\/librairie7l.com\/en\/produit\/carnet-n2-la-pointe-courte\/\" \/>\n<meta property=\"og:locale\" content=\"en_US\" \/>\n<meta property=\"og:type\" content=\"article\" \/>\n<meta property=\"og:title\" content=\"CARNET N\u00b02 : LA POINTE COURTE - Librairie 7L\" \/>\n<meta property=\"og:description\" content=\"Avec La Pointe-Courte, Agn\u00e8s Varda produit en 1954 un film radical alternant un style graphique et r\u00e9aliste qui n&#8217;a pas \u00e9chapp\u00e9 aux cin\u00e9philes avertis de l&#8217;\u00e9poque. Le film arbore une ind\u00e9pendance artistique qui rompt avec les codes du cin\u00e9ma de son temps au point d&#8217;\u00eatre qualifi\u00e9 de pr\u00e9curseur de la Nouvelle Vague. Pour pr\u00e9parer son [&hellip;]\" \/>\n<meta property=\"og:url\" content=\"https:\/\/librairie7l.com\/en\/produit\/carnet-n2-la-pointe-courte\/\" \/>\n<meta property=\"og:site_name\" content=\"Librairie 7L\" \/>\n<meta property=\"article:modified_time\" content=\"2026-04-05T08:59:41+00:00\" \/>\n<meta property=\"og:image\" content=\"https:\/\/librairie7l.com\/wp-content\/uploads\/2023\/04\/9791095821656_1_75.jpg\" \/>\n\t<meta property=\"og:image:width\" content=\"400\" \/>\n\t<meta property=\"og:image:height\" content=\"566\" \/>\n\t<meta property=\"og:image:type\" content=\"image\/jpeg\" \/>\n<meta name=\"twitter:card\" content=\"summary_large_image\" \/>\n<meta name=\"twitter:label1\" content=\"Est. reading time\" \/>\n\t<meta name=\"twitter:data1\" content=\"1 minute\" \/>\n<script type=\"application\/ld+json\" class=\"yoast-schema-graph\">{\"@context\":\"https:\/\/schema.org\",\"@graph\":[{\"@type\":\"WebPage\",\"@id\":\"https:\/\/librairie7l.com\/en\/produit\/carnet-n2-la-pointe-courte\/\",\"url\":\"https:\/\/librairie7l.com\/en\/produit\/carnet-n2-la-pointe-courte\/\",\"name\":\"CARNET N\u00b02 : LA POINTE COURTE - Librairie 7L\",\"isPartOf\":{\"@id\":\"https:\/\/librairie7l.com\/en\/#website\"},\"datePublished\":\"2023-06-29T23:16:27+00:00\",\"dateModified\":\"2026-04-05T08:59:41+00:00\",\"breadcrumb\":{\"@id\":\"https:\/\/librairie7l.com\/en\/produit\/carnet-n2-la-pointe-courte\/#breadcrumb\"},\"inLanguage\":\"en-US\",\"potentialAction\":[{\"@type\":\"ReadAction\",\"target\":[\"https:\/\/librairie7l.com\/en\/produit\/carnet-n2-la-pointe-courte\/\"]}]},{\"@type\":\"BreadcrumbList\",\"@id\":\"https:\/\/librairie7l.com\/en\/produit\/carnet-n2-la-pointe-courte\/#breadcrumb\",\"itemListElement\":[{\"@type\":\"ListItem\",\"position\":1,\"name\":\"Accueil\",\"item\":\"https:\/\/librairie7l.com\/en\/\"},{\"@type\":\"ListItem\",\"position\":2,\"name\":\"Shop\",\"item\":\"https:\/\/librairie7l.com\/en\/shop\/\"},{\"@type\":\"ListItem\",\"position\":3,\"name\":\"CARNET N\u00b02 : LA POINTE COURTE\"}]},{\"@type\":\"WebSite\",\"@id\":\"https:\/\/librairie7l.com\/en\/#website\",\"url\":\"https:\/\/librairie7l.com\/en\/\",\"name\":\"Librairie 7L\",\"description\":\"Librairie fond\u00e9e en 1999 par Karl Lagerfeld \u00e0 Paris\",\"publisher\":{\"@id\":\"https:\/\/librairie7l.com\/en\/#organization\"},\"potentialAction\":[{\"@type\":\"SearchAction\",\"target\":{\"@type\":\"EntryPoint\",\"urlTemplate\":\"https:\/\/librairie7l.com\/en\/?s={search_term_string}\"},\"query-input\":\"required name=search_term_string\"}],\"inLanguage\":\"en-US\"},{\"@type\":\"Organization\",\"@id\":\"https:\/\/librairie7l.com\/en\/#organization\",\"name\":\"Librairie 7L\",\"url\":\"https:\/\/librairie7l.com\/en\/\",\"logo\":{\"@type\":\"ImageObject\",\"inLanguage\":\"en-US\",\"@id\":\"https:\/\/librairie7l.com\/en\/#\/schema\/logo\/image\/\",\"url\":\"https:\/\/librairie7l.com\/wp-content\/uploads\/2022\/08\/logo-1.png\",\"contentUrl\":\"https:\/\/librairie7l.com\/wp-content\/uploads\/2022\/08\/logo-1.png\",\"width\":227,\"height\":301,\"caption\":\"Librairie 7L\"},\"image\":{\"@id\":\"https:\/\/librairie7l.com\/en\/#\/schema\/logo\/image\/\"}}]}<\/script>\n<!-- \/ Yoast SEO plugin. -->","yoast_head_json":{"title":"CARNET N\u00b02 : LA POINTE COURTE - Librairie 7L","robots":{"index":"index","follow":"follow","max-snippet":"max-snippet:-1","max-image-preview":"max-image-preview:large","max-video-preview":"max-video-preview:-1"},"canonical":"https:\/\/librairie7l.com\/en\/produit\/carnet-n2-la-pointe-courte\/","og_locale":"en_US","og_type":"article","og_title":"CARNET N\u00b02 : LA POINTE COURTE - Librairie 7L","og_description":"Avec La Pointe-Courte, Agn\u00e8s Varda produit en 1954 un film radical alternant un style graphique et r\u00e9aliste qui n&#8217;a pas \u00e9chapp\u00e9 aux cin\u00e9philes avertis de l&#8217;\u00e9poque. Le film arbore une ind\u00e9pendance artistique qui rompt avec les codes du cin\u00e9ma de son temps au point d&#8217;\u00eatre qualifi\u00e9 de pr\u00e9curseur de la Nouvelle Vague. Pour pr\u00e9parer son [&hellip;]","og_url":"https:\/\/librairie7l.com\/en\/produit\/carnet-n2-la-pointe-courte\/","og_site_name":"Librairie 7L","article_modified_time":"2026-04-05T08:59:41+00:00","og_image":[{"width":400,"height":566,"url":"https:\/\/librairie7l.com\/wp-content\/uploads\/2023\/04\/9791095821656_1_75.jpg","type":"image\/jpeg"}],"twitter_card":"summary_large_image","twitter_misc":{"Est. reading time":"1 minute"},"schema":{"@context":"https:\/\/schema.org","@graph":[{"@type":"WebPage","@id":"https:\/\/librairie7l.com\/en\/produit\/carnet-n2-la-pointe-courte\/","url":"https:\/\/librairie7l.com\/en\/produit\/carnet-n2-la-pointe-courte\/","name":"CARNET N\u00b02 : LA POINTE COURTE - Librairie 7L","isPartOf":{"@id":"https:\/\/librairie7l.com\/en\/#website"},"datePublished":"2023-06-29T23:16:27+00:00","dateModified":"2026-04-05T08:59:41+00:00","breadcrumb":{"@id":"https:\/\/librairie7l.com\/en\/produit\/carnet-n2-la-pointe-courte\/#breadcrumb"},"inLanguage":"en-US","potentialAction":[{"@type":"ReadAction","target":["https:\/\/librairie7l.com\/en\/produit\/carnet-n2-la-pointe-courte\/"]}]},{"@type":"BreadcrumbList","@id":"https:\/\/librairie7l.com\/en\/produit\/carnet-n2-la-pointe-courte\/#breadcrumb","itemListElement":[{"@type":"ListItem","position":1,"name":"Accueil","item":"https:\/\/librairie7l.com\/en\/"},{"@type":"ListItem","position":2,"name":"Shop","item":"https:\/\/librairie7l.com\/en\/shop\/"},{"@type":"ListItem","position":3,"name":"CARNET N\u00b02 : LA POINTE COURTE"}]},{"@type":"WebSite","@id":"https:\/\/librairie7l.com\/en\/#website","url":"https:\/\/librairie7l.com\/en\/","name":"Librairie 7L","description":"Librairie fond\u00e9e en 1999 par Karl Lagerfeld \u00e0 Paris","publisher":{"@id":"https:\/\/librairie7l.com\/en\/#organization"},"potentialAction":[{"@type":"SearchAction","target":{"@type":"EntryPoint","urlTemplate":"https:\/\/librairie7l.com\/en\/?s={search_term_string}"},"query-input":"required name=search_term_string"}],"inLanguage":"en-US"},{"@type":"Organization","@id":"https:\/\/librairie7l.com\/en\/#organization","name":"Librairie 7L","url":"https:\/\/librairie7l.com\/en\/","logo":{"@type":"ImageObject","inLanguage":"en-US","@id":"https:\/\/librairie7l.com\/en\/#\/schema\/logo\/image\/","url":"https:\/\/librairie7l.com\/wp-content\/uploads\/2022\/08\/logo-1.png","contentUrl":"https:\/\/librairie7l.com\/wp-content\/uploads\/2022\/08\/logo-1.png","width":227,"height":301,"caption":"Librairie 7L"},"image":{"@id":"https:\/\/librairie7l.com\/en\/#\/schema\/logo\/image\/"}}]}},"_links":{"self":[{"href":"https:\/\/librairie7l.com\/en\/wp-json\/wp\/v2\/product\/32811"}],"collection":[{"href":"https:\/\/librairie7l.com\/en\/wp-json\/wp\/v2\/product"}],"about":[{"href":"https:\/\/librairie7l.com\/en\/wp-json\/wp\/v2\/types\/product"}],"wp:featuredmedia":[{"embeddable":true,"href":"https:\/\/librairie7l.com\/en\/wp-json\/wp\/v2\/media\/32809"}],"wp:attachment":[{"href":"https:\/\/librairie7l.com\/en\/wp-json\/wp\/v2\/media?parent=32811"}],"wp:term":[{"taxonomy":"product_cat","embeddable":true,"href":"https:\/\/librairie7l.com\/en\/wp-json\/wp\/v2\/product_cat?post=32811"},{"taxonomy":"product_tag","embeddable":true,"href":"https:\/\/librairie7l.com\/en\/wp-json\/wp\/v2\/product_tag?post=32811"}],"curies":[{"name":"wp","href":"https:\/\/api.w.org\/{rel}","templated":true}]}}