{"id":32819,"date":"2023-07-07T01:16:14","date_gmt":"2023-07-06T23:16:14","guid":{"rendered":"https:\/\/librairie7l.com\/?post_type=product&#038;p=32819"},"modified":"2026-04-23T23:47:00","modified_gmt":"2026-04-23T21:47:00","slug":"de-natura-rerum","status":"publish","type":"product","link":"https:\/\/librairie7l.com\/en\/produit\/de-natura-rerum\/","title":{"rendered":"DE NATURA RERUM"},"content":{"rendered":"<p>Cette premi\u00e8re monographie offre une immersion visuelle et savante dans l&#8217;univers singulier de l&#8217;artiste.<\/p>\n<p> Designer et sculpteur, Erwan Boulloud explore, \u00e0 travers ses cr\u00e9ations, les multiples possibles qu&#8217;offre la mati\u00e8re, qu&#8217;elle soit min\u00e9rale ou v\u00e9g\u00e9tale &#8211; pierre, m\u00e9tal, verre, bois, b\u00e9ton&#8230; &#8211; polie ou brute. Fortement inspir\u00e9 par les sciences naturelles, l&#8217;artiste imagine des pi\u00e8ces aux lignes sculpturales, des objets pr\u00e9cieux qui trouveraient ais\u00e9ment leur place au sein des myst\u00e9rieux cabinets de curiosit\u00e9s invent\u00e9s par les curieux et savants de la Renaissance. Car tout est m\u00e9tamorphose chez Boulloud :  Au-del\u00e0 de sa r\u00e9ussite esth\u00e9tique, une oeuvre me para\u00eet r\u00e9ussie dans sa capacit\u00e9 \u00e0 g\u00e9n\u00e9rer de la descendance, pour moi, c&#8217;est le t\u00e9moin de sa profondeur.  Prolif\u00e9ration cellulaire, sens du sacr\u00e9 et m\u00e9canique c\u00e9leste sont au coeur de son travail o\u00f9 le mouvement, perceptible \u00e0 l&#8217;oeil et retranscrit sur les surfaces, donne \u00e0 voir des oeuvres en pleine mutation. S&#8217;inspirant des images de la mission spatiale Rosetta r\u00e9v\u00e9lant la pr\u00e9sence de dunes s\u00e9dimentaires en mouvement sur la com\u00e8te Tchouri pour ses Fractures cosmiques, ou encore de la th\u00e9orie de la cristallisation pour ses Miroirs intralucides, Erwan Boulloud cr\u00e9e des oeuvres uniques ou d\u00e9clin\u00e9es en petites s\u00e9ries num\u00e9rot\u00e9es, dans lesquelles il capte la fugacit\u00e9 d&#8217;une histoire en \u00e9volution.<\/p>\n<p>Pour cette premi\u00e8re monographie, les multiples facettes cr\u00e9atives de l&#8217;artiste se d\u00e9ploient au fil d&#8217;un thesaurus qui se feuill\u00e8te par r\u00e9sonances : sciences math\u00e9matiques, g\u00e9ographiques, physiques mais aussi sens du po\u00e9tique dessinent le territoire artistique d&#8217;un artiste qui joue en permanence avec les concepts d&#8217;hybridation, de disparition, de s\u00e9dimentation ou encore avec notre perception du sacr\u00e9&#8230; Alliant fonctionnalit\u00e9 et esth\u00e9tique, les oeuvres d&#8217;Erwan Boulloud sont autant de sp\u00e9cimens vivants en constante \u00e9volution, leurs lignes, mati\u00e8res, dimensions se diffusent tel un rhizome merveilleux.<\/p>\n<p>Con\u00e7u comme un album rare, ponctu\u00e9 d&#8217;inserts th\u00e9matiques imprim\u00e9s sur des papiers de cr\u00e9ation, introduit par un long entretien avec l&#8217;artiste et d&#8217;un essai qui inscrit l&#8217;oeuvre dans l&#8217;histoire des arts et des sciences, cette premi\u00e8re monographie offre une immersion visuelle et savante dans l&#8217;univers singulier de l&#8217;artiste.<\/p>\n","protected":false},"excerpt":{"rendered":"<p>Cette premi\u00e8re monographie offre une immersion visuelle et savante dans l&#8217;univers singulier de l&#8217;artiste. Designer et sculpteur, Erwan Boulloud explore, \u00e0 travers ses cr\u00e9ations, les multiples possibles qu&#8217;offre la mati\u00e8re, qu&#8217;elle soit min\u00e9rale ou v\u00e9g\u00e9tale &#8211; pierre, m\u00e9tal, verre, bois, b\u00e9ton&#8230; &#8211; polie ou brute. Fortement inspir\u00e9 par les sciences naturelles, l&#8217;artiste imagine des pi\u00e8ces [&hellip;]<\/p>\n","protected":false},"featured_media":32817,"template":"","meta":[],"product_cat":[2948,2952],"product_tag":[],"acf":[],"yoast_head":"<!-- This site is optimized with the Yoast SEO plugin v20.11 - https:\/\/yoast.com\/wordpress\/plugins\/seo\/ -->\n<title>DE NATURA RERUM - Librairie 7L<\/title>\n<meta name=\"robots\" content=\"index, follow, max-snippet:-1, max-image-preview:large, max-video-preview:-1\" \/>\n<link rel=\"canonical\" href=\"https:\/\/librairie7l.com\/en\/produit\/de-natura-rerum\/\" \/>\n<meta property=\"og:locale\" content=\"en_US\" \/>\n<meta property=\"og:type\" content=\"article\" \/>\n<meta property=\"og:title\" content=\"DE NATURA RERUM - Librairie 7L\" \/>\n<meta property=\"og:description\" content=\"Cette premi\u00e8re monographie offre une immersion visuelle et savante dans l&#8217;univers singulier de l&#8217;artiste. Designer et sculpteur, Erwan Boulloud explore, \u00e0 travers ses cr\u00e9ations, les multiples possibles qu&#8217;offre la mati\u00e8re, qu&#8217;elle soit min\u00e9rale ou v\u00e9g\u00e9tale &#8211; pierre, m\u00e9tal, verre, bois, b\u00e9ton&#8230; &#8211; polie ou brute. Fortement inspir\u00e9 par les sciences naturelles, l&#8217;artiste imagine des pi\u00e8ces [&hellip;]\" \/>\n<meta property=\"og:url\" content=\"https:\/\/librairie7l.com\/en\/produit\/de-natura-rerum\/\" \/>\n<meta property=\"og:site_name\" content=\"Librairie 7L\" \/>\n<meta property=\"article:modified_time\" content=\"2026-04-23T21:47:00+00:00\" \/>\n<meta property=\"og:image\" content=\"https:\/\/librairie7l.com\/wp-content\/uploads\/2022\/12\/9782365113571_1_75.jpg\" \/>\n\t<meta property=\"og:image:width\" content=\"600\" \/>\n\t<meta property=\"og:image:height\" content=\"811\" \/>\n\t<meta property=\"og:image:type\" content=\"image\/jpeg\" \/>\n<meta name=\"twitter:card\" content=\"summary_large_image\" \/>\n<meta name=\"twitter:label1\" content=\"Est. reading time\" \/>\n\t<meta name=\"twitter:data1\" content=\"2 minutes\" \/>\n<script type=\"application\/ld+json\" class=\"yoast-schema-graph\">{\"@context\":\"https:\/\/schema.org\",\"@graph\":[{\"@type\":\"WebPage\",\"@id\":\"https:\/\/librairie7l.com\/en\/produit\/de-natura-rerum\/\",\"url\":\"https:\/\/librairie7l.com\/en\/produit\/de-natura-rerum\/\",\"name\":\"DE NATURA RERUM - Librairie 7L\",\"isPartOf\":{\"@id\":\"https:\/\/librairie7l.com\/en\/#website\"},\"datePublished\":\"2023-07-06T23:16:14+00:00\",\"dateModified\":\"2026-04-23T21:47:00+00:00\",\"breadcrumb\":{\"@id\":\"https:\/\/librairie7l.com\/en\/produit\/de-natura-rerum\/#breadcrumb\"},\"inLanguage\":\"en-US\",\"potentialAction\":[{\"@type\":\"ReadAction\",\"target\":[\"https:\/\/librairie7l.com\/en\/produit\/de-natura-rerum\/\"]}]},{\"@type\":\"BreadcrumbList\",\"@id\":\"https:\/\/librairie7l.com\/en\/produit\/de-natura-rerum\/#breadcrumb\",\"itemListElement\":[{\"@type\":\"ListItem\",\"position\":1,\"name\":\"Accueil\",\"item\":\"https:\/\/librairie7l.com\/en\/\"},{\"@type\":\"ListItem\",\"position\":2,\"name\":\"Shop\",\"item\":\"https:\/\/librairie7l.com\/en\/shop\/\"},{\"@type\":\"ListItem\",\"position\":3,\"name\":\"DE NATURA RERUM\"}]},{\"@type\":\"WebSite\",\"@id\":\"https:\/\/librairie7l.com\/en\/#website\",\"url\":\"https:\/\/librairie7l.com\/en\/\",\"name\":\"Librairie 7L\",\"description\":\"Librairie fond\u00e9e en 1999 par Karl Lagerfeld \u00e0 Paris\",\"publisher\":{\"@id\":\"https:\/\/librairie7l.com\/en\/#organization\"},\"potentialAction\":[{\"@type\":\"SearchAction\",\"target\":{\"@type\":\"EntryPoint\",\"urlTemplate\":\"https:\/\/librairie7l.com\/en\/?s={search_term_string}\"},\"query-input\":\"required name=search_term_string\"}],\"inLanguage\":\"en-US\"},{\"@type\":\"Organization\",\"@id\":\"https:\/\/librairie7l.com\/en\/#organization\",\"name\":\"Librairie 7L\",\"url\":\"https:\/\/librairie7l.com\/en\/\",\"logo\":{\"@type\":\"ImageObject\",\"inLanguage\":\"en-US\",\"@id\":\"https:\/\/librairie7l.com\/en\/#\/schema\/logo\/image\/\",\"url\":\"https:\/\/librairie7l.com\/wp-content\/uploads\/2022\/08\/logo-1.png\",\"contentUrl\":\"https:\/\/librairie7l.com\/wp-content\/uploads\/2022\/08\/logo-1.png\",\"width\":227,\"height\":301,\"caption\":\"Librairie 7L\"},\"image\":{\"@id\":\"https:\/\/librairie7l.com\/en\/#\/schema\/logo\/image\/\"}}]}<\/script>\n<!-- \/ Yoast SEO plugin. -->","yoast_head_json":{"title":"DE NATURA RERUM - Librairie 7L","robots":{"index":"index","follow":"follow","max-snippet":"max-snippet:-1","max-image-preview":"max-image-preview:large","max-video-preview":"max-video-preview:-1"},"canonical":"https:\/\/librairie7l.com\/en\/produit\/de-natura-rerum\/","og_locale":"en_US","og_type":"article","og_title":"DE NATURA RERUM - Librairie 7L","og_description":"Cette premi\u00e8re monographie offre une immersion visuelle et savante dans l&#8217;univers singulier de l&#8217;artiste. Designer et sculpteur, Erwan Boulloud explore, \u00e0 travers ses cr\u00e9ations, les multiples possibles qu&#8217;offre la mati\u00e8re, qu&#8217;elle soit min\u00e9rale ou v\u00e9g\u00e9tale &#8211; pierre, m\u00e9tal, verre, bois, b\u00e9ton&#8230; &#8211; polie ou brute. Fortement inspir\u00e9 par les sciences naturelles, l&#8217;artiste imagine des pi\u00e8ces [&hellip;]","og_url":"https:\/\/librairie7l.com\/en\/produit\/de-natura-rerum\/","og_site_name":"Librairie 7L","article_modified_time":"2026-04-23T21:47:00+00:00","og_image":[{"width":600,"height":811,"url":"https:\/\/librairie7l.com\/wp-content\/uploads\/2022\/12\/9782365113571_1_75.jpg","type":"image\/jpeg"}],"twitter_card":"summary_large_image","twitter_misc":{"Est. reading time":"2 minutes"},"schema":{"@context":"https:\/\/schema.org","@graph":[{"@type":"WebPage","@id":"https:\/\/librairie7l.com\/en\/produit\/de-natura-rerum\/","url":"https:\/\/librairie7l.com\/en\/produit\/de-natura-rerum\/","name":"DE NATURA RERUM - Librairie 7L","isPartOf":{"@id":"https:\/\/librairie7l.com\/en\/#website"},"datePublished":"2023-07-06T23:16:14+00:00","dateModified":"2026-04-23T21:47:00+00:00","breadcrumb":{"@id":"https:\/\/librairie7l.com\/en\/produit\/de-natura-rerum\/#breadcrumb"},"inLanguage":"en-US","potentialAction":[{"@type":"ReadAction","target":["https:\/\/librairie7l.com\/en\/produit\/de-natura-rerum\/"]}]},{"@type":"BreadcrumbList","@id":"https:\/\/librairie7l.com\/en\/produit\/de-natura-rerum\/#breadcrumb","itemListElement":[{"@type":"ListItem","position":1,"name":"Accueil","item":"https:\/\/librairie7l.com\/en\/"},{"@type":"ListItem","position":2,"name":"Shop","item":"https:\/\/librairie7l.com\/en\/shop\/"},{"@type":"ListItem","position":3,"name":"DE NATURA RERUM"}]},{"@type":"WebSite","@id":"https:\/\/librairie7l.com\/en\/#website","url":"https:\/\/librairie7l.com\/en\/","name":"Librairie 7L","description":"Librairie fond\u00e9e en 1999 par Karl Lagerfeld \u00e0 Paris","publisher":{"@id":"https:\/\/librairie7l.com\/en\/#organization"},"potentialAction":[{"@type":"SearchAction","target":{"@type":"EntryPoint","urlTemplate":"https:\/\/librairie7l.com\/en\/?s={search_term_string}"},"query-input":"required name=search_term_string"}],"inLanguage":"en-US"},{"@type":"Organization","@id":"https:\/\/librairie7l.com\/en\/#organization","name":"Librairie 7L","url":"https:\/\/librairie7l.com\/en\/","logo":{"@type":"ImageObject","inLanguage":"en-US","@id":"https:\/\/librairie7l.com\/en\/#\/schema\/logo\/image\/","url":"https:\/\/librairie7l.com\/wp-content\/uploads\/2022\/08\/logo-1.png","contentUrl":"https:\/\/librairie7l.com\/wp-content\/uploads\/2022\/08\/logo-1.png","width":227,"height":301,"caption":"Librairie 7L"},"image":{"@id":"https:\/\/librairie7l.com\/en\/#\/schema\/logo\/image\/"}}]}},"_links":{"self":[{"href":"https:\/\/librairie7l.com\/en\/wp-json\/wp\/v2\/product\/32819"}],"collection":[{"href":"https:\/\/librairie7l.com\/en\/wp-json\/wp\/v2\/product"}],"about":[{"href":"https:\/\/librairie7l.com\/en\/wp-json\/wp\/v2\/types\/product"}],"wp:featuredmedia":[{"embeddable":true,"href":"https:\/\/librairie7l.com\/en\/wp-json\/wp\/v2\/media\/32817"}],"wp:attachment":[{"href":"https:\/\/librairie7l.com\/en\/wp-json\/wp\/v2\/media?parent=32819"}],"wp:term":[{"taxonomy":"product_cat","embeddable":true,"href":"https:\/\/librairie7l.com\/en\/wp-json\/wp\/v2\/product_cat?post=32819"},{"taxonomy":"product_tag","embeddable":true,"href":"https:\/\/librairie7l.com\/en\/wp-json\/wp\/v2\/product_tag?post=32819"}],"curies":[{"name":"wp","href":"https:\/\/api.w.org\/{rel}","templated":true}]}}