{"id":32823,"date":"2023-07-08T01:16:17","date_gmt":"2023-07-07T23:16:17","guid":{"rendered":"https:\/\/librairie7l.com\/?post_type=product&#038;p=32823"},"modified":"2026-04-07T09:21:25","modified_gmt":"2026-04-07T07:21:25","slug":"dictionnaire-des-maitres-verriers-marques-et-signatures-de-lart-nouveau-a-la","status":"publish","type":"product","link":"https:\/\/librairie7l.com\/en\/produit\/dictionnaire-des-maitres-verriers-marques-et-signatures-de-lart-nouveau-a-la\/","title":{"rendered":"DICTIONNAIRE DES MA\u00ceTRES VERRIERS : MARQUES ET SIGNATURES DE L&#8217;ART NOUVEAU \u00c0 L&#8217;ART DECO"},"content":{"rendered":"<p>Cet ouvrage, \u00e0 vis\u00e9e encyclop\u00e9dique, se pr\u00e9sente sous la forme d&#8217;un dictionnaire des artistes verriers et des manufactures, de l&#8217;Art nouveau \u00e0 l&#8217;Art d\u00e9co. Chaque entr\u00e9e du dictionnaire propose la biographie d&#8217;un artiste verrier ou l&#8217;histoire d&#8217;une verrerie, et reproduit de fa\u00e7on exhaustive les marques et signatures utilis\u00e9es, class\u00e9es par p\u00e9riode. Une s\u00e9lection d&#8217;oeuvres, pour chaque chapitre, apporte un \u00e9clairage sur l&#8217;art, les techniques et la production des artistes et des verreries.Pour la premi\u00e8re fois, un ouvrage recense de mani\u00e8re quasi exhaustive toutes les marques employ\u00e9es dans la verrerie dans la p\u00e9riode de l&#8217;Art nouveau \u00e0 l&#8217;Art d\u00e9co. De ce recensement patiemment \u00e9labor\u00e9, on peut tirer des observations significatives : par exemple, l&#8217;immense diversit\u00e9 des signatures d&#8217;un \u00c9mile Gall\u00e9, soucieux de renouveler constamment la signature appos\u00e9e sur ses mod\u00e8les, est un nouvel indice de la cr\u00e9ativit\u00e9 de cet artiste.L&#8217;ambitionde ce livre est d&#8217;offrir un r\u00e9pertoire complet de toutes les signatures existantes des ma\u00eetres verriers et des manufactures verri\u00e8res de l&#8217;Art nouveau \u00e0 l&#8217;Art d\u00e9co. La recherche est possible par les entr\u00e9es du dictionnaire, mais aussi par un index : gr\u00e2ce \u00e0 une transcription minutieuse des marques et des signatures, le lecteur peut imm\u00e9diatement identifier une marqueet l&#8217;assimiler ais\u00e9ment \u00e0 un verrier, \u00e0 une manufacture et \u00e0 une p\u00e9riode.Avec 115 artistes et verreries recens\u00e9s, 2 000 signatures et marques et pr\u00e8s de 1 000 reproductions d&#8217;oeuvres, ce dictionnaire apporte un \u00e9clairage original et nouveau sur l&#8217;histoire de la verrerie \u00e0 cette \u00e9poque.L&#8217;ouvrage de Philippe Olland raconte, \u00e0 travers l&#8217;histoire des manufactures et les parcours individuels des artistes, toute l&#8217;histoire de la cr\u00e9ation verri\u00e8re, les courants, les d\u00e9cors et les techniques de fabrication, dans une p\u00e9riode incroyablement f\u00e9conde.<\/p>\n","protected":false},"excerpt":{"rendered":"<p>Cet ouvrage, \u00e0 vis\u00e9e encyclop\u00e9dique, se pr\u00e9sente sous la forme d&#8217;un dictionnaire des artistes verriers et des manufactures, de l&#8217;Art nouveau \u00e0 l&#8217;Art d\u00e9co. Chaque entr\u00e9e du dictionnaire propose la biographie d&#8217;un artiste verrier ou l&#8217;histoire d&#8217;une verrerie, et reproduit de fa\u00e7on exhaustive les marques et signatures utilis\u00e9es, class\u00e9es par p\u00e9riode. Une s\u00e9lection d&#8217;oeuvres, pour [&hellip;]<\/p>\n","protected":false},"featured_media":32821,"template":"","meta":[],"product_cat":[2948,2952],"product_tag":[],"acf":[],"yoast_head":"<!-- This site is optimized with the Yoast SEO plugin v20.11 - https:\/\/yoast.com\/wordpress\/plugins\/seo\/ -->\n<title>DICTIONNAIRE DES MA\u00ceTRES VERRIERS : MARQUES ET SIGNATURES DE L&#039;ART NOUVEAU \u00c0 L&#039;ART DECO - Librairie 7L<\/title>\n<meta name=\"robots\" content=\"index, follow, max-snippet:-1, max-image-preview:large, max-video-preview:-1\" \/>\n<link rel=\"canonical\" href=\"https:\/\/librairie7l.com\/en\/produit\/dictionnaire-des-maitres-verriers-marques-et-signatures-de-lart-nouveau-a-la\/\" \/>\n<meta property=\"og:locale\" content=\"en_US\" \/>\n<meta property=\"og:type\" content=\"article\" \/>\n<meta property=\"og:title\" content=\"DICTIONNAIRE DES MA\u00ceTRES VERRIERS : MARQUES ET SIGNATURES DE L&#039;ART NOUVEAU \u00c0 L&#039;ART DECO - Librairie 7L\" \/>\n<meta property=\"og:description\" content=\"Cet ouvrage, \u00e0 vis\u00e9e encyclop\u00e9dique, se pr\u00e9sente sous la forme d&#8217;un dictionnaire des artistes verriers et des manufactures, de l&#8217;Art nouveau \u00e0 l&#8217;Art d\u00e9co. Chaque entr\u00e9e du dictionnaire propose la biographie d&#8217;un artiste verrier ou l&#8217;histoire d&#8217;une verrerie, et reproduit de fa\u00e7on exhaustive les marques et signatures utilis\u00e9es, class\u00e9es par p\u00e9riode. Une s\u00e9lection d&#8217;oeuvres, pour [&hellip;]\" \/>\n<meta property=\"og:url\" content=\"https:\/\/librairie7l.com\/en\/produit\/dictionnaire-des-maitres-verriers-marques-et-signatures-de-lart-nouveau-a-la\/\" \/>\n<meta property=\"og:site_name\" content=\"Librairie 7L\" \/>\n<meta property=\"article:modified_time\" content=\"2026-04-07T07:21:25+00:00\" \/>\n<meta property=\"og:image\" content=\"https:\/\/librairie7l.com\/wp-content\/uploads\/2022\/07\/9782878443363_1_75.jpg\" \/>\n\t<meta property=\"og:image:width\" content=\"400\" \/>\n\t<meta property=\"og:image:height\" content=\"524\" \/>\n\t<meta property=\"og:image:type\" content=\"image\/jpeg\" \/>\n<meta name=\"twitter:card\" content=\"summary_large_image\" \/>\n<meta name=\"twitter:label1\" content=\"Est. reading time\" \/>\n\t<meta name=\"twitter:data1\" content=\"1 minute\" \/>\n<script type=\"application\/ld+json\" class=\"yoast-schema-graph\">{\"@context\":\"https:\/\/schema.org\",\"@graph\":[{\"@type\":\"WebPage\",\"@id\":\"https:\/\/librairie7l.com\/en\/produit\/dictionnaire-des-maitres-verriers-marques-et-signatures-de-lart-nouveau-a-la\/\",\"url\":\"https:\/\/librairie7l.com\/en\/produit\/dictionnaire-des-maitres-verriers-marques-et-signatures-de-lart-nouveau-a-la\/\",\"name\":\"DICTIONNAIRE DES MA\u00ceTRES VERRIERS : MARQUES ET SIGNATURES DE L'ART NOUVEAU \u00c0 L'ART DECO - Librairie 7L\",\"isPartOf\":{\"@id\":\"https:\/\/librairie7l.com\/en\/#website\"},\"datePublished\":\"2023-07-07T23:16:17+00:00\",\"dateModified\":\"2026-04-07T07:21:25+00:00\",\"breadcrumb\":{\"@id\":\"https:\/\/librairie7l.com\/en\/produit\/dictionnaire-des-maitres-verriers-marques-et-signatures-de-lart-nouveau-a-la\/#breadcrumb\"},\"inLanguage\":\"en-US\",\"potentialAction\":[{\"@type\":\"ReadAction\",\"target\":[\"https:\/\/librairie7l.com\/en\/produit\/dictionnaire-des-maitres-verriers-marques-et-signatures-de-lart-nouveau-a-la\/\"]}]},{\"@type\":\"BreadcrumbList\",\"@id\":\"https:\/\/librairie7l.com\/en\/produit\/dictionnaire-des-maitres-verriers-marques-et-signatures-de-lart-nouveau-a-la\/#breadcrumb\",\"itemListElement\":[{\"@type\":\"ListItem\",\"position\":1,\"name\":\"Accueil\",\"item\":\"https:\/\/librairie7l.com\/en\/\"},{\"@type\":\"ListItem\",\"position\":2,\"name\":\"Shop\",\"item\":\"https:\/\/librairie7l.com\/en\/shop\/\"},{\"@type\":\"ListItem\",\"position\":3,\"name\":\"DICTIONNAIRE DES MA\u00ceTRES VERRIERS : MARQUES ET SIGNATURES DE L&#8217;ART NOUVEAU \u00c0 L&#8217;ART DECO\"}]},{\"@type\":\"WebSite\",\"@id\":\"https:\/\/librairie7l.com\/en\/#website\",\"url\":\"https:\/\/librairie7l.com\/en\/\",\"name\":\"Librairie 7L\",\"description\":\"Librairie fond\u00e9e en 1999 par Karl Lagerfeld \u00e0 Paris\",\"publisher\":{\"@id\":\"https:\/\/librairie7l.com\/en\/#organization\"},\"potentialAction\":[{\"@type\":\"SearchAction\",\"target\":{\"@type\":\"EntryPoint\",\"urlTemplate\":\"https:\/\/librairie7l.com\/en\/?s={search_term_string}\"},\"query-input\":\"required name=search_term_string\"}],\"inLanguage\":\"en-US\"},{\"@type\":\"Organization\",\"@id\":\"https:\/\/librairie7l.com\/en\/#organization\",\"name\":\"Librairie 7L\",\"url\":\"https:\/\/librairie7l.com\/en\/\",\"logo\":{\"@type\":\"ImageObject\",\"inLanguage\":\"en-US\",\"@id\":\"https:\/\/librairie7l.com\/en\/#\/schema\/logo\/image\/\",\"url\":\"https:\/\/librairie7l.com\/wp-content\/uploads\/2022\/08\/logo-1.png\",\"contentUrl\":\"https:\/\/librairie7l.com\/wp-content\/uploads\/2022\/08\/logo-1.png\",\"width\":227,\"height\":301,\"caption\":\"Librairie 7L\"},\"image\":{\"@id\":\"https:\/\/librairie7l.com\/en\/#\/schema\/logo\/image\/\"}}]}<\/script>\n<!-- \/ Yoast SEO plugin. -->","yoast_head_json":{"title":"DICTIONNAIRE DES MA\u00ceTRES VERRIERS : MARQUES ET SIGNATURES DE L'ART NOUVEAU \u00c0 L'ART DECO - Librairie 7L","robots":{"index":"index","follow":"follow","max-snippet":"max-snippet:-1","max-image-preview":"max-image-preview:large","max-video-preview":"max-video-preview:-1"},"canonical":"https:\/\/librairie7l.com\/en\/produit\/dictionnaire-des-maitres-verriers-marques-et-signatures-de-lart-nouveau-a-la\/","og_locale":"en_US","og_type":"article","og_title":"DICTIONNAIRE DES MA\u00ceTRES VERRIERS : MARQUES ET SIGNATURES DE L'ART NOUVEAU \u00c0 L'ART DECO - Librairie 7L","og_description":"Cet ouvrage, \u00e0 vis\u00e9e encyclop\u00e9dique, se pr\u00e9sente sous la forme d&#8217;un dictionnaire des artistes verriers et des manufactures, de l&#8217;Art nouveau \u00e0 l&#8217;Art d\u00e9co. Chaque entr\u00e9e du dictionnaire propose la biographie d&#8217;un artiste verrier ou l&#8217;histoire d&#8217;une verrerie, et reproduit de fa\u00e7on exhaustive les marques et signatures utilis\u00e9es, class\u00e9es par p\u00e9riode. Une s\u00e9lection d&#8217;oeuvres, pour [&hellip;]","og_url":"https:\/\/librairie7l.com\/en\/produit\/dictionnaire-des-maitres-verriers-marques-et-signatures-de-lart-nouveau-a-la\/","og_site_name":"Librairie 7L","article_modified_time":"2026-04-07T07:21:25+00:00","og_image":[{"width":400,"height":524,"url":"https:\/\/librairie7l.com\/wp-content\/uploads\/2022\/07\/9782878443363_1_75.jpg","type":"image\/jpeg"}],"twitter_card":"summary_large_image","twitter_misc":{"Est. reading time":"1 minute"},"schema":{"@context":"https:\/\/schema.org","@graph":[{"@type":"WebPage","@id":"https:\/\/librairie7l.com\/en\/produit\/dictionnaire-des-maitres-verriers-marques-et-signatures-de-lart-nouveau-a-la\/","url":"https:\/\/librairie7l.com\/en\/produit\/dictionnaire-des-maitres-verriers-marques-et-signatures-de-lart-nouveau-a-la\/","name":"DICTIONNAIRE DES MA\u00ceTRES VERRIERS : MARQUES ET SIGNATURES DE L'ART NOUVEAU \u00c0 L'ART DECO - Librairie 7L","isPartOf":{"@id":"https:\/\/librairie7l.com\/en\/#website"},"datePublished":"2023-07-07T23:16:17+00:00","dateModified":"2026-04-07T07:21:25+00:00","breadcrumb":{"@id":"https:\/\/librairie7l.com\/en\/produit\/dictionnaire-des-maitres-verriers-marques-et-signatures-de-lart-nouveau-a-la\/#breadcrumb"},"inLanguage":"en-US","potentialAction":[{"@type":"ReadAction","target":["https:\/\/librairie7l.com\/en\/produit\/dictionnaire-des-maitres-verriers-marques-et-signatures-de-lart-nouveau-a-la\/"]}]},{"@type":"BreadcrumbList","@id":"https:\/\/librairie7l.com\/en\/produit\/dictionnaire-des-maitres-verriers-marques-et-signatures-de-lart-nouveau-a-la\/#breadcrumb","itemListElement":[{"@type":"ListItem","position":1,"name":"Accueil","item":"https:\/\/librairie7l.com\/en\/"},{"@type":"ListItem","position":2,"name":"Shop","item":"https:\/\/librairie7l.com\/en\/shop\/"},{"@type":"ListItem","position":3,"name":"DICTIONNAIRE DES MA\u00ceTRES VERRIERS : MARQUES ET SIGNATURES DE L&#8217;ART NOUVEAU \u00c0 L&#8217;ART DECO"}]},{"@type":"WebSite","@id":"https:\/\/librairie7l.com\/en\/#website","url":"https:\/\/librairie7l.com\/en\/","name":"Librairie 7L","description":"Librairie fond\u00e9e en 1999 par Karl Lagerfeld \u00e0 Paris","publisher":{"@id":"https:\/\/librairie7l.com\/en\/#organization"},"potentialAction":[{"@type":"SearchAction","target":{"@type":"EntryPoint","urlTemplate":"https:\/\/librairie7l.com\/en\/?s={search_term_string}"},"query-input":"required name=search_term_string"}],"inLanguage":"en-US"},{"@type":"Organization","@id":"https:\/\/librairie7l.com\/en\/#organization","name":"Librairie 7L","url":"https:\/\/librairie7l.com\/en\/","logo":{"@type":"ImageObject","inLanguage":"en-US","@id":"https:\/\/librairie7l.com\/en\/#\/schema\/logo\/image\/","url":"https:\/\/librairie7l.com\/wp-content\/uploads\/2022\/08\/logo-1.png","contentUrl":"https:\/\/librairie7l.com\/wp-content\/uploads\/2022\/08\/logo-1.png","width":227,"height":301,"caption":"Librairie 7L"},"image":{"@id":"https:\/\/librairie7l.com\/en\/#\/schema\/logo\/image\/"}}]}},"_links":{"self":[{"href":"https:\/\/librairie7l.com\/en\/wp-json\/wp\/v2\/product\/32823"}],"collection":[{"href":"https:\/\/librairie7l.com\/en\/wp-json\/wp\/v2\/product"}],"about":[{"href":"https:\/\/librairie7l.com\/en\/wp-json\/wp\/v2\/types\/product"}],"wp:featuredmedia":[{"embeddable":true,"href":"https:\/\/librairie7l.com\/en\/wp-json\/wp\/v2\/media\/32821"}],"wp:attachment":[{"href":"https:\/\/librairie7l.com\/en\/wp-json\/wp\/v2\/media?parent=32823"}],"wp:term":[{"taxonomy":"product_cat","embeddable":true,"href":"https:\/\/librairie7l.com\/en\/wp-json\/wp\/v2\/product_cat?post=32823"},{"taxonomy":"product_tag","embeddable":true,"href":"https:\/\/librairie7l.com\/en\/wp-json\/wp\/v2\/product_tag?post=32823"}],"curies":[{"name":"wp","href":"https:\/\/api.w.org\/{rel}","templated":true}]}}