{"id":32825,"date":"2023-07-08T01:16:19","date_gmt":"2023-07-07T23:16:19","guid":{"rendered":"https:\/\/librairie7l.com\/?post_type=product&#038;p=32825"},"modified":"2026-04-25T03:06:31","modified_gmt":"2026-04-25T01:06:31","slug":"forever-sixties","status":"publish","type":"product","link":"https:\/\/librairie7l.com\/en\/produit\/forever-sixties\/","title":{"rendered":"FOREVER SIXTIES"},"content":{"rendered":"<p>Apr\u00e8s \u00abDebout!\u00bb (2018) et \u00abAu-del\u00e0 de la couleur\u00bb (2021) au Couvent des  Jacobins, la Collection Pinault, la Ville de Rennes et Rennes M\u00e9tropole renouvellent  leur collaboration \u00e0 l&#8217;occasion d&#8217;une exposition in\u00e9dite d&#8217;oeuvres de la collection  r\u00e9unie depuis cinquante ans par Fran\u00e7ois Pinault. \u00c0 travers une centaine d&#8217;oeuvres  embl\u00e9matiques, dont certaines n&#8217;ont encore jamais \u00e9t\u00e9 expos\u00e9es par la Collection  Pinault, \u00abForever Sixties\u00bb offre un \u00e9clairage sur un moment d\u00e9cisif de l&#8217;histoire de  l&#8217;art contemporain, la r\u00e9volution visuelle des ann\u00e9es 1960, et son h\u00e9ritage r\u00e9manent  dans la cr\u00e9ation des d\u00e9cennies suivantes.<br \/>\nDe quoi les Sixties sont-elles le nom? Lib\u00e9ration, r\u00e9pression, appropriation? Sous  influence anglo-am\u00e9ricaine, cette d\u00e9cennie se caract\u00e9rise par un boom d\u00e9mographique  et \u00e9conomique sans pr\u00e9c\u00e9dent, l&#8217;\u00e9mergence de la soci\u00e9t\u00e9 de consommation et le  d\u00e9but de la conqu\u00eate spatiale. Marqu\u00e9es par les conflits id\u00e9ologiques, la guerre  froide et les guerres de d\u00e9colonisation, l&#8217;apog\u00e9e violente du mouvement des droits  civiques et la lib\u00e9ration sexuelle, les Swingeing Sixties -ann\u00e9es r\u00e9pressives comme  intitul\u00e9es par Richard Hamilton, qui joue des mots swinging (basculant, oscillant,  dansant) et swingeing (drastique, s\u00e9v\u00e8re)- sont aussi un champ de tensions opposant  conservatisme et d\u00e9mocratisation, culture dominante et contre-cultures alternatives,  conformisme mercantiliste et r\u00eaves d&#8217;\u00e9vasion.<br \/>\nProduit et sympt\u00f4me de l&#8217;\u00e9poque, r\u00e9solument engag\u00e9 du c\u00f4t\u00e9 du pr\u00e9sent, le pop art  aux \u00c9tats-Unis et en Europe affole le regard en red\u00e9finissant, entre 1956 et 1968, les  canons d&#8217;une modernit\u00e9 \u00e0 bout de souffle et en insufflant un esprit critique et rebelle  qui continue de traverser l&#8217;art contemporain. En rupture avec l&#8217;abstraction des ann\u00e9es  1950, le pop, ainsi que le nouveau r\u00e9alisme en France, renverse les hi\u00e9rarchies et  fait entrer, comme par collage, dans le domaine des arts et de la pens\u00e9e, les enjeux  et les objets du quotidien, la soci\u00e9t\u00e9 du spectacle et la publicit\u00e9, la r\u00e9alit\u00e9 des luttes  politiques, f\u00e9ministes et raciales et l&#8217;actualit\u00e9 des mass media qui transforment alors  le monde occidental en un village global.<\/p>\n","protected":false},"excerpt":{"rendered":"<p>Apr\u00e8s \u00abDebout!\u00bb (2018) et \u00abAu-del\u00e0 de la couleur\u00bb (2021) au Couvent des Jacobins, la Collection Pinault, la Ville de Rennes et Rennes M\u00e9tropole renouvellent leur collaboration \u00e0 l&#8217;occasion d&#8217;une exposition in\u00e9dite d&#8217;oeuvres de la collection r\u00e9unie depuis cinquante ans par Fran\u00e7ois Pinault. \u00c0 travers une centaine d&#8217;oeuvres embl\u00e9matiques, dont certaines n&#8217;ont encore jamais \u00e9t\u00e9 expos\u00e9es [&hellip;]<\/p>\n","protected":false},"featured_media":33547,"template":"","meta":[],"product_cat":[2948,2953],"product_tag":[],"acf":[],"yoast_head":"<!-- This site is optimized with the Yoast SEO plugin v20.11 - https:\/\/yoast.com\/wordpress\/plugins\/seo\/ -->\n<title>FOREVER SIXTIES - Librairie 7L<\/title>\n<meta name=\"robots\" content=\"index, follow, max-snippet:-1, max-image-preview:large, max-video-preview:-1\" \/>\n<link rel=\"canonical\" href=\"https:\/\/librairie7l.com\/en\/produit\/forever-sixties\/\" \/>\n<meta property=\"og:locale\" content=\"en_US\" \/>\n<meta property=\"og:type\" content=\"article\" \/>\n<meta property=\"og:title\" content=\"FOREVER SIXTIES - Librairie 7L\" \/>\n<meta property=\"og:description\" content=\"Apr\u00e8s \u00abDebout!\u00bb (2018) et \u00abAu-del\u00e0 de la couleur\u00bb (2021) au Couvent des Jacobins, la Collection Pinault, la Ville de Rennes et Rennes M\u00e9tropole renouvellent leur collaboration \u00e0 l&#8217;occasion d&#8217;une exposition in\u00e9dite d&#8217;oeuvres de la collection r\u00e9unie depuis cinquante ans par Fran\u00e7ois Pinault. \u00c0 travers une centaine d&#8217;oeuvres embl\u00e9matiques, dont certaines n&#8217;ont encore jamais \u00e9t\u00e9 expos\u00e9es [&hellip;]\" \/>\n<meta property=\"og:url\" content=\"https:\/\/librairie7l.com\/en\/produit\/forever-sixties\/\" \/>\n<meta property=\"og:site_name\" content=\"Librairie 7L\" \/>\n<meta property=\"article:modified_time\" content=\"2026-04-25T01:06:31+00:00\" \/>\n<meta property=\"og:image\" content=\"https:\/\/librairie7l.com\/wp-content\/uploads\/2022\/12\/9782373721737_1_75.jpg\" \/>\n\t<meta property=\"og:image:width\" content=\"600\" \/>\n\t<meta property=\"og:image:height\" content=\"768\" \/>\n\t<meta property=\"og:image:type\" content=\"image\/jpeg\" \/>\n<meta name=\"twitter:card\" content=\"summary_large_image\" \/>\n<meta name=\"twitter:label1\" content=\"Est. reading time\" \/>\n\t<meta name=\"twitter:data1\" content=\"2 minutes\" \/>\n<script type=\"application\/ld+json\" class=\"yoast-schema-graph\">{\"@context\":\"https:\/\/schema.org\",\"@graph\":[{\"@type\":\"WebPage\",\"@id\":\"https:\/\/librairie7l.com\/en\/produit\/forever-sixties\/\",\"url\":\"https:\/\/librairie7l.com\/en\/produit\/forever-sixties\/\",\"name\":\"FOREVER SIXTIES - Librairie 7L\",\"isPartOf\":{\"@id\":\"https:\/\/librairie7l.com\/en\/#website\"},\"datePublished\":\"2023-07-07T23:16:19+00:00\",\"dateModified\":\"2026-04-25T01:06:31+00:00\",\"breadcrumb\":{\"@id\":\"https:\/\/librairie7l.com\/en\/produit\/forever-sixties\/#breadcrumb\"},\"inLanguage\":\"en-US\",\"potentialAction\":[{\"@type\":\"ReadAction\",\"target\":[\"https:\/\/librairie7l.com\/en\/produit\/forever-sixties\/\"]}]},{\"@type\":\"BreadcrumbList\",\"@id\":\"https:\/\/librairie7l.com\/en\/produit\/forever-sixties\/#breadcrumb\",\"itemListElement\":[{\"@type\":\"ListItem\",\"position\":1,\"name\":\"Accueil\",\"item\":\"https:\/\/librairie7l.com\/en\/\"},{\"@type\":\"ListItem\",\"position\":2,\"name\":\"Shop\",\"item\":\"https:\/\/librairie7l.com\/en\/shop\/\"},{\"@type\":\"ListItem\",\"position\":3,\"name\":\"FOREVER SIXTIES\"}]},{\"@type\":\"WebSite\",\"@id\":\"https:\/\/librairie7l.com\/en\/#website\",\"url\":\"https:\/\/librairie7l.com\/en\/\",\"name\":\"Librairie 7L\",\"description\":\"Librairie fond\u00e9e en 1999 par Karl Lagerfeld \u00e0 Paris\",\"publisher\":{\"@id\":\"https:\/\/librairie7l.com\/en\/#organization\"},\"potentialAction\":[{\"@type\":\"SearchAction\",\"target\":{\"@type\":\"EntryPoint\",\"urlTemplate\":\"https:\/\/librairie7l.com\/en\/?s={search_term_string}\"},\"query-input\":\"required name=search_term_string\"}],\"inLanguage\":\"en-US\"},{\"@type\":\"Organization\",\"@id\":\"https:\/\/librairie7l.com\/en\/#organization\",\"name\":\"Librairie 7L\",\"url\":\"https:\/\/librairie7l.com\/en\/\",\"logo\":{\"@type\":\"ImageObject\",\"inLanguage\":\"en-US\",\"@id\":\"https:\/\/librairie7l.com\/en\/#\/schema\/logo\/image\/\",\"url\":\"https:\/\/librairie7l.com\/wp-content\/uploads\/2022\/08\/logo-1.png\",\"contentUrl\":\"https:\/\/librairie7l.com\/wp-content\/uploads\/2022\/08\/logo-1.png\",\"width\":227,\"height\":301,\"caption\":\"Librairie 7L\"},\"image\":{\"@id\":\"https:\/\/librairie7l.com\/en\/#\/schema\/logo\/image\/\"}}]}<\/script>\n<!-- \/ Yoast SEO plugin. -->","yoast_head_json":{"title":"FOREVER SIXTIES - Librairie 7L","robots":{"index":"index","follow":"follow","max-snippet":"max-snippet:-1","max-image-preview":"max-image-preview:large","max-video-preview":"max-video-preview:-1"},"canonical":"https:\/\/librairie7l.com\/en\/produit\/forever-sixties\/","og_locale":"en_US","og_type":"article","og_title":"FOREVER SIXTIES - Librairie 7L","og_description":"Apr\u00e8s \u00abDebout!\u00bb (2018) et \u00abAu-del\u00e0 de la couleur\u00bb (2021) au Couvent des Jacobins, la Collection Pinault, la Ville de Rennes et Rennes M\u00e9tropole renouvellent leur collaboration \u00e0 l&#8217;occasion d&#8217;une exposition in\u00e9dite d&#8217;oeuvres de la collection r\u00e9unie depuis cinquante ans par Fran\u00e7ois Pinault. \u00c0 travers une centaine d&#8217;oeuvres embl\u00e9matiques, dont certaines n&#8217;ont encore jamais \u00e9t\u00e9 expos\u00e9es [&hellip;]","og_url":"https:\/\/librairie7l.com\/en\/produit\/forever-sixties\/","og_site_name":"Librairie 7L","article_modified_time":"2026-04-25T01:06:31+00:00","og_image":[{"width":600,"height":768,"url":"https:\/\/librairie7l.com\/wp-content\/uploads\/2022\/12\/9782373721737_1_75.jpg","type":"image\/jpeg"}],"twitter_card":"summary_large_image","twitter_misc":{"Est. reading time":"2 minutes"},"schema":{"@context":"https:\/\/schema.org","@graph":[{"@type":"WebPage","@id":"https:\/\/librairie7l.com\/en\/produit\/forever-sixties\/","url":"https:\/\/librairie7l.com\/en\/produit\/forever-sixties\/","name":"FOREVER SIXTIES - Librairie 7L","isPartOf":{"@id":"https:\/\/librairie7l.com\/en\/#website"},"datePublished":"2023-07-07T23:16:19+00:00","dateModified":"2026-04-25T01:06:31+00:00","breadcrumb":{"@id":"https:\/\/librairie7l.com\/en\/produit\/forever-sixties\/#breadcrumb"},"inLanguage":"en-US","potentialAction":[{"@type":"ReadAction","target":["https:\/\/librairie7l.com\/en\/produit\/forever-sixties\/"]}]},{"@type":"BreadcrumbList","@id":"https:\/\/librairie7l.com\/en\/produit\/forever-sixties\/#breadcrumb","itemListElement":[{"@type":"ListItem","position":1,"name":"Accueil","item":"https:\/\/librairie7l.com\/en\/"},{"@type":"ListItem","position":2,"name":"Shop","item":"https:\/\/librairie7l.com\/en\/shop\/"},{"@type":"ListItem","position":3,"name":"FOREVER SIXTIES"}]},{"@type":"WebSite","@id":"https:\/\/librairie7l.com\/en\/#website","url":"https:\/\/librairie7l.com\/en\/","name":"Librairie 7L","description":"Librairie fond\u00e9e en 1999 par Karl Lagerfeld \u00e0 Paris","publisher":{"@id":"https:\/\/librairie7l.com\/en\/#organization"},"potentialAction":[{"@type":"SearchAction","target":{"@type":"EntryPoint","urlTemplate":"https:\/\/librairie7l.com\/en\/?s={search_term_string}"},"query-input":"required name=search_term_string"}],"inLanguage":"en-US"},{"@type":"Organization","@id":"https:\/\/librairie7l.com\/en\/#organization","name":"Librairie 7L","url":"https:\/\/librairie7l.com\/en\/","logo":{"@type":"ImageObject","inLanguage":"en-US","@id":"https:\/\/librairie7l.com\/en\/#\/schema\/logo\/image\/","url":"https:\/\/librairie7l.com\/wp-content\/uploads\/2022\/08\/logo-1.png","contentUrl":"https:\/\/librairie7l.com\/wp-content\/uploads\/2022\/08\/logo-1.png","width":227,"height":301,"caption":"Librairie 7L"},"image":{"@id":"https:\/\/librairie7l.com\/en\/#\/schema\/logo\/image\/"}}]}},"_links":{"self":[{"href":"https:\/\/librairie7l.com\/en\/wp-json\/wp\/v2\/product\/32825"}],"collection":[{"href":"https:\/\/librairie7l.com\/en\/wp-json\/wp\/v2\/product"}],"about":[{"href":"https:\/\/librairie7l.com\/en\/wp-json\/wp\/v2\/types\/product"}],"wp:featuredmedia":[{"embeddable":true,"href":"https:\/\/librairie7l.com\/en\/wp-json\/wp\/v2\/media\/33547"}],"wp:attachment":[{"href":"https:\/\/librairie7l.com\/en\/wp-json\/wp\/v2\/media?parent=32825"}],"wp:term":[{"taxonomy":"product_cat","embeddable":true,"href":"https:\/\/librairie7l.com\/en\/wp-json\/wp\/v2\/product_cat?post=32825"},{"taxonomy":"product_tag","embeddable":true,"href":"https:\/\/librairie7l.com\/en\/wp-json\/wp\/v2\/product_tag?post=32825"}],"curies":[{"name":"wp","href":"https:\/\/api.w.org\/{rel}","templated":true}]}}