{"id":32827,"date":"2023-07-08T01:16:20","date_gmt":"2023-07-07T23:16:20","guid":{"rendered":"https:\/\/librairie7l.com\/?post_type=product&#038;p=32827"},"modified":"2026-04-06T07:12:54","modified_gmt":"2026-04-06T05:12:54","slug":"dora-maar-secrets-datelier","status":"publish","type":"product","link":"https:\/\/librairie7l.com\/en\/produit\/dora-maar-secrets-datelier\/","title":{"rendered":"DORA MAAR, SECRETS D&#8217;ATELIER"},"content":{"rendered":"<p>\u00c0 travers l&#8217;\u00e9tude et le commentaire d&#8217;un large corpus in\u00e9dit de l&#8217;artiste  comprenant des dessins, des carnets, des notes et des po\u00e8mes manuscrits, ce catalogue  jetera un \u00e9clairage nouveau sur une p\u00e9riode encore peu \u00e9tudi\u00e9e, voire occult\u00e9e, de  l&#8217;oeuvre de Dora Maar, s&#8217;\u00e9talant de 1936 \u00e0 1943, durant laquelle l&#8217;artiste partage sa vie  avec Picasso.<br \/>\nUn ensemble de notes manuscrites, comprenant notamment des retranscriptions  de conversations avec Picasso, viendra en outre \u00e9clairer la nature de la relation entre les  deux artistes et la mani\u00e8re dont Dora Maar poursuivra son oeuvre plastique apr\u00e8s leur  rupture.<br \/>\nLa c\u00e9l\u00e9bration du jubil\u00e9 de la mort de Picasso en 2023 repr\u00e9sente une v\u00e9ritable  occasion de prendre le contrepied des \u00e9v\u00e9nements et publications qui ne manqueront  pas de voir le jour l&#8217;ann\u00e9e prochaine, en permettant de poursuivre la r\u00e9habilitation de  l&#8217;oeuvre graphique de Dora Maar initi\u00e9e depuis quelques ann\u00e9es d\u00e9j\u00e0, apr\u00e8s la tenue des  grandes expositions du Centre Pompidou et de la Tate, remettant notamment en lumi\u00e8re  la place de son travail dans le mouvement surr\u00e9aliste.<\/p>\n","protected":false},"excerpt":{"rendered":"<p>\u00c0 travers l&#8217;\u00e9tude et le commentaire d&#8217;un large corpus in\u00e9dit de l&#8217;artiste comprenant des dessins, des carnets, des notes et des po\u00e8mes manuscrits, ce catalogue jetera un \u00e9clairage nouveau sur une p\u00e9riode encore peu \u00e9tudi\u00e9e, voire occult\u00e9e, de l&#8217;oeuvre de Dora Maar, s&#8217;\u00e9talant de 1936 \u00e0 1943, durant laquelle l&#8217;artiste partage sa vie avec Picasso. [&hellip;]<\/p>\n","protected":false},"featured_media":33537,"template":"","meta":[],"product_cat":[2948,2953],"product_tag":[],"acf":[],"yoast_head":"<!-- This site is optimized with the Yoast SEO plugin v20.11 - https:\/\/yoast.com\/wordpress\/plugins\/seo\/ -->\n<title>DORA MAAR, SECRETS D&#039;ATELIER - Librairie 7L<\/title>\n<meta name=\"robots\" content=\"index, follow, max-snippet:-1, max-image-preview:large, max-video-preview:-1\" \/>\n<link rel=\"canonical\" href=\"https:\/\/librairie7l.com\/en\/produit\/dora-maar-secrets-datelier\/\" \/>\n<meta property=\"og:locale\" content=\"en_US\" \/>\n<meta property=\"og:type\" content=\"article\" \/>\n<meta property=\"og:title\" content=\"DORA MAAR, SECRETS D&#039;ATELIER - Librairie 7L\" \/>\n<meta property=\"og:description\" content=\"\u00c0 travers l&#8217;\u00e9tude et le commentaire d&#8217;un large corpus in\u00e9dit de l&#8217;artiste comprenant des dessins, des carnets, des notes et des po\u00e8mes manuscrits, ce catalogue jetera un \u00e9clairage nouveau sur une p\u00e9riode encore peu \u00e9tudi\u00e9e, voire occult\u00e9e, de l&#8217;oeuvre de Dora Maar, s&#8217;\u00e9talant de 1936 \u00e0 1943, durant laquelle l&#8217;artiste partage sa vie avec Picasso. [&hellip;]\" \/>\n<meta property=\"og:url\" content=\"https:\/\/librairie7l.com\/en\/produit\/dora-maar-secrets-datelier\/\" \/>\n<meta property=\"og:site_name\" content=\"Librairie 7L\" \/>\n<meta property=\"article:modified_time\" content=\"2026-04-06T05:12:54+00:00\" \/>\n<meta property=\"og:image\" content=\"https:\/\/librairie7l.com\/wp-content\/uploads\/2022\/12\/9782373721768_1_75.jpg\" \/>\n\t<meta property=\"og:image:width\" content=\"600\" \/>\n\t<meta property=\"og:image:height\" content=\"730\" \/>\n\t<meta property=\"og:image:type\" content=\"image\/jpeg\" \/>\n<meta name=\"twitter:card\" content=\"summary_large_image\" \/>\n<meta name=\"twitter:label1\" content=\"Est. reading time\" \/>\n\t<meta name=\"twitter:data1\" content=\"1 minute\" \/>\n<script type=\"application\/ld+json\" class=\"yoast-schema-graph\">{\"@context\":\"https:\/\/schema.org\",\"@graph\":[{\"@type\":\"WebPage\",\"@id\":\"https:\/\/librairie7l.com\/en\/produit\/dora-maar-secrets-datelier\/\",\"url\":\"https:\/\/librairie7l.com\/en\/produit\/dora-maar-secrets-datelier\/\",\"name\":\"DORA MAAR, SECRETS D'ATELIER - Librairie 7L\",\"isPartOf\":{\"@id\":\"https:\/\/librairie7l.com\/en\/#website\"},\"datePublished\":\"2023-07-07T23:16:20+00:00\",\"dateModified\":\"2026-04-06T05:12:54+00:00\",\"breadcrumb\":{\"@id\":\"https:\/\/librairie7l.com\/en\/produit\/dora-maar-secrets-datelier\/#breadcrumb\"},\"inLanguage\":\"en-US\",\"potentialAction\":[{\"@type\":\"ReadAction\",\"target\":[\"https:\/\/librairie7l.com\/en\/produit\/dora-maar-secrets-datelier\/\"]}]},{\"@type\":\"BreadcrumbList\",\"@id\":\"https:\/\/librairie7l.com\/en\/produit\/dora-maar-secrets-datelier\/#breadcrumb\",\"itemListElement\":[{\"@type\":\"ListItem\",\"position\":1,\"name\":\"Accueil\",\"item\":\"https:\/\/librairie7l.com\/en\/\"},{\"@type\":\"ListItem\",\"position\":2,\"name\":\"Shop\",\"item\":\"https:\/\/librairie7l.com\/en\/shop\/\"},{\"@type\":\"ListItem\",\"position\":3,\"name\":\"DORA MAAR, SECRETS D&#8217;ATELIER\"}]},{\"@type\":\"WebSite\",\"@id\":\"https:\/\/librairie7l.com\/en\/#website\",\"url\":\"https:\/\/librairie7l.com\/en\/\",\"name\":\"Librairie 7L\",\"description\":\"Librairie fond\u00e9e en 1999 par Karl Lagerfeld \u00e0 Paris\",\"publisher\":{\"@id\":\"https:\/\/librairie7l.com\/en\/#organization\"},\"potentialAction\":[{\"@type\":\"SearchAction\",\"target\":{\"@type\":\"EntryPoint\",\"urlTemplate\":\"https:\/\/librairie7l.com\/en\/?s={search_term_string}\"},\"query-input\":\"required name=search_term_string\"}],\"inLanguage\":\"en-US\"},{\"@type\":\"Organization\",\"@id\":\"https:\/\/librairie7l.com\/en\/#organization\",\"name\":\"Librairie 7L\",\"url\":\"https:\/\/librairie7l.com\/en\/\",\"logo\":{\"@type\":\"ImageObject\",\"inLanguage\":\"en-US\",\"@id\":\"https:\/\/librairie7l.com\/en\/#\/schema\/logo\/image\/\",\"url\":\"https:\/\/librairie7l.com\/wp-content\/uploads\/2022\/08\/logo-1.png\",\"contentUrl\":\"https:\/\/librairie7l.com\/wp-content\/uploads\/2022\/08\/logo-1.png\",\"width\":227,\"height\":301,\"caption\":\"Librairie 7L\"},\"image\":{\"@id\":\"https:\/\/librairie7l.com\/en\/#\/schema\/logo\/image\/\"}}]}<\/script>\n<!-- \/ Yoast SEO plugin. -->","yoast_head_json":{"title":"DORA MAAR, SECRETS D'ATELIER - Librairie 7L","robots":{"index":"index","follow":"follow","max-snippet":"max-snippet:-1","max-image-preview":"max-image-preview:large","max-video-preview":"max-video-preview:-1"},"canonical":"https:\/\/librairie7l.com\/en\/produit\/dora-maar-secrets-datelier\/","og_locale":"en_US","og_type":"article","og_title":"DORA MAAR, SECRETS D'ATELIER - Librairie 7L","og_description":"\u00c0 travers l&#8217;\u00e9tude et le commentaire d&#8217;un large corpus in\u00e9dit de l&#8217;artiste comprenant des dessins, des carnets, des notes et des po\u00e8mes manuscrits, ce catalogue jetera un \u00e9clairage nouveau sur une p\u00e9riode encore peu \u00e9tudi\u00e9e, voire occult\u00e9e, de l&#8217;oeuvre de Dora Maar, s&#8217;\u00e9talant de 1936 \u00e0 1943, durant laquelle l&#8217;artiste partage sa vie avec Picasso. [&hellip;]","og_url":"https:\/\/librairie7l.com\/en\/produit\/dora-maar-secrets-datelier\/","og_site_name":"Librairie 7L","article_modified_time":"2026-04-06T05:12:54+00:00","og_image":[{"width":600,"height":730,"url":"https:\/\/librairie7l.com\/wp-content\/uploads\/2022\/12\/9782373721768_1_75.jpg","type":"image\/jpeg"}],"twitter_card":"summary_large_image","twitter_misc":{"Est. reading time":"1 minute"},"schema":{"@context":"https:\/\/schema.org","@graph":[{"@type":"WebPage","@id":"https:\/\/librairie7l.com\/en\/produit\/dora-maar-secrets-datelier\/","url":"https:\/\/librairie7l.com\/en\/produit\/dora-maar-secrets-datelier\/","name":"DORA MAAR, SECRETS D'ATELIER - Librairie 7L","isPartOf":{"@id":"https:\/\/librairie7l.com\/en\/#website"},"datePublished":"2023-07-07T23:16:20+00:00","dateModified":"2026-04-06T05:12:54+00:00","breadcrumb":{"@id":"https:\/\/librairie7l.com\/en\/produit\/dora-maar-secrets-datelier\/#breadcrumb"},"inLanguage":"en-US","potentialAction":[{"@type":"ReadAction","target":["https:\/\/librairie7l.com\/en\/produit\/dora-maar-secrets-datelier\/"]}]},{"@type":"BreadcrumbList","@id":"https:\/\/librairie7l.com\/en\/produit\/dora-maar-secrets-datelier\/#breadcrumb","itemListElement":[{"@type":"ListItem","position":1,"name":"Accueil","item":"https:\/\/librairie7l.com\/en\/"},{"@type":"ListItem","position":2,"name":"Shop","item":"https:\/\/librairie7l.com\/en\/shop\/"},{"@type":"ListItem","position":3,"name":"DORA MAAR, SECRETS D&#8217;ATELIER"}]},{"@type":"WebSite","@id":"https:\/\/librairie7l.com\/en\/#website","url":"https:\/\/librairie7l.com\/en\/","name":"Librairie 7L","description":"Librairie fond\u00e9e en 1999 par Karl Lagerfeld \u00e0 Paris","publisher":{"@id":"https:\/\/librairie7l.com\/en\/#organization"},"potentialAction":[{"@type":"SearchAction","target":{"@type":"EntryPoint","urlTemplate":"https:\/\/librairie7l.com\/en\/?s={search_term_string}"},"query-input":"required name=search_term_string"}],"inLanguage":"en-US"},{"@type":"Organization","@id":"https:\/\/librairie7l.com\/en\/#organization","name":"Librairie 7L","url":"https:\/\/librairie7l.com\/en\/","logo":{"@type":"ImageObject","inLanguage":"en-US","@id":"https:\/\/librairie7l.com\/en\/#\/schema\/logo\/image\/","url":"https:\/\/librairie7l.com\/wp-content\/uploads\/2022\/08\/logo-1.png","contentUrl":"https:\/\/librairie7l.com\/wp-content\/uploads\/2022\/08\/logo-1.png","width":227,"height":301,"caption":"Librairie 7L"},"image":{"@id":"https:\/\/librairie7l.com\/en\/#\/schema\/logo\/image\/"}}]}},"_links":{"self":[{"href":"https:\/\/librairie7l.com\/en\/wp-json\/wp\/v2\/product\/32827"}],"collection":[{"href":"https:\/\/librairie7l.com\/en\/wp-json\/wp\/v2\/product"}],"about":[{"href":"https:\/\/librairie7l.com\/en\/wp-json\/wp\/v2\/types\/product"}],"wp:featuredmedia":[{"embeddable":true,"href":"https:\/\/librairie7l.com\/en\/wp-json\/wp\/v2\/media\/33537"}],"wp:attachment":[{"href":"https:\/\/librairie7l.com\/en\/wp-json\/wp\/v2\/media?parent=32827"}],"wp:term":[{"taxonomy":"product_cat","embeddable":true,"href":"https:\/\/librairie7l.com\/en\/wp-json\/wp\/v2\/product_cat?post=32827"},{"taxonomy":"product_tag","embeddable":true,"href":"https:\/\/librairie7l.com\/en\/wp-json\/wp\/v2\/product_tag?post=32827"}],"curies":[{"name":"wp","href":"https:\/\/api.w.org\/{rel}","templated":true}]}}