{"id":32831,"date":"2023-07-07T01:16:16","date_gmt":"2023-07-06T23:16:16","guid":{"rendered":"https:\/\/librairie7l.com\/?post_type=product&#038;p=32831"},"modified":"2026-04-15T06:45:28","modified_gmt":"2026-04-15T04:45:28","slug":"timber-homes-taking-wood-to-new-levels","status":"publish","type":"product","link":"https:\/\/librairie7l.com\/en\/produit\/timber-homes-taking-wood-to-new-levels\/","title":{"rendered":"TIMBER HOMES : TAKING WOOD TO NEW LEVELS"},"content":{"rendered":"<p>De plus en plus d&#8217;architectes et de clients privil\u00e9gient le bois en tant que mati\u00e8re premi\u00e8re renouvelable, qui s\u00e9duit aussi bien par son image naturelle que par son \u00e9tonnante diversit\u00e9 d&#8217;utilisation. De nombreuses nouvelles techniques de construction et des possibilit\u00e9s de traitement innovantes rendent ces objets uniques. Et plus encore : l&#8217;architecture en bois repr\u00e9sente une possibilit\u00e9 prometteuse de se rapprocher d&#8217;un avenir neutre en CO2.<br \/>\nLe plus ancien mat\u00e9riau de construction est universellement beau et le plus humain de tous les mat\u00e9riaux, selon Frank Lloyd Wright. C&#8217;est ce que montre cet ouvrage exceptionnel sur le th\u00e8me de l&#8217;habitat, les projets pr\u00e9sent\u00e9s d\u00e9montrant les possibilit\u00e9s quasiment infinies en mati\u00e8re d&#8217;architecture et de design d&#8217;int\u00e9rieur. Ce faisant, ils ouvrent \u00e9galement de toutes nouvelles voies d&#8217;un point de vue esth\u00e9tique &#8211; et pas seulement pour la planification de maisons d&#8217;habitation priv\u00e9es.<\/p>\n","protected":false},"excerpt":{"rendered":"<p>De plus en plus d&#8217;architectes et de clients privil\u00e9gient le bois en tant que mati\u00e8re premi\u00e8re renouvelable, qui s\u00e9duit aussi bien par son image naturelle que par son \u00e9tonnante diversit\u00e9 d&#8217;utilisation. De nombreuses nouvelles techniques de construction et des possibilit\u00e9s de traitement innovantes rendent ces objets uniques. Et plus encore : l&#8217;architecture en bois repr\u00e9sente [&hellip;]<\/p>\n","protected":false},"featured_media":32829,"template":"","meta":[],"product_cat":[2948,2951],"product_tag":[],"acf":[],"yoast_head":"<!-- This site is optimized with the Yoast SEO plugin v20.11 - https:\/\/yoast.com\/wordpress\/plugins\/seo\/ -->\n<title>TIMBER HOMES : TAKING WOOD TO NEW LEVELS - Librairie 7L<\/title>\n<meta name=\"robots\" content=\"index, follow, max-snippet:-1, max-image-preview:large, max-video-preview:-1\" \/>\n<link rel=\"canonical\" href=\"https:\/\/librairie7l.com\/en\/produit\/timber-homes-taking-wood-to-new-levels\/\" \/>\n<meta property=\"og:locale\" content=\"en_US\" \/>\n<meta property=\"og:type\" content=\"article\" \/>\n<meta property=\"og:title\" content=\"TIMBER HOMES : TAKING WOOD TO NEW LEVELS - Librairie 7L\" \/>\n<meta property=\"og:description\" content=\"De plus en plus d&#8217;architectes et de clients privil\u00e9gient le bois en tant que mati\u00e8re premi\u00e8re renouvelable, qui s\u00e9duit aussi bien par son image naturelle que par son \u00e9tonnante diversit\u00e9 d&#8217;utilisation. De nombreuses nouvelles techniques de construction et des possibilit\u00e9s de traitement innovantes rendent ces objets uniques. Et plus encore : l&#8217;architecture en bois repr\u00e9sente [&hellip;]\" \/>\n<meta property=\"og:url\" content=\"https:\/\/librairie7l.com\/en\/produit\/timber-homes-taking-wood-to-new-levels\/\" \/>\n<meta property=\"og:site_name\" content=\"Librairie 7L\" \/>\n<meta property=\"article:modified_time\" content=\"2026-04-15T04:45:28+00:00\" \/>\n<meta property=\"og:image\" content=\"https:\/\/librairie7l.com\/wp-content\/uploads\/2022\/06\/9783037682821_1_75.jpg\" \/>\n\t<meta property=\"og:image:width\" content=\"600\" \/>\n\t<meta property=\"og:image:height\" content=\"774\" \/>\n\t<meta property=\"og:image:type\" content=\"image\/jpeg\" \/>\n<meta name=\"twitter:card\" content=\"summary_large_image\" \/>\n<meta name=\"twitter:label1\" content=\"Est. reading time\" \/>\n\t<meta name=\"twitter:data1\" content=\"1 minute\" \/>\n<script type=\"application\/ld+json\" class=\"yoast-schema-graph\">{\"@context\":\"https:\/\/schema.org\",\"@graph\":[{\"@type\":\"WebPage\",\"@id\":\"https:\/\/librairie7l.com\/en\/produit\/timber-homes-taking-wood-to-new-levels\/\",\"url\":\"https:\/\/librairie7l.com\/en\/produit\/timber-homes-taking-wood-to-new-levels\/\",\"name\":\"TIMBER HOMES : TAKING WOOD TO NEW LEVELS - Librairie 7L\",\"isPartOf\":{\"@id\":\"https:\/\/librairie7l.com\/en\/#website\"},\"datePublished\":\"2023-07-06T23:16:16+00:00\",\"dateModified\":\"2026-04-15T04:45:28+00:00\",\"breadcrumb\":{\"@id\":\"https:\/\/librairie7l.com\/en\/produit\/timber-homes-taking-wood-to-new-levels\/#breadcrumb\"},\"inLanguage\":\"en-US\",\"potentialAction\":[{\"@type\":\"ReadAction\",\"target\":[\"https:\/\/librairie7l.com\/en\/produit\/timber-homes-taking-wood-to-new-levels\/\"]}]},{\"@type\":\"BreadcrumbList\",\"@id\":\"https:\/\/librairie7l.com\/en\/produit\/timber-homes-taking-wood-to-new-levels\/#breadcrumb\",\"itemListElement\":[{\"@type\":\"ListItem\",\"position\":1,\"name\":\"Accueil\",\"item\":\"https:\/\/librairie7l.com\/en\/\"},{\"@type\":\"ListItem\",\"position\":2,\"name\":\"Shop\",\"item\":\"https:\/\/librairie7l.com\/en\/shop\/\"},{\"@type\":\"ListItem\",\"position\":3,\"name\":\"TIMBER HOMES : TAKING WOOD TO NEW LEVELS\"}]},{\"@type\":\"WebSite\",\"@id\":\"https:\/\/librairie7l.com\/en\/#website\",\"url\":\"https:\/\/librairie7l.com\/en\/\",\"name\":\"Librairie 7L\",\"description\":\"Librairie fond\u00e9e en 1999 par Karl Lagerfeld \u00e0 Paris\",\"publisher\":{\"@id\":\"https:\/\/librairie7l.com\/en\/#organization\"},\"potentialAction\":[{\"@type\":\"SearchAction\",\"target\":{\"@type\":\"EntryPoint\",\"urlTemplate\":\"https:\/\/librairie7l.com\/en\/?s={search_term_string}\"},\"query-input\":\"required name=search_term_string\"}],\"inLanguage\":\"en-US\"},{\"@type\":\"Organization\",\"@id\":\"https:\/\/librairie7l.com\/en\/#organization\",\"name\":\"Librairie 7L\",\"url\":\"https:\/\/librairie7l.com\/en\/\",\"logo\":{\"@type\":\"ImageObject\",\"inLanguage\":\"en-US\",\"@id\":\"https:\/\/librairie7l.com\/en\/#\/schema\/logo\/image\/\",\"url\":\"https:\/\/librairie7l.com\/wp-content\/uploads\/2022\/08\/logo-1.png\",\"contentUrl\":\"https:\/\/librairie7l.com\/wp-content\/uploads\/2022\/08\/logo-1.png\",\"width\":227,\"height\":301,\"caption\":\"Librairie 7L\"},\"image\":{\"@id\":\"https:\/\/librairie7l.com\/en\/#\/schema\/logo\/image\/\"}}]}<\/script>\n<!-- \/ Yoast SEO plugin. -->","yoast_head_json":{"title":"TIMBER HOMES : TAKING WOOD TO NEW LEVELS - Librairie 7L","robots":{"index":"index","follow":"follow","max-snippet":"max-snippet:-1","max-image-preview":"max-image-preview:large","max-video-preview":"max-video-preview:-1"},"canonical":"https:\/\/librairie7l.com\/en\/produit\/timber-homes-taking-wood-to-new-levels\/","og_locale":"en_US","og_type":"article","og_title":"TIMBER HOMES : TAKING WOOD TO NEW LEVELS - Librairie 7L","og_description":"De plus en plus d&#8217;architectes et de clients privil\u00e9gient le bois en tant que mati\u00e8re premi\u00e8re renouvelable, qui s\u00e9duit aussi bien par son image naturelle que par son \u00e9tonnante diversit\u00e9 d&#8217;utilisation. De nombreuses nouvelles techniques de construction et des possibilit\u00e9s de traitement innovantes rendent ces objets uniques. Et plus encore : l&#8217;architecture en bois repr\u00e9sente [&hellip;]","og_url":"https:\/\/librairie7l.com\/en\/produit\/timber-homes-taking-wood-to-new-levels\/","og_site_name":"Librairie 7L","article_modified_time":"2026-04-15T04:45:28+00:00","og_image":[{"width":600,"height":774,"url":"https:\/\/librairie7l.com\/wp-content\/uploads\/2022\/06\/9783037682821_1_75.jpg","type":"image\/jpeg"}],"twitter_card":"summary_large_image","twitter_misc":{"Est. reading time":"1 minute"},"schema":{"@context":"https:\/\/schema.org","@graph":[{"@type":"WebPage","@id":"https:\/\/librairie7l.com\/en\/produit\/timber-homes-taking-wood-to-new-levels\/","url":"https:\/\/librairie7l.com\/en\/produit\/timber-homes-taking-wood-to-new-levels\/","name":"TIMBER HOMES : TAKING WOOD TO NEW LEVELS - Librairie 7L","isPartOf":{"@id":"https:\/\/librairie7l.com\/en\/#website"},"datePublished":"2023-07-06T23:16:16+00:00","dateModified":"2026-04-15T04:45:28+00:00","breadcrumb":{"@id":"https:\/\/librairie7l.com\/en\/produit\/timber-homes-taking-wood-to-new-levels\/#breadcrumb"},"inLanguage":"en-US","potentialAction":[{"@type":"ReadAction","target":["https:\/\/librairie7l.com\/en\/produit\/timber-homes-taking-wood-to-new-levels\/"]}]},{"@type":"BreadcrumbList","@id":"https:\/\/librairie7l.com\/en\/produit\/timber-homes-taking-wood-to-new-levels\/#breadcrumb","itemListElement":[{"@type":"ListItem","position":1,"name":"Accueil","item":"https:\/\/librairie7l.com\/en\/"},{"@type":"ListItem","position":2,"name":"Shop","item":"https:\/\/librairie7l.com\/en\/shop\/"},{"@type":"ListItem","position":3,"name":"TIMBER HOMES : TAKING WOOD TO NEW LEVELS"}]},{"@type":"WebSite","@id":"https:\/\/librairie7l.com\/en\/#website","url":"https:\/\/librairie7l.com\/en\/","name":"Librairie 7L","description":"Librairie fond\u00e9e en 1999 par Karl Lagerfeld \u00e0 Paris","publisher":{"@id":"https:\/\/librairie7l.com\/en\/#organization"},"potentialAction":[{"@type":"SearchAction","target":{"@type":"EntryPoint","urlTemplate":"https:\/\/librairie7l.com\/en\/?s={search_term_string}"},"query-input":"required name=search_term_string"}],"inLanguage":"en-US"},{"@type":"Organization","@id":"https:\/\/librairie7l.com\/en\/#organization","name":"Librairie 7L","url":"https:\/\/librairie7l.com\/en\/","logo":{"@type":"ImageObject","inLanguage":"en-US","@id":"https:\/\/librairie7l.com\/en\/#\/schema\/logo\/image\/","url":"https:\/\/librairie7l.com\/wp-content\/uploads\/2022\/08\/logo-1.png","contentUrl":"https:\/\/librairie7l.com\/wp-content\/uploads\/2022\/08\/logo-1.png","width":227,"height":301,"caption":"Librairie 7L"},"image":{"@id":"https:\/\/librairie7l.com\/en\/#\/schema\/logo\/image\/"}}]}},"_links":{"self":[{"href":"https:\/\/librairie7l.com\/en\/wp-json\/wp\/v2\/product\/32831"}],"collection":[{"href":"https:\/\/librairie7l.com\/en\/wp-json\/wp\/v2\/product"}],"about":[{"href":"https:\/\/librairie7l.com\/en\/wp-json\/wp\/v2\/types\/product"}],"wp:featuredmedia":[{"embeddable":true,"href":"https:\/\/librairie7l.com\/en\/wp-json\/wp\/v2\/media\/32829"}],"wp:attachment":[{"href":"https:\/\/librairie7l.com\/en\/wp-json\/wp\/v2\/media?parent=32831"}],"wp:term":[{"taxonomy":"product_cat","embeddable":true,"href":"https:\/\/librairie7l.com\/en\/wp-json\/wp\/v2\/product_cat?post=32831"},{"taxonomy":"product_tag","embeddable":true,"href":"https:\/\/librairie7l.com\/en\/wp-json\/wp\/v2\/product_tag?post=32831"}],"curies":[{"name":"wp","href":"https:\/\/api.w.org\/{rel}","templated":true}]}}