{"id":32839,"date":"2023-07-13T01:16:15","date_gmt":"2023-07-12T23:16:15","guid":{"rendered":"https:\/\/librairie7l.com\/?post_type=product&#038;p=32839"},"modified":"2026-04-25T01:32:03","modified_gmt":"2026-04-24T23:32:03","slug":"la-grande-mademoiselle-marie-lucie-cornillot-une-carriere-comme-un-roman-pho","status":"publish","type":"product","link":"https:\/\/librairie7l.com\/en\/produit\/la-grande-mademoiselle-marie-lucie-cornillot-une-carriere-comme-un-roman-pho\/","title":{"rendered":"LA GRANDE MADEMOISELLE : MARIE-LUCIE CORNILLOT ; UNE CARRI\u00c8RE COMME UN ROMAN-PHOTO"},"content":{"rendered":"<p>Marie-Lucie Cornillot (1905-2003) a \u00e9t\u00e9 conservatrice du Mus\u00e9e de Besan\u00e7on entre 1946 et 1972. Surnomm\u00e9e affectueusement \u00ab La Grande Mademoiselle \u00bb par ses collaborateurs et ses collaboratrices, elle a imprim\u00e9 sa marque sur l&#8217;ensemble du patrimoine bisontin.<br \/>\nCe volume est l&#8217;occasion de rendre hommage \u00e0 la personnalit\u00e9 d&#8217;une femme hors du commun et de d\u00e9couvrir l&#8217;action consid\u00e9rable de l&#8217;une des rares femmes conservatrices de l&#8217;apr\u00e8s-guerre. Son action a \u00e9t\u00e9 remarquable : d\u00e8s sa nomination, elle a reorganis\u00e9 le Mus\u00e9e, devenu \u00ab mus\u00e9e class\u00e9 \u00bb, suite aux dommages de la guerre. Cette r\u00e9organisation, men\u00e9e tambour battant, a abouti en plusieurs temps \u00e0 un modelage en profondeur du paysage mus\u00e9al bisontin. Marie-Lucie Cornillot a fait preuve d&#8217;une grande modernit\u00e9 dans sa mus\u00e9ographie, son inspiration cr\u00e9ant un lien fort entre la nouvelle mus\u00e9ographie, l&#8217;architecture et la cr\u00e9ation contemporaine. Elle a port\u00e9 \u00e9galement un int\u00e9r\u00eat tout particulier aux collections d&#8217;arts graphiques des Mus\u00e9es, en mettant en place un v\u00e9ritable cabinet des dessins, sur le mod\u00e8le de celui du Louvre.<\/p>\n","protected":false},"excerpt":{"rendered":"<p>Marie-Lucie Cornillot (1905-2003) a \u00e9t\u00e9 conservatrice du Mus\u00e9e de Besan\u00e7on entre 1946 et 1972. Surnomm\u00e9e affectueusement \u00ab La Grande Mademoiselle \u00bb par ses collaborateurs et ses collaboratrices, elle a imprim\u00e9 sa marque sur l&#8217;ensemble du patrimoine bisontin. Ce volume est l&#8217;occasion de rendre hommage \u00e0 la personnalit\u00e9 d&#8217;une femme hors du commun et de d\u00e9couvrir [&hellip;]<\/p>\n","protected":false},"featured_media":32837,"template":"","meta":[],"product_cat":[2948,2953],"product_tag":[],"acf":[],"yoast_head":"<!-- This site is optimized with the Yoast SEO plugin v20.11 - https:\/\/yoast.com\/wordpress\/plugins\/seo\/ -->\n<title>LA GRANDE MADEMOISELLE : MARIE-LUCIE CORNILLOT ; UNE CARRI\u00c8RE COMME UN ROMAN-PHOTO - Librairie 7L<\/title>\n<meta name=\"robots\" content=\"index, follow, max-snippet:-1, max-image-preview:large, max-video-preview:-1\" \/>\n<link rel=\"canonical\" href=\"https:\/\/librairie7l.com\/en\/produit\/la-grande-mademoiselle-marie-lucie-cornillot-une-carriere-comme-un-roman-pho\/\" \/>\n<meta property=\"og:locale\" content=\"en_US\" \/>\n<meta property=\"og:type\" content=\"article\" \/>\n<meta property=\"og:title\" content=\"LA GRANDE MADEMOISELLE : MARIE-LUCIE CORNILLOT ; UNE CARRI\u00c8RE COMME UN ROMAN-PHOTO - Librairie 7L\" \/>\n<meta property=\"og:description\" content=\"Marie-Lucie Cornillot (1905-2003) a \u00e9t\u00e9 conservatrice du Mus\u00e9e de Besan\u00e7on entre 1946 et 1972. Surnomm\u00e9e affectueusement \u00ab La Grande Mademoiselle \u00bb par ses collaborateurs et ses collaboratrices, elle a imprim\u00e9 sa marque sur l&#8217;ensemble du patrimoine bisontin. Ce volume est l&#8217;occasion de rendre hommage \u00e0 la personnalit\u00e9 d&#8217;une femme hors du commun et de d\u00e9couvrir [&hellip;]\" \/>\n<meta property=\"og:url\" content=\"https:\/\/librairie7l.com\/en\/produit\/la-grande-mademoiselle-marie-lucie-cornillot-une-carriere-comme-un-roman-pho\/\" \/>\n<meta property=\"og:site_name\" content=\"Librairie 7L\" \/>\n<meta property=\"article:modified_time\" content=\"2026-04-24T23:32:03+00:00\" \/>\n<meta property=\"og:image\" content=\"https:\/\/librairie7l.com\/wp-content\/uploads\/2022\/12\/9788836654093_1_75.jpg\" \/>\n\t<meta property=\"og:image:width\" content=\"400\" \/>\n\t<meta property=\"og:image:height\" content=\"460\" \/>\n\t<meta property=\"og:image:type\" content=\"image\/jpeg\" \/>\n<meta name=\"twitter:card\" content=\"summary_large_image\" \/>\n<meta name=\"twitter:label1\" content=\"Est. reading time\" \/>\n\t<meta name=\"twitter:data1\" content=\"1 minute\" \/>\n<script type=\"application\/ld+json\" class=\"yoast-schema-graph\">{\"@context\":\"https:\/\/schema.org\",\"@graph\":[{\"@type\":\"WebPage\",\"@id\":\"https:\/\/librairie7l.com\/en\/produit\/la-grande-mademoiselle-marie-lucie-cornillot-une-carriere-comme-un-roman-pho\/\",\"url\":\"https:\/\/librairie7l.com\/en\/produit\/la-grande-mademoiselle-marie-lucie-cornillot-une-carriere-comme-un-roman-pho\/\",\"name\":\"LA GRANDE MADEMOISELLE : MARIE-LUCIE CORNILLOT ; UNE CARRI\u00c8RE COMME UN ROMAN-PHOTO - Librairie 7L\",\"isPartOf\":{\"@id\":\"https:\/\/librairie7l.com\/en\/#website\"},\"datePublished\":\"2023-07-12T23:16:15+00:00\",\"dateModified\":\"2026-04-24T23:32:03+00:00\",\"breadcrumb\":{\"@id\":\"https:\/\/librairie7l.com\/en\/produit\/la-grande-mademoiselle-marie-lucie-cornillot-une-carriere-comme-un-roman-pho\/#breadcrumb\"},\"inLanguage\":\"en-US\",\"potentialAction\":[{\"@type\":\"ReadAction\",\"target\":[\"https:\/\/librairie7l.com\/en\/produit\/la-grande-mademoiselle-marie-lucie-cornillot-une-carriere-comme-un-roman-pho\/\"]}]},{\"@type\":\"BreadcrumbList\",\"@id\":\"https:\/\/librairie7l.com\/en\/produit\/la-grande-mademoiselle-marie-lucie-cornillot-une-carriere-comme-un-roman-pho\/#breadcrumb\",\"itemListElement\":[{\"@type\":\"ListItem\",\"position\":1,\"name\":\"Accueil\",\"item\":\"https:\/\/librairie7l.com\/en\/\"},{\"@type\":\"ListItem\",\"position\":2,\"name\":\"Shop\",\"item\":\"https:\/\/librairie7l.com\/en\/shop\/\"},{\"@type\":\"ListItem\",\"position\":3,\"name\":\"LA GRANDE MADEMOISELLE : MARIE-LUCIE CORNILLOT ; UNE CARRI\u00c8RE COMME UN ROMAN-PHOTO\"}]},{\"@type\":\"WebSite\",\"@id\":\"https:\/\/librairie7l.com\/en\/#website\",\"url\":\"https:\/\/librairie7l.com\/en\/\",\"name\":\"Librairie 7L\",\"description\":\"Librairie fond\u00e9e en 1999 par Karl Lagerfeld \u00e0 Paris\",\"publisher\":{\"@id\":\"https:\/\/librairie7l.com\/en\/#organization\"},\"potentialAction\":[{\"@type\":\"SearchAction\",\"target\":{\"@type\":\"EntryPoint\",\"urlTemplate\":\"https:\/\/librairie7l.com\/en\/?s={search_term_string}\"},\"query-input\":\"required name=search_term_string\"}],\"inLanguage\":\"en-US\"},{\"@type\":\"Organization\",\"@id\":\"https:\/\/librairie7l.com\/en\/#organization\",\"name\":\"Librairie 7L\",\"url\":\"https:\/\/librairie7l.com\/en\/\",\"logo\":{\"@type\":\"ImageObject\",\"inLanguage\":\"en-US\",\"@id\":\"https:\/\/librairie7l.com\/en\/#\/schema\/logo\/image\/\",\"url\":\"https:\/\/librairie7l.com\/wp-content\/uploads\/2022\/08\/logo-1.png\",\"contentUrl\":\"https:\/\/librairie7l.com\/wp-content\/uploads\/2022\/08\/logo-1.png\",\"width\":227,\"height\":301,\"caption\":\"Librairie 7L\"},\"image\":{\"@id\":\"https:\/\/librairie7l.com\/en\/#\/schema\/logo\/image\/\"}}]}<\/script>\n<!-- \/ Yoast SEO plugin. -->","yoast_head_json":{"title":"LA GRANDE MADEMOISELLE : MARIE-LUCIE CORNILLOT ; UNE CARRI\u00c8RE COMME UN ROMAN-PHOTO - Librairie 7L","robots":{"index":"index","follow":"follow","max-snippet":"max-snippet:-1","max-image-preview":"max-image-preview:large","max-video-preview":"max-video-preview:-1"},"canonical":"https:\/\/librairie7l.com\/en\/produit\/la-grande-mademoiselle-marie-lucie-cornillot-une-carriere-comme-un-roman-pho\/","og_locale":"en_US","og_type":"article","og_title":"LA GRANDE MADEMOISELLE : MARIE-LUCIE CORNILLOT ; UNE CARRI\u00c8RE COMME UN ROMAN-PHOTO - Librairie 7L","og_description":"Marie-Lucie Cornillot (1905-2003) a \u00e9t\u00e9 conservatrice du Mus\u00e9e de Besan\u00e7on entre 1946 et 1972. Surnomm\u00e9e affectueusement \u00ab La Grande Mademoiselle \u00bb par ses collaborateurs et ses collaboratrices, elle a imprim\u00e9 sa marque sur l&#8217;ensemble du patrimoine bisontin. Ce volume est l&#8217;occasion de rendre hommage \u00e0 la personnalit\u00e9 d&#8217;une femme hors du commun et de d\u00e9couvrir [&hellip;]","og_url":"https:\/\/librairie7l.com\/en\/produit\/la-grande-mademoiselle-marie-lucie-cornillot-une-carriere-comme-un-roman-pho\/","og_site_name":"Librairie 7L","article_modified_time":"2026-04-24T23:32:03+00:00","og_image":[{"width":400,"height":460,"url":"https:\/\/librairie7l.com\/wp-content\/uploads\/2022\/12\/9788836654093_1_75.jpg","type":"image\/jpeg"}],"twitter_card":"summary_large_image","twitter_misc":{"Est. reading time":"1 minute"},"schema":{"@context":"https:\/\/schema.org","@graph":[{"@type":"WebPage","@id":"https:\/\/librairie7l.com\/en\/produit\/la-grande-mademoiselle-marie-lucie-cornillot-une-carriere-comme-un-roman-pho\/","url":"https:\/\/librairie7l.com\/en\/produit\/la-grande-mademoiselle-marie-lucie-cornillot-une-carriere-comme-un-roman-pho\/","name":"LA GRANDE MADEMOISELLE : MARIE-LUCIE CORNILLOT ; UNE CARRI\u00c8RE COMME UN ROMAN-PHOTO - Librairie 7L","isPartOf":{"@id":"https:\/\/librairie7l.com\/en\/#website"},"datePublished":"2023-07-12T23:16:15+00:00","dateModified":"2026-04-24T23:32:03+00:00","breadcrumb":{"@id":"https:\/\/librairie7l.com\/en\/produit\/la-grande-mademoiselle-marie-lucie-cornillot-une-carriere-comme-un-roman-pho\/#breadcrumb"},"inLanguage":"en-US","potentialAction":[{"@type":"ReadAction","target":["https:\/\/librairie7l.com\/en\/produit\/la-grande-mademoiselle-marie-lucie-cornillot-une-carriere-comme-un-roman-pho\/"]}]},{"@type":"BreadcrumbList","@id":"https:\/\/librairie7l.com\/en\/produit\/la-grande-mademoiselle-marie-lucie-cornillot-une-carriere-comme-un-roman-pho\/#breadcrumb","itemListElement":[{"@type":"ListItem","position":1,"name":"Accueil","item":"https:\/\/librairie7l.com\/en\/"},{"@type":"ListItem","position":2,"name":"Shop","item":"https:\/\/librairie7l.com\/en\/shop\/"},{"@type":"ListItem","position":3,"name":"LA GRANDE MADEMOISELLE : MARIE-LUCIE CORNILLOT ; UNE CARRI\u00c8RE COMME UN ROMAN-PHOTO"}]},{"@type":"WebSite","@id":"https:\/\/librairie7l.com\/en\/#website","url":"https:\/\/librairie7l.com\/en\/","name":"Librairie 7L","description":"Librairie fond\u00e9e en 1999 par Karl Lagerfeld \u00e0 Paris","publisher":{"@id":"https:\/\/librairie7l.com\/en\/#organization"},"potentialAction":[{"@type":"SearchAction","target":{"@type":"EntryPoint","urlTemplate":"https:\/\/librairie7l.com\/en\/?s={search_term_string}"},"query-input":"required name=search_term_string"}],"inLanguage":"en-US"},{"@type":"Organization","@id":"https:\/\/librairie7l.com\/en\/#organization","name":"Librairie 7L","url":"https:\/\/librairie7l.com\/en\/","logo":{"@type":"ImageObject","inLanguage":"en-US","@id":"https:\/\/librairie7l.com\/en\/#\/schema\/logo\/image\/","url":"https:\/\/librairie7l.com\/wp-content\/uploads\/2022\/08\/logo-1.png","contentUrl":"https:\/\/librairie7l.com\/wp-content\/uploads\/2022\/08\/logo-1.png","width":227,"height":301,"caption":"Librairie 7L"},"image":{"@id":"https:\/\/librairie7l.com\/en\/#\/schema\/logo\/image\/"}}]}},"_links":{"self":[{"href":"https:\/\/librairie7l.com\/en\/wp-json\/wp\/v2\/product\/32839"}],"collection":[{"href":"https:\/\/librairie7l.com\/en\/wp-json\/wp\/v2\/product"}],"about":[{"href":"https:\/\/librairie7l.com\/en\/wp-json\/wp\/v2\/types\/product"}],"wp:featuredmedia":[{"embeddable":true,"href":"https:\/\/librairie7l.com\/en\/wp-json\/wp\/v2\/media\/32837"}],"wp:attachment":[{"href":"https:\/\/librairie7l.com\/en\/wp-json\/wp\/v2\/media?parent=32839"}],"wp:term":[{"taxonomy":"product_cat","embeddable":true,"href":"https:\/\/librairie7l.com\/en\/wp-json\/wp\/v2\/product_cat?post=32839"},{"taxonomy":"product_tag","embeddable":true,"href":"https:\/\/librairie7l.com\/en\/wp-json\/wp\/v2\/product_tag?post=32839"}],"curies":[{"name":"wp","href":"https:\/\/api.w.org\/{rel}","templated":true}]}}