{"id":33038,"date":"2023-09-01T01:16:16","date_gmt":"2023-08-31T23:16:16","guid":{"rendered":"https:\/\/librairie7l.com\/?post_type=product&#038;p=33038"},"modified":"2026-04-06T09:04:17","modified_gmt":"2026-04-06T07:04:17","slug":"la-princesse-bibesco-frondeuse-et-cosmopolite","status":"publish","type":"product","link":"https:\/\/librairie7l.com\/en\/produit\/la-princesse-bibesco-frondeuse-et-cosmopolite\/","title":{"rendered":"LA PRINCESSE BIBESCO : FRONDEUSE ET COSMOPOLITE"},"content":{"rendered":"<p>Roumaine de naissance, fran\u00e7aise de plume, la princesse Bibesco (1886-1973), l&#8217;un des auteurs les plus lus de l&#8217;entre-deux-guerres, rivale de Colette et Anna de Noailles, admir\u00e9e de Marcel Proust, Rainer Maria Rilke et Paul Claudel, fut un personnage flamboyant. Elle traversa le vingti\u00e8me si\u00e8cle en ne laissant jamais personne indiff\u00e9rent sur son sillage.<\/p>\n<p>Son originalit\u00e9 s\u00e9duisait ou aga\u00e7ait. Jet-setteuse avant l&#8217;heure, elle fut une insatiable voyageuse de l&#8217;Orient-Express, une intr\u00e9pide pionni\u00e8re des airs \u00e0 bord des premiers avions. Grande s\u00e9ductrice, sa poursuite de l&#8217;amour fut passionn\u00e9e et d\u00e9senchant\u00e9e, du roi Alphonse XIII \u00e0 Henry de Jouvenel. Diplomate de l&#8217;ombre, elle fut l&#8217;intime de ceux qui font l&#8217;Histoire, intriguant subtilement et dangereusement pour d\u00e9fendre les int\u00e9r\u00eats de son pays et la paix en Europe.<\/p>\n<p>Marthe Bibesco a tout v\u00e9cu, les trag\u00e9dies de son si\u00e8cle, les drames intimes et les trahisons, la c\u00e9l\u00e9brit\u00e9, le luxe inou\u00ef et l&#8217;exil d\u00e9sargent\u00e9 \u00e0 Paris \u00e0 partir de 1945. Pendant onze ans, elle a \u00e9t\u00e9 s\u00e9par\u00e9e de sa fille unique, enferm\u00e9e en Roumanie communiste. Jamais elle ne s&#8217;est r\u00e9sign\u00e9e.<\/p>\n<p>Aude Terray est all\u00e9e sur ses traces en Roumanie, \u00e0 Londres et \u00e0 Paris. Elle nous livre un portrait intime d&#8217;une femme incandescente et complexe.<\/p>\n","protected":false},"excerpt":{"rendered":"<p>Roumaine de naissance, fran\u00e7aise de plume, la princesse Bibesco (1886-1973), l&#8217;un des auteurs les plus lus de l&#8217;entre-deux-guerres, rivale de Colette et Anna de Noailles, admir\u00e9e de Marcel Proust, Rainer Maria Rilke et Paul Claudel, fut un personnage flamboyant. Elle traversa le vingti\u00e8me si\u00e8cle en ne laissant jamais personne indiff\u00e9rent sur son sillage. Son originalit\u00e9 [&hellip;]<\/p>\n","protected":false},"featured_media":33036,"template":"","meta":[],"product_cat":[2948,2953],"product_tag":[],"acf":[],"yoast_head":"<!-- This site is optimized with the Yoast SEO plugin v20.11 - https:\/\/yoast.com\/wordpress\/plugins\/seo\/ -->\n<title>LA PRINCESSE BIBESCO : FRONDEUSE ET COSMOPOLITE - Librairie 7L<\/title>\n<meta name=\"robots\" content=\"index, follow, max-snippet:-1, max-image-preview:large, max-video-preview:-1\" \/>\n<link rel=\"canonical\" href=\"https:\/\/librairie7l.com\/en\/produit\/la-princesse-bibesco-frondeuse-et-cosmopolite\/\" \/>\n<meta property=\"og:locale\" content=\"en_US\" \/>\n<meta property=\"og:type\" content=\"article\" \/>\n<meta property=\"og:title\" content=\"LA PRINCESSE BIBESCO : FRONDEUSE ET COSMOPOLITE - Librairie 7L\" \/>\n<meta property=\"og:description\" content=\"Roumaine de naissance, fran\u00e7aise de plume, la princesse Bibesco (1886-1973), l&#8217;un des auteurs les plus lus de l&#8217;entre-deux-guerres, rivale de Colette et Anna de Noailles, admir\u00e9e de Marcel Proust, Rainer Maria Rilke et Paul Claudel, fut un personnage flamboyant. Elle traversa le vingti\u00e8me si\u00e8cle en ne laissant jamais personne indiff\u00e9rent sur son sillage. Son originalit\u00e9 [&hellip;]\" \/>\n<meta property=\"og:url\" content=\"https:\/\/librairie7l.com\/en\/produit\/la-princesse-bibesco-frondeuse-et-cosmopolite\/\" \/>\n<meta property=\"og:site_name\" content=\"Librairie 7L\" \/>\n<meta property=\"article:modified_time\" content=\"2026-04-06T07:04:17+00:00\" \/>\n<meta property=\"og:image\" content=\"https:\/\/librairie7l.com\/wp-content\/uploads\/2023\/04\/9791021051508_1_75.jpg\" \/>\n\t<meta property=\"og:image:width\" content=\"537\" \/>\n\t<meta property=\"og:image:height\" content=\"800\" \/>\n\t<meta property=\"og:image:type\" content=\"image\/jpeg\" \/>\n<meta name=\"twitter:card\" content=\"summary_large_image\" \/>\n<meta name=\"twitter:label1\" content=\"Est. reading time\" \/>\n\t<meta name=\"twitter:data1\" content=\"1 minute\" \/>\n<script type=\"application\/ld+json\" class=\"yoast-schema-graph\">{\"@context\":\"https:\/\/schema.org\",\"@graph\":[{\"@type\":\"WebPage\",\"@id\":\"https:\/\/librairie7l.com\/en\/produit\/la-princesse-bibesco-frondeuse-et-cosmopolite\/\",\"url\":\"https:\/\/librairie7l.com\/en\/produit\/la-princesse-bibesco-frondeuse-et-cosmopolite\/\",\"name\":\"LA PRINCESSE BIBESCO : FRONDEUSE ET COSMOPOLITE - Librairie 7L\",\"isPartOf\":{\"@id\":\"https:\/\/librairie7l.com\/en\/#website\"},\"datePublished\":\"2023-08-31T23:16:16+00:00\",\"dateModified\":\"2026-04-06T07:04:17+00:00\",\"breadcrumb\":{\"@id\":\"https:\/\/librairie7l.com\/en\/produit\/la-princesse-bibesco-frondeuse-et-cosmopolite\/#breadcrumb\"},\"inLanguage\":\"en-US\",\"potentialAction\":[{\"@type\":\"ReadAction\",\"target\":[\"https:\/\/librairie7l.com\/en\/produit\/la-princesse-bibesco-frondeuse-et-cosmopolite\/\"]}]},{\"@type\":\"BreadcrumbList\",\"@id\":\"https:\/\/librairie7l.com\/en\/produit\/la-princesse-bibesco-frondeuse-et-cosmopolite\/#breadcrumb\",\"itemListElement\":[{\"@type\":\"ListItem\",\"position\":1,\"name\":\"Accueil\",\"item\":\"https:\/\/librairie7l.com\/en\/\"},{\"@type\":\"ListItem\",\"position\":2,\"name\":\"Shop\",\"item\":\"https:\/\/librairie7l.com\/en\/shop\/\"},{\"@type\":\"ListItem\",\"position\":3,\"name\":\"LA PRINCESSE BIBESCO : FRONDEUSE ET COSMOPOLITE\"}]},{\"@type\":\"WebSite\",\"@id\":\"https:\/\/librairie7l.com\/en\/#website\",\"url\":\"https:\/\/librairie7l.com\/en\/\",\"name\":\"Librairie 7L\",\"description\":\"Librairie fond\u00e9e en 1999 par Karl Lagerfeld \u00e0 Paris\",\"publisher\":{\"@id\":\"https:\/\/librairie7l.com\/en\/#organization\"},\"potentialAction\":[{\"@type\":\"SearchAction\",\"target\":{\"@type\":\"EntryPoint\",\"urlTemplate\":\"https:\/\/librairie7l.com\/en\/?s={search_term_string}\"},\"query-input\":\"required name=search_term_string\"}],\"inLanguage\":\"en-US\"},{\"@type\":\"Organization\",\"@id\":\"https:\/\/librairie7l.com\/en\/#organization\",\"name\":\"Librairie 7L\",\"url\":\"https:\/\/librairie7l.com\/en\/\",\"logo\":{\"@type\":\"ImageObject\",\"inLanguage\":\"en-US\",\"@id\":\"https:\/\/librairie7l.com\/en\/#\/schema\/logo\/image\/\",\"url\":\"https:\/\/librairie7l.com\/wp-content\/uploads\/2022\/08\/logo-1.png\",\"contentUrl\":\"https:\/\/librairie7l.com\/wp-content\/uploads\/2022\/08\/logo-1.png\",\"width\":227,\"height\":301,\"caption\":\"Librairie 7L\"},\"image\":{\"@id\":\"https:\/\/librairie7l.com\/en\/#\/schema\/logo\/image\/\"}}]}<\/script>\n<!-- \/ Yoast SEO plugin. -->","yoast_head_json":{"title":"LA PRINCESSE BIBESCO : FRONDEUSE ET COSMOPOLITE - Librairie 7L","robots":{"index":"index","follow":"follow","max-snippet":"max-snippet:-1","max-image-preview":"max-image-preview:large","max-video-preview":"max-video-preview:-1"},"canonical":"https:\/\/librairie7l.com\/en\/produit\/la-princesse-bibesco-frondeuse-et-cosmopolite\/","og_locale":"en_US","og_type":"article","og_title":"LA PRINCESSE BIBESCO : FRONDEUSE ET COSMOPOLITE - Librairie 7L","og_description":"Roumaine de naissance, fran\u00e7aise de plume, la princesse Bibesco (1886-1973), l&#8217;un des auteurs les plus lus de l&#8217;entre-deux-guerres, rivale de Colette et Anna de Noailles, admir\u00e9e de Marcel Proust, Rainer Maria Rilke et Paul Claudel, fut un personnage flamboyant. Elle traversa le vingti\u00e8me si\u00e8cle en ne laissant jamais personne indiff\u00e9rent sur son sillage. Son originalit\u00e9 [&hellip;]","og_url":"https:\/\/librairie7l.com\/en\/produit\/la-princesse-bibesco-frondeuse-et-cosmopolite\/","og_site_name":"Librairie 7L","article_modified_time":"2026-04-06T07:04:17+00:00","og_image":[{"width":537,"height":800,"url":"https:\/\/librairie7l.com\/wp-content\/uploads\/2023\/04\/9791021051508_1_75.jpg","type":"image\/jpeg"}],"twitter_card":"summary_large_image","twitter_misc":{"Est. reading time":"1 minute"},"schema":{"@context":"https:\/\/schema.org","@graph":[{"@type":"WebPage","@id":"https:\/\/librairie7l.com\/en\/produit\/la-princesse-bibesco-frondeuse-et-cosmopolite\/","url":"https:\/\/librairie7l.com\/en\/produit\/la-princesse-bibesco-frondeuse-et-cosmopolite\/","name":"LA PRINCESSE BIBESCO : FRONDEUSE ET COSMOPOLITE - Librairie 7L","isPartOf":{"@id":"https:\/\/librairie7l.com\/en\/#website"},"datePublished":"2023-08-31T23:16:16+00:00","dateModified":"2026-04-06T07:04:17+00:00","breadcrumb":{"@id":"https:\/\/librairie7l.com\/en\/produit\/la-princesse-bibesco-frondeuse-et-cosmopolite\/#breadcrumb"},"inLanguage":"en-US","potentialAction":[{"@type":"ReadAction","target":["https:\/\/librairie7l.com\/en\/produit\/la-princesse-bibesco-frondeuse-et-cosmopolite\/"]}]},{"@type":"BreadcrumbList","@id":"https:\/\/librairie7l.com\/en\/produit\/la-princesse-bibesco-frondeuse-et-cosmopolite\/#breadcrumb","itemListElement":[{"@type":"ListItem","position":1,"name":"Accueil","item":"https:\/\/librairie7l.com\/en\/"},{"@type":"ListItem","position":2,"name":"Shop","item":"https:\/\/librairie7l.com\/en\/shop\/"},{"@type":"ListItem","position":3,"name":"LA PRINCESSE BIBESCO : FRONDEUSE ET COSMOPOLITE"}]},{"@type":"WebSite","@id":"https:\/\/librairie7l.com\/en\/#website","url":"https:\/\/librairie7l.com\/en\/","name":"Librairie 7L","description":"Librairie fond\u00e9e en 1999 par Karl Lagerfeld \u00e0 Paris","publisher":{"@id":"https:\/\/librairie7l.com\/en\/#organization"},"potentialAction":[{"@type":"SearchAction","target":{"@type":"EntryPoint","urlTemplate":"https:\/\/librairie7l.com\/en\/?s={search_term_string}"},"query-input":"required name=search_term_string"}],"inLanguage":"en-US"},{"@type":"Organization","@id":"https:\/\/librairie7l.com\/en\/#organization","name":"Librairie 7L","url":"https:\/\/librairie7l.com\/en\/","logo":{"@type":"ImageObject","inLanguage":"en-US","@id":"https:\/\/librairie7l.com\/en\/#\/schema\/logo\/image\/","url":"https:\/\/librairie7l.com\/wp-content\/uploads\/2022\/08\/logo-1.png","contentUrl":"https:\/\/librairie7l.com\/wp-content\/uploads\/2022\/08\/logo-1.png","width":227,"height":301,"caption":"Librairie 7L"},"image":{"@id":"https:\/\/librairie7l.com\/en\/#\/schema\/logo\/image\/"}}]}},"_links":{"self":[{"href":"https:\/\/librairie7l.com\/en\/wp-json\/wp\/v2\/product\/33038"}],"collection":[{"href":"https:\/\/librairie7l.com\/en\/wp-json\/wp\/v2\/product"}],"about":[{"href":"https:\/\/librairie7l.com\/en\/wp-json\/wp\/v2\/types\/product"}],"wp:featuredmedia":[{"embeddable":true,"href":"https:\/\/librairie7l.com\/en\/wp-json\/wp\/v2\/media\/33036"}],"wp:attachment":[{"href":"https:\/\/librairie7l.com\/en\/wp-json\/wp\/v2\/media?parent=33038"}],"wp:term":[{"taxonomy":"product_cat","embeddable":true,"href":"https:\/\/librairie7l.com\/en\/wp-json\/wp\/v2\/product_cat?post=33038"},{"taxonomy":"product_tag","embeddable":true,"href":"https:\/\/librairie7l.com\/en\/wp-json\/wp\/v2\/product_tag?post=33038"}],"curies":[{"name":"wp","href":"https:\/\/api.w.org\/{rel}","templated":true}]}}