{"id":33046,"date":"2023-09-02T01:16:18","date_gmt":"2023-09-01T23:16:18","guid":{"rendered":"https:\/\/librairie7l.com\/?post_type=product&#038;p=33046"},"modified":"2026-04-21T20:04:31","modified_gmt":"2026-04-21T18:04:31","slug":"kate-barry-my-own-space","status":"publish","type":"product","link":"https:\/\/librairie7l.com\/en\/produit\/kate-barry-my-own-space\/","title":{"rendered":"KATE BARRY : MY OWN SPACE"},"content":{"rendered":"<p>C&#8217;est en 1996 que Kate Barry d\u00e9bute sa carri\u00e8re de photographe. Les premi\u00e8res exp\u00e9rimentations sont consacr\u00e9es \u00e0 sa famille (sa m\u00e8re Jane Birkin et ses demi-soeurs Lou Doillon et Charlotte Gainsbourg) avant que la multiplication des commandes pour la mode et les magazines n&#8217;assoie sa renomm\u00e9e. Faisant fi des contraintes, Kate Barry impose son regard et d\u00e9veloppe des projets plus personnels, comme celui mettant en lumi\u00e8re les salari\u00e9s du march\u00e9 international de Rungis. Mais c&#8217;est dans ses paysages qu&#8217;elle exprimera le mieux sa sensibilit\u00e9 avec des atmosph\u00e8res d\u00e9pouill\u00e9es, empreintes de po\u00e9sie et de subtilit\u00e9, \u00e0 la fois m\u00e9lancoliques et oppressantes.<br \/>\nCet ouvrage, dirig\u00e9 par Sylvain Besson, et pr\u00e9fac\u00e9 par Lola Lafon, accompagne l&#8217;exposition qui lui rend hommage au mus\u00e9e Nic\u00e9phore Ni\u00e9pce.<\/p>\n<p>Plusieurs personnalit\u00e9s reviennent pour l&#8217;occasion sur l&#8217;oeuvre et la personnalit\u00e9 de Kate Barry : l&#8217;\u00e9crivaine Salom\u00e9 Kiner ; les photographes Dominique Issermann et Sarah Moon ; ses proches &#8211; Jane Birkin, Lou Doillon et Charlotte Gainsbourg, ou encore son fils Roman de Kermadec.<br \/>\nEnfin, des artistes qu&#8217;elle a photographi\u00e9s &#8211; Emmanuelle B\u00e9art, Monica Bellucci, Carla Bruni, Valeria Bruni-Tedeschi, Marie Darrieussecq, Catherine Deneuve, Reine Graves, Isabelle Huppert, Sophie Marceau, Chiara Mastroianni, Vanessa Paradis, Melvil Poupaud, Natacha R\u00e9gnier, Laura Smet, Elsa Zylberstein &#8211; \u00e9voquent leur relation \u00e0 la photographe.<\/p>\n","protected":false},"excerpt":{"rendered":"<p>C&#8217;est en 1996 que Kate Barry d\u00e9bute sa carri\u00e8re de photographe. Les premi\u00e8res exp\u00e9rimentations sont consacr\u00e9es \u00e0 sa famille (sa m\u00e8re Jane Birkin et ses demi-soeurs Lou Doillon et Charlotte Gainsbourg) avant que la multiplication des commandes pour la mode et les magazines n&#8217;assoie sa renomm\u00e9e. Faisant fi des contraintes, Kate Barry impose son regard [&hellip;]<\/p>\n","protected":false},"featured_media":33044,"template":"","meta":[],"product_cat":[2948,2958],"product_tag":[],"acf":[],"yoast_head":"<!-- This site is optimized with the Yoast SEO plugin v20.11 - https:\/\/yoast.com\/wordpress\/plugins\/seo\/ -->\n<title>KATE BARRY : MY OWN SPACE - Librairie 7L<\/title>\n<meta name=\"robots\" content=\"index, follow, max-snippet:-1, max-image-preview:large, max-video-preview:-1\" \/>\n<link rel=\"canonical\" href=\"https:\/\/librairie7l.com\/en\/produit\/kate-barry-my-own-space\/\" \/>\n<meta property=\"og:locale\" content=\"en_US\" \/>\n<meta property=\"og:type\" content=\"article\" \/>\n<meta property=\"og:title\" content=\"KATE BARRY : MY OWN SPACE - Librairie 7L\" \/>\n<meta property=\"og:description\" content=\"C&#8217;est en 1996 que Kate Barry d\u00e9bute sa carri\u00e8re de photographe. Les premi\u00e8res exp\u00e9rimentations sont consacr\u00e9es \u00e0 sa famille (sa m\u00e8re Jane Birkin et ses demi-soeurs Lou Doillon et Charlotte Gainsbourg) avant que la multiplication des commandes pour la mode et les magazines n&#8217;assoie sa renomm\u00e9e. Faisant fi des contraintes, Kate Barry impose son regard [&hellip;]\" \/>\n<meta property=\"og:url\" content=\"https:\/\/librairie7l.com\/en\/produit\/kate-barry-my-own-space\/\" \/>\n<meta property=\"og:site_name\" content=\"Librairie 7L\" \/>\n<meta property=\"article:modified_time\" content=\"2026-04-21T18:04:31+00:00\" \/>\n<meta property=\"og:image\" content=\"https:\/\/librairie7l.com\/wp-content\/uploads\/2023\/04\/9791040115953_1_75.jpg\" \/>\n\t<meta property=\"og:image:width\" content=\"600\" \/>\n\t<meta property=\"og:image:height\" content=\"800\" \/>\n\t<meta property=\"og:image:type\" content=\"image\/jpeg\" \/>\n<meta name=\"twitter:card\" content=\"summary_large_image\" \/>\n<meta name=\"twitter:label1\" content=\"Est. reading time\" \/>\n\t<meta name=\"twitter:data1\" content=\"1 minute\" \/>\n<script type=\"application\/ld+json\" class=\"yoast-schema-graph\">{\"@context\":\"https:\/\/schema.org\",\"@graph\":[{\"@type\":\"WebPage\",\"@id\":\"https:\/\/librairie7l.com\/en\/produit\/kate-barry-my-own-space\/\",\"url\":\"https:\/\/librairie7l.com\/en\/produit\/kate-barry-my-own-space\/\",\"name\":\"KATE BARRY : MY OWN SPACE - Librairie 7L\",\"isPartOf\":{\"@id\":\"https:\/\/librairie7l.com\/en\/#website\"},\"datePublished\":\"2023-09-01T23:16:18+00:00\",\"dateModified\":\"2026-04-21T18:04:31+00:00\",\"breadcrumb\":{\"@id\":\"https:\/\/librairie7l.com\/en\/produit\/kate-barry-my-own-space\/#breadcrumb\"},\"inLanguage\":\"en-US\",\"potentialAction\":[{\"@type\":\"ReadAction\",\"target\":[\"https:\/\/librairie7l.com\/en\/produit\/kate-barry-my-own-space\/\"]}]},{\"@type\":\"BreadcrumbList\",\"@id\":\"https:\/\/librairie7l.com\/en\/produit\/kate-barry-my-own-space\/#breadcrumb\",\"itemListElement\":[{\"@type\":\"ListItem\",\"position\":1,\"name\":\"Accueil\",\"item\":\"https:\/\/librairie7l.com\/en\/\"},{\"@type\":\"ListItem\",\"position\":2,\"name\":\"Shop\",\"item\":\"https:\/\/librairie7l.com\/en\/shop\/\"},{\"@type\":\"ListItem\",\"position\":3,\"name\":\"KATE BARRY : MY OWN SPACE\"}]},{\"@type\":\"WebSite\",\"@id\":\"https:\/\/librairie7l.com\/en\/#website\",\"url\":\"https:\/\/librairie7l.com\/en\/\",\"name\":\"Librairie 7L\",\"description\":\"Librairie fond\u00e9e en 1999 par Karl Lagerfeld \u00e0 Paris\",\"publisher\":{\"@id\":\"https:\/\/librairie7l.com\/en\/#organization\"},\"potentialAction\":[{\"@type\":\"SearchAction\",\"target\":{\"@type\":\"EntryPoint\",\"urlTemplate\":\"https:\/\/librairie7l.com\/en\/?s={search_term_string}\"},\"query-input\":\"required name=search_term_string\"}],\"inLanguage\":\"en-US\"},{\"@type\":\"Organization\",\"@id\":\"https:\/\/librairie7l.com\/en\/#organization\",\"name\":\"Librairie 7L\",\"url\":\"https:\/\/librairie7l.com\/en\/\",\"logo\":{\"@type\":\"ImageObject\",\"inLanguage\":\"en-US\",\"@id\":\"https:\/\/librairie7l.com\/en\/#\/schema\/logo\/image\/\",\"url\":\"https:\/\/librairie7l.com\/wp-content\/uploads\/2022\/08\/logo-1.png\",\"contentUrl\":\"https:\/\/librairie7l.com\/wp-content\/uploads\/2022\/08\/logo-1.png\",\"width\":227,\"height\":301,\"caption\":\"Librairie 7L\"},\"image\":{\"@id\":\"https:\/\/librairie7l.com\/en\/#\/schema\/logo\/image\/\"}}]}<\/script>\n<!-- \/ Yoast SEO plugin. -->","yoast_head_json":{"title":"KATE BARRY : MY OWN SPACE - Librairie 7L","robots":{"index":"index","follow":"follow","max-snippet":"max-snippet:-1","max-image-preview":"max-image-preview:large","max-video-preview":"max-video-preview:-1"},"canonical":"https:\/\/librairie7l.com\/en\/produit\/kate-barry-my-own-space\/","og_locale":"en_US","og_type":"article","og_title":"KATE BARRY : MY OWN SPACE - Librairie 7L","og_description":"C&#8217;est en 1996 que Kate Barry d\u00e9bute sa carri\u00e8re de photographe. Les premi\u00e8res exp\u00e9rimentations sont consacr\u00e9es \u00e0 sa famille (sa m\u00e8re Jane Birkin et ses demi-soeurs Lou Doillon et Charlotte Gainsbourg) avant que la multiplication des commandes pour la mode et les magazines n&#8217;assoie sa renomm\u00e9e. Faisant fi des contraintes, Kate Barry impose son regard [&hellip;]","og_url":"https:\/\/librairie7l.com\/en\/produit\/kate-barry-my-own-space\/","og_site_name":"Librairie 7L","article_modified_time":"2026-04-21T18:04:31+00:00","og_image":[{"width":600,"height":800,"url":"https:\/\/librairie7l.com\/wp-content\/uploads\/2023\/04\/9791040115953_1_75.jpg","type":"image\/jpeg"}],"twitter_card":"summary_large_image","twitter_misc":{"Est. reading time":"1 minute"},"schema":{"@context":"https:\/\/schema.org","@graph":[{"@type":"WebPage","@id":"https:\/\/librairie7l.com\/en\/produit\/kate-barry-my-own-space\/","url":"https:\/\/librairie7l.com\/en\/produit\/kate-barry-my-own-space\/","name":"KATE BARRY : MY OWN SPACE - Librairie 7L","isPartOf":{"@id":"https:\/\/librairie7l.com\/en\/#website"},"datePublished":"2023-09-01T23:16:18+00:00","dateModified":"2026-04-21T18:04:31+00:00","breadcrumb":{"@id":"https:\/\/librairie7l.com\/en\/produit\/kate-barry-my-own-space\/#breadcrumb"},"inLanguage":"en-US","potentialAction":[{"@type":"ReadAction","target":["https:\/\/librairie7l.com\/en\/produit\/kate-barry-my-own-space\/"]}]},{"@type":"BreadcrumbList","@id":"https:\/\/librairie7l.com\/en\/produit\/kate-barry-my-own-space\/#breadcrumb","itemListElement":[{"@type":"ListItem","position":1,"name":"Accueil","item":"https:\/\/librairie7l.com\/en\/"},{"@type":"ListItem","position":2,"name":"Shop","item":"https:\/\/librairie7l.com\/en\/shop\/"},{"@type":"ListItem","position":3,"name":"KATE BARRY : MY OWN SPACE"}]},{"@type":"WebSite","@id":"https:\/\/librairie7l.com\/en\/#website","url":"https:\/\/librairie7l.com\/en\/","name":"Librairie 7L","description":"Librairie fond\u00e9e en 1999 par Karl Lagerfeld \u00e0 Paris","publisher":{"@id":"https:\/\/librairie7l.com\/en\/#organization"},"potentialAction":[{"@type":"SearchAction","target":{"@type":"EntryPoint","urlTemplate":"https:\/\/librairie7l.com\/en\/?s={search_term_string}"},"query-input":"required name=search_term_string"}],"inLanguage":"en-US"},{"@type":"Organization","@id":"https:\/\/librairie7l.com\/en\/#organization","name":"Librairie 7L","url":"https:\/\/librairie7l.com\/en\/","logo":{"@type":"ImageObject","inLanguage":"en-US","@id":"https:\/\/librairie7l.com\/en\/#\/schema\/logo\/image\/","url":"https:\/\/librairie7l.com\/wp-content\/uploads\/2022\/08\/logo-1.png","contentUrl":"https:\/\/librairie7l.com\/wp-content\/uploads\/2022\/08\/logo-1.png","width":227,"height":301,"caption":"Librairie 7L"},"image":{"@id":"https:\/\/librairie7l.com\/en\/#\/schema\/logo\/image\/"}}]}},"_links":{"self":[{"href":"https:\/\/librairie7l.com\/en\/wp-json\/wp\/v2\/product\/33046"}],"collection":[{"href":"https:\/\/librairie7l.com\/en\/wp-json\/wp\/v2\/product"}],"about":[{"href":"https:\/\/librairie7l.com\/en\/wp-json\/wp\/v2\/types\/product"}],"wp:featuredmedia":[{"embeddable":true,"href":"https:\/\/librairie7l.com\/en\/wp-json\/wp\/v2\/media\/33044"}],"wp:attachment":[{"href":"https:\/\/librairie7l.com\/en\/wp-json\/wp\/v2\/media?parent=33046"}],"wp:term":[{"taxonomy":"product_cat","embeddable":true,"href":"https:\/\/librairie7l.com\/en\/wp-json\/wp\/v2\/product_cat?post=33046"},{"taxonomy":"product_tag","embeddable":true,"href":"https:\/\/librairie7l.com\/en\/wp-json\/wp\/v2\/product_tag?post=33046"}],"curies":[{"name":"wp","href":"https:\/\/api.w.org\/{rel}","templated":true}]}}