{"id":33193,"date":"2023-09-08T01:16:13","date_gmt":"2023-09-07T23:16:13","guid":{"rendered":"https:\/\/librairie7l.com\/?post_type=product&#038;p=33193"},"modified":"2026-04-16T22:05:31","modified_gmt":"2026-04-16T20:05:31","slug":"lee-miller","status":"publish","type":"product","link":"https:\/\/librairie7l.com\/en\/produit\/lee-miller\/","title":{"rendered":"LEE MILLER"},"content":{"rendered":"<p>Ce livre brosse le portrait fascinant d&#8217;une femme libre et engag\u00e9e. Photojournaliste, correspondante de guerre, artiste surr\u00e9aliste, Lee Miller a \u00e9t\u00e9 l&#8217;une des femmes photographes les plus importantes du XXe si\u00e8cle. Initi\u00e9e \u00e0 la photographie d\u00e8s son plus jeune \u00e2ge, elle a perfectionn\u00e9 son art \u00e0 Paris, o\u00f9 elle a fr\u00e9quent\u00e9 des artistes d&#8217;avant-garde comme Jean Cocteau, Picasso et Man Ray avec qui elle a longuement collabor\u00e9. Apr\u00e8s avoir ouvert son propre studio de photographie \u00e0 New York, faisant d&#8217;elle une photographe reconnue, elle se rend au Moyen-Orient et en Europe avant d&#8217;y devenir reporter de guerre. Exp\u00e9rience bouleversante qui la marqua profond\u00e9ment, c&#8217;est aussi au cours de cette p\u00e9riode qu&#8217;elle prit nombre de ses photos les plus embl\u00e9matiques.<\/p>\n","protected":false},"excerpt":{"rendered":"<p>Ce livre brosse le portrait fascinant d&#8217;une femme libre et engag\u00e9e. Photojournaliste, correspondante de guerre, artiste surr\u00e9aliste, Lee Miller a \u00e9t\u00e9 l&#8217;une des femmes photographes les plus importantes du XXe si\u00e8cle. Initi\u00e9e \u00e0 la photographie d\u00e8s son plus jeune \u00e2ge, elle a perfectionn\u00e9 son art \u00e0 Paris, o\u00f9 elle a fr\u00e9quent\u00e9 des artistes d&#8217;avant-garde comme [&hellip;]<\/p>\n","protected":false},"featured_media":33191,"template":"","meta":[],"product_cat":[2948,2958],"product_tag":[],"acf":[],"yoast_head":"<!-- This site is optimized with the Yoast SEO plugin v20.11 - https:\/\/yoast.com\/wordpress\/plugins\/seo\/ -->\n<title>LEE MILLER - Librairie 7L<\/title>\n<meta name=\"robots\" content=\"index, follow, max-snippet:-1, max-image-preview:large, max-video-preview:-1\" \/>\n<link rel=\"canonical\" href=\"https:\/\/librairie7l.com\/en\/produit\/lee-miller\/\" \/>\n<meta property=\"og:locale\" content=\"en_US\" \/>\n<meta property=\"og:type\" content=\"article\" \/>\n<meta property=\"og:title\" content=\"LEE MILLER - Librairie 7L\" \/>\n<meta property=\"og:description\" content=\"Ce livre brosse le portrait fascinant d&#8217;une femme libre et engag\u00e9e. Photojournaliste, correspondante de guerre, artiste surr\u00e9aliste, Lee Miller a \u00e9t\u00e9 l&#8217;une des femmes photographes les plus importantes du XXe si\u00e8cle. Initi\u00e9e \u00e0 la photographie d\u00e8s son plus jeune \u00e2ge, elle a perfectionn\u00e9 son art \u00e0 Paris, o\u00f9 elle a fr\u00e9quent\u00e9 des artistes d&#8217;avant-garde comme [&hellip;]\" \/>\n<meta property=\"og:url\" content=\"https:\/\/librairie7l.com\/en\/produit\/lee-miller\/\" \/>\n<meta property=\"og:site_name\" content=\"Librairie 7L\" \/>\n<meta property=\"article:modified_time\" content=\"2026-04-16T20:05:31+00:00\" \/>\n<meta property=\"og:image\" content=\"https:\/\/librairie7l.com\/wp-content\/uploads\/2023\/04\/9791095821595_1_75.jpg\" \/>\n\t<meta property=\"og:image:width\" content=\"400\" \/>\n\t<meta property=\"og:image:height\" content=\"441\" \/>\n\t<meta property=\"og:image:type\" content=\"image\/jpeg\" \/>\n<meta name=\"twitter:card\" content=\"summary_large_image\" \/>\n<meta name=\"twitter:label1\" content=\"Est. reading time\" \/>\n\t<meta name=\"twitter:data1\" content=\"1 minute\" \/>\n<script type=\"application\/ld+json\" class=\"yoast-schema-graph\">{\"@context\":\"https:\/\/schema.org\",\"@graph\":[{\"@type\":\"WebPage\",\"@id\":\"https:\/\/librairie7l.com\/en\/produit\/lee-miller\/\",\"url\":\"https:\/\/librairie7l.com\/en\/produit\/lee-miller\/\",\"name\":\"LEE MILLER - Librairie 7L\",\"isPartOf\":{\"@id\":\"https:\/\/librairie7l.com\/en\/#website\"},\"datePublished\":\"2023-09-07T23:16:13+00:00\",\"dateModified\":\"2026-04-16T20:05:31+00:00\",\"breadcrumb\":{\"@id\":\"https:\/\/librairie7l.com\/en\/produit\/lee-miller\/#breadcrumb\"},\"inLanguage\":\"en-US\",\"potentialAction\":[{\"@type\":\"ReadAction\",\"target\":[\"https:\/\/librairie7l.com\/en\/produit\/lee-miller\/\"]}]},{\"@type\":\"BreadcrumbList\",\"@id\":\"https:\/\/librairie7l.com\/en\/produit\/lee-miller\/#breadcrumb\",\"itemListElement\":[{\"@type\":\"ListItem\",\"position\":1,\"name\":\"Accueil\",\"item\":\"https:\/\/librairie7l.com\/en\/\"},{\"@type\":\"ListItem\",\"position\":2,\"name\":\"Shop\",\"item\":\"https:\/\/librairie7l.com\/en\/shop\/\"},{\"@type\":\"ListItem\",\"position\":3,\"name\":\"LEE MILLER\"}]},{\"@type\":\"WebSite\",\"@id\":\"https:\/\/librairie7l.com\/en\/#website\",\"url\":\"https:\/\/librairie7l.com\/en\/\",\"name\":\"Librairie 7L\",\"description\":\"Librairie fond\u00e9e en 1999 par Karl Lagerfeld \u00e0 Paris\",\"publisher\":{\"@id\":\"https:\/\/librairie7l.com\/en\/#organization\"},\"potentialAction\":[{\"@type\":\"SearchAction\",\"target\":{\"@type\":\"EntryPoint\",\"urlTemplate\":\"https:\/\/librairie7l.com\/en\/?s={search_term_string}\"},\"query-input\":\"required name=search_term_string\"}],\"inLanguage\":\"en-US\"},{\"@type\":\"Organization\",\"@id\":\"https:\/\/librairie7l.com\/en\/#organization\",\"name\":\"Librairie 7L\",\"url\":\"https:\/\/librairie7l.com\/en\/\",\"logo\":{\"@type\":\"ImageObject\",\"inLanguage\":\"en-US\",\"@id\":\"https:\/\/librairie7l.com\/en\/#\/schema\/logo\/image\/\",\"url\":\"https:\/\/librairie7l.com\/wp-content\/uploads\/2022\/08\/logo-1.png\",\"contentUrl\":\"https:\/\/librairie7l.com\/wp-content\/uploads\/2022\/08\/logo-1.png\",\"width\":227,\"height\":301,\"caption\":\"Librairie 7L\"},\"image\":{\"@id\":\"https:\/\/librairie7l.com\/en\/#\/schema\/logo\/image\/\"}}]}<\/script>\n<!-- \/ Yoast SEO plugin. -->","yoast_head_json":{"title":"LEE MILLER - Librairie 7L","robots":{"index":"index","follow":"follow","max-snippet":"max-snippet:-1","max-image-preview":"max-image-preview:large","max-video-preview":"max-video-preview:-1"},"canonical":"https:\/\/librairie7l.com\/en\/produit\/lee-miller\/","og_locale":"en_US","og_type":"article","og_title":"LEE MILLER - Librairie 7L","og_description":"Ce livre brosse le portrait fascinant d&#8217;une femme libre et engag\u00e9e. Photojournaliste, correspondante de guerre, artiste surr\u00e9aliste, Lee Miller a \u00e9t\u00e9 l&#8217;une des femmes photographes les plus importantes du XXe si\u00e8cle. Initi\u00e9e \u00e0 la photographie d\u00e8s son plus jeune \u00e2ge, elle a perfectionn\u00e9 son art \u00e0 Paris, o\u00f9 elle a fr\u00e9quent\u00e9 des artistes d&#8217;avant-garde comme [&hellip;]","og_url":"https:\/\/librairie7l.com\/en\/produit\/lee-miller\/","og_site_name":"Librairie 7L","article_modified_time":"2026-04-16T20:05:31+00:00","og_image":[{"width":400,"height":441,"url":"https:\/\/librairie7l.com\/wp-content\/uploads\/2023\/04\/9791095821595_1_75.jpg","type":"image\/jpeg"}],"twitter_card":"summary_large_image","twitter_misc":{"Est. reading time":"1 minute"},"schema":{"@context":"https:\/\/schema.org","@graph":[{"@type":"WebPage","@id":"https:\/\/librairie7l.com\/en\/produit\/lee-miller\/","url":"https:\/\/librairie7l.com\/en\/produit\/lee-miller\/","name":"LEE MILLER - Librairie 7L","isPartOf":{"@id":"https:\/\/librairie7l.com\/en\/#website"},"datePublished":"2023-09-07T23:16:13+00:00","dateModified":"2026-04-16T20:05:31+00:00","breadcrumb":{"@id":"https:\/\/librairie7l.com\/en\/produit\/lee-miller\/#breadcrumb"},"inLanguage":"en-US","potentialAction":[{"@type":"ReadAction","target":["https:\/\/librairie7l.com\/en\/produit\/lee-miller\/"]}]},{"@type":"BreadcrumbList","@id":"https:\/\/librairie7l.com\/en\/produit\/lee-miller\/#breadcrumb","itemListElement":[{"@type":"ListItem","position":1,"name":"Accueil","item":"https:\/\/librairie7l.com\/en\/"},{"@type":"ListItem","position":2,"name":"Shop","item":"https:\/\/librairie7l.com\/en\/shop\/"},{"@type":"ListItem","position":3,"name":"LEE MILLER"}]},{"@type":"WebSite","@id":"https:\/\/librairie7l.com\/en\/#website","url":"https:\/\/librairie7l.com\/en\/","name":"Librairie 7L","description":"Librairie fond\u00e9e en 1999 par Karl Lagerfeld \u00e0 Paris","publisher":{"@id":"https:\/\/librairie7l.com\/en\/#organization"},"potentialAction":[{"@type":"SearchAction","target":{"@type":"EntryPoint","urlTemplate":"https:\/\/librairie7l.com\/en\/?s={search_term_string}"},"query-input":"required name=search_term_string"}],"inLanguage":"en-US"},{"@type":"Organization","@id":"https:\/\/librairie7l.com\/en\/#organization","name":"Librairie 7L","url":"https:\/\/librairie7l.com\/en\/","logo":{"@type":"ImageObject","inLanguage":"en-US","@id":"https:\/\/librairie7l.com\/en\/#\/schema\/logo\/image\/","url":"https:\/\/librairie7l.com\/wp-content\/uploads\/2022\/08\/logo-1.png","contentUrl":"https:\/\/librairie7l.com\/wp-content\/uploads\/2022\/08\/logo-1.png","width":227,"height":301,"caption":"Librairie 7L"},"image":{"@id":"https:\/\/librairie7l.com\/en\/#\/schema\/logo\/image\/"}}]}},"_links":{"self":[{"href":"https:\/\/librairie7l.com\/en\/wp-json\/wp\/v2\/product\/33193"}],"collection":[{"href":"https:\/\/librairie7l.com\/en\/wp-json\/wp\/v2\/product"}],"about":[{"href":"https:\/\/librairie7l.com\/en\/wp-json\/wp\/v2\/types\/product"}],"wp:featuredmedia":[{"embeddable":true,"href":"https:\/\/librairie7l.com\/en\/wp-json\/wp\/v2\/media\/33191"}],"wp:attachment":[{"href":"https:\/\/librairie7l.com\/en\/wp-json\/wp\/v2\/media?parent=33193"}],"wp:term":[{"taxonomy":"product_cat","embeddable":true,"href":"https:\/\/librairie7l.com\/en\/wp-json\/wp\/v2\/product_cat?post=33193"},{"taxonomy":"product_tag","embeddable":true,"href":"https:\/\/librairie7l.com\/en\/wp-json\/wp\/v2\/product_tag?post=33193"}],"curies":[{"name":"wp","href":"https:\/\/api.w.org\/{rel}","templated":true}]}}