{"id":33256,"date":"2023-09-16T01:16:13","date_gmt":"2023-09-15T23:16:13","guid":{"rendered":"https:\/\/librairie7l.com\/?post_type=product&#038;p=33256"},"modified":"2026-04-21T12:06:30","modified_gmt":"2026-04-21T10:06:30","slug":"paris-sixties","status":"publish","type":"product","link":"https:\/\/librairie7l.com\/en\/produit\/paris-sixties\/","title":{"rendered":"PARIS SIXTIES"},"content":{"rendered":"<p>Les sixties&#8230; un air de libert\u00e9 flotte, l&#8217;\u00e9mancipation devient un sujet central, les guerres coloniales fran\u00e7aises s&#8217;ach\u00e8vent enfin, les hippies clament la paix sur terre. Les fleurs deviennent un motif de puissance, inondant de couleur les robes, les chemises et les jupes qui raccourcissent. [&#8230;] On d\u00e9couvre le blues, le folk et le rock : on chante, danse et bouge autrement. La Nouvelle Vague d\u00e9ferle avec force, changeant le regard sur le cin\u00e9ma et la vie. Bernard Plossu, jeune photographe qui se r\u00eave aussi cin\u00e9aste, arpente la capitale, projetant sans doute de la mettre en sc\u00e8ne comme savent si bien le faire Godard ou Truffaut. Entre 1961 et 1968, il filme Paris en 8 mm, sous tous les angles, dans divers quartiers, captant l&#8217;ancien comme le nouveau &#8211; et m\u00eame ce qui est en cours de construction ! De ces films ont \u00e9t\u00e9 tir\u00e9s des photogrammes ; arr\u00eats sur image comme autant d&#8217;instantan\u00e9s parvenant jusqu&#8217;\u00e0 nous avec leurs ailes de papillon pour nous souffler doucement au visage ce que fut l&#8217;air de ce temps&#8230;<\/p>\n","protected":false},"excerpt":{"rendered":"<p>Les sixties&#8230; un air de libert\u00e9 flotte, l&#8217;\u00e9mancipation devient un sujet central, les guerres coloniales fran\u00e7aises s&#8217;ach\u00e8vent enfin, les hippies clament la paix sur terre. Les fleurs deviennent un motif de puissance, inondant de couleur les robes, les chemises et les jupes qui raccourcissent. [&#8230;] On d\u00e9couvre le blues, le folk et le rock : [&hellip;]<\/p>\n","protected":false},"featured_media":34388,"template":"","meta":[],"product_cat":[2948,2958],"product_tag":[],"acf":[],"yoast_head":"<!-- This site is optimized with the Yoast SEO plugin v20.11 - https:\/\/yoast.com\/wordpress\/plugins\/seo\/ -->\n<title>PARIS SIXTIES - Librairie 7L<\/title>\n<meta name=\"robots\" content=\"index, follow, max-snippet:-1, max-image-preview:large, max-video-preview:-1\" \/>\n<link rel=\"canonical\" href=\"https:\/\/librairie7l.com\/en\/produit\/paris-sixties\/\" \/>\n<meta property=\"og:locale\" content=\"en_US\" \/>\n<meta property=\"og:type\" content=\"article\" \/>\n<meta property=\"og:title\" content=\"PARIS SIXTIES - Librairie 7L\" \/>\n<meta property=\"og:description\" content=\"Les sixties&#8230; un air de libert\u00e9 flotte, l&#8217;\u00e9mancipation devient un sujet central, les guerres coloniales fran\u00e7aises s&#8217;ach\u00e8vent enfin, les hippies clament la paix sur terre. Les fleurs deviennent un motif de puissance, inondant de couleur les robes, les chemises et les jupes qui raccourcissent. [&#8230;] On d\u00e9couvre le blues, le folk et le rock : [&hellip;]\" \/>\n<meta property=\"og:url\" content=\"https:\/\/librairie7l.com\/en\/produit\/paris-sixties\/\" \/>\n<meta property=\"og:site_name\" content=\"Librairie 7L\" \/>\n<meta property=\"article:modified_time\" content=\"2026-04-21T10:06:30+00:00\" \/>\n<meta property=\"og:image\" content=\"https:\/\/librairie7l.com\/wp-content\/uploads\/2023\/04\/9782873404994_1_75.jpg\" \/>\n\t<meta property=\"og:image:width\" content=\"849\" \/>\n\t<meta property=\"og:image:height\" content=\"600\" \/>\n\t<meta property=\"og:image:type\" content=\"image\/jpeg\" \/>\n<meta name=\"twitter:card\" content=\"summary_large_image\" \/>\n<meta name=\"twitter:label1\" content=\"Est. reading time\" \/>\n\t<meta name=\"twitter:data1\" content=\"1 minute\" \/>\n<script type=\"application\/ld+json\" class=\"yoast-schema-graph\">{\"@context\":\"https:\/\/schema.org\",\"@graph\":[{\"@type\":\"WebPage\",\"@id\":\"https:\/\/librairie7l.com\/en\/produit\/paris-sixties\/\",\"url\":\"https:\/\/librairie7l.com\/en\/produit\/paris-sixties\/\",\"name\":\"PARIS SIXTIES - Librairie 7L\",\"isPartOf\":{\"@id\":\"https:\/\/librairie7l.com\/en\/#website\"},\"datePublished\":\"2023-09-15T23:16:13+00:00\",\"dateModified\":\"2026-04-21T10:06:30+00:00\",\"breadcrumb\":{\"@id\":\"https:\/\/librairie7l.com\/en\/produit\/paris-sixties\/#breadcrumb\"},\"inLanguage\":\"en-US\",\"potentialAction\":[{\"@type\":\"ReadAction\",\"target\":[\"https:\/\/librairie7l.com\/en\/produit\/paris-sixties\/\"]}]},{\"@type\":\"BreadcrumbList\",\"@id\":\"https:\/\/librairie7l.com\/en\/produit\/paris-sixties\/#breadcrumb\",\"itemListElement\":[{\"@type\":\"ListItem\",\"position\":1,\"name\":\"Accueil\",\"item\":\"https:\/\/librairie7l.com\/en\/\"},{\"@type\":\"ListItem\",\"position\":2,\"name\":\"Shop\",\"item\":\"https:\/\/librairie7l.com\/en\/shop\/\"},{\"@type\":\"ListItem\",\"position\":3,\"name\":\"PARIS SIXTIES\"}]},{\"@type\":\"WebSite\",\"@id\":\"https:\/\/librairie7l.com\/en\/#website\",\"url\":\"https:\/\/librairie7l.com\/en\/\",\"name\":\"Librairie 7L\",\"description\":\"Librairie fond\u00e9e en 1999 par Karl Lagerfeld \u00e0 Paris\",\"publisher\":{\"@id\":\"https:\/\/librairie7l.com\/en\/#organization\"},\"potentialAction\":[{\"@type\":\"SearchAction\",\"target\":{\"@type\":\"EntryPoint\",\"urlTemplate\":\"https:\/\/librairie7l.com\/en\/?s={search_term_string}\"},\"query-input\":\"required name=search_term_string\"}],\"inLanguage\":\"en-US\"},{\"@type\":\"Organization\",\"@id\":\"https:\/\/librairie7l.com\/en\/#organization\",\"name\":\"Librairie 7L\",\"url\":\"https:\/\/librairie7l.com\/en\/\",\"logo\":{\"@type\":\"ImageObject\",\"inLanguage\":\"en-US\",\"@id\":\"https:\/\/librairie7l.com\/en\/#\/schema\/logo\/image\/\",\"url\":\"https:\/\/librairie7l.com\/wp-content\/uploads\/2022\/08\/logo-1.png\",\"contentUrl\":\"https:\/\/librairie7l.com\/wp-content\/uploads\/2022\/08\/logo-1.png\",\"width\":227,\"height\":301,\"caption\":\"Librairie 7L\"},\"image\":{\"@id\":\"https:\/\/librairie7l.com\/en\/#\/schema\/logo\/image\/\"}}]}<\/script>\n<!-- \/ Yoast SEO plugin. -->","yoast_head_json":{"title":"PARIS SIXTIES - Librairie 7L","robots":{"index":"index","follow":"follow","max-snippet":"max-snippet:-1","max-image-preview":"max-image-preview:large","max-video-preview":"max-video-preview:-1"},"canonical":"https:\/\/librairie7l.com\/en\/produit\/paris-sixties\/","og_locale":"en_US","og_type":"article","og_title":"PARIS SIXTIES - Librairie 7L","og_description":"Les sixties&#8230; un air de libert\u00e9 flotte, l&#8217;\u00e9mancipation devient un sujet central, les guerres coloniales fran\u00e7aises s&#8217;ach\u00e8vent enfin, les hippies clament la paix sur terre. Les fleurs deviennent un motif de puissance, inondant de couleur les robes, les chemises et les jupes qui raccourcissent. [&#8230;] On d\u00e9couvre le blues, le folk et le rock : [&hellip;]","og_url":"https:\/\/librairie7l.com\/en\/produit\/paris-sixties\/","og_site_name":"Librairie 7L","article_modified_time":"2026-04-21T10:06:30+00:00","og_image":[{"width":849,"height":600,"url":"https:\/\/librairie7l.com\/wp-content\/uploads\/2023\/04\/9782873404994_1_75.jpg","type":"image\/jpeg"}],"twitter_card":"summary_large_image","twitter_misc":{"Est. reading time":"1 minute"},"schema":{"@context":"https:\/\/schema.org","@graph":[{"@type":"WebPage","@id":"https:\/\/librairie7l.com\/en\/produit\/paris-sixties\/","url":"https:\/\/librairie7l.com\/en\/produit\/paris-sixties\/","name":"PARIS SIXTIES - Librairie 7L","isPartOf":{"@id":"https:\/\/librairie7l.com\/en\/#website"},"datePublished":"2023-09-15T23:16:13+00:00","dateModified":"2026-04-21T10:06:30+00:00","breadcrumb":{"@id":"https:\/\/librairie7l.com\/en\/produit\/paris-sixties\/#breadcrumb"},"inLanguage":"en-US","potentialAction":[{"@type":"ReadAction","target":["https:\/\/librairie7l.com\/en\/produit\/paris-sixties\/"]}]},{"@type":"BreadcrumbList","@id":"https:\/\/librairie7l.com\/en\/produit\/paris-sixties\/#breadcrumb","itemListElement":[{"@type":"ListItem","position":1,"name":"Accueil","item":"https:\/\/librairie7l.com\/en\/"},{"@type":"ListItem","position":2,"name":"Shop","item":"https:\/\/librairie7l.com\/en\/shop\/"},{"@type":"ListItem","position":3,"name":"PARIS SIXTIES"}]},{"@type":"WebSite","@id":"https:\/\/librairie7l.com\/en\/#website","url":"https:\/\/librairie7l.com\/en\/","name":"Librairie 7L","description":"Librairie fond\u00e9e en 1999 par Karl Lagerfeld \u00e0 Paris","publisher":{"@id":"https:\/\/librairie7l.com\/en\/#organization"},"potentialAction":[{"@type":"SearchAction","target":{"@type":"EntryPoint","urlTemplate":"https:\/\/librairie7l.com\/en\/?s={search_term_string}"},"query-input":"required name=search_term_string"}],"inLanguage":"en-US"},{"@type":"Organization","@id":"https:\/\/librairie7l.com\/en\/#organization","name":"Librairie 7L","url":"https:\/\/librairie7l.com\/en\/","logo":{"@type":"ImageObject","inLanguage":"en-US","@id":"https:\/\/librairie7l.com\/en\/#\/schema\/logo\/image\/","url":"https:\/\/librairie7l.com\/wp-content\/uploads\/2022\/08\/logo-1.png","contentUrl":"https:\/\/librairie7l.com\/wp-content\/uploads\/2022\/08\/logo-1.png","width":227,"height":301,"caption":"Librairie 7L"},"image":{"@id":"https:\/\/librairie7l.com\/en\/#\/schema\/logo\/image\/"}}]}},"_links":{"self":[{"href":"https:\/\/librairie7l.com\/en\/wp-json\/wp\/v2\/product\/33256"}],"collection":[{"href":"https:\/\/librairie7l.com\/en\/wp-json\/wp\/v2\/product"}],"about":[{"href":"https:\/\/librairie7l.com\/en\/wp-json\/wp\/v2\/types\/product"}],"wp:featuredmedia":[{"embeddable":true,"href":"https:\/\/librairie7l.com\/en\/wp-json\/wp\/v2\/media\/34388"}],"wp:attachment":[{"href":"https:\/\/librairie7l.com\/en\/wp-json\/wp\/v2\/media?parent=33256"}],"wp:term":[{"taxonomy":"product_cat","embeddable":true,"href":"https:\/\/librairie7l.com\/en\/wp-json\/wp\/v2\/product_cat?post=33256"},{"taxonomy":"product_tag","embeddable":true,"href":"https:\/\/librairie7l.com\/en\/wp-json\/wp\/v2\/product_tag?post=33256"}],"curies":[{"name":"wp","href":"https:\/\/api.w.org\/{rel}","templated":true}]}}