{"id":33264,"date":"2023-09-16T01:16:20","date_gmt":"2023-09-15T23:16:20","guid":{"rendered":"https:\/\/librairie7l.com\/?post_type=product&#038;p=33264"},"modified":"2026-05-07T05:06:08","modified_gmt":"2026-05-07T03:06:08","slug":"hey-deluxe-modern-art-special-ceramique-34-artistes-in","status":"publish","type":"product","link":"https:\/\/librairie7l.com\/en\/produit\/hey-deluxe-modern-art-special-ceramique-34-artistes-in\/","title":{"rendered":"HEY ! DELUXE &#8211; MODERN ART &AMP; POP CULTURE N.34 : SP\u00c9CIAL C\u00c9RAMIQUE, 34 ARTISTES INTERNATIONAUX"},"content":{"rendered":"<p>La c\u00e9ramique occupe une place de plus en plus visible sur la sc\u00e8ne artistique internationale. Enti\u00e8rement d\u00e9di\u00e9 \u00e0 ce m\u00e9dium, cet ouvrage en montre les aspects les plus inattendus, fid\u00e8le \u00e0 la mouvance artistique pr\u00e9sent\u00e9e par HEY! modern art &amp; pop culture depuis 2010. Les oeuvres pr\u00e9sent\u00e9es, souvent surr\u00e9alistes ou narratives, influenc\u00e9es par la culture populaire, expriment une volont\u00e9 de s&#8217;\u00e9manciper de toutes les normes et conventions dominantes pour faire \u00e9voluer la c\u00e9ramique hors de ses fronti\u00e8res traditionnelles. Sont pr\u00e9sent\u00e9s ici des artistes rares, dont une grande partie n&#8217;a pas encore \u00e9t\u00e9 expos\u00e9\u00e9 dans l&#8217;Hexagone, ou dont c&#8217;est la premi\u00e8re publication en France. Se consacrant depuis 2010 aux formes insolites et hors-normes de la cr\u00e9ation contemporaine, la structure pluridisciplinaire HEY! modern art &amp; pop culture a \u00e9t\u00e9 fond\u00e9e en 2009 par Anne Richard. Elle associe trois actions : la cr\u00e9ation et l&#8217;\u00e9dition d&#8217;une revue d&#8217;art bilingue, des expositions en mus\u00e9e et la circulation d&#8217;oeuvres dans le monde.<\/p>\n","protected":false},"excerpt":{"rendered":"<p>La c\u00e9ramique occupe une place de plus en plus visible sur la sc\u00e8ne artistique internationale. Enti\u00e8rement d\u00e9di\u00e9 \u00e0 ce m\u00e9dium, cet ouvrage en montre les aspects les plus inattendus, fid\u00e8le \u00e0 la mouvance artistique pr\u00e9sent\u00e9e par HEY! modern art &amp; pop culture depuis 2010. Les oeuvres pr\u00e9sent\u00e9es, souvent surr\u00e9alistes ou narratives, influenc\u00e9es par la culture [&hellip;]<\/p>\n","protected":false},"featured_media":33262,"template":"","meta":[],"product_cat":[2948,2952],"product_tag":[],"acf":[],"yoast_head":"<!-- This site is optimized with the Yoast SEO plugin v20.11 - https:\/\/yoast.com\/wordpress\/plugins\/seo\/ -->\n<title>HEY ! DELUXE - MODERN ART &amp; POP CULTURE N.34 : SP\u00c9CIAL C\u00c9RAMIQUE, 34 ARTISTES INTERNATIONAUX - Librairie 7L<\/title>\n<meta name=\"robots\" content=\"index, follow, max-snippet:-1, max-image-preview:large, max-video-preview:-1\" \/>\n<link rel=\"canonical\" href=\"https:\/\/librairie7l.com\/en\/produit\/hey-deluxe-modern-art-special-ceramique-34-artistes-in\/\" \/>\n<meta property=\"og:locale\" content=\"en_US\" \/>\n<meta property=\"og:type\" content=\"article\" \/>\n<meta property=\"og:title\" content=\"HEY ! DELUXE - MODERN ART &amp; POP CULTURE N.34 : SP\u00c9CIAL C\u00c9RAMIQUE, 34 ARTISTES INTERNATIONAUX - Librairie 7L\" \/>\n<meta property=\"og:description\" content=\"La c\u00e9ramique occupe une place de plus en plus visible sur la sc\u00e8ne artistique internationale. Enti\u00e8rement d\u00e9di\u00e9 \u00e0 ce m\u00e9dium, cet ouvrage en montre les aspects les plus inattendus, fid\u00e8le \u00e0 la mouvance artistique pr\u00e9sent\u00e9e par HEY! modern art &amp; pop culture depuis 2010. Les oeuvres pr\u00e9sent\u00e9es, souvent surr\u00e9alistes ou narratives, influenc\u00e9es par la culture [&hellip;]\" \/>\n<meta property=\"og:url\" content=\"https:\/\/librairie7l.com\/en\/produit\/hey-deluxe-modern-art-special-ceramique-34-artistes-in\/\" \/>\n<meta property=\"og:site_name\" content=\"Librairie 7L\" \/>\n<meta property=\"article:modified_time\" content=\"2026-05-07T03:06:08+00:00\" \/>\n<meta property=\"og:image\" content=\"https:\/\/librairie7l.com\/wp-content\/uploads\/2023\/04\/9782490097159_1_75.jpg\" \/>\n\t<meta property=\"og:image:width\" content=\"400\" \/>\n\t<meta property=\"og:image:height\" content=\"457\" \/>\n\t<meta property=\"og:image:type\" content=\"image\/jpeg\" \/>\n<meta name=\"twitter:card\" content=\"summary_large_image\" \/>\n<meta name=\"twitter:label1\" content=\"Est. reading time\" \/>\n\t<meta name=\"twitter:data1\" content=\"1 minute\" \/>\n<script type=\"application\/ld+json\" class=\"yoast-schema-graph\">{\"@context\":\"https:\/\/schema.org\",\"@graph\":[{\"@type\":\"WebPage\",\"@id\":\"https:\/\/librairie7l.com\/en\/produit\/hey-deluxe-modern-art-special-ceramique-34-artistes-in\/\",\"url\":\"https:\/\/librairie7l.com\/en\/produit\/hey-deluxe-modern-art-special-ceramique-34-artistes-in\/\",\"name\":\"HEY ! DELUXE - MODERN ART &amp; POP CULTURE N.34 : SP\u00c9CIAL C\u00c9RAMIQUE, 34 ARTISTES INTERNATIONAUX - Librairie 7L\",\"isPartOf\":{\"@id\":\"https:\/\/librairie7l.com\/en\/#website\"},\"datePublished\":\"2023-09-15T23:16:20+00:00\",\"dateModified\":\"2026-05-07T03:06:08+00:00\",\"breadcrumb\":{\"@id\":\"https:\/\/librairie7l.com\/en\/produit\/hey-deluxe-modern-art-special-ceramique-34-artistes-in\/#breadcrumb\"},\"inLanguage\":\"en-US\",\"potentialAction\":[{\"@type\":\"ReadAction\",\"target\":[\"https:\/\/librairie7l.com\/en\/produit\/hey-deluxe-modern-art-special-ceramique-34-artistes-in\/\"]}]},{\"@type\":\"BreadcrumbList\",\"@id\":\"https:\/\/librairie7l.com\/en\/produit\/hey-deluxe-modern-art-special-ceramique-34-artistes-in\/#breadcrumb\",\"itemListElement\":[{\"@type\":\"ListItem\",\"position\":1,\"name\":\"Accueil\",\"item\":\"https:\/\/librairie7l.com\/en\/\"},{\"@type\":\"ListItem\",\"position\":2,\"name\":\"Shop\",\"item\":\"https:\/\/librairie7l.com\/en\/shop\/\"},{\"@type\":\"ListItem\",\"position\":3,\"name\":\"HEY ! DELUXE &#8211; MODERN ART &AMP; POP CULTURE N.34 : SP\u00c9CIAL C\u00c9RAMIQUE, 34 ARTISTES INTERNATIONAUX\"}]},{\"@type\":\"WebSite\",\"@id\":\"https:\/\/librairie7l.com\/en\/#website\",\"url\":\"https:\/\/librairie7l.com\/en\/\",\"name\":\"Librairie 7L\",\"description\":\"Librairie fond\u00e9e en 1999 par Karl Lagerfeld \u00e0 Paris\",\"publisher\":{\"@id\":\"https:\/\/librairie7l.com\/en\/#organization\"},\"potentialAction\":[{\"@type\":\"SearchAction\",\"target\":{\"@type\":\"EntryPoint\",\"urlTemplate\":\"https:\/\/librairie7l.com\/en\/?s={search_term_string}\"},\"query-input\":\"required name=search_term_string\"}],\"inLanguage\":\"en-US\"},{\"@type\":\"Organization\",\"@id\":\"https:\/\/librairie7l.com\/en\/#organization\",\"name\":\"Librairie 7L\",\"url\":\"https:\/\/librairie7l.com\/en\/\",\"logo\":{\"@type\":\"ImageObject\",\"inLanguage\":\"en-US\",\"@id\":\"https:\/\/librairie7l.com\/en\/#\/schema\/logo\/image\/\",\"url\":\"https:\/\/librairie7l.com\/wp-content\/uploads\/2022\/08\/logo-1.png\",\"contentUrl\":\"https:\/\/librairie7l.com\/wp-content\/uploads\/2022\/08\/logo-1.png\",\"width\":227,\"height\":301,\"caption\":\"Librairie 7L\"},\"image\":{\"@id\":\"https:\/\/librairie7l.com\/en\/#\/schema\/logo\/image\/\"}}]}<\/script>\n<!-- \/ Yoast SEO plugin. -->","yoast_head_json":{"title":"HEY ! DELUXE - MODERN ART &amp; POP CULTURE N.34 : SP\u00c9CIAL C\u00c9RAMIQUE, 34 ARTISTES INTERNATIONAUX - Librairie 7L","robots":{"index":"index","follow":"follow","max-snippet":"max-snippet:-1","max-image-preview":"max-image-preview:large","max-video-preview":"max-video-preview:-1"},"canonical":"https:\/\/librairie7l.com\/en\/produit\/hey-deluxe-modern-art-special-ceramique-34-artistes-in\/","og_locale":"en_US","og_type":"article","og_title":"HEY ! DELUXE - MODERN ART &amp; POP CULTURE N.34 : SP\u00c9CIAL C\u00c9RAMIQUE, 34 ARTISTES INTERNATIONAUX - Librairie 7L","og_description":"La c\u00e9ramique occupe une place de plus en plus visible sur la sc\u00e8ne artistique internationale. Enti\u00e8rement d\u00e9di\u00e9 \u00e0 ce m\u00e9dium, cet ouvrage en montre les aspects les plus inattendus, fid\u00e8le \u00e0 la mouvance artistique pr\u00e9sent\u00e9e par HEY! modern art &amp; pop culture depuis 2010. Les oeuvres pr\u00e9sent\u00e9es, souvent surr\u00e9alistes ou narratives, influenc\u00e9es par la culture [&hellip;]","og_url":"https:\/\/librairie7l.com\/en\/produit\/hey-deluxe-modern-art-special-ceramique-34-artistes-in\/","og_site_name":"Librairie 7L","article_modified_time":"2026-05-07T03:06:08+00:00","og_image":[{"width":400,"height":457,"url":"https:\/\/librairie7l.com\/wp-content\/uploads\/2023\/04\/9782490097159_1_75.jpg","type":"image\/jpeg"}],"twitter_card":"summary_large_image","twitter_misc":{"Est. reading time":"1 minute"},"schema":{"@context":"https:\/\/schema.org","@graph":[{"@type":"WebPage","@id":"https:\/\/librairie7l.com\/en\/produit\/hey-deluxe-modern-art-special-ceramique-34-artistes-in\/","url":"https:\/\/librairie7l.com\/en\/produit\/hey-deluxe-modern-art-special-ceramique-34-artistes-in\/","name":"HEY ! DELUXE - MODERN ART &amp; POP CULTURE N.34 : SP\u00c9CIAL C\u00c9RAMIQUE, 34 ARTISTES INTERNATIONAUX - Librairie 7L","isPartOf":{"@id":"https:\/\/librairie7l.com\/en\/#website"},"datePublished":"2023-09-15T23:16:20+00:00","dateModified":"2026-05-07T03:06:08+00:00","breadcrumb":{"@id":"https:\/\/librairie7l.com\/en\/produit\/hey-deluxe-modern-art-special-ceramique-34-artistes-in\/#breadcrumb"},"inLanguage":"en-US","potentialAction":[{"@type":"ReadAction","target":["https:\/\/librairie7l.com\/en\/produit\/hey-deluxe-modern-art-special-ceramique-34-artistes-in\/"]}]},{"@type":"BreadcrumbList","@id":"https:\/\/librairie7l.com\/en\/produit\/hey-deluxe-modern-art-special-ceramique-34-artistes-in\/#breadcrumb","itemListElement":[{"@type":"ListItem","position":1,"name":"Accueil","item":"https:\/\/librairie7l.com\/en\/"},{"@type":"ListItem","position":2,"name":"Shop","item":"https:\/\/librairie7l.com\/en\/shop\/"},{"@type":"ListItem","position":3,"name":"HEY ! DELUXE &#8211; MODERN ART &AMP; POP CULTURE N.34 : SP\u00c9CIAL C\u00c9RAMIQUE, 34 ARTISTES INTERNATIONAUX"}]},{"@type":"WebSite","@id":"https:\/\/librairie7l.com\/en\/#website","url":"https:\/\/librairie7l.com\/en\/","name":"Librairie 7L","description":"Librairie fond\u00e9e en 1999 par Karl Lagerfeld \u00e0 Paris","publisher":{"@id":"https:\/\/librairie7l.com\/en\/#organization"},"potentialAction":[{"@type":"SearchAction","target":{"@type":"EntryPoint","urlTemplate":"https:\/\/librairie7l.com\/en\/?s={search_term_string}"},"query-input":"required name=search_term_string"}],"inLanguage":"en-US"},{"@type":"Organization","@id":"https:\/\/librairie7l.com\/en\/#organization","name":"Librairie 7L","url":"https:\/\/librairie7l.com\/en\/","logo":{"@type":"ImageObject","inLanguage":"en-US","@id":"https:\/\/librairie7l.com\/en\/#\/schema\/logo\/image\/","url":"https:\/\/librairie7l.com\/wp-content\/uploads\/2022\/08\/logo-1.png","contentUrl":"https:\/\/librairie7l.com\/wp-content\/uploads\/2022\/08\/logo-1.png","width":227,"height":301,"caption":"Librairie 7L"},"image":{"@id":"https:\/\/librairie7l.com\/en\/#\/schema\/logo\/image\/"}}]}},"_links":{"self":[{"href":"https:\/\/librairie7l.com\/en\/wp-json\/wp\/v2\/product\/33264"}],"collection":[{"href":"https:\/\/librairie7l.com\/en\/wp-json\/wp\/v2\/product"}],"about":[{"href":"https:\/\/librairie7l.com\/en\/wp-json\/wp\/v2\/types\/product"}],"wp:featuredmedia":[{"embeddable":true,"href":"https:\/\/librairie7l.com\/en\/wp-json\/wp\/v2\/media\/33262"}],"wp:attachment":[{"href":"https:\/\/librairie7l.com\/en\/wp-json\/wp\/v2\/media?parent=33264"}],"wp:term":[{"taxonomy":"product_cat","embeddable":true,"href":"https:\/\/librairie7l.com\/en\/wp-json\/wp\/v2\/product_cat?post=33264"},{"taxonomy":"product_tag","embeddable":true,"href":"https:\/\/librairie7l.com\/en\/wp-json\/wp\/v2\/product_tag?post=33264"}],"curies":[{"name":"wp","href":"https:\/\/api.w.org\/{rel}","templated":true}]}}