{"id":33272,"date":"2023-09-14T01:16:17","date_gmt":"2023-09-13T23:16:17","guid":{"rendered":"https:\/\/librairie7l.com\/?post_type=product&#038;p=33272"},"modified":"2026-04-29T22:50:12","modified_gmt":"2026-04-29T20:50:12","slug":"nicolas-de-stael","status":"publish","type":"product","link":"https:\/\/librairie7l.com\/en\/produit\/nicolas-de-stael\/","title":{"rendered":"NICOLAS DE STA\u00cbL"},"content":{"rendered":"<p>Pr\u00e9sentant plus de deux cents tableaux, dessins, gravures et carnets issus de collections publiques et priv\u00e9es, cette r\u00e9trospective, organis\u00e9e de mani\u00e8re chronologique, porte un nouveau regard sur le travail de Sta\u00ebl, en t\u00e2chant de rester au plus pr\u00e8s de ses recherches graphiques et picturales. Loin du mythe, il s&#8217;agit de montrer l&#8217;artiste au travail, fascin\u00e9 par le spectacle du monde &#8211; qu&#8217;il se confronte \u00e0 un paysage, un match de football, un ballet ou un fruit pos\u00e9 sur une table. Menant de front plusieurs toiles, Sta\u00ebl travaille de longs mois, avant de condenser ses recherches dans un ou plusieurs tableaux-manifestes. Dans cette d\u00e9marche exp\u00e9rimentale, le dessin joue un r\u00f4le pr\u00e9pond\u00e9rant, tout comme la volont\u00e9 d&#8217;explorer de nouveaux formats, m\u00e9diums et outils. Depuis ses toiles sombres et mati\u00e9r\u00e9es des ann\u00e9es 1940 jusqu&#8217;\u00e0 ses tableaux lumineux peints avant sa mort pr\u00e9matur\u00e9e en 1955, l&#8217;oeuvre de Sta\u00ebl bouleverse d\u00e9lib\u00e9r\u00e9ment la distinction entre abstraction et figuration, dans la poursuite passionn\u00e9e d&#8217;un art toujours plus dense et plus concis. Gr\u00e2ce une s\u00e9lection d&#8217;oeuvres c\u00e9l\u00e8bres ou m\u00e9connues, cet ouvrage permet de prendre la mesure d&#8217;une qu\u00eate picturale d&#8217;une rare intensit\u00e9.<\/p>\n","protected":false},"excerpt":{"rendered":"<p>Pr\u00e9sentant plus de deux cents tableaux, dessins, gravures et carnets issus de collections publiques et priv\u00e9es, cette r\u00e9trospective, organis\u00e9e de mani\u00e8re chronologique, porte un nouveau regard sur le travail de Sta\u00ebl, en t\u00e2chant de rester au plus pr\u00e8s de ses recherches graphiques et picturales. Loin du mythe, il s&#8217;agit de montrer l&#8217;artiste au travail, fascin\u00e9 [&hellip;]<\/p>\n","protected":false},"featured_media":33270,"template":"","meta":[],"product_cat":[2948,2953],"product_tag":[],"acf":[],"yoast_head":"<!-- This site is optimized with the Yoast SEO plugin v20.11 - https:\/\/yoast.com\/wordpress\/plugins\/seo\/ -->\n<title>NICOLAS DE STA\u00cbL - Librairie 7L<\/title>\n<meta name=\"robots\" content=\"index, follow, max-snippet:-1, max-image-preview:large, max-video-preview:-1\" \/>\n<link rel=\"canonical\" href=\"https:\/\/librairie7l.com\/en\/produit\/nicolas-de-stael\/\" \/>\n<meta property=\"og:locale\" content=\"en_US\" \/>\n<meta property=\"og:type\" content=\"article\" \/>\n<meta property=\"og:title\" content=\"NICOLAS DE STA\u00cbL - Librairie 7L\" \/>\n<meta property=\"og:description\" content=\"Pr\u00e9sentant plus de deux cents tableaux, dessins, gravures et carnets issus de collections publiques et priv\u00e9es, cette r\u00e9trospective, organis\u00e9e de mani\u00e8re chronologique, porte un nouveau regard sur le travail de Sta\u00ebl, en t\u00e2chant de rester au plus pr\u00e8s de ses recherches graphiques et picturales. Loin du mythe, il s&#8217;agit de montrer l&#8217;artiste au travail, fascin\u00e9 [&hellip;]\" \/>\n<meta property=\"og:url\" content=\"https:\/\/librairie7l.com\/en\/produit\/nicolas-de-stael\/\" \/>\n<meta property=\"og:site_name\" content=\"Librairie 7L\" \/>\n<meta property=\"article:modified_time\" content=\"2026-04-29T20:50:12+00:00\" \/>\n<meta property=\"og:image\" content=\"https:\/\/librairie7l.com\/wp-content\/uploads\/2023\/04\/9782759605552_1_75.jpg\" \/>\n\t<meta property=\"og:image:width\" content=\"400\" \/>\n\t<meta property=\"og:image:height\" content=\"481\" \/>\n\t<meta property=\"og:image:type\" content=\"image\/jpeg\" \/>\n<meta name=\"twitter:card\" content=\"summary_large_image\" \/>\n<meta name=\"twitter:label1\" content=\"Est. reading time\" \/>\n\t<meta name=\"twitter:data1\" content=\"1 minute\" \/>\n<script type=\"application\/ld+json\" class=\"yoast-schema-graph\">{\"@context\":\"https:\/\/schema.org\",\"@graph\":[{\"@type\":\"WebPage\",\"@id\":\"https:\/\/librairie7l.com\/en\/produit\/nicolas-de-stael\/\",\"url\":\"https:\/\/librairie7l.com\/en\/produit\/nicolas-de-stael\/\",\"name\":\"NICOLAS DE STA\u00cbL - Librairie 7L\",\"isPartOf\":{\"@id\":\"https:\/\/librairie7l.com\/en\/#website\"},\"datePublished\":\"2023-09-13T23:16:17+00:00\",\"dateModified\":\"2026-04-29T20:50:12+00:00\",\"breadcrumb\":{\"@id\":\"https:\/\/librairie7l.com\/en\/produit\/nicolas-de-stael\/#breadcrumb\"},\"inLanguage\":\"en-US\",\"potentialAction\":[{\"@type\":\"ReadAction\",\"target\":[\"https:\/\/librairie7l.com\/en\/produit\/nicolas-de-stael\/\"]}]},{\"@type\":\"BreadcrumbList\",\"@id\":\"https:\/\/librairie7l.com\/en\/produit\/nicolas-de-stael\/#breadcrumb\",\"itemListElement\":[{\"@type\":\"ListItem\",\"position\":1,\"name\":\"Accueil\",\"item\":\"https:\/\/librairie7l.com\/en\/\"},{\"@type\":\"ListItem\",\"position\":2,\"name\":\"Shop\",\"item\":\"https:\/\/librairie7l.com\/en\/shop\/\"},{\"@type\":\"ListItem\",\"position\":3,\"name\":\"NICOLAS DE STA\u00cbL\"}]},{\"@type\":\"WebSite\",\"@id\":\"https:\/\/librairie7l.com\/en\/#website\",\"url\":\"https:\/\/librairie7l.com\/en\/\",\"name\":\"Librairie 7L\",\"description\":\"Librairie fond\u00e9e en 1999 par Karl Lagerfeld \u00e0 Paris\",\"publisher\":{\"@id\":\"https:\/\/librairie7l.com\/en\/#organization\"},\"potentialAction\":[{\"@type\":\"SearchAction\",\"target\":{\"@type\":\"EntryPoint\",\"urlTemplate\":\"https:\/\/librairie7l.com\/en\/?s={search_term_string}\"},\"query-input\":\"required name=search_term_string\"}],\"inLanguage\":\"en-US\"},{\"@type\":\"Organization\",\"@id\":\"https:\/\/librairie7l.com\/en\/#organization\",\"name\":\"Librairie 7L\",\"url\":\"https:\/\/librairie7l.com\/en\/\",\"logo\":{\"@type\":\"ImageObject\",\"inLanguage\":\"en-US\",\"@id\":\"https:\/\/librairie7l.com\/en\/#\/schema\/logo\/image\/\",\"url\":\"https:\/\/librairie7l.com\/wp-content\/uploads\/2022\/08\/logo-1.png\",\"contentUrl\":\"https:\/\/librairie7l.com\/wp-content\/uploads\/2022\/08\/logo-1.png\",\"width\":227,\"height\":301,\"caption\":\"Librairie 7L\"},\"image\":{\"@id\":\"https:\/\/librairie7l.com\/en\/#\/schema\/logo\/image\/\"}}]}<\/script>\n<!-- \/ Yoast SEO plugin. -->","yoast_head_json":{"title":"NICOLAS DE STA\u00cbL - Librairie 7L","robots":{"index":"index","follow":"follow","max-snippet":"max-snippet:-1","max-image-preview":"max-image-preview:large","max-video-preview":"max-video-preview:-1"},"canonical":"https:\/\/librairie7l.com\/en\/produit\/nicolas-de-stael\/","og_locale":"en_US","og_type":"article","og_title":"NICOLAS DE STA\u00cbL - Librairie 7L","og_description":"Pr\u00e9sentant plus de deux cents tableaux, dessins, gravures et carnets issus de collections publiques et priv\u00e9es, cette r\u00e9trospective, organis\u00e9e de mani\u00e8re chronologique, porte un nouveau regard sur le travail de Sta\u00ebl, en t\u00e2chant de rester au plus pr\u00e8s de ses recherches graphiques et picturales. Loin du mythe, il s&#8217;agit de montrer l&#8217;artiste au travail, fascin\u00e9 [&hellip;]","og_url":"https:\/\/librairie7l.com\/en\/produit\/nicolas-de-stael\/","og_site_name":"Librairie 7L","article_modified_time":"2026-04-29T20:50:12+00:00","og_image":[{"width":400,"height":481,"url":"https:\/\/librairie7l.com\/wp-content\/uploads\/2023\/04\/9782759605552_1_75.jpg","type":"image\/jpeg"}],"twitter_card":"summary_large_image","twitter_misc":{"Est. reading time":"1 minute"},"schema":{"@context":"https:\/\/schema.org","@graph":[{"@type":"WebPage","@id":"https:\/\/librairie7l.com\/en\/produit\/nicolas-de-stael\/","url":"https:\/\/librairie7l.com\/en\/produit\/nicolas-de-stael\/","name":"NICOLAS DE STA\u00cbL - Librairie 7L","isPartOf":{"@id":"https:\/\/librairie7l.com\/en\/#website"},"datePublished":"2023-09-13T23:16:17+00:00","dateModified":"2026-04-29T20:50:12+00:00","breadcrumb":{"@id":"https:\/\/librairie7l.com\/en\/produit\/nicolas-de-stael\/#breadcrumb"},"inLanguage":"en-US","potentialAction":[{"@type":"ReadAction","target":["https:\/\/librairie7l.com\/en\/produit\/nicolas-de-stael\/"]}]},{"@type":"BreadcrumbList","@id":"https:\/\/librairie7l.com\/en\/produit\/nicolas-de-stael\/#breadcrumb","itemListElement":[{"@type":"ListItem","position":1,"name":"Accueil","item":"https:\/\/librairie7l.com\/en\/"},{"@type":"ListItem","position":2,"name":"Shop","item":"https:\/\/librairie7l.com\/en\/shop\/"},{"@type":"ListItem","position":3,"name":"NICOLAS DE STA\u00cbL"}]},{"@type":"WebSite","@id":"https:\/\/librairie7l.com\/en\/#website","url":"https:\/\/librairie7l.com\/en\/","name":"Librairie 7L","description":"Librairie fond\u00e9e en 1999 par Karl Lagerfeld \u00e0 Paris","publisher":{"@id":"https:\/\/librairie7l.com\/en\/#organization"},"potentialAction":[{"@type":"SearchAction","target":{"@type":"EntryPoint","urlTemplate":"https:\/\/librairie7l.com\/en\/?s={search_term_string}"},"query-input":"required name=search_term_string"}],"inLanguage":"en-US"},{"@type":"Organization","@id":"https:\/\/librairie7l.com\/en\/#organization","name":"Librairie 7L","url":"https:\/\/librairie7l.com\/en\/","logo":{"@type":"ImageObject","inLanguage":"en-US","@id":"https:\/\/librairie7l.com\/en\/#\/schema\/logo\/image\/","url":"https:\/\/librairie7l.com\/wp-content\/uploads\/2022\/08\/logo-1.png","contentUrl":"https:\/\/librairie7l.com\/wp-content\/uploads\/2022\/08\/logo-1.png","width":227,"height":301,"caption":"Librairie 7L"},"image":{"@id":"https:\/\/librairie7l.com\/en\/#\/schema\/logo\/image\/"}}]}},"_links":{"self":[{"href":"https:\/\/librairie7l.com\/en\/wp-json\/wp\/v2\/product\/33272"}],"collection":[{"href":"https:\/\/librairie7l.com\/en\/wp-json\/wp\/v2\/product"}],"about":[{"href":"https:\/\/librairie7l.com\/en\/wp-json\/wp\/v2\/types\/product"}],"wp:featuredmedia":[{"embeddable":true,"href":"https:\/\/librairie7l.com\/en\/wp-json\/wp\/v2\/media\/33270"}],"wp:attachment":[{"href":"https:\/\/librairie7l.com\/en\/wp-json\/wp\/v2\/media?parent=33272"}],"wp:term":[{"taxonomy":"product_cat","embeddable":true,"href":"https:\/\/librairie7l.com\/en\/wp-json\/wp\/v2\/product_cat?post=33272"},{"taxonomy":"product_tag","embeddable":true,"href":"https:\/\/librairie7l.com\/en\/wp-json\/wp\/v2\/product_tag?post=33272"}],"curies":[{"name":"wp","href":"https:\/\/api.w.org\/{rel}","templated":true}]}}