{"id":33276,"date":"2023-09-15T01:16:16","date_gmt":"2023-09-14T23:16:16","guid":{"rendered":"https:\/\/librairie7l.com\/?post_type=product&#038;p=33276"},"modified":"2026-04-21T20:04:19","modified_gmt":"2026-04-21T18:04:19","slug":"haiti-2","status":"publish","type":"product","link":"https:\/\/librairie7l.com\/en\/produit\/haiti-2\/","title":{"rendered":"HA\u00cfTI"},"content":{"rendered":"<p>C&#8217;est en 1984 que Bruce Gilden se rend pour la premi\u00e8re fois sur l&#8217;\u00eele d&#8217;Ha\u00efti, \u00e0 l&#8217;occasion des c\u00e9l\u00e8bres festivit\u00e9s de Mardi gras.<\/p>\n<p>Bruce Gilden d\u00e9couvre alors un territoire pauvre, en proie \u00e0 de nombreuses catastrophes naturelles, mais riche d&#8217;une \u00e9nergie unique. Gilden va tout d&#8217;abord, comme \u00e0 son habitude, s&#8217;\u00e9loigner des sentiers battus. Il d\u00e9cide d&#8217;arpenter l&#8217;\u00eele par des chemins tortueux, qui l&#8217;am\u00e8nent \u00e0 rencontrer les habitants des quatre coins de l&#8217;\u00eele et des situations que peut seraient pr\u00eat \u00e0 voir.Avec cette s\u00e9rie, publi\u00e9e en 1992 et ici compl\u00e9t\u00e9e de pr\u00e8s de la moiti\u00e9 d&#8217;images in\u00e9dites, Bruce Gilden compl\u00e8te sa trilogie photographique : apr\u00e8s Lost and Found (2019) et Cherry Blossom (2021), Ha\u00efti cl\u00f4t le voyage. Il visitera 22 fois ce pays qu&#8217;il aime tant, documentant inlassablement la vie quotidienne des Ha\u00eftiens, leur histoire et leur territoire.<\/p>\n<p>Des vendeurs sur les march\u00e9s des grandes villes, aux oiseaux de nuit, en passant par des fun\u00e9railles, Gilden s&#8217;attache \u00e0 rendre compte de la culture ha\u00eftienne et sa richesse photographique. \u00c0 sa mani\u00e8re si particuli\u00e8re, directe et sans artifice, le photographe am\u00e9ricain nous plonge dans un monde o\u00f9 la magie r\u00e8gne en ma\u00eetre. Les images seront accompagn\u00e9es d&#8217;un essai r\u00e9dig\u00e9 par un auteur ha\u00eftien contemporain encore \u00e0 d\u00e9terminer.<\/p>\n","protected":false},"excerpt":{"rendered":"<p>C&#8217;est en 1984 que Bruce Gilden se rend pour la premi\u00e8re fois sur l&#8217;\u00eele d&#8217;Ha\u00efti, \u00e0 l&#8217;occasion des c\u00e9l\u00e8bres festivit\u00e9s de Mardi gras. Bruce Gilden d\u00e9couvre alors un territoire pauvre, en proie \u00e0 de nombreuses catastrophes naturelles, mais riche d&#8217;une \u00e9nergie unique. Gilden va tout d&#8217;abord, comme \u00e0 son habitude, s&#8217;\u00e9loigner des sentiers battus. Il [&hellip;]<\/p>\n","protected":false},"featured_media":33274,"template":"","meta":[],"product_cat":[2948,2958],"product_tag":[],"acf":[],"yoast_head":"<!-- This site is optimized with the Yoast SEO plugin v20.11 - https:\/\/yoast.com\/wordpress\/plugins\/seo\/ -->\n<title>HA\u00cfTI - Librairie 7L<\/title>\n<meta name=\"robots\" content=\"index, follow, max-snippet:-1, max-image-preview:large, max-video-preview:-1\" \/>\n<link rel=\"canonical\" href=\"https:\/\/librairie7l.com\/en\/produit\/haiti-2\/\" \/>\n<meta property=\"og:locale\" content=\"en_US\" \/>\n<meta property=\"og:type\" content=\"article\" \/>\n<meta property=\"og:title\" content=\"HA\u00cfTI - Librairie 7L\" \/>\n<meta property=\"og:description\" content=\"C&#8217;est en 1984 que Bruce Gilden se rend pour la premi\u00e8re fois sur l&#8217;\u00eele d&#8217;Ha\u00efti, \u00e0 l&#8217;occasion des c\u00e9l\u00e8bres festivit\u00e9s de Mardi gras. Bruce Gilden d\u00e9couvre alors un territoire pauvre, en proie \u00e0 de nombreuses catastrophes naturelles, mais riche d&#8217;une \u00e9nergie unique. Gilden va tout d&#8217;abord, comme \u00e0 son habitude, s&#8217;\u00e9loigner des sentiers battus. Il [&hellip;]\" \/>\n<meta property=\"og:url\" content=\"https:\/\/librairie7l.com\/en\/produit\/haiti-2\/\" \/>\n<meta property=\"og:site_name\" content=\"Librairie 7L\" \/>\n<meta property=\"article:modified_time\" content=\"2026-04-21T18:04:19+00:00\" \/>\n<meta property=\"og:image\" content=\"https:\/\/librairie7l.com\/wp-content\/uploads\/2023\/04\/9782365113717_1_75.jpg\" \/>\n\t<meta property=\"og:image:width\" content=\"500\" \/>\n\t<meta property=\"og:image:height\" content=\"698\" \/>\n\t<meta property=\"og:image:type\" content=\"image\/jpeg\" \/>\n<meta name=\"twitter:card\" content=\"summary_large_image\" \/>\n<meta name=\"twitter:label1\" content=\"Est. reading time\" \/>\n\t<meta name=\"twitter:data1\" content=\"1 minute\" \/>\n<script type=\"application\/ld+json\" class=\"yoast-schema-graph\">{\"@context\":\"https:\/\/schema.org\",\"@graph\":[{\"@type\":\"WebPage\",\"@id\":\"https:\/\/librairie7l.com\/en\/produit\/haiti-2\/\",\"url\":\"https:\/\/librairie7l.com\/en\/produit\/haiti-2\/\",\"name\":\"HA\u00cfTI - Librairie 7L\",\"isPartOf\":{\"@id\":\"https:\/\/librairie7l.com\/en\/#website\"},\"datePublished\":\"2023-09-14T23:16:16+00:00\",\"dateModified\":\"2026-04-21T18:04:19+00:00\",\"breadcrumb\":{\"@id\":\"https:\/\/librairie7l.com\/en\/produit\/haiti-2\/#breadcrumb\"},\"inLanguage\":\"en-US\",\"potentialAction\":[{\"@type\":\"ReadAction\",\"target\":[\"https:\/\/librairie7l.com\/en\/produit\/haiti-2\/\"]}]},{\"@type\":\"BreadcrumbList\",\"@id\":\"https:\/\/librairie7l.com\/en\/produit\/haiti-2\/#breadcrumb\",\"itemListElement\":[{\"@type\":\"ListItem\",\"position\":1,\"name\":\"Accueil\",\"item\":\"https:\/\/librairie7l.com\/en\/\"},{\"@type\":\"ListItem\",\"position\":2,\"name\":\"Shop\",\"item\":\"https:\/\/librairie7l.com\/en\/shop\/\"},{\"@type\":\"ListItem\",\"position\":3,\"name\":\"HA\u00cfTI\"}]},{\"@type\":\"WebSite\",\"@id\":\"https:\/\/librairie7l.com\/en\/#website\",\"url\":\"https:\/\/librairie7l.com\/en\/\",\"name\":\"Librairie 7L\",\"description\":\"Librairie fond\u00e9e en 1999 par Karl Lagerfeld \u00e0 Paris\",\"publisher\":{\"@id\":\"https:\/\/librairie7l.com\/en\/#organization\"},\"potentialAction\":[{\"@type\":\"SearchAction\",\"target\":{\"@type\":\"EntryPoint\",\"urlTemplate\":\"https:\/\/librairie7l.com\/en\/?s={search_term_string}\"},\"query-input\":\"required name=search_term_string\"}],\"inLanguage\":\"en-US\"},{\"@type\":\"Organization\",\"@id\":\"https:\/\/librairie7l.com\/en\/#organization\",\"name\":\"Librairie 7L\",\"url\":\"https:\/\/librairie7l.com\/en\/\",\"logo\":{\"@type\":\"ImageObject\",\"inLanguage\":\"en-US\",\"@id\":\"https:\/\/librairie7l.com\/en\/#\/schema\/logo\/image\/\",\"url\":\"https:\/\/librairie7l.com\/wp-content\/uploads\/2022\/08\/logo-1.png\",\"contentUrl\":\"https:\/\/librairie7l.com\/wp-content\/uploads\/2022\/08\/logo-1.png\",\"width\":227,\"height\":301,\"caption\":\"Librairie 7L\"},\"image\":{\"@id\":\"https:\/\/librairie7l.com\/en\/#\/schema\/logo\/image\/\"}}]}<\/script>\n<!-- \/ Yoast SEO plugin. -->","yoast_head_json":{"title":"HA\u00cfTI - Librairie 7L","robots":{"index":"index","follow":"follow","max-snippet":"max-snippet:-1","max-image-preview":"max-image-preview:large","max-video-preview":"max-video-preview:-1"},"canonical":"https:\/\/librairie7l.com\/en\/produit\/haiti-2\/","og_locale":"en_US","og_type":"article","og_title":"HA\u00cfTI - Librairie 7L","og_description":"C&#8217;est en 1984 que Bruce Gilden se rend pour la premi\u00e8re fois sur l&#8217;\u00eele d&#8217;Ha\u00efti, \u00e0 l&#8217;occasion des c\u00e9l\u00e8bres festivit\u00e9s de Mardi gras. Bruce Gilden d\u00e9couvre alors un territoire pauvre, en proie \u00e0 de nombreuses catastrophes naturelles, mais riche d&#8217;une \u00e9nergie unique. Gilden va tout d&#8217;abord, comme \u00e0 son habitude, s&#8217;\u00e9loigner des sentiers battus. Il [&hellip;]","og_url":"https:\/\/librairie7l.com\/en\/produit\/haiti-2\/","og_site_name":"Librairie 7L","article_modified_time":"2026-04-21T18:04:19+00:00","og_image":[{"width":500,"height":698,"url":"https:\/\/librairie7l.com\/wp-content\/uploads\/2023\/04\/9782365113717_1_75.jpg","type":"image\/jpeg"}],"twitter_card":"summary_large_image","twitter_misc":{"Est. reading time":"1 minute"},"schema":{"@context":"https:\/\/schema.org","@graph":[{"@type":"WebPage","@id":"https:\/\/librairie7l.com\/en\/produit\/haiti-2\/","url":"https:\/\/librairie7l.com\/en\/produit\/haiti-2\/","name":"HA\u00cfTI - Librairie 7L","isPartOf":{"@id":"https:\/\/librairie7l.com\/en\/#website"},"datePublished":"2023-09-14T23:16:16+00:00","dateModified":"2026-04-21T18:04:19+00:00","breadcrumb":{"@id":"https:\/\/librairie7l.com\/en\/produit\/haiti-2\/#breadcrumb"},"inLanguage":"en-US","potentialAction":[{"@type":"ReadAction","target":["https:\/\/librairie7l.com\/en\/produit\/haiti-2\/"]}]},{"@type":"BreadcrumbList","@id":"https:\/\/librairie7l.com\/en\/produit\/haiti-2\/#breadcrumb","itemListElement":[{"@type":"ListItem","position":1,"name":"Accueil","item":"https:\/\/librairie7l.com\/en\/"},{"@type":"ListItem","position":2,"name":"Shop","item":"https:\/\/librairie7l.com\/en\/shop\/"},{"@type":"ListItem","position":3,"name":"HA\u00cfTI"}]},{"@type":"WebSite","@id":"https:\/\/librairie7l.com\/en\/#website","url":"https:\/\/librairie7l.com\/en\/","name":"Librairie 7L","description":"Librairie fond\u00e9e en 1999 par Karl Lagerfeld \u00e0 Paris","publisher":{"@id":"https:\/\/librairie7l.com\/en\/#organization"},"potentialAction":[{"@type":"SearchAction","target":{"@type":"EntryPoint","urlTemplate":"https:\/\/librairie7l.com\/en\/?s={search_term_string}"},"query-input":"required name=search_term_string"}],"inLanguage":"en-US"},{"@type":"Organization","@id":"https:\/\/librairie7l.com\/en\/#organization","name":"Librairie 7L","url":"https:\/\/librairie7l.com\/en\/","logo":{"@type":"ImageObject","inLanguage":"en-US","@id":"https:\/\/librairie7l.com\/en\/#\/schema\/logo\/image\/","url":"https:\/\/librairie7l.com\/wp-content\/uploads\/2022\/08\/logo-1.png","contentUrl":"https:\/\/librairie7l.com\/wp-content\/uploads\/2022\/08\/logo-1.png","width":227,"height":301,"caption":"Librairie 7L"},"image":{"@id":"https:\/\/librairie7l.com\/en\/#\/schema\/logo\/image\/"}}]}},"_links":{"self":[{"href":"https:\/\/librairie7l.com\/en\/wp-json\/wp\/v2\/product\/33276"}],"collection":[{"href":"https:\/\/librairie7l.com\/en\/wp-json\/wp\/v2\/product"}],"about":[{"href":"https:\/\/librairie7l.com\/en\/wp-json\/wp\/v2\/types\/product"}],"wp:featuredmedia":[{"embeddable":true,"href":"https:\/\/librairie7l.com\/en\/wp-json\/wp\/v2\/media\/33274"}],"wp:attachment":[{"href":"https:\/\/librairie7l.com\/en\/wp-json\/wp\/v2\/media?parent=33276"}],"wp:term":[{"taxonomy":"product_cat","embeddable":true,"href":"https:\/\/librairie7l.com\/en\/wp-json\/wp\/v2\/product_cat?post=33276"},{"taxonomy":"product_tag","embeddable":true,"href":"https:\/\/librairie7l.com\/en\/wp-json\/wp\/v2\/product_tag?post=33276"}],"curies":[{"name":"wp","href":"https:\/\/api.w.org\/{rel}","templated":true}]}}