{"id":33284,"date":"2023-09-15T01:16:28","date_gmt":"2023-09-14T23:16:28","guid":{"rendered":"https:\/\/librairie7l.com\/?post_type=product&#038;p=33284"},"modified":"2026-04-05T15:25:52","modified_gmt":"2026-04-05T13:25:52","slug":"paris-fantomes-revenants-spectres-ames-errantes-et-esprits-frappeurs-echo","status":"publish","type":"product","link":"https:\/\/librairie7l.com\/en\/produit\/paris-fantomes-revenants-spectres-ames-errantes-et-esprits-frappeurs-echo\/","title":{"rendered":"PARIS FANT\u00d4MES : REVENANTS, SPECTRES, \u00c2MES ERRANTES ET ESPRITS FRAPPEURS&#8230; \u00c9CHOS D&#8217;OUTRE-TOMBE"},"content":{"rendered":"<p>Revenants, spectres, \u00e2mes errantes et esprits frappeurs&#8230; \u00e9chos d&#8217;outre-tombe Depuis la nuit des temps, des fant\u00f4mes hanteraient les replis secrets de Paris, cimeti\u00e8res, catacombes, ruines, palais abandonn\u00e9s et sombres venelles. \u00c0 chaque \u00e9poque, ses revenants. Si la Lut\u00e8ce gallo-romaine s&#8217;efforce de les contenir \u00e0 distance, la ville du Moyen \u00c2ge les c\u00e9l\u00e8bre dans d&#8217;\u00e9tranges danses macabres. La fascination pour les spectres ne faiblit pas \u00e0 l&#8217;\u00e2ge classique ni au si\u00e8cle des Lumi\u00e8res. Et, sous la R\u00e9volution, la guillotine tournant \u00e0 plein r\u00e9gime ne favorise pas le repos des \u00e2mes. Au XIXe si\u00e8cle, les bouleversements des grands travaux haussmanniens r\u00e9veillent encore farfadets et poltergeists. L&#8217;heure est au culte des esprits. Quelques ann\u00e9es et une guerre mondiale plus tard, des l\u00e9gions de morts laissent derri\u00e8re elles une arm\u00e9e de vivants avides de communiquer avec les disparus.<\/p>\n<p>Ces voix d&#8217;outre-tombe se sont-elles aujourd&#8217;hui \u00e9vapor\u00e9es dans les brumes du pass\u00e9 ? Rien n&#8217;est moins s\u00fbr&#8230;<\/p>\n","protected":false},"excerpt":{"rendered":"<p>Revenants, spectres, \u00e2mes errantes et esprits frappeurs&#8230; \u00e9chos d&#8217;outre-tombe Depuis la nuit des temps, des fant\u00f4mes hanteraient les replis secrets de Paris, cimeti\u00e8res, catacombes, ruines, palais abandonn\u00e9s et sombres venelles. \u00c0 chaque \u00e9poque, ses revenants. Si la Lut\u00e8ce gallo-romaine s&#8217;efforce de les contenir \u00e0 distance, la ville du Moyen \u00c2ge les c\u00e9l\u00e8bre dans d&#8217;\u00e9tranges danses [&hellip;]<\/p>\n","protected":false},"featured_media":33282,"template":"","meta":[],"product_cat":[2948,2958],"product_tag":[],"acf":[],"yoast_head":"<!-- This site is optimized with the Yoast SEO plugin v20.11 - https:\/\/yoast.com\/wordpress\/plugins\/seo\/ -->\n<title>PARIS FANT\u00d4MES : REVENANTS, SPECTRES, \u00c2MES ERRANTES ET ESPRITS FRAPPEURS... \u00c9CHOS D&#039;OUTRE-TOMBE - Librairie 7L<\/title>\n<meta name=\"robots\" content=\"index, follow, max-snippet:-1, max-image-preview:large, max-video-preview:-1\" \/>\n<link rel=\"canonical\" href=\"https:\/\/librairie7l.com\/en\/produit\/paris-fantomes-revenants-spectres-ames-errantes-et-esprits-frappeurs-echo\/\" \/>\n<meta property=\"og:locale\" content=\"en_US\" \/>\n<meta property=\"og:type\" content=\"article\" \/>\n<meta property=\"og:title\" content=\"PARIS FANT\u00d4MES : REVENANTS, SPECTRES, \u00c2MES ERRANTES ET ESPRITS FRAPPEURS... \u00c9CHOS D&#039;OUTRE-TOMBE - Librairie 7L\" \/>\n<meta property=\"og:description\" content=\"Revenants, spectres, \u00e2mes errantes et esprits frappeurs&#8230; \u00e9chos d&#8217;outre-tombe Depuis la nuit des temps, des fant\u00f4mes hanteraient les replis secrets de Paris, cimeti\u00e8res, catacombes, ruines, palais abandonn\u00e9s et sombres venelles. \u00c0 chaque \u00e9poque, ses revenants. Si la Lut\u00e8ce gallo-romaine s&#8217;efforce de les contenir \u00e0 distance, la ville du Moyen \u00c2ge les c\u00e9l\u00e8bre dans d&#8217;\u00e9tranges danses [&hellip;]\" \/>\n<meta property=\"og:url\" content=\"https:\/\/librairie7l.com\/en\/produit\/paris-fantomes-revenants-spectres-ames-errantes-et-esprits-frappeurs-echo\/\" \/>\n<meta property=\"og:site_name\" content=\"Librairie 7L\" \/>\n<meta property=\"article:modified_time\" content=\"2026-04-05T13:25:52+00:00\" \/>\n<meta property=\"og:image\" content=\"https:\/\/librairie7l.com\/wp-content\/uploads\/2023\/06\/9782373951875_1_75.jpg\" \/>\n\t<meta property=\"og:image:width\" content=\"400\" \/>\n\t<meta property=\"og:image:height\" content=\"560\" \/>\n\t<meta property=\"og:image:type\" content=\"image\/jpeg\" \/>\n<meta name=\"twitter:card\" content=\"summary_large_image\" \/>\n<meta name=\"twitter:label1\" content=\"Est. reading time\" \/>\n\t<meta name=\"twitter:data1\" content=\"1 minute\" \/>\n<script type=\"application\/ld+json\" class=\"yoast-schema-graph\">{\"@context\":\"https:\/\/schema.org\",\"@graph\":[{\"@type\":\"WebPage\",\"@id\":\"https:\/\/librairie7l.com\/en\/produit\/paris-fantomes-revenants-spectres-ames-errantes-et-esprits-frappeurs-echo\/\",\"url\":\"https:\/\/librairie7l.com\/en\/produit\/paris-fantomes-revenants-spectres-ames-errantes-et-esprits-frappeurs-echo\/\",\"name\":\"PARIS FANT\u00d4MES : REVENANTS, SPECTRES, \u00c2MES ERRANTES ET ESPRITS FRAPPEURS... \u00c9CHOS D'OUTRE-TOMBE - Librairie 7L\",\"isPartOf\":{\"@id\":\"https:\/\/librairie7l.com\/en\/#website\"},\"datePublished\":\"2023-09-14T23:16:28+00:00\",\"dateModified\":\"2026-04-05T13:25:52+00:00\",\"breadcrumb\":{\"@id\":\"https:\/\/librairie7l.com\/en\/produit\/paris-fantomes-revenants-spectres-ames-errantes-et-esprits-frappeurs-echo\/#breadcrumb\"},\"inLanguage\":\"en-US\",\"potentialAction\":[{\"@type\":\"ReadAction\",\"target\":[\"https:\/\/librairie7l.com\/en\/produit\/paris-fantomes-revenants-spectres-ames-errantes-et-esprits-frappeurs-echo\/\"]}]},{\"@type\":\"BreadcrumbList\",\"@id\":\"https:\/\/librairie7l.com\/en\/produit\/paris-fantomes-revenants-spectres-ames-errantes-et-esprits-frappeurs-echo\/#breadcrumb\",\"itemListElement\":[{\"@type\":\"ListItem\",\"position\":1,\"name\":\"Accueil\",\"item\":\"https:\/\/librairie7l.com\/en\/\"},{\"@type\":\"ListItem\",\"position\":2,\"name\":\"Shop\",\"item\":\"https:\/\/librairie7l.com\/en\/shop\/\"},{\"@type\":\"ListItem\",\"position\":3,\"name\":\"PARIS FANT\u00d4MES : REVENANTS, SPECTRES, \u00c2MES ERRANTES ET ESPRITS FRAPPEURS&#8230; \u00c9CHOS D&#8217;OUTRE-TOMBE\"}]},{\"@type\":\"WebSite\",\"@id\":\"https:\/\/librairie7l.com\/en\/#website\",\"url\":\"https:\/\/librairie7l.com\/en\/\",\"name\":\"Librairie 7L\",\"description\":\"Librairie fond\u00e9e en 1999 par Karl Lagerfeld \u00e0 Paris\",\"publisher\":{\"@id\":\"https:\/\/librairie7l.com\/en\/#organization\"},\"potentialAction\":[{\"@type\":\"SearchAction\",\"target\":{\"@type\":\"EntryPoint\",\"urlTemplate\":\"https:\/\/librairie7l.com\/en\/?s={search_term_string}\"},\"query-input\":\"required name=search_term_string\"}],\"inLanguage\":\"en-US\"},{\"@type\":\"Organization\",\"@id\":\"https:\/\/librairie7l.com\/en\/#organization\",\"name\":\"Librairie 7L\",\"url\":\"https:\/\/librairie7l.com\/en\/\",\"logo\":{\"@type\":\"ImageObject\",\"inLanguage\":\"en-US\",\"@id\":\"https:\/\/librairie7l.com\/en\/#\/schema\/logo\/image\/\",\"url\":\"https:\/\/librairie7l.com\/wp-content\/uploads\/2022\/08\/logo-1.png\",\"contentUrl\":\"https:\/\/librairie7l.com\/wp-content\/uploads\/2022\/08\/logo-1.png\",\"width\":227,\"height\":301,\"caption\":\"Librairie 7L\"},\"image\":{\"@id\":\"https:\/\/librairie7l.com\/en\/#\/schema\/logo\/image\/\"}}]}<\/script>\n<!-- \/ Yoast SEO plugin. -->","yoast_head_json":{"title":"PARIS FANT\u00d4MES : REVENANTS, SPECTRES, \u00c2MES ERRANTES ET ESPRITS FRAPPEURS... \u00c9CHOS D'OUTRE-TOMBE - Librairie 7L","robots":{"index":"index","follow":"follow","max-snippet":"max-snippet:-1","max-image-preview":"max-image-preview:large","max-video-preview":"max-video-preview:-1"},"canonical":"https:\/\/librairie7l.com\/en\/produit\/paris-fantomes-revenants-spectres-ames-errantes-et-esprits-frappeurs-echo\/","og_locale":"en_US","og_type":"article","og_title":"PARIS FANT\u00d4MES : REVENANTS, SPECTRES, \u00c2MES ERRANTES ET ESPRITS FRAPPEURS... \u00c9CHOS D'OUTRE-TOMBE - Librairie 7L","og_description":"Revenants, spectres, \u00e2mes errantes et esprits frappeurs&#8230; \u00e9chos d&#8217;outre-tombe Depuis la nuit des temps, des fant\u00f4mes hanteraient les replis secrets de Paris, cimeti\u00e8res, catacombes, ruines, palais abandonn\u00e9s et sombres venelles. \u00c0 chaque \u00e9poque, ses revenants. Si la Lut\u00e8ce gallo-romaine s&#8217;efforce de les contenir \u00e0 distance, la ville du Moyen \u00c2ge les c\u00e9l\u00e8bre dans d&#8217;\u00e9tranges danses [&hellip;]","og_url":"https:\/\/librairie7l.com\/en\/produit\/paris-fantomes-revenants-spectres-ames-errantes-et-esprits-frappeurs-echo\/","og_site_name":"Librairie 7L","article_modified_time":"2026-04-05T13:25:52+00:00","og_image":[{"width":400,"height":560,"url":"https:\/\/librairie7l.com\/wp-content\/uploads\/2023\/06\/9782373951875_1_75.jpg","type":"image\/jpeg"}],"twitter_card":"summary_large_image","twitter_misc":{"Est. reading time":"1 minute"},"schema":{"@context":"https:\/\/schema.org","@graph":[{"@type":"WebPage","@id":"https:\/\/librairie7l.com\/en\/produit\/paris-fantomes-revenants-spectres-ames-errantes-et-esprits-frappeurs-echo\/","url":"https:\/\/librairie7l.com\/en\/produit\/paris-fantomes-revenants-spectres-ames-errantes-et-esprits-frappeurs-echo\/","name":"PARIS FANT\u00d4MES : REVENANTS, SPECTRES, \u00c2MES ERRANTES ET ESPRITS FRAPPEURS... \u00c9CHOS D'OUTRE-TOMBE - Librairie 7L","isPartOf":{"@id":"https:\/\/librairie7l.com\/en\/#website"},"datePublished":"2023-09-14T23:16:28+00:00","dateModified":"2026-04-05T13:25:52+00:00","breadcrumb":{"@id":"https:\/\/librairie7l.com\/en\/produit\/paris-fantomes-revenants-spectres-ames-errantes-et-esprits-frappeurs-echo\/#breadcrumb"},"inLanguage":"en-US","potentialAction":[{"@type":"ReadAction","target":["https:\/\/librairie7l.com\/en\/produit\/paris-fantomes-revenants-spectres-ames-errantes-et-esprits-frappeurs-echo\/"]}]},{"@type":"BreadcrumbList","@id":"https:\/\/librairie7l.com\/en\/produit\/paris-fantomes-revenants-spectres-ames-errantes-et-esprits-frappeurs-echo\/#breadcrumb","itemListElement":[{"@type":"ListItem","position":1,"name":"Accueil","item":"https:\/\/librairie7l.com\/en\/"},{"@type":"ListItem","position":2,"name":"Shop","item":"https:\/\/librairie7l.com\/en\/shop\/"},{"@type":"ListItem","position":3,"name":"PARIS FANT\u00d4MES : REVENANTS, SPECTRES, \u00c2MES ERRANTES ET ESPRITS FRAPPEURS&#8230; \u00c9CHOS D&#8217;OUTRE-TOMBE"}]},{"@type":"WebSite","@id":"https:\/\/librairie7l.com\/en\/#website","url":"https:\/\/librairie7l.com\/en\/","name":"Librairie 7L","description":"Librairie fond\u00e9e en 1999 par Karl Lagerfeld \u00e0 Paris","publisher":{"@id":"https:\/\/librairie7l.com\/en\/#organization"},"potentialAction":[{"@type":"SearchAction","target":{"@type":"EntryPoint","urlTemplate":"https:\/\/librairie7l.com\/en\/?s={search_term_string}"},"query-input":"required name=search_term_string"}],"inLanguage":"en-US"},{"@type":"Organization","@id":"https:\/\/librairie7l.com\/en\/#organization","name":"Librairie 7L","url":"https:\/\/librairie7l.com\/en\/","logo":{"@type":"ImageObject","inLanguage":"en-US","@id":"https:\/\/librairie7l.com\/en\/#\/schema\/logo\/image\/","url":"https:\/\/librairie7l.com\/wp-content\/uploads\/2022\/08\/logo-1.png","contentUrl":"https:\/\/librairie7l.com\/wp-content\/uploads\/2022\/08\/logo-1.png","width":227,"height":301,"caption":"Librairie 7L"},"image":{"@id":"https:\/\/librairie7l.com\/en\/#\/schema\/logo\/image\/"}}]}},"_links":{"self":[{"href":"https:\/\/librairie7l.com\/en\/wp-json\/wp\/v2\/product\/33284"}],"collection":[{"href":"https:\/\/librairie7l.com\/en\/wp-json\/wp\/v2\/product"}],"about":[{"href":"https:\/\/librairie7l.com\/en\/wp-json\/wp\/v2\/types\/product"}],"wp:featuredmedia":[{"embeddable":true,"href":"https:\/\/librairie7l.com\/en\/wp-json\/wp\/v2\/media\/33282"}],"wp:attachment":[{"href":"https:\/\/librairie7l.com\/en\/wp-json\/wp\/v2\/media?parent=33284"}],"wp:term":[{"taxonomy":"product_cat","embeddable":true,"href":"https:\/\/librairie7l.com\/en\/wp-json\/wp\/v2\/product_cat?post=33284"},{"taxonomy":"product_tag","embeddable":true,"href":"https:\/\/librairie7l.com\/en\/wp-json\/wp\/v2\/product_tag?post=33284"}],"curies":[{"name":"wp","href":"https:\/\/api.w.org\/{rel}","templated":true}]}}