{"id":33292,"date":"2023-09-14T01:16:27","date_gmt":"2023-09-13T23:16:27","guid":{"rendered":"https:\/\/librairie7l.com\/?post_type=product&#038;p=33292"},"modified":"2026-04-08T03:37:47","modified_gmt":"2026-04-08T01:37:47","slug":"gertrude-stein-et-pablo-picasso-linvention-du-langage","status":"publish","type":"product","link":"https:\/\/librairie7l.com\/en\/produit\/gertrude-stein-et-pablo-picasso-linvention-du-langage\/","title":{"rendered":"GERTRUDE STEIN ET PABLO PICASSO, L&#8217;INVENTION DU LANGAGE"},"content":{"rendered":"<p>Une exploration de l&#8217;amiti\u00e9 entre G. Stein et P. Picasso, qui s&#8217;est cristallis\u00e9e autour de leurs approches respectives du cubisme. Des parall\u00e8les entre les textes de la po\u00e9tesse et les toiles du peintre rendent compte des similitudes entre leurs cr\u00e9ations litt\u00e9raires et picturales. L&#8217;h\u00e9ritage esth\u00e9tique de l&#8217;\u00e9crivaine aupr\u00e8s des artistes contemporains am\u00e9ricains est \u00e9galement abord\u00e9.<\/p>\n","protected":false},"excerpt":{"rendered":"<p>Une exploration de l&#8217;amiti\u00e9 entre G. Stein et P. Picasso, qui s&#8217;est cristallis\u00e9e autour de leurs approches respectives du cubisme. Des parall\u00e8les entre les textes de la po\u00e9tesse et les toiles du peintre rendent compte des similitudes entre leurs cr\u00e9ations litt\u00e9raires et picturales. L&#8217;h\u00e9ritage esth\u00e9tique de l&#8217;\u00e9crivaine aupr\u00e8s des artistes contemporains am\u00e9ricains est \u00e9galement abord\u00e9.<\/p>\n","protected":false},"featured_media":33290,"template":"","meta":[],"product_cat":[2948,2953],"product_tag":[],"acf":[],"yoast_head":"<!-- This site is optimized with the Yoast SEO plugin v20.11 - https:\/\/yoast.com\/wordpress\/plugins\/seo\/ -->\n<title>GERTRUDE STEIN ET PABLO PICASSO, L&#039;INVENTION DU LANGAGE - Librairie 7L<\/title>\n<meta name=\"robots\" content=\"index, follow, max-snippet:-1, max-image-preview:large, max-video-preview:-1\" \/>\n<link rel=\"canonical\" href=\"https:\/\/librairie7l.com\/en\/produit\/gertrude-stein-et-pablo-picasso-linvention-du-langage\/\" \/>\n<meta property=\"og:locale\" content=\"en_US\" \/>\n<meta property=\"og:type\" content=\"article\" \/>\n<meta property=\"og:title\" content=\"GERTRUDE STEIN ET PABLO PICASSO, L&#039;INVENTION DU LANGAGE - Librairie 7L\" \/>\n<meta property=\"og:description\" content=\"Une exploration de l&#8217;amiti\u00e9 entre G. Stein et P. Picasso, qui s&#8217;est cristallis\u00e9e autour de leurs approches respectives du cubisme. Des parall\u00e8les entre les textes de la po\u00e9tesse et les toiles du peintre rendent compte des similitudes entre leurs cr\u00e9ations litt\u00e9raires et picturales. L&#8217;h\u00e9ritage esth\u00e9tique de l&#8217;\u00e9crivaine aupr\u00e8s des artistes contemporains am\u00e9ricains est \u00e9galement abord\u00e9.\" \/>\n<meta property=\"og:url\" content=\"https:\/\/librairie7l.com\/en\/produit\/gertrude-stein-et-pablo-picasso-linvention-du-langage\/\" \/>\n<meta property=\"og:site_name\" content=\"Librairie 7L\" \/>\n<meta property=\"article:modified_time\" content=\"2026-04-08T01:37:47+00:00\" \/>\n<meta property=\"og:image\" content=\"https:\/\/librairie7l.com\/wp-content\/uploads\/2023\/04\/9782711879779_1_75.jpg\" \/>\n\t<meta property=\"og:image:width\" content=\"600\" \/>\n\t<meta property=\"og:image:height\" content=\"869\" \/>\n\t<meta property=\"og:image:type\" content=\"image\/jpeg\" \/>\n<meta name=\"twitter:card\" content=\"summary_large_image\" \/>\n<script type=\"application\/ld+json\" class=\"yoast-schema-graph\">{\"@context\":\"https:\/\/schema.org\",\"@graph\":[{\"@type\":\"WebPage\",\"@id\":\"https:\/\/librairie7l.com\/en\/produit\/gertrude-stein-et-pablo-picasso-linvention-du-langage\/\",\"url\":\"https:\/\/librairie7l.com\/en\/produit\/gertrude-stein-et-pablo-picasso-linvention-du-langage\/\",\"name\":\"GERTRUDE STEIN ET PABLO PICASSO, L'INVENTION DU LANGAGE - Librairie 7L\",\"isPartOf\":{\"@id\":\"https:\/\/librairie7l.com\/en\/#website\"},\"datePublished\":\"2023-09-13T23:16:27+00:00\",\"dateModified\":\"2026-04-08T01:37:47+00:00\",\"breadcrumb\":{\"@id\":\"https:\/\/librairie7l.com\/en\/produit\/gertrude-stein-et-pablo-picasso-linvention-du-langage\/#breadcrumb\"},\"inLanguage\":\"en-US\",\"potentialAction\":[{\"@type\":\"ReadAction\",\"target\":[\"https:\/\/librairie7l.com\/en\/produit\/gertrude-stein-et-pablo-picasso-linvention-du-langage\/\"]}]},{\"@type\":\"BreadcrumbList\",\"@id\":\"https:\/\/librairie7l.com\/en\/produit\/gertrude-stein-et-pablo-picasso-linvention-du-langage\/#breadcrumb\",\"itemListElement\":[{\"@type\":\"ListItem\",\"position\":1,\"name\":\"Accueil\",\"item\":\"https:\/\/librairie7l.com\/en\/\"},{\"@type\":\"ListItem\",\"position\":2,\"name\":\"Shop\",\"item\":\"https:\/\/librairie7l.com\/en\/shop\/\"},{\"@type\":\"ListItem\",\"position\":3,\"name\":\"GERTRUDE STEIN ET PABLO PICASSO, L&#8217;INVENTION DU LANGAGE\"}]},{\"@type\":\"WebSite\",\"@id\":\"https:\/\/librairie7l.com\/en\/#website\",\"url\":\"https:\/\/librairie7l.com\/en\/\",\"name\":\"Librairie 7L\",\"description\":\"Librairie fond\u00e9e en 1999 par Karl Lagerfeld \u00e0 Paris\",\"publisher\":{\"@id\":\"https:\/\/librairie7l.com\/en\/#organization\"},\"potentialAction\":[{\"@type\":\"SearchAction\",\"target\":{\"@type\":\"EntryPoint\",\"urlTemplate\":\"https:\/\/librairie7l.com\/en\/?s={search_term_string}\"},\"query-input\":\"required name=search_term_string\"}],\"inLanguage\":\"en-US\"},{\"@type\":\"Organization\",\"@id\":\"https:\/\/librairie7l.com\/en\/#organization\",\"name\":\"Librairie 7L\",\"url\":\"https:\/\/librairie7l.com\/en\/\",\"logo\":{\"@type\":\"ImageObject\",\"inLanguage\":\"en-US\",\"@id\":\"https:\/\/librairie7l.com\/en\/#\/schema\/logo\/image\/\",\"url\":\"https:\/\/librairie7l.com\/wp-content\/uploads\/2022\/08\/logo-1.png\",\"contentUrl\":\"https:\/\/librairie7l.com\/wp-content\/uploads\/2022\/08\/logo-1.png\",\"width\":227,\"height\":301,\"caption\":\"Librairie 7L\"},\"image\":{\"@id\":\"https:\/\/librairie7l.com\/en\/#\/schema\/logo\/image\/\"}}]}<\/script>\n<!-- \/ Yoast SEO plugin. -->","yoast_head_json":{"title":"GERTRUDE STEIN ET PABLO PICASSO, L'INVENTION DU LANGAGE - Librairie 7L","robots":{"index":"index","follow":"follow","max-snippet":"max-snippet:-1","max-image-preview":"max-image-preview:large","max-video-preview":"max-video-preview:-1"},"canonical":"https:\/\/librairie7l.com\/en\/produit\/gertrude-stein-et-pablo-picasso-linvention-du-langage\/","og_locale":"en_US","og_type":"article","og_title":"GERTRUDE STEIN ET PABLO PICASSO, L'INVENTION DU LANGAGE - Librairie 7L","og_description":"Une exploration de l&#8217;amiti\u00e9 entre G. Stein et P. Picasso, qui s&#8217;est cristallis\u00e9e autour de leurs approches respectives du cubisme. Des parall\u00e8les entre les textes de la po\u00e9tesse et les toiles du peintre rendent compte des similitudes entre leurs cr\u00e9ations litt\u00e9raires et picturales. L&#8217;h\u00e9ritage esth\u00e9tique de l&#8217;\u00e9crivaine aupr\u00e8s des artistes contemporains am\u00e9ricains est \u00e9galement abord\u00e9.","og_url":"https:\/\/librairie7l.com\/en\/produit\/gertrude-stein-et-pablo-picasso-linvention-du-langage\/","og_site_name":"Librairie 7L","article_modified_time":"2026-04-08T01:37:47+00:00","og_image":[{"width":600,"height":869,"url":"https:\/\/librairie7l.com\/wp-content\/uploads\/2023\/04\/9782711879779_1_75.jpg","type":"image\/jpeg"}],"twitter_card":"summary_large_image","schema":{"@context":"https:\/\/schema.org","@graph":[{"@type":"WebPage","@id":"https:\/\/librairie7l.com\/en\/produit\/gertrude-stein-et-pablo-picasso-linvention-du-langage\/","url":"https:\/\/librairie7l.com\/en\/produit\/gertrude-stein-et-pablo-picasso-linvention-du-langage\/","name":"GERTRUDE STEIN ET PABLO PICASSO, L'INVENTION DU LANGAGE - Librairie 7L","isPartOf":{"@id":"https:\/\/librairie7l.com\/en\/#website"},"datePublished":"2023-09-13T23:16:27+00:00","dateModified":"2026-04-08T01:37:47+00:00","breadcrumb":{"@id":"https:\/\/librairie7l.com\/en\/produit\/gertrude-stein-et-pablo-picasso-linvention-du-langage\/#breadcrumb"},"inLanguage":"en-US","potentialAction":[{"@type":"ReadAction","target":["https:\/\/librairie7l.com\/en\/produit\/gertrude-stein-et-pablo-picasso-linvention-du-langage\/"]}]},{"@type":"BreadcrumbList","@id":"https:\/\/librairie7l.com\/en\/produit\/gertrude-stein-et-pablo-picasso-linvention-du-langage\/#breadcrumb","itemListElement":[{"@type":"ListItem","position":1,"name":"Accueil","item":"https:\/\/librairie7l.com\/en\/"},{"@type":"ListItem","position":2,"name":"Shop","item":"https:\/\/librairie7l.com\/en\/shop\/"},{"@type":"ListItem","position":3,"name":"GERTRUDE STEIN ET PABLO PICASSO, L&#8217;INVENTION DU LANGAGE"}]},{"@type":"WebSite","@id":"https:\/\/librairie7l.com\/en\/#website","url":"https:\/\/librairie7l.com\/en\/","name":"Librairie 7L","description":"Librairie fond\u00e9e en 1999 par Karl Lagerfeld \u00e0 Paris","publisher":{"@id":"https:\/\/librairie7l.com\/en\/#organization"},"potentialAction":[{"@type":"SearchAction","target":{"@type":"EntryPoint","urlTemplate":"https:\/\/librairie7l.com\/en\/?s={search_term_string}"},"query-input":"required name=search_term_string"}],"inLanguage":"en-US"},{"@type":"Organization","@id":"https:\/\/librairie7l.com\/en\/#organization","name":"Librairie 7L","url":"https:\/\/librairie7l.com\/en\/","logo":{"@type":"ImageObject","inLanguage":"en-US","@id":"https:\/\/librairie7l.com\/en\/#\/schema\/logo\/image\/","url":"https:\/\/librairie7l.com\/wp-content\/uploads\/2022\/08\/logo-1.png","contentUrl":"https:\/\/librairie7l.com\/wp-content\/uploads\/2022\/08\/logo-1.png","width":227,"height":301,"caption":"Librairie 7L"},"image":{"@id":"https:\/\/librairie7l.com\/en\/#\/schema\/logo\/image\/"}}]}},"_links":{"self":[{"href":"https:\/\/librairie7l.com\/en\/wp-json\/wp\/v2\/product\/33292"}],"collection":[{"href":"https:\/\/librairie7l.com\/en\/wp-json\/wp\/v2\/product"}],"about":[{"href":"https:\/\/librairie7l.com\/en\/wp-json\/wp\/v2\/types\/product"}],"wp:featuredmedia":[{"embeddable":true,"href":"https:\/\/librairie7l.com\/en\/wp-json\/wp\/v2\/media\/33290"}],"wp:attachment":[{"href":"https:\/\/librairie7l.com\/en\/wp-json\/wp\/v2\/media?parent=33292"}],"wp:term":[{"taxonomy":"product_cat","embeddable":true,"href":"https:\/\/librairie7l.com\/en\/wp-json\/wp\/v2\/product_cat?post=33292"},{"taxonomy":"product_tag","embeddable":true,"href":"https:\/\/librairie7l.com\/en\/wp-json\/wp\/v2\/product_tag?post=33292"}],"curies":[{"name":"wp","href":"https:\/\/api.w.org\/{rel}","templated":true}]}}