{"id":33300,"date":"2023-09-14T01:16:31","date_gmt":"2023-09-13T23:16:31","guid":{"rendered":"https:\/\/librairie7l.com\/?post_type=product&#038;p=33300"},"modified":"2026-04-25T01:11:24","modified_gmt":"2026-04-24T23:11:24","slug":"paul-guillaume-marchand-dart-et-collectionneur-1891-1934","status":"publish","type":"product","link":"https:\/\/librairie7l.com\/en\/produit\/paul-guillaume-marchand-dart-et-collectionneur-1891-1934\/","title":{"rendered":"PAUL GUILLAUME : MARCHAND D&#8217;ART ET COLLECTIONNEUR (1891-1934)"},"content":{"rendered":"<p>\u00abTous les Parisiens connaissent la boutique de la rue la Bo\u00e9tie o\u00f9 une devanture toujours pittoresque assemblait des masques n\u00e8gres, des bijoux \u00e9thiopiens et des toiles de Kwapil, Derain, Vlaminck, Chirico, Utrillo.\u00bb La Femme de France, 1934 Charmeur, ambitieux, visionnaire, passionn\u00e9 de peinture mais aussi des arts d&#8217;Afrique et d&#8217;Oc\u00e9anie : qui \u00e9tait vraiment Paul Guillaume ? Jeune homme issu d&#8217;un milieu modeste, il est devenu l&#8217;un des marchands et collectionneurs d&#8217;art moderne et d&#8217;art africain les plus importants de l&#8217;Europe des ann\u00e9es 1914-1934 vivant entour\u00e9 d&#8217;oeuvres de Modigliani, Soutine, Matisse ou encore Picasso. Trois rencontres ont \u00e9t\u00e9 d\u00e9cisives dans l&#8217;ascension fulgurante de ce redoutable homme d&#8217;affaires, celle du po\u00e8te Guillaume Apollinaire, du collectionneur am\u00e9ricain Albert Barnes, et de son \u00e9pouse Juliette Lacaze. \u00c0 travers son histoire, d\u00e9couvrez le destin d&#8217;oeuvres majeures du XIX? et du d\u00e9but du XX? si\u00e8cle que l&#8217;on peut admirer au mus\u00e9e de l&#8217;Orangerie.<\/p>\n","protected":false},"excerpt":{"rendered":"<p>\u00abTous les Parisiens connaissent la boutique de la rue la Bo\u00e9tie o\u00f9 une devanture toujours pittoresque assemblait des masques n\u00e8gres, des bijoux \u00e9thiopiens et des toiles de Kwapil, Derain, Vlaminck, Chirico, Utrillo.\u00bb La Femme de France, 1934 Charmeur, ambitieux, visionnaire, passionn\u00e9 de peinture mais aussi des arts d&#8217;Afrique et d&#8217;Oc\u00e9anie : qui \u00e9tait vraiment Paul [&hellip;]<\/p>\n","protected":false},"featured_media":33298,"template":"","meta":[],"product_cat":[2948,2953],"product_tag":[],"acf":[],"yoast_head":"<!-- This site is optimized with the Yoast SEO plugin v20.11 - https:\/\/yoast.com\/wordpress\/plugins\/seo\/ -->\n<title>PAUL GUILLAUME : MARCHAND D&#039;ART ET COLLECTIONNEUR (1891-1934) - Librairie 7L<\/title>\n<meta name=\"robots\" content=\"index, follow, max-snippet:-1, max-image-preview:large, max-video-preview:-1\" \/>\n<link rel=\"canonical\" href=\"https:\/\/librairie7l.com\/en\/produit\/paul-guillaume-marchand-dart-et-collectionneur-1891-1934\/\" \/>\n<meta property=\"og:locale\" content=\"en_US\" \/>\n<meta property=\"og:type\" content=\"article\" \/>\n<meta property=\"og:title\" content=\"PAUL GUILLAUME : MARCHAND D&#039;ART ET COLLECTIONNEUR (1891-1934) - Librairie 7L\" \/>\n<meta property=\"og:description\" content=\"\u00abTous les Parisiens connaissent la boutique de la rue la Bo\u00e9tie o\u00f9 une devanture toujours pittoresque assemblait des masques n\u00e8gres, des bijoux \u00e9thiopiens et des toiles de Kwapil, Derain, Vlaminck, Chirico, Utrillo.\u00bb La Femme de France, 1934 Charmeur, ambitieux, visionnaire, passionn\u00e9 de peinture mais aussi des arts d&#8217;Afrique et d&#8217;Oc\u00e9anie : qui \u00e9tait vraiment Paul [&hellip;]\" \/>\n<meta property=\"og:url\" content=\"https:\/\/librairie7l.com\/en\/produit\/paul-guillaume-marchand-dart-et-collectionneur-1891-1934\/\" \/>\n<meta property=\"og:site_name\" content=\"Librairie 7L\" \/>\n<meta property=\"article:modified_time\" content=\"2026-04-24T23:11:24+00:00\" \/>\n<meta property=\"og:image\" content=\"https:\/\/librairie7l.com\/wp-content\/uploads\/2023\/04\/9782080431271_1_75.jpg\" \/>\n\t<meta property=\"og:image:width\" content=\"600\" \/>\n\t<meta property=\"og:image:height\" content=\"909\" \/>\n\t<meta property=\"og:image:type\" content=\"image\/jpeg\" \/>\n<meta name=\"twitter:card\" content=\"summary_large_image\" \/>\n<meta name=\"twitter:label1\" content=\"Est. reading time\" \/>\n\t<meta name=\"twitter:data1\" content=\"1 minute\" \/>\n<script type=\"application\/ld+json\" class=\"yoast-schema-graph\">{\"@context\":\"https:\/\/schema.org\",\"@graph\":[{\"@type\":\"WebPage\",\"@id\":\"https:\/\/librairie7l.com\/en\/produit\/paul-guillaume-marchand-dart-et-collectionneur-1891-1934\/\",\"url\":\"https:\/\/librairie7l.com\/en\/produit\/paul-guillaume-marchand-dart-et-collectionneur-1891-1934\/\",\"name\":\"PAUL GUILLAUME : MARCHAND D'ART ET COLLECTIONNEUR (1891-1934) - Librairie 7L\",\"isPartOf\":{\"@id\":\"https:\/\/librairie7l.com\/en\/#website\"},\"datePublished\":\"2023-09-13T23:16:31+00:00\",\"dateModified\":\"2026-04-24T23:11:24+00:00\",\"breadcrumb\":{\"@id\":\"https:\/\/librairie7l.com\/en\/produit\/paul-guillaume-marchand-dart-et-collectionneur-1891-1934\/#breadcrumb\"},\"inLanguage\":\"en-US\",\"potentialAction\":[{\"@type\":\"ReadAction\",\"target\":[\"https:\/\/librairie7l.com\/en\/produit\/paul-guillaume-marchand-dart-et-collectionneur-1891-1934\/\"]}]},{\"@type\":\"BreadcrumbList\",\"@id\":\"https:\/\/librairie7l.com\/en\/produit\/paul-guillaume-marchand-dart-et-collectionneur-1891-1934\/#breadcrumb\",\"itemListElement\":[{\"@type\":\"ListItem\",\"position\":1,\"name\":\"Accueil\",\"item\":\"https:\/\/librairie7l.com\/en\/\"},{\"@type\":\"ListItem\",\"position\":2,\"name\":\"Shop\",\"item\":\"https:\/\/librairie7l.com\/en\/shop\/\"},{\"@type\":\"ListItem\",\"position\":3,\"name\":\"PAUL GUILLAUME : MARCHAND D&#8217;ART ET COLLECTIONNEUR (1891-1934)\"}]},{\"@type\":\"WebSite\",\"@id\":\"https:\/\/librairie7l.com\/en\/#website\",\"url\":\"https:\/\/librairie7l.com\/en\/\",\"name\":\"Librairie 7L\",\"description\":\"Librairie fond\u00e9e en 1999 par Karl Lagerfeld \u00e0 Paris\",\"publisher\":{\"@id\":\"https:\/\/librairie7l.com\/en\/#organization\"},\"potentialAction\":[{\"@type\":\"SearchAction\",\"target\":{\"@type\":\"EntryPoint\",\"urlTemplate\":\"https:\/\/librairie7l.com\/en\/?s={search_term_string}\"},\"query-input\":\"required name=search_term_string\"}],\"inLanguage\":\"en-US\"},{\"@type\":\"Organization\",\"@id\":\"https:\/\/librairie7l.com\/en\/#organization\",\"name\":\"Librairie 7L\",\"url\":\"https:\/\/librairie7l.com\/en\/\",\"logo\":{\"@type\":\"ImageObject\",\"inLanguage\":\"en-US\",\"@id\":\"https:\/\/librairie7l.com\/en\/#\/schema\/logo\/image\/\",\"url\":\"https:\/\/librairie7l.com\/wp-content\/uploads\/2022\/08\/logo-1.png\",\"contentUrl\":\"https:\/\/librairie7l.com\/wp-content\/uploads\/2022\/08\/logo-1.png\",\"width\":227,\"height\":301,\"caption\":\"Librairie 7L\"},\"image\":{\"@id\":\"https:\/\/librairie7l.com\/en\/#\/schema\/logo\/image\/\"}}]}<\/script>\n<!-- \/ Yoast SEO plugin. -->","yoast_head_json":{"title":"PAUL GUILLAUME : MARCHAND D'ART ET COLLECTIONNEUR (1891-1934) - Librairie 7L","robots":{"index":"index","follow":"follow","max-snippet":"max-snippet:-1","max-image-preview":"max-image-preview:large","max-video-preview":"max-video-preview:-1"},"canonical":"https:\/\/librairie7l.com\/en\/produit\/paul-guillaume-marchand-dart-et-collectionneur-1891-1934\/","og_locale":"en_US","og_type":"article","og_title":"PAUL GUILLAUME : MARCHAND D'ART ET COLLECTIONNEUR (1891-1934) - Librairie 7L","og_description":"\u00abTous les Parisiens connaissent la boutique de la rue la Bo\u00e9tie o\u00f9 une devanture toujours pittoresque assemblait des masques n\u00e8gres, des bijoux \u00e9thiopiens et des toiles de Kwapil, Derain, Vlaminck, Chirico, Utrillo.\u00bb La Femme de France, 1934 Charmeur, ambitieux, visionnaire, passionn\u00e9 de peinture mais aussi des arts d&#8217;Afrique et d&#8217;Oc\u00e9anie : qui \u00e9tait vraiment Paul [&hellip;]","og_url":"https:\/\/librairie7l.com\/en\/produit\/paul-guillaume-marchand-dart-et-collectionneur-1891-1934\/","og_site_name":"Librairie 7L","article_modified_time":"2026-04-24T23:11:24+00:00","og_image":[{"width":600,"height":909,"url":"https:\/\/librairie7l.com\/wp-content\/uploads\/2023\/04\/9782080431271_1_75.jpg","type":"image\/jpeg"}],"twitter_card":"summary_large_image","twitter_misc":{"Est. reading time":"1 minute"},"schema":{"@context":"https:\/\/schema.org","@graph":[{"@type":"WebPage","@id":"https:\/\/librairie7l.com\/en\/produit\/paul-guillaume-marchand-dart-et-collectionneur-1891-1934\/","url":"https:\/\/librairie7l.com\/en\/produit\/paul-guillaume-marchand-dart-et-collectionneur-1891-1934\/","name":"PAUL GUILLAUME : MARCHAND D'ART ET COLLECTIONNEUR (1891-1934) - Librairie 7L","isPartOf":{"@id":"https:\/\/librairie7l.com\/en\/#website"},"datePublished":"2023-09-13T23:16:31+00:00","dateModified":"2026-04-24T23:11:24+00:00","breadcrumb":{"@id":"https:\/\/librairie7l.com\/en\/produit\/paul-guillaume-marchand-dart-et-collectionneur-1891-1934\/#breadcrumb"},"inLanguage":"en-US","potentialAction":[{"@type":"ReadAction","target":["https:\/\/librairie7l.com\/en\/produit\/paul-guillaume-marchand-dart-et-collectionneur-1891-1934\/"]}]},{"@type":"BreadcrumbList","@id":"https:\/\/librairie7l.com\/en\/produit\/paul-guillaume-marchand-dart-et-collectionneur-1891-1934\/#breadcrumb","itemListElement":[{"@type":"ListItem","position":1,"name":"Accueil","item":"https:\/\/librairie7l.com\/en\/"},{"@type":"ListItem","position":2,"name":"Shop","item":"https:\/\/librairie7l.com\/en\/shop\/"},{"@type":"ListItem","position":3,"name":"PAUL GUILLAUME : MARCHAND D&#8217;ART ET COLLECTIONNEUR (1891-1934)"}]},{"@type":"WebSite","@id":"https:\/\/librairie7l.com\/en\/#website","url":"https:\/\/librairie7l.com\/en\/","name":"Librairie 7L","description":"Librairie fond\u00e9e en 1999 par Karl Lagerfeld \u00e0 Paris","publisher":{"@id":"https:\/\/librairie7l.com\/en\/#organization"},"potentialAction":[{"@type":"SearchAction","target":{"@type":"EntryPoint","urlTemplate":"https:\/\/librairie7l.com\/en\/?s={search_term_string}"},"query-input":"required name=search_term_string"}],"inLanguage":"en-US"},{"@type":"Organization","@id":"https:\/\/librairie7l.com\/en\/#organization","name":"Librairie 7L","url":"https:\/\/librairie7l.com\/en\/","logo":{"@type":"ImageObject","inLanguage":"en-US","@id":"https:\/\/librairie7l.com\/en\/#\/schema\/logo\/image\/","url":"https:\/\/librairie7l.com\/wp-content\/uploads\/2022\/08\/logo-1.png","contentUrl":"https:\/\/librairie7l.com\/wp-content\/uploads\/2022\/08\/logo-1.png","width":227,"height":301,"caption":"Librairie 7L"},"image":{"@id":"https:\/\/librairie7l.com\/en\/#\/schema\/logo\/image\/"}}]}},"_links":{"self":[{"href":"https:\/\/librairie7l.com\/en\/wp-json\/wp\/v2\/product\/33300"}],"collection":[{"href":"https:\/\/librairie7l.com\/en\/wp-json\/wp\/v2\/product"}],"about":[{"href":"https:\/\/librairie7l.com\/en\/wp-json\/wp\/v2\/types\/product"}],"wp:featuredmedia":[{"embeddable":true,"href":"https:\/\/librairie7l.com\/en\/wp-json\/wp\/v2\/media\/33298"}],"wp:attachment":[{"href":"https:\/\/librairie7l.com\/en\/wp-json\/wp\/v2\/media?parent=33300"}],"wp:term":[{"taxonomy":"product_cat","embeddable":true,"href":"https:\/\/librairie7l.com\/en\/wp-json\/wp\/v2\/product_cat?post=33300"},{"taxonomy":"product_tag","embeddable":true,"href":"https:\/\/librairie7l.com\/en\/wp-json\/wp\/v2\/product_tag?post=33300"}],"curies":[{"name":"wp","href":"https:\/\/api.w.org\/{rel}","templated":true}]}}