{"id":33362,"date":"2023-09-16T01:16:21","date_gmt":"2023-09-15T23:16:21","guid":{"rendered":"https:\/\/librairie7l.com\/?post_type=product&#038;p=33362"},"modified":"2026-04-06T04:18:43","modified_gmt":"2026-04-06T02:18:43","slug":"chiens-inventaire-chromatique-reel-et-imaginaire","status":"publish","type":"product","link":"https:\/\/librairie7l.com\/en\/produit\/chiens-inventaire-chromatique-reel-et-imaginaire\/","title":{"rendered":"CHIENS, INVENTAIRE CHROMATIQUE R\u00c9EL ET IMAGINAIRE"},"content":{"rendered":"<p>Chiens rassemble 200 dessins de Jochen Gerner con\u00e7us dans la lign\u00e9e de son \u00e9tude sur les oiseaux parue  en 2021. Usant d&#8217;une technique similaire, le feutre \u00e0 encre de Chine pigment\u00e9e sur des cahiers d&#8217;\u00e9coliers,  cette nouvelle s\u00e9rie de dessins poursuit l&#8217;exp\u00e9rimentation graphique visant \u00e0 explorer les potentialit\u00e9s de la  trame dans la repr\u00e9sentation des textures. De simples formes souples quasi-abstraites, ponctu\u00e9es de deux  ou trois points (oeil et truffe), composent les silhouettes de chiens des premiers dessins de cette collection.<br \/>\nPoursuivie sur plusieurs mois, elle dresse aujourd&#8217;hui un inventaire vari\u00e9 de races canines, r\u00e9elles, semir\u00e9elles ou chim\u00e9riques. Trames, traits, r\u00e9seaux de lignes, nuances, taches et masses, l&#8217;esp\u00e8ce offre un  catalogue de variations graphiques infinies.<\/p>\n","protected":false},"excerpt":{"rendered":"<p>Chiens rassemble 200 dessins de Jochen Gerner con\u00e7us dans la lign\u00e9e de son \u00e9tude sur les oiseaux parue en 2021. Usant d&#8217;une technique similaire, le feutre \u00e0 encre de Chine pigment\u00e9e sur des cahiers d&#8217;\u00e9coliers, cette nouvelle s\u00e9rie de dessins poursuit l&#8217;exp\u00e9rimentation graphique visant \u00e0 explorer les potentialit\u00e9s de la trame dans la repr\u00e9sentation des [&hellip;]<\/p>\n","protected":false},"featured_media":33360,"template":"","meta":[],"product_cat":[2948,2953],"product_tag":[],"acf":[],"yoast_head":"<!-- This site is optimized with the Yoast SEO plugin v20.11 - https:\/\/yoast.com\/wordpress\/plugins\/seo\/ -->\n<title>CHIENS, INVENTAIRE CHROMATIQUE R\u00c9EL ET IMAGINAIRE - Librairie 7L<\/title>\n<meta name=\"robots\" content=\"index, follow, max-snippet:-1, max-image-preview:large, max-video-preview:-1\" \/>\n<link rel=\"canonical\" href=\"https:\/\/librairie7l.com\/en\/produit\/chiens-inventaire-chromatique-reel-et-imaginaire\/\" \/>\n<meta property=\"og:locale\" content=\"en_US\" \/>\n<meta property=\"og:type\" content=\"article\" \/>\n<meta property=\"og:title\" content=\"CHIENS, INVENTAIRE CHROMATIQUE R\u00c9EL ET IMAGINAIRE - Librairie 7L\" \/>\n<meta property=\"og:description\" content=\"Chiens rassemble 200 dessins de Jochen Gerner con\u00e7us dans la lign\u00e9e de son \u00e9tude sur les oiseaux parue en 2021. Usant d&#8217;une technique similaire, le feutre \u00e0 encre de Chine pigment\u00e9e sur des cahiers d&#8217;\u00e9coliers, cette nouvelle s\u00e9rie de dessins poursuit l&#8217;exp\u00e9rimentation graphique visant \u00e0 explorer les potentialit\u00e9s de la trame dans la repr\u00e9sentation des [&hellip;]\" \/>\n<meta property=\"og:url\" content=\"https:\/\/librairie7l.com\/en\/produit\/chiens-inventaire-chromatique-reel-et-imaginaire\/\" \/>\n<meta property=\"og:site_name\" content=\"Librairie 7L\" \/>\n<meta property=\"article:modified_time\" content=\"2026-04-06T02:18:43+00:00\" \/>\n<meta property=\"og:image\" content=\"https:\/\/librairie7l.com\/wp-content\/uploads\/2023\/03\/9782490077939_1_75.jpg\" \/>\n\t<meta property=\"og:image:width\" content=\"400\" \/>\n\t<meta property=\"og:image:height\" content=\"561\" \/>\n\t<meta property=\"og:image:type\" content=\"image\/jpeg\" \/>\n<meta name=\"twitter:card\" content=\"summary_large_image\" \/>\n<meta name=\"twitter:label1\" content=\"Est. reading time\" \/>\n\t<meta name=\"twitter:data1\" content=\"1 minute\" \/>\n<script type=\"application\/ld+json\" class=\"yoast-schema-graph\">{\"@context\":\"https:\/\/schema.org\",\"@graph\":[{\"@type\":\"WebPage\",\"@id\":\"https:\/\/librairie7l.com\/en\/produit\/chiens-inventaire-chromatique-reel-et-imaginaire\/\",\"url\":\"https:\/\/librairie7l.com\/en\/produit\/chiens-inventaire-chromatique-reel-et-imaginaire\/\",\"name\":\"CHIENS, INVENTAIRE CHROMATIQUE R\u00c9EL ET IMAGINAIRE - Librairie 7L\",\"isPartOf\":{\"@id\":\"https:\/\/librairie7l.com\/en\/#website\"},\"datePublished\":\"2023-09-15T23:16:21+00:00\",\"dateModified\":\"2026-04-06T02:18:43+00:00\",\"breadcrumb\":{\"@id\":\"https:\/\/librairie7l.com\/en\/produit\/chiens-inventaire-chromatique-reel-et-imaginaire\/#breadcrumb\"},\"inLanguage\":\"en-US\",\"potentialAction\":[{\"@type\":\"ReadAction\",\"target\":[\"https:\/\/librairie7l.com\/en\/produit\/chiens-inventaire-chromatique-reel-et-imaginaire\/\"]}]},{\"@type\":\"BreadcrumbList\",\"@id\":\"https:\/\/librairie7l.com\/en\/produit\/chiens-inventaire-chromatique-reel-et-imaginaire\/#breadcrumb\",\"itemListElement\":[{\"@type\":\"ListItem\",\"position\":1,\"name\":\"Accueil\",\"item\":\"https:\/\/librairie7l.com\/en\/\"},{\"@type\":\"ListItem\",\"position\":2,\"name\":\"Shop\",\"item\":\"https:\/\/librairie7l.com\/en\/shop\/\"},{\"@type\":\"ListItem\",\"position\":3,\"name\":\"CHIENS, INVENTAIRE CHROMATIQUE R\u00c9EL ET IMAGINAIRE\"}]},{\"@type\":\"WebSite\",\"@id\":\"https:\/\/librairie7l.com\/en\/#website\",\"url\":\"https:\/\/librairie7l.com\/en\/\",\"name\":\"Librairie 7L\",\"description\":\"Librairie fond\u00e9e en 1999 par Karl Lagerfeld \u00e0 Paris\",\"publisher\":{\"@id\":\"https:\/\/librairie7l.com\/en\/#organization\"},\"potentialAction\":[{\"@type\":\"SearchAction\",\"target\":{\"@type\":\"EntryPoint\",\"urlTemplate\":\"https:\/\/librairie7l.com\/en\/?s={search_term_string}\"},\"query-input\":\"required name=search_term_string\"}],\"inLanguage\":\"en-US\"},{\"@type\":\"Organization\",\"@id\":\"https:\/\/librairie7l.com\/en\/#organization\",\"name\":\"Librairie 7L\",\"url\":\"https:\/\/librairie7l.com\/en\/\",\"logo\":{\"@type\":\"ImageObject\",\"inLanguage\":\"en-US\",\"@id\":\"https:\/\/librairie7l.com\/en\/#\/schema\/logo\/image\/\",\"url\":\"https:\/\/librairie7l.com\/wp-content\/uploads\/2022\/08\/logo-1.png\",\"contentUrl\":\"https:\/\/librairie7l.com\/wp-content\/uploads\/2022\/08\/logo-1.png\",\"width\":227,\"height\":301,\"caption\":\"Librairie 7L\"},\"image\":{\"@id\":\"https:\/\/librairie7l.com\/en\/#\/schema\/logo\/image\/\"}}]}<\/script>\n<!-- \/ Yoast SEO plugin. -->","yoast_head_json":{"title":"CHIENS, INVENTAIRE CHROMATIQUE R\u00c9EL ET IMAGINAIRE - Librairie 7L","robots":{"index":"index","follow":"follow","max-snippet":"max-snippet:-1","max-image-preview":"max-image-preview:large","max-video-preview":"max-video-preview:-1"},"canonical":"https:\/\/librairie7l.com\/en\/produit\/chiens-inventaire-chromatique-reel-et-imaginaire\/","og_locale":"en_US","og_type":"article","og_title":"CHIENS, INVENTAIRE CHROMATIQUE R\u00c9EL ET IMAGINAIRE - Librairie 7L","og_description":"Chiens rassemble 200 dessins de Jochen Gerner con\u00e7us dans la lign\u00e9e de son \u00e9tude sur les oiseaux parue en 2021. Usant d&#8217;une technique similaire, le feutre \u00e0 encre de Chine pigment\u00e9e sur des cahiers d&#8217;\u00e9coliers, cette nouvelle s\u00e9rie de dessins poursuit l&#8217;exp\u00e9rimentation graphique visant \u00e0 explorer les potentialit\u00e9s de la trame dans la repr\u00e9sentation des [&hellip;]","og_url":"https:\/\/librairie7l.com\/en\/produit\/chiens-inventaire-chromatique-reel-et-imaginaire\/","og_site_name":"Librairie 7L","article_modified_time":"2026-04-06T02:18:43+00:00","og_image":[{"width":400,"height":561,"url":"https:\/\/librairie7l.com\/wp-content\/uploads\/2023\/03\/9782490077939_1_75.jpg","type":"image\/jpeg"}],"twitter_card":"summary_large_image","twitter_misc":{"Est. reading time":"1 minute"},"schema":{"@context":"https:\/\/schema.org","@graph":[{"@type":"WebPage","@id":"https:\/\/librairie7l.com\/en\/produit\/chiens-inventaire-chromatique-reel-et-imaginaire\/","url":"https:\/\/librairie7l.com\/en\/produit\/chiens-inventaire-chromatique-reel-et-imaginaire\/","name":"CHIENS, INVENTAIRE CHROMATIQUE R\u00c9EL ET IMAGINAIRE - Librairie 7L","isPartOf":{"@id":"https:\/\/librairie7l.com\/en\/#website"},"datePublished":"2023-09-15T23:16:21+00:00","dateModified":"2026-04-06T02:18:43+00:00","breadcrumb":{"@id":"https:\/\/librairie7l.com\/en\/produit\/chiens-inventaire-chromatique-reel-et-imaginaire\/#breadcrumb"},"inLanguage":"en-US","potentialAction":[{"@type":"ReadAction","target":["https:\/\/librairie7l.com\/en\/produit\/chiens-inventaire-chromatique-reel-et-imaginaire\/"]}]},{"@type":"BreadcrumbList","@id":"https:\/\/librairie7l.com\/en\/produit\/chiens-inventaire-chromatique-reel-et-imaginaire\/#breadcrumb","itemListElement":[{"@type":"ListItem","position":1,"name":"Accueil","item":"https:\/\/librairie7l.com\/en\/"},{"@type":"ListItem","position":2,"name":"Shop","item":"https:\/\/librairie7l.com\/en\/shop\/"},{"@type":"ListItem","position":3,"name":"CHIENS, INVENTAIRE CHROMATIQUE R\u00c9EL ET IMAGINAIRE"}]},{"@type":"WebSite","@id":"https:\/\/librairie7l.com\/en\/#website","url":"https:\/\/librairie7l.com\/en\/","name":"Librairie 7L","description":"Librairie fond\u00e9e en 1999 par Karl Lagerfeld \u00e0 Paris","publisher":{"@id":"https:\/\/librairie7l.com\/en\/#organization"},"potentialAction":[{"@type":"SearchAction","target":{"@type":"EntryPoint","urlTemplate":"https:\/\/librairie7l.com\/en\/?s={search_term_string}"},"query-input":"required name=search_term_string"}],"inLanguage":"en-US"},{"@type":"Organization","@id":"https:\/\/librairie7l.com\/en\/#organization","name":"Librairie 7L","url":"https:\/\/librairie7l.com\/en\/","logo":{"@type":"ImageObject","inLanguage":"en-US","@id":"https:\/\/librairie7l.com\/en\/#\/schema\/logo\/image\/","url":"https:\/\/librairie7l.com\/wp-content\/uploads\/2022\/08\/logo-1.png","contentUrl":"https:\/\/librairie7l.com\/wp-content\/uploads\/2022\/08\/logo-1.png","width":227,"height":301,"caption":"Librairie 7L"},"image":{"@id":"https:\/\/librairie7l.com\/en\/#\/schema\/logo\/image\/"}}]}},"_links":{"self":[{"href":"https:\/\/librairie7l.com\/en\/wp-json\/wp\/v2\/product\/33362"}],"collection":[{"href":"https:\/\/librairie7l.com\/en\/wp-json\/wp\/v2\/product"}],"about":[{"href":"https:\/\/librairie7l.com\/en\/wp-json\/wp\/v2\/types\/product"}],"wp:featuredmedia":[{"embeddable":true,"href":"https:\/\/librairie7l.com\/en\/wp-json\/wp\/v2\/media\/33360"}],"wp:attachment":[{"href":"https:\/\/librairie7l.com\/en\/wp-json\/wp\/v2\/media?parent=33362"}],"wp:term":[{"taxonomy":"product_cat","embeddable":true,"href":"https:\/\/librairie7l.com\/en\/wp-json\/wp\/v2\/product_cat?post=33362"},{"taxonomy":"product_tag","embeddable":true,"href":"https:\/\/librairie7l.com\/en\/wp-json\/wp\/v2\/product_tag?post=33362"}],"curies":[{"name":"wp","href":"https:\/\/api.w.org\/{rel}","templated":true}]}}