{"id":33366,"date":"2023-09-15T01:16:23","date_gmt":"2023-09-14T23:16:23","guid":{"rendered":"https:\/\/librairie7l.com\/?post_type=product&#038;p=33366"},"modified":"2026-04-05T03:01:48","modified_gmt":"2026-04-05T01:01:48","slug":"la-passion-selon-nicolas-de-stael","status":"publish","type":"product","link":"https:\/\/librairie7l.com\/en\/produit\/la-passion-selon-nicolas-de-stael\/","title":{"rendered":"LA PASSION SELON NICOLAS DE STA\u00cbL"},"content":{"rendered":"<p>\u00abOn fonctionne comme on peut. Et moi j&#8217;ai besoin pour me renouveler, pour me d\u00e9velopper, de fonctionner toujours diff\u00e9remment d&#8217;une chose \u00e0 l&#8217;autre, sans esth\u00e9tique a priori&#8230; Ce qui importe c&#8217;est que ce soit juste.\u00bb Cette formule que Nicolas de Sta\u00ebl couche sur le papier dans une lettre de janvier 1955, deux mois avant de se donner la mort \u00e0 Antibes, synth\u00e9tise le principe qui a gouvern\u00e9 sa trajectoire. Guid\u00e9 par un puissant instinct et une vive aspiration spirituelle, il a su transformer les coups de l&#8217;adversit\u00e9 en ressort de cr\u00e9ativit\u00e9. Des ciels gris-bleu de Saint-P\u00e9tersbourg \u00e0 la perspective azur de la M\u00e9diterran\u00e9e, Sta\u00ebl a chemin\u00e9 en solitaire, \u00e0 la fois ombrageux et solaire, entour\u00e9 et seul, orgueilleux et compassionnel, avant de s&#8217;\u00e9teindre comme une com\u00e8te folle au terme d&#8217;un parcours aussi lumineux que tragique.<\/p>\n","protected":false},"excerpt":{"rendered":"<p>\u00abOn fonctionne comme on peut. Et moi j&#8217;ai besoin pour me renouveler, pour me d\u00e9velopper, de fonctionner toujours diff\u00e9remment d&#8217;une chose \u00e0 l&#8217;autre, sans esth\u00e9tique a priori&#8230; Ce qui importe c&#8217;est que ce soit juste.\u00bb Cette formule que Nicolas de Sta\u00ebl couche sur le papier dans une lettre de janvier 1955, deux mois avant de [&hellip;]<\/p>\n","protected":false},"featured_media":33364,"template":"","meta":[],"product_cat":[2948,2953],"product_tag":[],"acf":[],"yoast_head":"<!-- This site is optimized with the Yoast SEO plugin v20.11 - https:\/\/yoast.com\/wordpress\/plugins\/seo\/ -->\n<title>LA PASSION SELON NICOLAS DE STA\u00cbL - Librairie 7L<\/title>\n<meta name=\"robots\" content=\"index, follow, max-snippet:-1, max-image-preview:large, max-video-preview:-1\" \/>\n<link rel=\"canonical\" href=\"https:\/\/librairie7l.com\/en\/produit\/la-passion-selon-nicolas-de-stael\/\" \/>\n<meta property=\"og:locale\" content=\"en_US\" \/>\n<meta property=\"og:type\" content=\"article\" \/>\n<meta property=\"og:title\" content=\"LA PASSION SELON NICOLAS DE STA\u00cbL - Librairie 7L\" \/>\n<meta property=\"og:description\" content=\"\u00abOn fonctionne comme on peut. Et moi j&#8217;ai besoin pour me renouveler, pour me d\u00e9velopper, de fonctionner toujours diff\u00e9remment d&#8217;une chose \u00e0 l&#8217;autre, sans esth\u00e9tique a priori&#8230; Ce qui importe c&#8217;est que ce soit juste.\u00bb Cette formule que Nicolas de Sta\u00ebl couche sur le papier dans une lettre de janvier 1955, deux mois avant de [&hellip;]\" \/>\n<meta property=\"og:url\" content=\"https:\/\/librairie7l.com\/en\/produit\/la-passion-selon-nicolas-de-stael\/\" \/>\n<meta property=\"og:site_name\" content=\"Librairie 7L\" \/>\n<meta property=\"article:modified_time\" content=\"2026-04-05T01:01:48+00:00\" \/>\n<meta property=\"og:image\" content=\"https:\/\/librairie7l.com\/wp-content\/uploads\/2023\/03\/9782073024688_1_75.jpg\" \/>\n\t<meta property=\"og:image:width\" content=\"600\" \/>\n\t<meta property=\"og:image:height\" content=\"719\" \/>\n\t<meta property=\"og:image:type\" content=\"image\/jpeg\" \/>\n<meta name=\"twitter:card\" content=\"summary_large_image\" \/>\n<meta name=\"twitter:label1\" content=\"Est. reading time\" \/>\n\t<meta name=\"twitter:data1\" content=\"1 minute\" \/>\n<script type=\"application\/ld+json\" class=\"yoast-schema-graph\">{\"@context\":\"https:\/\/schema.org\",\"@graph\":[{\"@type\":\"WebPage\",\"@id\":\"https:\/\/librairie7l.com\/en\/produit\/la-passion-selon-nicolas-de-stael\/\",\"url\":\"https:\/\/librairie7l.com\/en\/produit\/la-passion-selon-nicolas-de-stael\/\",\"name\":\"LA PASSION SELON NICOLAS DE STA\u00cbL - Librairie 7L\",\"isPartOf\":{\"@id\":\"https:\/\/librairie7l.com\/en\/#website\"},\"datePublished\":\"2023-09-14T23:16:23+00:00\",\"dateModified\":\"2026-04-05T01:01:48+00:00\",\"breadcrumb\":{\"@id\":\"https:\/\/librairie7l.com\/en\/produit\/la-passion-selon-nicolas-de-stael\/#breadcrumb\"},\"inLanguage\":\"en-US\",\"potentialAction\":[{\"@type\":\"ReadAction\",\"target\":[\"https:\/\/librairie7l.com\/en\/produit\/la-passion-selon-nicolas-de-stael\/\"]}]},{\"@type\":\"BreadcrumbList\",\"@id\":\"https:\/\/librairie7l.com\/en\/produit\/la-passion-selon-nicolas-de-stael\/#breadcrumb\",\"itemListElement\":[{\"@type\":\"ListItem\",\"position\":1,\"name\":\"Accueil\",\"item\":\"https:\/\/librairie7l.com\/en\/\"},{\"@type\":\"ListItem\",\"position\":2,\"name\":\"Shop\",\"item\":\"https:\/\/librairie7l.com\/en\/shop\/\"},{\"@type\":\"ListItem\",\"position\":3,\"name\":\"LA PASSION SELON NICOLAS DE STA\u00cbL\"}]},{\"@type\":\"WebSite\",\"@id\":\"https:\/\/librairie7l.com\/en\/#website\",\"url\":\"https:\/\/librairie7l.com\/en\/\",\"name\":\"Librairie 7L\",\"description\":\"Librairie fond\u00e9e en 1999 par Karl Lagerfeld \u00e0 Paris\",\"publisher\":{\"@id\":\"https:\/\/librairie7l.com\/en\/#organization\"},\"potentialAction\":[{\"@type\":\"SearchAction\",\"target\":{\"@type\":\"EntryPoint\",\"urlTemplate\":\"https:\/\/librairie7l.com\/en\/?s={search_term_string}\"},\"query-input\":\"required name=search_term_string\"}],\"inLanguage\":\"en-US\"},{\"@type\":\"Organization\",\"@id\":\"https:\/\/librairie7l.com\/en\/#organization\",\"name\":\"Librairie 7L\",\"url\":\"https:\/\/librairie7l.com\/en\/\",\"logo\":{\"@type\":\"ImageObject\",\"inLanguage\":\"en-US\",\"@id\":\"https:\/\/librairie7l.com\/en\/#\/schema\/logo\/image\/\",\"url\":\"https:\/\/librairie7l.com\/wp-content\/uploads\/2022\/08\/logo-1.png\",\"contentUrl\":\"https:\/\/librairie7l.com\/wp-content\/uploads\/2022\/08\/logo-1.png\",\"width\":227,\"height\":301,\"caption\":\"Librairie 7L\"},\"image\":{\"@id\":\"https:\/\/librairie7l.com\/en\/#\/schema\/logo\/image\/\"}}]}<\/script>\n<!-- \/ Yoast SEO plugin. -->","yoast_head_json":{"title":"LA PASSION SELON NICOLAS DE STA\u00cbL - Librairie 7L","robots":{"index":"index","follow":"follow","max-snippet":"max-snippet:-1","max-image-preview":"max-image-preview:large","max-video-preview":"max-video-preview:-1"},"canonical":"https:\/\/librairie7l.com\/en\/produit\/la-passion-selon-nicolas-de-stael\/","og_locale":"en_US","og_type":"article","og_title":"LA PASSION SELON NICOLAS DE STA\u00cbL - Librairie 7L","og_description":"\u00abOn fonctionne comme on peut. Et moi j&#8217;ai besoin pour me renouveler, pour me d\u00e9velopper, de fonctionner toujours diff\u00e9remment d&#8217;une chose \u00e0 l&#8217;autre, sans esth\u00e9tique a priori&#8230; Ce qui importe c&#8217;est que ce soit juste.\u00bb Cette formule que Nicolas de Sta\u00ebl couche sur le papier dans une lettre de janvier 1955, deux mois avant de [&hellip;]","og_url":"https:\/\/librairie7l.com\/en\/produit\/la-passion-selon-nicolas-de-stael\/","og_site_name":"Librairie 7L","article_modified_time":"2026-04-05T01:01:48+00:00","og_image":[{"width":600,"height":719,"url":"https:\/\/librairie7l.com\/wp-content\/uploads\/2023\/03\/9782073024688_1_75.jpg","type":"image\/jpeg"}],"twitter_card":"summary_large_image","twitter_misc":{"Est. reading time":"1 minute"},"schema":{"@context":"https:\/\/schema.org","@graph":[{"@type":"WebPage","@id":"https:\/\/librairie7l.com\/en\/produit\/la-passion-selon-nicolas-de-stael\/","url":"https:\/\/librairie7l.com\/en\/produit\/la-passion-selon-nicolas-de-stael\/","name":"LA PASSION SELON NICOLAS DE STA\u00cbL - Librairie 7L","isPartOf":{"@id":"https:\/\/librairie7l.com\/en\/#website"},"datePublished":"2023-09-14T23:16:23+00:00","dateModified":"2026-04-05T01:01:48+00:00","breadcrumb":{"@id":"https:\/\/librairie7l.com\/en\/produit\/la-passion-selon-nicolas-de-stael\/#breadcrumb"},"inLanguage":"en-US","potentialAction":[{"@type":"ReadAction","target":["https:\/\/librairie7l.com\/en\/produit\/la-passion-selon-nicolas-de-stael\/"]}]},{"@type":"BreadcrumbList","@id":"https:\/\/librairie7l.com\/en\/produit\/la-passion-selon-nicolas-de-stael\/#breadcrumb","itemListElement":[{"@type":"ListItem","position":1,"name":"Accueil","item":"https:\/\/librairie7l.com\/en\/"},{"@type":"ListItem","position":2,"name":"Shop","item":"https:\/\/librairie7l.com\/en\/shop\/"},{"@type":"ListItem","position":3,"name":"LA PASSION SELON NICOLAS DE STA\u00cbL"}]},{"@type":"WebSite","@id":"https:\/\/librairie7l.com\/en\/#website","url":"https:\/\/librairie7l.com\/en\/","name":"Librairie 7L","description":"Librairie fond\u00e9e en 1999 par Karl Lagerfeld \u00e0 Paris","publisher":{"@id":"https:\/\/librairie7l.com\/en\/#organization"},"potentialAction":[{"@type":"SearchAction","target":{"@type":"EntryPoint","urlTemplate":"https:\/\/librairie7l.com\/en\/?s={search_term_string}"},"query-input":"required name=search_term_string"}],"inLanguage":"en-US"},{"@type":"Organization","@id":"https:\/\/librairie7l.com\/en\/#organization","name":"Librairie 7L","url":"https:\/\/librairie7l.com\/en\/","logo":{"@type":"ImageObject","inLanguage":"en-US","@id":"https:\/\/librairie7l.com\/en\/#\/schema\/logo\/image\/","url":"https:\/\/librairie7l.com\/wp-content\/uploads\/2022\/08\/logo-1.png","contentUrl":"https:\/\/librairie7l.com\/wp-content\/uploads\/2022\/08\/logo-1.png","width":227,"height":301,"caption":"Librairie 7L"},"image":{"@id":"https:\/\/librairie7l.com\/en\/#\/schema\/logo\/image\/"}}]}},"_links":{"self":[{"href":"https:\/\/librairie7l.com\/en\/wp-json\/wp\/v2\/product\/33366"}],"collection":[{"href":"https:\/\/librairie7l.com\/en\/wp-json\/wp\/v2\/product"}],"about":[{"href":"https:\/\/librairie7l.com\/en\/wp-json\/wp\/v2\/types\/product"}],"wp:featuredmedia":[{"embeddable":true,"href":"https:\/\/librairie7l.com\/en\/wp-json\/wp\/v2\/media\/33364"}],"wp:attachment":[{"href":"https:\/\/librairie7l.com\/en\/wp-json\/wp\/v2\/media?parent=33366"}],"wp:term":[{"taxonomy":"product_cat","embeddable":true,"href":"https:\/\/librairie7l.com\/en\/wp-json\/wp\/v2\/product_cat?post=33366"},{"taxonomy":"product_tag","embeddable":true,"href":"https:\/\/librairie7l.com\/en\/wp-json\/wp\/v2\/product_tag?post=33366"}],"curies":[{"name":"wp","href":"https:\/\/api.w.org\/{rel}","templated":true}]}}