{"id":33372,"date":"2023-09-15T01:16:29","date_gmt":"2023-09-14T23:16:29","guid":{"rendered":"https:\/\/librairie7l.com\/?post_type=product&#038;p=33372"},"modified":"2026-04-06T06:01:23","modified_gmt":"2026-04-06T04:01:23","slug":"all-about-chalets-contemporary-mountain-residences","status":"publish","type":"product","link":"https:\/\/librairie7l.com\/en\/produit\/all-about-chalets-contemporary-mountain-residences\/","title":{"rendered":"ALL ABOUT CHALETS : CONTEMPORARY MOUNTAIN RESIDENCES"},"content":{"rendered":"<p>Le chalet est un mod\u00e8le de construction qui jouit d&#8217;une popularit\u00e9 durable dans le monde entier. Remontant \u00e0 la cabane du berger dans la r\u00e9gion alpine, il est devenu au XIXe si\u00e8cle, avec l&#8217;\u00e9mergence de la fascination pour les Alpes, une destination tr\u00e8s d\u00e9sir\u00e9e. Aujourd&#8217;hui, les architectes sont principalement inspir\u00e9s par l&#8217;interaction constamment red\u00e9finie de la nature sublime, de l&#8217;architecture traditionnelle, des typologies de b\u00e2timents r\u00e9gionaux, du design individuel et du langage formel moderne qui les pousse \u00e0 atteindre de magnifiques hauteurs cr\u00e9atives.<br \/>\nLes projets s\u00e9lectionn\u00e9s pour ce volume sont divers et remarquablement multiformes : Ils vont d&#8217;une construction traditionnelle avec un toit \u00e0 pignon plat, un large d\u00e9bord de toit et une robuste fa\u00e7ade en bois, \u00e0 des interpr\u00e9tations contemporaines et totalement idiosyncrasiques aux lignes claires, au choix cr\u00e9atif des mat\u00e9riaux et \u00e0 la finesse des d\u00e9tails. Toutefois, la mise en sc\u00e8ne artistique de l&#8217;univers imposant de la montagne dans l&#8217;am\u00e9nagement int\u00e9rieur joue un r\u00f4le d\u00e9cisif parmi tous les chalets pr\u00e9sent\u00e9s.<\/p>\n","protected":false},"excerpt":{"rendered":"<p>Le chalet est un mod\u00e8le de construction qui jouit d&#8217;une popularit\u00e9 durable dans le monde entier. Remontant \u00e0 la cabane du berger dans la r\u00e9gion alpine, il est devenu au XIXe si\u00e8cle, avec l&#8217;\u00e9mergence de la fascination pour les Alpes, une destination tr\u00e8s d\u00e9sir\u00e9e. Aujourd&#8217;hui, les architectes sont principalement inspir\u00e9s par l&#8217;interaction constamment red\u00e9finie de [&hellip;]<\/p>\n","protected":false},"featured_media":33973,"template":"","meta":[],"product_cat":[2948,2950],"product_tag":[],"acf":[],"yoast_head":"<!-- This site is optimized with the Yoast SEO plugin v20.11 - https:\/\/yoast.com\/wordpress\/plugins\/seo\/ -->\n<title>ALL ABOUT CHALETS : CONTEMPORARY MOUNTAIN RESIDENCES - Librairie 7L<\/title>\n<meta name=\"robots\" content=\"index, follow, max-snippet:-1, max-image-preview:large, max-video-preview:-1\" \/>\n<link rel=\"canonical\" href=\"https:\/\/librairie7l.com\/en\/produit\/all-about-chalets-contemporary-mountain-residences\/\" \/>\n<meta property=\"og:locale\" content=\"en_US\" \/>\n<meta property=\"og:type\" content=\"article\" \/>\n<meta property=\"og:title\" content=\"ALL ABOUT CHALETS : CONTEMPORARY MOUNTAIN RESIDENCES - Librairie 7L\" \/>\n<meta property=\"og:description\" content=\"Le chalet est un mod\u00e8le de construction qui jouit d&#8217;une popularit\u00e9 durable dans le monde entier. Remontant \u00e0 la cabane du berger dans la r\u00e9gion alpine, il est devenu au XIXe si\u00e8cle, avec l&#8217;\u00e9mergence de la fascination pour les Alpes, une destination tr\u00e8s d\u00e9sir\u00e9e. Aujourd&#8217;hui, les architectes sont principalement inspir\u00e9s par l&#8217;interaction constamment red\u00e9finie de [&hellip;]\" \/>\n<meta property=\"og:url\" content=\"https:\/\/librairie7l.com\/en\/produit\/all-about-chalets-contemporary-mountain-residences\/\" \/>\n<meta property=\"og:site_name\" content=\"Librairie 7L\" \/>\n<meta property=\"article:modified_time\" content=\"2026-04-06T04:01:23+00:00\" \/>\n<meta property=\"og:image\" content=\"https:\/\/librairie7l.com\/wp-content\/uploads\/2022\/06\/9783037682807_1_75.jpg\" \/>\n\t<meta property=\"og:image:width\" content=\"600\" \/>\n\t<meta property=\"og:image:height\" content=\"690\" \/>\n\t<meta property=\"og:image:type\" content=\"image\/jpeg\" \/>\n<meta name=\"twitter:card\" content=\"summary_large_image\" \/>\n<meta name=\"twitter:label1\" content=\"Est. reading time\" \/>\n\t<meta name=\"twitter:data1\" content=\"1 minute\" \/>\n<script type=\"application\/ld+json\" class=\"yoast-schema-graph\">{\"@context\":\"https:\/\/schema.org\",\"@graph\":[{\"@type\":\"WebPage\",\"@id\":\"https:\/\/librairie7l.com\/en\/produit\/all-about-chalets-contemporary-mountain-residences\/\",\"url\":\"https:\/\/librairie7l.com\/en\/produit\/all-about-chalets-contemporary-mountain-residences\/\",\"name\":\"ALL ABOUT CHALETS : CONTEMPORARY MOUNTAIN RESIDENCES - Librairie 7L\",\"isPartOf\":{\"@id\":\"https:\/\/librairie7l.com\/en\/#website\"},\"datePublished\":\"2023-09-14T23:16:29+00:00\",\"dateModified\":\"2026-04-06T04:01:23+00:00\",\"breadcrumb\":{\"@id\":\"https:\/\/librairie7l.com\/en\/produit\/all-about-chalets-contemporary-mountain-residences\/#breadcrumb\"},\"inLanguage\":\"en-US\",\"potentialAction\":[{\"@type\":\"ReadAction\",\"target\":[\"https:\/\/librairie7l.com\/en\/produit\/all-about-chalets-contemporary-mountain-residences\/\"]}]},{\"@type\":\"BreadcrumbList\",\"@id\":\"https:\/\/librairie7l.com\/en\/produit\/all-about-chalets-contemporary-mountain-residences\/#breadcrumb\",\"itemListElement\":[{\"@type\":\"ListItem\",\"position\":1,\"name\":\"Accueil\",\"item\":\"https:\/\/librairie7l.com\/en\/\"},{\"@type\":\"ListItem\",\"position\":2,\"name\":\"Shop\",\"item\":\"https:\/\/librairie7l.com\/en\/shop\/\"},{\"@type\":\"ListItem\",\"position\":3,\"name\":\"ALL ABOUT CHALETS : CONTEMPORARY MOUNTAIN RESIDENCES\"}]},{\"@type\":\"WebSite\",\"@id\":\"https:\/\/librairie7l.com\/en\/#website\",\"url\":\"https:\/\/librairie7l.com\/en\/\",\"name\":\"Librairie 7L\",\"description\":\"Librairie fond\u00e9e en 1999 par Karl Lagerfeld \u00e0 Paris\",\"publisher\":{\"@id\":\"https:\/\/librairie7l.com\/en\/#organization\"},\"potentialAction\":[{\"@type\":\"SearchAction\",\"target\":{\"@type\":\"EntryPoint\",\"urlTemplate\":\"https:\/\/librairie7l.com\/en\/?s={search_term_string}\"},\"query-input\":\"required name=search_term_string\"}],\"inLanguage\":\"en-US\"},{\"@type\":\"Organization\",\"@id\":\"https:\/\/librairie7l.com\/en\/#organization\",\"name\":\"Librairie 7L\",\"url\":\"https:\/\/librairie7l.com\/en\/\",\"logo\":{\"@type\":\"ImageObject\",\"inLanguage\":\"en-US\",\"@id\":\"https:\/\/librairie7l.com\/en\/#\/schema\/logo\/image\/\",\"url\":\"https:\/\/librairie7l.com\/wp-content\/uploads\/2022\/08\/logo-1.png\",\"contentUrl\":\"https:\/\/librairie7l.com\/wp-content\/uploads\/2022\/08\/logo-1.png\",\"width\":227,\"height\":301,\"caption\":\"Librairie 7L\"},\"image\":{\"@id\":\"https:\/\/librairie7l.com\/en\/#\/schema\/logo\/image\/\"}}]}<\/script>\n<!-- \/ Yoast SEO plugin. -->","yoast_head_json":{"title":"ALL ABOUT CHALETS : CONTEMPORARY MOUNTAIN RESIDENCES - Librairie 7L","robots":{"index":"index","follow":"follow","max-snippet":"max-snippet:-1","max-image-preview":"max-image-preview:large","max-video-preview":"max-video-preview:-1"},"canonical":"https:\/\/librairie7l.com\/en\/produit\/all-about-chalets-contemporary-mountain-residences\/","og_locale":"en_US","og_type":"article","og_title":"ALL ABOUT CHALETS : CONTEMPORARY MOUNTAIN RESIDENCES - Librairie 7L","og_description":"Le chalet est un mod\u00e8le de construction qui jouit d&#8217;une popularit\u00e9 durable dans le monde entier. Remontant \u00e0 la cabane du berger dans la r\u00e9gion alpine, il est devenu au XIXe si\u00e8cle, avec l&#8217;\u00e9mergence de la fascination pour les Alpes, une destination tr\u00e8s d\u00e9sir\u00e9e. Aujourd&#8217;hui, les architectes sont principalement inspir\u00e9s par l&#8217;interaction constamment red\u00e9finie de [&hellip;]","og_url":"https:\/\/librairie7l.com\/en\/produit\/all-about-chalets-contemporary-mountain-residences\/","og_site_name":"Librairie 7L","article_modified_time":"2026-04-06T04:01:23+00:00","og_image":[{"width":600,"height":690,"url":"https:\/\/librairie7l.com\/wp-content\/uploads\/2022\/06\/9783037682807_1_75.jpg","type":"image\/jpeg"}],"twitter_card":"summary_large_image","twitter_misc":{"Est. reading time":"1 minute"},"schema":{"@context":"https:\/\/schema.org","@graph":[{"@type":"WebPage","@id":"https:\/\/librairie7l.com\/en\/produit\/all-about-chalets-contemporary-mountain-residences\/","url":"https:\/\/librairie7l.com\/en\/produit\/all-about-chalets-contemporary-mountain-residences\/","name":"ALL ABOUT CHALETS : CONTEMPORARY MOUNTAIN RESIDENCES - Librairie 7L","isPartOf":{"@id":"https:\/\/librairie7l.com\/en\/#website"},"datePublished":"2023-09-14T23:16:29+00:00","dateModified":"2026-04-06T04:01:23+00:00","breadcrumb":{"@id":"https:\/\/librairie7l.com\/en\/produit\/all-about-chalets-contemporary-mountain-residences\/#breadcrumb"},"inLanguage":"en-US","potentialAction":[{"@type":"ReadAction","target":["https:\/\/librairie7l.com\/en\/produit\/all-about-chalets-contemporary-mountain-residences\/"]}]},{"@type":"BreadcrumbList","@id":"https:\/\/librairie7l.com\/en\/produit\/all-about-chalets-contemporary-mountain-residences\/#breadcrumb","itemListElement":[{"@type":"ListItem","position":1,"name":"Accueil","item":"https:\/\/librairie7l.com\/en\/"},{"@type":"ListItem","position":2,"name":"Shop","item":"https:\/\/librairie7l.com\/en\/shop\/"},{"@type":"ListItem","position":3,"name":"ALL ABOUT CHALETS : CONTEMPORARY MOUNTAIN RESIDENCES"}]},{"@type":"WebSite","@id":"https:\/\/librairie7l.com\/en\/#website","url":"https:\/\/librairie7l.com\/en\/","name":"Librairie 7L","description":"Librairie fond\u00e9e en 1999 par Karl Lagerfeld \u00e0 Paris","publisher":{"@id":"https:\/\/librairie7l.com\/en\/#organization"},"potentialAction":[{"@type":"SearchAction","target":{"@type":"EntryPoint","urlTemplate":"https:\/\/librairie7l.com\/en\/?s={search_term_string}"},"query-input":"required name=search_term_string"}],"inLanguage":"en-US"},{"@type":"Organization","@id":"https:\/\/librairie7l.com\/en\/#organization","name":"Librairie 7L","url":"https:\/\/librairie7l.com\/en\/","logo":{"@type":"ImageObject","inLanguage":"en-US","@id":"https:\/\/librairie7l.com\/en\/#\/schema\/logo\/image\/","url":"https:\/\/librairie7l.com\/wp-content\/uploads\/2022\/08\/logo-1.png","contentUrl":"https:\/\/librairie7l.com\/wp-content\/uploads\/2022\/08\/logo-1.png","width":227,"height":301,"caption":"Librairie 7L"},"image":{"@id":"https:\/\/librairie7l.com\/en\/#\/schema\/logo\/image\/"}}]}},"_links":{"self":[{"href":"https:\/\/librairie7l.com\/en\/wp-json\/wp\/v2\/product\/33372"}],"collection":[{"href":"https:\/\/librairie7l.com\/en\/wp-json\/wp\/v2\/product"}],"about":[{"href":"https:\/\/librairie7l.com\/en\/wp-json\/wp\/v2\/types\/product"}],"wp:featuredmedia":[{"embeddable":true,"href":"https:\/\/librairie7l.com\/en\/wp-json\/wp\/v2\/media\/33973"}],"wp:attachment":[{"href":"https:\/\/librairie7l.com\/en\/wp-json\/wp\/v2\/media?parent=33372"}],"wp:term":[{"taxonomy":"product_cat","embeddable":true,"href":"https:\/\/librairie7l.com\/en\/wp-json\/wp\/v2\/product_cat?post=33372"},{"taxonomy":"product_tag","embeddable":true,"href":"https:\/\/librairie7l.com\/en\/wp-json\/wp\/v2\/product_tag?post=33372"}],"curies":[{"name":"wp","href":"https:\/\/api.w.org\/{rel}","templated":true}]}}