{"id":33377,"date":"2023-09-16T01:16:22","date_gmt":"2023-09-15T23:16:22","guid":{"rendered":"https:\/\/librairie7l.com\/?post_type=product&#038;p=33377"},"modified":"2026-04-26T06:07:08","modified_gmt":"2026-04-26T04:07:08","slug":"masterclass-couture-trench-le-modele-de-base-toutes-les-techniques-pour-une","status":"publish","type":"product","link":"https:\/\/librairie7l.com\/en\/produit\/masterclass-couture-trench-le-modele-de-base-toutes-les-techniques-pour-une\/","title":{"rendered":"MASTERCLASS COUTURE : TRENCH : LE MOD\u00c8LE DE BASE, TOUTES LES TECHNIQUES POUR UNE CR\u00c9ATION PARFAITE"},"content":{"rendered":"<p>Partez \u00e0 la d\u00e9couverte du trench et apprenez \u00e0 le coudre dans les r\u00e8gles de l&#8217;art. Lou Ripoll, cr\u00e9atrice de la marque Bleu tango, vous fait d\u00e9couvrir l&#8217;histoire de cette pi\u00e8ce mythique et vous accompagne dans sa r\u00e9alisation. Choisissez entre le mod\u00e8le homme ou femme, avec ou sans doublure, puis transformez les patrons de base pour r\u00e9aliser de multiples variations : caban style ann\u00e9es 1950, trench oversize fa\u00e7on eighties, robe trench&#8230; Gr\u00e2ce aux conseils de Lou, vous d\u00e9couvrirez qu&#8217;avec un peu de patience cette ic\u00f4ne du vestiaire contemporain est en r\u00e9alit\u00e9 facile \u00e0 coudre. Les nombreux sch\u00e9mas, photos de pas \u00e0 pas et les explications d\u00e9taill\u00e9es sont l\u00e0 pour vous guider, pour une cr\u00e9ation aux finitions parfaites. Lancez-vous et r\u00e9alisez une pi\u00e8ce unique et intemporelle !<\/p>\n","protected":false},"excerpt":{"rendered":"<p>Partez \u00e0 la d\u00e9couverte du trench et apprenez \u00e0 le coudre dans les r\u00e8gles de l&#8217;art. Lou Ripoll, cr\u00e9atrice de la marque Bleu tango, vous fait d\u00e9couvrir l&#8217;histoire de cette pi\u00e8ce mythique et vous accompagne dans sa r\u00e9alisation. Choisissez entre le mod\u00e8le homme ou femme, avec ou sans doublure, puis transformez les patrons de base [&hellip;]<\/p>\n","protected":false},"featured_media":33375,"template":"","meta":[],"product_cat":[2948,2957],"product_tag":[],"acf":[],"yoast_head":"<!-- This site is optimized with the Yoast SEO plugin v20.11 - https:\/\/yoast.com\/wordpress\/plugins\/seo\/ -->\n<title>MASTERCLASS COUTURE : TRENCH : LE MOD\u00c8LE DE BASE, TOUTES LES TECHNIQUES POUR UNE CR\u00c9ATION PARFAITE - Librairie 7L<\/title>\n<meta name=\"robots\" content=\"index, follow, max-snippet:-1, max-image-preview:large, max-video-preview:-1\" \/>\n<link rel=\"canonical\" href=\"https:\/\/librairie7l.com\/en\/produit\/masterclass-couture-trench-le-modele-de-base-toutes-les-techniques-pour-une\/\" \/>\n<meta property=\"og:locale\" content=\"en_US\" \/>\n<meta property=\"og:type\" content=\"article\" \/>\n<meta property=\"og:title\" content=\"MASTERCLASS COUTURE : TRENCH : LE MOD\u00c8LE DE BASE, TOUTES LES TECHNIQUES POUR UNE CR\u00c9ATION PARFAITE - Librairie 7L\" \/>\n<meta property=\"og:description\" content=\"Partez \u00e0 la d\u00e9couverte du trench et apprenez \u00e0 le coudre dans les r\u00e8gles de l&#8217;art. Lou Ripoll, cr\u00e9atrice de la marque Bleu tango, vous fait d\u00e9couvrir l&#8217;histoire de cette pi\u00e8ce mythique et vous accompagne dans sa r\u00e9alisation. Choisissez entre le mod\u00e8le homme ou femme, avec ou sans doublure, puis transformez les patrons de base [&hellip;]\" \/>\n<meta property=\"og:url\" content=\"https:\/\/librairie7l.com\/en\/produit\/masterclass-couture-trench-le-modele-de-base-toutes-les-techniques-pour-une\/\" \/>\n<meta property=\"og:site_name\" content=\"Librairie 7L\" \/>\n<meta property=\"article:modified_time\" content=\"2026-04-26T04:07:08+00:00\" \/>\n<meta property=\"og:image\" content=\"https:\/\/librairie7l.com\/wp-content\/uploads\/2023\/04\/9782317032400_1_75.jpg\" \/>\n\t<meta property=\"og:image:width\" content=\"600\" \/>\n\t<meta property=\"og:image:height\" content=\"725\" \/>\n\t<meta property=\"og:image:type\" content=\"image\/jpeg\" \/>\n<meta name=\"twitter:card\" content=\"summary_large_image\" \/>\n<meta name=\"twitter:label1\" content=\"Est. reading time\" \/>\n\t<meta name=\"twitter:data1\" content=\"1 minute\" \/>\n<script type=\"application\/ld+json\" class=\"yoast-schema-graph\">{\"@context\":\"https:\/\/schema.org\",\"@graph\":[{\"@type\":\"WebPage\",\"@id\":\"https:\/\/librairie7l.com\/en\/produit\/masterclass-couture-trench-le-modele-de-base-toutes-les-techniques-pour-une\/\",\"url\":\"https:\/\/librairie7l.com\/en\/produit\/masterclass-couture-trench-le-modele-de-base-toutes-les-techniques-pour-une\/\",\"name\":\"MASTERCLASS COUTURE : TRENCH : LE MOD\u00c8LE DE BASE, TOUTES LES TECHNIQUES POUR UNE CR\u00c9ATION PARFAITE - Librairie 7L\",\"isPartOf\":{\"@id\":\"https:\/\/librairie7l.com\/en\/#website\"},\"datePublished\":\"2023-09-15T23:16:22+00:00\",\"dateModified\":\"2026-04-26T04:07:08+00:00\",\"breadcrumb\":{\"@id\":\"https:\/\/librairie7l.com\/en\/produit\/masterclass-couture-trench-le-modele-de-base-toutes-les-techniques-pour-une\/#breadcrumb\"},\"inLanguage\":\"en-US\",\"potentialAction\":[{\"@type\":\"ReadAction\",\"target\":[\"https:\/\/librairie7l.com\/en\/produit\/masterclass-couture-trench-le-modele-de-base-toutes-les-techniques-pour-une\/\"]}]},{\"@type\":\"BreadcrumbList\",\"@id\":\"https:\/\/librairie7l.com\/en\/produit\/masterclass-couture-trench-le-modele-de-base-toutes-les-techniques-pour-une\/#breadcrumb\",\"itemListElement\":[{\"@type\":\"ListItem\",\"position\":1,\"name\":\"Accueil\",\"item\":\"https:\/\/librairie7l.com\/en\/\"},{\"@type\":\"ListItem\",\"position\":2,\"name\":\"Shop\",\"item\":\"https:\/\/librairie7l.com\/en\/shop\/\"},{\"@type\":\"ListItem\",\"position\":3,\"name\":\"MASTERCLASS COUTURE : TRENCH : LE MOD\u00c8LE DE BASE, TOUTES LES TECHNIQUES POUR UNE CR\u00c9ATION PARFAITE\"}]},{\"@type\":\"WebSite\",\"@id\":\"https:\/\/librairie7l.com\/en\/#website\",\"url\":\"https:\/\/librairie7l.com\/en\/\",\"name\":\"Librairie 7L\",\"description\":\"Librairie fond\u00e9e en 1999 par Karl Lagerfeld \u00e0 Paris\",\"publisher\":{\"@id\":\"https:\/\/librairie7l.com\/en\/#organization\"},\"potentialAction\":[{\"@type\":\"SearchAction\",\"target\":{\"@type\":\"EntryPoint\",\"urlTemplate\":\"https:\/\/librairie7l.com\/en\/?s={search_term_string}\"},\"query-input\":\"required name=search_term_string\"}],\"inLanguage\":\"en-US\"},{\"@type\":\"Organization\",\"@id\":\"https:\/\/librairie7l.com\/en\/#organization\",\"name\":\"Librairie 7L\",\"url\":\"https:\/\/librairie7l.com\/en\/\",\"logo\":{\"@type\":\"ImageObject\",\"inLanguage\":\"en-US\",\"@id\":\"https:\/\/librairie7l.com\/en\/#\/schema\/logo\/image\/\",\"url\":\"https:\/\/librairie7l.com\/wp-content\/uploads\/2022\/08\/logo-1.png\",\"contentUrl\":\"https:\/\/librairie7l.com\/wp-content\/uploads\/2022\/08\/logo-1.png\",\"width\":227,\"height\":301,\"caption\":\"Librairie 7L\"},\"image\":{\"@id\":\"https:\/\/librairie7l.com\/en\/#\/schema\/logo\/image\/\"}}]}<\/script>\n<!-- \/ Yoast SEO plugin. -->","yoast_head_json":{"title":"MASTERCLASS COUTURE : TRENCH : LE MOD\u00c8LE DE BASE, TOUTES LES TECHNIQUES POUR UNE CR\u00c9ATION PARFAITE - Librairie 7L","robots":{"index":"index","follow":"follow","max-snippet":"max-snippet:-1","max-image-preview":"max-image-preview:large","max-video-preview":"max-video-preview:-1"},"canonical":"https:\/\/librairie7l.com\/en\/produit\/masterclass-couture-trench-le-modele-de-base-toutes-les-techniques-pour-une\/","og_locale":"en_US","og_type":"article","og_title":"MASTERCLASS COUTURE : TRENCH : LE MOD\u00c8LE DE BASE, TOUTES LES TECHNIQUES POUR UNE CR\u00c9ATION PARFAITE - Librairie 7L","og_description":"Partez \u00e0 la d\u00e9couverte du trench et apprenez \u00e0 le coudre dans les r\u00e8gles de l&#8217;art. Lou Ripoll, cr\u00e9atrice de la marque Bleu tango, vous fait d\u00e9couvrir l&#8217;histoire de cette pi\u00e8ce mythique et vous accompagne dans sa r\u00e9alisation. Choisissez entre le mod\u00e8le homme ou femme, avec ou sans doublure, puis transformez les patrons de base [&hellip;]","og_url":"https:\/\/librairie7l.com\/en\/produit\/masterclass-couture-trench-le-modele-de-base-toutes-les-techniques-pour-une\/","og_site_name":"Librairie 7L","article_modified_time":"2026-04-26T04:07:08+00:00","og_image":[{"width":600,"height":725,"url":"https:\/\/librairie7l.com\/wp-content\/uploads\/2023\/04\/9782317032400_1_75.jpg","type":"image\/jpeg"}],"twitter_card":"summary_large_image","twitter_misc":{"Est. reading time":"1 minute"},"schema":{"@context":"https:\/\/schema.org","@graph":[{"@type":"WebPage","@id":"https:\/\/librairie7l.com\/en\/produit\/masterclass-couture-trench-le-modele-de-base-toutes-les-techniques-pour-une\/","url":"https:\/\/librairie7l.com\/en\/produit\/masterclass-couture-trench-le-modele-de-base-toutes-les-techniques-pour-une\/","name":"MASTERCLASS COUTURE : TRENCH : LE MOD\u00c8LE DE BASE, TOUTES LES TECHNIQUES POUR UNE CR\u00c9ATION PARFAITE - Librairie 7L","isPartOf":{"@id":"https:\/\/librairie7l.com\/en\/#website"},"datePublished":"2023-09-15T23:16:22+00:00","dateModified":"2026-04-26T04:07:08+00:00","breadcrumb":{"@id":"https:\/\/librairie7l.com\/en\/produit\/masterclass-couture-trench-le-modele-de-base-toutes-les-techniques-pour-une\/#breadcrumb"},"inLanguage":"en-US","potentialAction":[{"@type":"ReadAction","target":["https:\/\/librairie7l.com\/en\/produit\/masterclass-couture-trench-le-modele-de-base-toutes-les-techniques-pour-une\/"]}]},{"@type":"BreadcrumbList","@id":"https:\/\/librairie7l.com\/en\/produit\/masterclass-couture-trench-le-modele-de-base-toutes-les-techniques-pour-une\/#breadcrumb","itemListElement":[{"@type":"ListItem","position":1,"name":"Accueil","item":"https:\/\/librairie7l.com\/en\/"},{"@type":"ListItem","position":2,"name":"Shop","item":"https:\/\/librairie7l.com\/en\/shop\/"},{"@type":"ListItem","position":3,"name":"MASTERCLASS COUTURE : TRENCH : LE MOD\u00c8LE DE BASE, TOUTES LES TECHNIQUES POUR UNE CR\u00c9ATION PARFAITE"}]},{"@type":"WebSite","@id":"https:\/\/librairie7l.com\/en\/#website","url":"https:\/\/librairie7l.com\/en\/","name":"Librairie 7L","description":"Librairie fond\u00e9e en 1999 par Karl Lagerfeld \u00e0 Paris","publisher":{"@id":"https:\/\/librairie7l.com\/en\/#organization"},"potentialAction":[{"@type":"SearchAction","target":{"@type":"EntryPoint","urlTemplate":"https:\/\/librairie7l.com\/en\/?s={search_term_string}"},"query-input":"required name=search_term_string"}],"inLanguage":"en-US"},{"@type":"Organization","@id":"https:\/\/librairie7l.com\/en\/#organization","name":"Librairie 7L","url":"https:\/\/librairie7l.com\/en\/","logo":{"@type":"ImageObject","inLanguage":"en-US","@id":"https:\/\/librairie7l.com\/en\/#\/schema\/logo\/image\/","url":"https:\/\/librairie7l.com\/wp-content\/uploads\/2022\/08\/logo-1.png","contentUrl":"https:\/\/librairie7l.com\/wp-content\/uploads\/2022\/08\/logo-1.png","width":227,"height":301,"caption":"Librairie 7L"},"image":{"@id":"https:\/\/librairie7l.com\/en\/#\/schema\/logo\/image\/"}}]}},"_links":{"self":[{"href":"https:\/\/librairie7l.com\/en\/wp-json\/wp\/v2\/product\/33377"}],"collection":[{"href":"https:\/\/librairie7l.com\/en\/wp-json\/wp\/v2\/product"}],"about":[{"href":"https:\/\/librairie7l.com\/en\/wp-json\/wp\/v2\/types\/product"}],"wp:featuredmedia":[{"embeddable":true,"href":"https:\/\/librairie7l.com\/en\/wp-json\/wp\/v2\/media\/33375"}],"wp:attachment":[{"href":"https:\/\/librairie7l.com\/en\/wp-json\/wp\/v2\/media?parent=33377"}],"wp:term":[{"taxonomy":"product_cat","embeddable":true,"href":"https:\/\/librairie7l.com\/en\/wp-json\/wp\/v2\/product_cat?post=33377"},{"taxonomy":"product_tag","embeddable":true,"href":"https:\/\/librairie7l.com\/en\/wp-json\/wp\/v2\/product_tag?post=33377"}],"curies":[{"name":"wp","href":"https:\/\/api.w.org\/{rel}","templated":true}]}}