{"id":33381,"date":"2023-09-16T01:16:24","date_gmt":"2023-09-15T23:16:24","guid":{"rendered":"https:\/\/librairie7l.com\/?post_type=product&#038;p=33381"},"modified":"2026-04-05T14:06:15","modified_gmt":"2026-04-05T12:06:15","slug":"masterclass-couture-chemise-le-modele-de-base-toutes-les-techniques-pour-un","status":"publish","type":"product","link":"https:\/\/librairie7l.com\/en\/produit\/masterclass-couture-chemise-le-modele-de-base-toutes-les-techniques-pour-un\/","title":{"rendered":"MASTERCLASS COUTURE : CHEMISE : LE MOD\u00c8LE DE BASE, TOUTES LES TECHNIQUES POUR UNE CR\u00c9ATION PARFAITE"},"content":{"rendered":"<p>Partez \u00e0 la d\u00e9couverte de la chemise et apprenez \u00e0 la coudre dans les r\u00e8gles de l&#8217;art. Laure Guyet, professeur de couture, vous accompagne \u00e9tape par \u00e9tape dans la r\u00e9alisation de cette pi\u00e8ce mythique. Choisissez entre les mod\u00e8les homme ou femme, entre une version classique ou plus graphique, et cousez une chemise unique et intemporelle. Du choix du tissu et de l&#8217;entoilage, aux ajustements en passant par l&#8217;assemblage, tout est d\u00e9crypt\u00e9 pour ne rien laisser au hasard.<br \/>\nFente capucin ou ind\u00e9chirable, pied de col, couture rabattue, patte de boutonnage cach\u00e9e&#8230; les \u00e9tapes les plus techniques sont d\u00e9cortiqu\u00e9es pour des finitions parfaites, r\u00e9alisables sans mat\u00e9riel sp\u00e9cifique.<\/p>\n","protected":false},"excerpt":{"rendered":"<p>Partez \u00e0 la d\u00e9couverte de la chemise et apprenez \u00e0 la coudre dans les r\u00e8gles de l&#8217;art. Laure Guyet, professeur de couture, vous accompagne \u00e9tape par \u00e9tape dans la r\u00e9alisation de cette pi\u00e8ce mythique. Choisissez entre les mod\u00e8les homme ou femme, entre une version classique ou plus graphique, et cousez une chemise unique et intemporelle. [&hellip;]<\/p>\n","protected":false},"featured_media":33379,"template":"","meta":[],"product_cat":[2948,2957],"product_tag":[],"acf":[],"yoast_head":"<!-- This site is optimized with the Yoast SEO plugin v20.11 - https:\/\/yoast.com\/wordpress\/plugins\/seo\/ -->\n<title>MASTERCLASS COUTURE : CHEMISE : LE MOD\u00c8LE DE BASE, TOUTES LES TECHNIQUES POUR UNE CR\u00c9ATION PARFAITE - Librairie 7L<\/title>\n<meta name=\"robots\" content=\"index, follow, max-snippet:-1, max-image-preview:large, max-video-preview:-1\" \/>\n<link rel=\"canonical\" href=\"https:\/\/librairie7l.com\/en\/produit\/masterclass-couture-chemise-le-modele-de-base-toutes-les-techniques-pour-un\/\" \/>\n<meta property=\"og:locale\" content=\"en_US\" \/>\n<meta property=\"og:type\" content=\"article\" \/>\n<meta property=\"og:title\" content=\"MASTERCLASS COUTURE : CHEMISE : LE MOD\u00c8LE DE BASE, TOUTES LES TECHNIQUES POUR UNE CR\u00c9ATION PARFAITE - Librairie 7L\" \/>\n<meta property=\"og:description\" content=\"Partez \u00e0 la d\u00e9couverte de la chemise et apprenez \u00e0 la coudre dans les r\u00e8gles de l&#8217;art. Laure Guyet, professeur de couture, vous accompagne \u00e9tape par \u00e9tape dans la r\u00e9alisation de cette pi\u00e8ce mythique. Choisissez entre les mod\u00e8les homme ou femme, entre une version classique ou plus graphique, et cousez une chemise unique et intemporelle. [&hellip;]\" \/>\n<meta property=\"og:url\" content=\"https:\/\/librairie7l.com\/en\/produit\/masterclass-couture-chemise-le-modele-de-base-toutes-les-techniques-pour-un\/\" \/>\n<meta property=\"og:site_name\" content=\"Librairie 7L\" \/>\n<meta property=\"article:modified_time\" content=\"2026-04-05T12:06:15+00:00\" \/>\n<meta property=\"og:image\" content=\"https:\/\/librairie7l.com\/wp-content\/uploads\/2023\/04\/9782317032417_1_75.jpg\" \/>\n\t<meta property=\"og:image:width\" content=\"600\" \/>\n\t<meta property=\"og:image:height\" content=\"725\" \/>\n\t<meta property=\"og:image:type\" content=\"image\/jpeg\" \/>\n<meta name=\"twitter:card\" content=\"summary_large_image\" \/>\n<meta name=\"twitter:label1\" content=\"Est. reading time\" \/>\n\t<meta name=\"twitter:data1\" content=\"1 minute\" \/>\n<script type=\"application\/ld+json\" class=\"yoast-schema-graph\">{\"@context\":\"https:\/\/schema.org\",\"@graph\":[{\"@type\":\"WebPage\",\"@id\":\"https:\/\/librairie7l.com\/en\/produit\/masterclass-couture-chemise-le-modele-de-base-toutes-les-techniques-pour-un\/\",\"url\":\"https:\/\/librairie7l.com\/en\/produit\/masterclass-couture-chemise-le-modele-de-base-toutes-les-techniques-pour-un\/\",\"name\":\"MASTERCLASS COUTURE : CHEMISE : LE MOD\u00c8LE DE BASE, TOUTES LES TECHNIQUES POUR UNE CR\u00c9ATION PARFAITE - Librairie 7L\",\"isPartOf\":{\"@id\":\"https:\/\/librairie7l.com\/en\/#website\"},\"datePublished\":\"2023-09-15T23:16:24+00:00\",\"dateModified\":\"2026-04-05T12:06:15+00:00\",\"breadcrumb\":{\"@id\":\"https:\/\/librairie7l.com\/en\/produit\/masterclass-couture-chemise-le-modele-de-base-toutes-les-techniques-pour-un\/#breadcrumb\"},\"inLanguage\":\"en-US\",\"potentialAction\":[{\"@type\":\"ReadAction\",\"target\":[\"https:\/\/librairie7l.com\/en\/produit\/masterclass-couture-chemise-le-modele-de-base-toutes-les-techniques-pour-un\/\"]}]},{\"@type\":\"BreadcrumbList\",\"@id\":\"https:\/\/librairie7l.com\/en\/produit\/masterclass-couture-chemise-le-modele-de-base-toutes-les-techniques-pour-un\/#breadcrumb\",\"itemListElement\":[{\"@type\":\"ListItem\",\"position\":1,\"name\":\"Accueil\",\"item\":\"https:\/\/librairie7l.com\/en\/\"},{\"@type\":\"ListItem\",\"position\":2,\"name\":\"Shop\",\"item\":\"https:\/\/librairie7l.com\/en\/shop\/\"},{\"@type\":\"ListItem\",\"position\":3,\"name\":\"MASTERCLASS COUTURE : CHEMISE : LE MOD\u00c8LE DE BASE, TOUTES LES TECHNIQUES POUR UNE CR\u00c9ATION PARFAITE\"}]},{\"@type\":\"WebSite\",\"@id\":\"https:\/\/librairie7l.com\/en\/#website\",\"url\":\"https:\/\/librairie7l.com\/en\/\",\"name\":\"Librairie 7L\",\"description\":\"Librairie fond\u00e9e en 1999 par Karl Lagerfeld \u00e0 Paris\",\"publisher\":{\"@id\":\"https:\/\/librairie7l.com\/en\/#organization\"},\"potentialAction\":[{\"@type\":\"SearchAction\",\"target\":{\"@type\":\"EntryPoint\",\"urlTemplate\":\"https:\/\/librairie7l.com\/en\/?s={search_term_string}\"},\"query-input\":\"required name=search_term_string\"}],\"inLanguage\":\"en-US\"},{\"@type\":\"Organization\",\"@id\":\"https:\/\/librairie7l.com\/en\/#organization\",\"name\":\"Librairie 7L\",\"url\":\"https:\/\/librairie7l.com\/en\/\",\"logo\":{\"@type\":\"ImageObject\",\"inLanguage\":\"en-US\",\"@id\":\"https:\/\/librairie7l.com\/en\/#\/schema\/logo\/image\/\",\"url\":\"https:\/\/librairie7l.com\/wp-content\/uploads\/2022\/08\/logo-1.png\",\"contentUrl\":\"https:\/\/librairie7l.com\/wp-content\/uploads\/2022\/08\/logo-1.png\",\"width\":227,\"height\":301,\"caption\":\"Librairie 7L\"},\"image\":{\"@id\":\"https:\/\/librairie7l.com\/en\/#\/schema\/logo\/image\/\"}}]}<\/script>\n<!-- \/ Yoast SEO plugin. -->","yoast_head_json":{"title":"MASTERCLASS COUTURE : CHEMISE : LE MOD\u00c8LE DE BASE, TOUTES LES TECHNIQUES POUR UNE CR\u00c9ATION PARFAITE - Librairie 7L","robots":{"index":"index","follow":"follow","max-snippet":"max-snippet:-1","max-image-preview":"max-image-preview:large","max-video-preview":"max-video-preview:-1"},"canonical":"https:\/\/librairie7l.com\/en\/produit\/masterclass-couture-chemise-le-modele-de-base-toutes-les-techniques-pour-un\/","og_locale":"en_US","og_type":"article","og_title":"MASTERCLASS COUTURE : CHEMISE : LE MOD\u00c8LE DE BASE, TOUTES LES TECHNIQUES POUR UNE CR\u00c9ATION PARFAITE - Librairie 7L","og_description":"Partez \u00e0 la d\u00e9couverte de la chemise et apprenez \u00e0 la coudre dans les r\u00e8gles de l&#8217;art. Laure Guyet, professeur de couture, vous accompagne \u00e9tape par \u00e9tape dans la r\u00e9alisation de cette pi\u00e8ce mythique. Choisissez entre les mod\u00e8les homme ou femme, entre une version classique ou plus graphique, et cousez une chemise unique et intemporelle. [&hellip;]","og_url":"https:\/\/librairie7l.com\/en\/produit\/masterclass-couture-chemise-le-modele-de-base-toutes-les-techniques-pour-un\/","og_site_name":"Librairie 7L","article_modified_time":"2026-04-05T12:06:15+00:00","og_image":[{"width":600,"height":725,"url":"https:\/\/librairie7l.com\/wp-content\/uploads\/2023\/04\/9782317032417_1_75.jpg","type":"image\/jpeg"}],"twitter_card":"summary_large_image","twitter_misc":{"Est. reading time":"1 minute"},"schema":{"@context":"https:\/\/schema.org","@graph":[{"@type":"WebPage","@id":"https:\/\/librairie7l.com\/en\/produit\/masterclass-couture-chemise-le-modele-de-base-toutes-les-techniques-pour-un\/","url":"https:\/\/librairie7l.com\/en\/produit\/masterclass-couture-chemise-le-modele-de-base-toutes-les-techniques-pour-un\/","name":"MASTERCLASS COUTURE : CHEMISE : LE MOD\u00c8LE DE BASE, TOUTES LES TECHNIQUES POUR UNE CR\u00c9ATION PARFAITE - Librairie 7L","isPartOf":{"@id":"https:\/\/librairie7l.com\/en\/#website"},"datePublished":"2023-09-15T23:16:24+00:00","dateModified":"2026-04-05T12:06:15+00:00","breadcrumb":{"@id":"https:\/\/librairie7l.com\/en\/produit\/masterclass-couture-chemise-le-modele-de-base-toutes-les-techniques-pour-un\/#breadcrumb"},"inLanguage":"en-US","potentialAction":[{"@type":"ReadAction","target":["https:\/\/librairie7l.com\/en\/produit\/masterclass-couture-chemise-le-modele-de-base-toutes-les-techniques-pour-un\/"]}]},{"@type":"BreadcrumbList","@id":"https:\/\/librairie7l.com\/en\/produit\/masterclass-couture-chemise-le-modele-de-base-toutes-les-techniques-pour-un\/#breadcrumb","itemListElement":[{"@type":"ListItem","position":1,"name":"Accueil","item":"https:\/\/librairie7l.com\/en\/"},{"@type":"ListItem","position":2,"name":"Shop","item":"https:\/\/librairie7l.com\/en\/shop\/"},{"@type":"ListItem","position":3,"name":"MASTERCLASS COUTURE : CHEMISE : LE MOD\u00c8LE DE BASE, TOUTES LES TECHNIQUES POUR UNE CR\u00c9ATION PARFAITE"}]},{"@type":"WebSite","@id":"https:\/\/librairie7l.com\/en\/#website","url":"https:\/\/librairie7l.com\/en\/","name":"Librairie 7L","description":"Librairie fond\u00e9e en 1999 par Karl Lagerfeld \u00e0 Paris","publisher":{"@id":"https:\/\/librairie7l.com\/en\/#organization"},"potentialAction":[{"@type":"SearchAction","target":{"@type":"EntryPoint","urlTemplate":"https:\/\/librairie7l.com\/en\/?s={search_term_string}"},"query-input":"required name=search_term_string"}],"inLanguage":"en-US"},{"@type":"Organization","@id":"https:\/\/librairie7l.com\/en\/#organization","name":"Librairie 7L","url":"https:\/\/librairie7l.com\/en\/","logo":{"@type":"ImageObject","inLanguage":"en-US","@id":"https:\/\/librairie7l.com\/en\/#\/schema\/logo\/image\/","url":"https:\/\/librairie7l.com\/wp-content\/uploads\/2022\/08\/logo-1.png","contentUrl":"https:\/\/librairie7l.com\/wp-content\/uploads\/2022\/08\/logo-1.png","width":227,"height":301,"caption":"Librairie 7L"},"image":{"@id":"https:\/\/librairie7l.com\/en\/#\/schema\/logo\/image\/"}}]}},"_links":{"self":[{"href":"https:\/\/librairie7l.com\/en\/wp-json\/wp\/v2\/product\/33381"}],"collection":[{"href":"https:\/\/librairie7l.com\/en\/wp-json\/wp\/v2\/product"}],"about":[{"href":"https:\/\/librairie7l.com\/en\/wp-json\/wp\/v2\/types\/product"}],"wp:featuredmedia":[{"embeddable":true,"href":"https:\/\/librairie7l.com\/en\/wp-json\/wp\/v2\/media\/33379"}],"wp:attachment":[{"href":"https:\/\/librairie7l.com\/en\/wp-json\/wp\/v2\/media?parent=33381"}],"wp:term":[{"taxonomy":"product_cat","embeddable":true,"href":"https:\/\/librairie7l.com\/en\/wp-json\/wp\/v2\/product_cat?post=33381"},{"taxonomy":"product_tag","embeddable":true,"href":"https:\/\/librairie7l.com\/en\/wp-json\/wp\/v2\/product_tag?post=33381"}],"curies":[{"name":"wp","href":"https:\/\/api.w.org\/{rel}","templated":true}]}}