{"id":33463,"date":"2023-09-19T10:56:26","date_gmt":"2023-09-19T08:56:26","guid":{"rendered":"https:\/\/librairie7l.com\/?post_type=product&#038;p=33463"},"modified":"2026-04-06T04:48:29","modified_gmt":"2026-04-06T02:48:29","slug":"revue-schnock-n-48","status":"publish","type":"product","link":"https:\/\/librairie7l.com\/en\/produit\/revue-schnock-n-48\/","title":{"rendered":"REVUE SCHNOCK N.48"},"content":{"rendered":"<p>Si vous aussi, vous ressentez l&#8217;envie d&#8217;\u00e9chapper \u00e0 l&#8217;hyst\u00e9rie de l&#8217;\u00e9poque en faisant un pas de c\u00f4t\u00e9 et en tournant poliment le dos au jeunisme ambiant, cette revue est faite pour vous. Elle vous fera replonger dans des oeuvres parfois oubli\u00e9es, rencontrer des personnages hauts en couleur, m\u00e9moires encore vivaces de notre patrimoine culturel, vous permettant ainsi de satisfaire vos go\u00fbts de jeune (ou vieux) schnock. Ni r\u00e9trograde, ni pass\u00e9iste. Schnock, donc&#8230; Tout bonnement. Alors rejoignez-nous !<\/p>\n<p>Apr\u00e8s vous&#8230;<\/p>\n","protected":false},"excerpt":{"rendered":"<p>Si vous aussi, vous ressentez l&#8217;envie d&#8217;\u00e9chapper \u00e0 l&#8217;hyst\u00e9rie de l&#8217;\u00e9poque en faisant un pas de c\u00f4t\u00e9 et en tournant poliment le dos au jeunisme ambiant, cette revue est faite pour vous. Elle vous fera replonger dans des oeuvres parfois oubli\u00e9es, rencontrer des personnages hauts en couleur, m\u00e9moires encore vivaces de notre patrimoine culturel, vous [&hellip;]<\/p>\n","protected":false},"featured_media":33461,"template":"","meta":[],"product_cat":[2948,2957],"product_tag":[],"acf":[],"yoast_head":"<!-- This site is optimized with the Yoast SEO plugin v20.11 - https:\/\/yoast.com\/wordpress\/plugins\/seo\/ -->\n<title>REVUE SCHNOCK N.48 - Librairie 7L<\/title>\n<meta name=\"robots\" content=\"index, follow, max-snippet:-1, max-image-preview:large, max-video-preview:-1\" \/>\n<link rel=\"canonical\" href=\"https:\/\/librairie7l.com\/en\/produit\/revue-schnock-n-48\/\" \/>\n<meta property=\"og:locale\" content=\"en_US\" \/>\n<meta property=\"og:type\" content=\"article\" \/>\n<meta property=\"og:title\" content=\"REVUE SCHNOCK N.48 - Librairie 7L\" \/>\n<meta property=\"og:description\" content=\"Si vous aussi, vous ressentez l&#8217;envie d&#8217;\u00e9chapper \u00e0 l&#8217;hyst\u00e9rie de l&#8217;\u00e9poque en faisant un pas de c\u00f4t\u00e9 et en tournant poliment le dos au jeunisme ambiant, cette revue est faite pour vous. Elle vous fera replonger dans des oeuvres parfois oubli\u00e9es, rencontrer des personnages hauts en couleur, m\u00e9moires encore vivaces de notre patrimoine culturel, vous [&hellip;]\" \/>\n<meta property=\"og:url\" content=\"https:\/\/librairie7l.com\/en\/produit\/revue-schnock-n-48\/\" \/>\n<meta property=\"og:site_name\" content=\"Librairie 7L\" \/>\n<meta property=\"article:modified_time\" content=\"2026-04-06T02:48:29+00:00\" \/>\n<meta property=\"og:image\" content=\"https:\/\/librairie7l.com\/wp-content\/uploads\/2023\/04\/9782354612764_1_75.jpg\" \/>\n\t<meta property=\"og:image:width\" content=\"600\" \/>\n\t<meta property=\"og:image:height\" content=\"822\" \/>\n\t<meta property=\"og:image:type\" content=\"image\/jpeg\" \/>\n<meta name=\"twitter:card\" content=\"summary_large_image\" \/>\n<script type=\"application\/ld+json\" class=\"yoast-schema-graph\">{\"@context\":\"https:\/\/schema.org\",\"@graph\":[{\"@type\":\"WebPage\",\"@id\":\"https:\/\/librairie7l.com\/en\/produit\/revue-schnock-n-48\/\",\"url\":\"https:\/\/librairie7l.com\/en\/produit\/revue-schnock-n-48\/\",\"name\":\"REVUE SCHNOCK N.48 - Librairie 7L\",\"isPartOf\":{\"@id\":\"https:\/\/librairie7l.com\/en\/#website\"},\"datePublished\":\"2023-09-19T08:56:26+00:00\",\"dateModified\":\"2026-04-06T02:48:29+00:00\",\"breadcrumb\":{\"@id\":\"https:\/\/librairie7l.com\/en\/produit\/revue-schnock-n-48\/#breadcrumb\"},\"inLanguage\":\"en-US\",\"potentialAction\":[{\"@type\":\"ReadAction\",\"target\":[\"https:\/\/librairie7l.com\/en\/produit\/revue-schnock-n-48\/\"]}]},{\"@type\":\"BreadcrumbList\",\"@id\":\"https:\/\/librairie7l.com\/en\/produit\/revue-schnock-n-48\/#breadcrumb\",\"itemListElement\":[{\"@type\":\"ListItem\",\"position\":1,\"name\":\"Accueil\",\"item\":\"https:\/\/librairie7l.com\/en\/\"},{\"@type\":\"ListItem\",\"position\":2,\"name\":\"Shop\",\"item\":\"https:\/\/librairie7l.com\/en\/shop\/\"},{\"@type\":\"ListItem\",\"position\":3,\"name\":\"REVUE SCHNOCK N.48\"}]},{\"@type\":\"WebSite\",\"@id\":\"https:\/\/librairie7l.com\/en\/#website\",\"url\":\"https:\/\/librairie7l.com\/en\/\",\"name\":\"Librairie 7L\",\"description\":\"Librairie fond\u00e9e en 1999 par Karl Lagerfeld \u00e0 Paris\",\"publisher\":{\"@id\":\"https:\/\/librairie7l.com\/en\/#organization\"},\"potentialAction\":[{\"@type\":\"SearchAction\",\"target\":{\"@type\":\"EntryPoint\",\"urlTemplate\":\"https:\/\/librairie7l.com\/en\/?s={search_term_string}\"},\"query-input\":\"required name=search_term_string\"}],\"inLanguage\":\"en-US\"},{\"@type\":\"Organization\",\"@id\":\"https:\/\/librairie7l.com\/en\/#organization\",\"name\":\"Librairie 7L\",\"url\":\"https:\/\/librairie7l.com\/en\/\",\"logo\":{\"@type\":\"ImageObject\",\"inLanguage\":\"en-US\",\"@id\":\"https:\/\/librairie7l.com\/en\/#\/schema\/logo\/image\/\",\"url\":\"https:\/\/librairie7l.com\/wp-content\/uploads\/2022\/08\/logo-1.png\",\"contentUrl\":\"https:\/\/librairie7l.com\/wp-content\/uploads\/2022\/08\/logo-1.png\",\"width\":227,\"height\":301,\"caption\":\"Librairie 7L\"},\"image\":{\"@id\":\"https:\/\/librairie7l.com\/en\/#\/schema\/logo\/image\/\"}}]}<\/script>\n<!-- \/ Yoast SEO plugin. -->","yoast_head_json":{"title":"REVUE SCHNOCK N.48 - Librairie 7L","robots":{"index":"index","follow":"follow","max-snippet":"max-snippet:-1","max-image-preview":"max-image-preview:large","max-video-preview":"max-video-preview:-1"},"canonical":"https:\/\/librairie7l.com\/en\/produit\/revue-schnock-n-48\/","og_locale":"en_US","og_type":"article","og_title":"REVUE SCHNOCK N.48 - Librairie 7L","og_description":"Si vous aussi, vous ressentez l&#8217;envie d&#8217;\u00e9chapper \u00e0 l&#8217;hyst\u00e9rie de l&#8217;\u00e9poque en faisant un pas de c\u00f4t\u00e9 et en tournant poliment le dos au jeunisme ambiant, cette revue est faite pour vous. Elle vous fera replonger dans des oeuvres parfois oubli\u00e9es, rencontrer des personnages hauts en couleur, m\u00e9moires encore vivaces de notre patrimoine culturel, vous [&hellip;]","og_url":"https:\/\/librairie7l.com\/en\/produit\/revue-schnock-n-48\/","og_site_name":"Librairie 7L","article_modified_time":"2026-04-06T02:48:29+00:00","og_image":[{"width":600,"height":822,"url":"https:\/\/librairie7l.com\/wp-content\/uploads\/2023\/04\/9782354612764_1_75.jpg","type":"image\/jpeg"}],"twitter_card":"summary_large_image","schema":{"@context":"https:\/\/schema.org","@graph":[{"@type":"WebPage","@id":"https:\/\/librairie7l.com\/en\/produit\/revue-schnock-n-48\/","url":"https:\/\/librairie7l.com\/en\/produit\/revue-schnock-n-48\/","name":"REVUE SCHNOCK N.48 - Librairie 7L","isPartOf":{"@id":"https:\/\/librairie7l.com\/en\/#website"},"datePublished":"2023-09-19T08:56:26+00:00","dateModified":"2026-04-06T02:48:29+00:00","breadcrumb":{"@id":"https:\/\/librairie7l.com\/en\/produit\/revue-schnock-n-48\/#breadcrumb"},"inLanguage":"en-US","potentialAction":[{"@type":"ReadAction","target":["https:\/\/librairie7l.com\/en\/produit\/revue-schnock-n-48\/"]}]},{"@type":"BreadcrumbList","@id":"https:\/\/librairie7l.com\/en\/produit\/revue-schnock-n-48\/#breadcrumb","itemListElement":[{"@type":"ListItem","position":1,"name":"Accueil","item":"https:\/\/librairie7l.com\/en\/"},{"@type":"ListItem","position":2,"name":"Shop","item":"https:\/\/librairie7l.com\/en\/shop\/"},{"@type":"ListItem","position":3,"name":"REVUE SCHNOCK N.48"}]},{"@type":"WebSite","@id":"https:\/\/librairie7l.com\/en\/#website","url":"https:\/\/librairie7l.com\/en\/","name":"Librairie 7L","description":"Librairie fond\u00e9e en 1999 par Karl Lagerfeld \u00e0 Paris","publisher":{"@id":"https:\/\/librairie7l.com\/en\/#organization"},"potentialAction":[{"@type":"SearchAction","target":{"@type":"EntryPoint","urlTemplate":"https:\/\/librairie7l.com\/en\/?s={search_term_string}"},"query-input":"required name=search_term_string"}],"inLanguage":"en-US"},{"@type":"Organization","@id":"https:\/\/librairie7l.com\/en\/#organization","name":"Librairie 7L","url":"https:\/\/librairie7l.com\/en\/","logo":{"@type":"ImageObject","inLanguage":"en-US","@id":"https:\/\/librairie7l.com\/en\/#\/schema\/logo\/image\/","url":"https:\/\/librairie7l.com\/wp-content\/uploads\/2022\/08\/logo-1.png","contentUrl":"https:\/\/librairie7l.com\/wp-content\/uploads\/2022\/08\/logo-1.png","width":227,"height":301,"caption":"Librairie 7L"},"image":{"@id":"https:\/\/librairie7l.com\/en\/#\/schema\/logo\/image\/"}}]}},"_links":{"self":[{"href":"https:\/\/librairie7l.com\/en\/wp-json\/wp\/v2\/product\/33463"}],"collection":[{"href":"https:\/\/librairie7l.com\/en\/wp-json\/wp\/v2\/product"}],"about":[{"href":"https:\/\/librairie7l.com\/en\/wp-json\/wp\/v2\/types\/product"}],"wp:featuredmedia":[{"embeddable":true,"href":"https:\/\/librairie7l.com\/en\/wp-json\/wp\/v2\/media\/33461"}],"wp:attachment":[{"href":"https:\/\/librairie7l.com\/en\/wp-json\/wp\/v2\/media?parent=33463"}],"wp:term":[{"taxonomy":"product_cat","embeddable":true,"href":"https:\/\/librairie7l.com\/en\/wp-json\/wp\/v2\/product_cat?post=33463"},{"taxonomy":"product_tag","embeddable":true,"href":"https:\/\/librairie7l.com\/en\/wp-json\/wp\/v2\/product_tag?post=33463"}],"curies":[{"name":"wp","href":"https:\/\/api.w.org\/{rel}","templated":true}]}}