{"id":33467,"date":"2023-09-19T10:56:43","date_gmt":"2023-09-19T08:56:43","guid":{"rendered":"https:\/\/librairie7l.com\/?post_type=product&#038;p=33467"},"modified":"2026-05-14T19:55:39","modified_gmt":"2026-05-14T17:55:39","slug":"septembre-au-chili-1971-1973","status":"publish","type":"product","link":"https:\/\/librairie7l.com\/en\/produit\/septembre-au-chili-1971-1973\/","title":{"rendered":"SEPTEMBRE AU CHILI : 1971\/1973"},"content":{"rendered":"<p>Raymond Depardon d\u00e9couvre le Chili en septembre 1971, accompagn\u00e9 du journaliste Robert Pledge, alors que le pays f\u00eate le premier anniversaire de l&#8217;\u00e9lection de Salvador Allende.<br \/>\nCofondateur du parti socialiste et soutenu par une coalition d&#8217;Unit\u00e9 populaire, le pr\u00e9sident chilien souhaitait mettre en place  la voie chilienne vers le socialisme  avec, notamment, la nationalisation de secteurs majeurs de l&#8217;\u00e9conomie et les r\u00e9formes agraires. Depardon photographie alors dans les rues de la capitale, \u00e0 Santiago, les manifestations festives en soutien au gouvernement d&#8217;Allende. Il va \u00e9galement se rendre dans les terres du sud \u00e0 la rencontre du peuple  Mapuche qui se bat pour le droit de vivre sur la terre de ses anc\u00eatres. Deux ans plus tard, Raymond Depardon et Robert Pledge envoient le photographe am\u00e9ricain David Burnett au Chili pour couvrir le coup d&#8217;\u00e9tat d&#8217;Augusto Pinochet qui fait basculer le pays dans une dictature militaire. Les images de Burnett, qui viennent compl\u00e9ter et enrichir le reportage de Depardon, seront r\u00e9compens\u00e9es en 1973 par la Robert Capa Gold Medal Award. Publi\u00e9e \u00e0 l&#8217;occasion des 50 ans du coup d&#8217;\u00e9tat qui provoquera \u00e9galement la mort du pr\u00e9sident Salvador Allende, cette publication propose de revenir sur les \u00e9v\u00e9nements entourant cet autre 11 septembre, celui de 1973, o\u00f9 les foules joyeuses photographi\u00e9es par Depardon sont remplac\u00e9es, sous l&#8217;objectif de Burnett, par des images de la r\u00e9pression sanglante qui leur a succ\u00e9d\u00e9. L&#8217;ouvrage est compos\u00e9 de deux parties, l&#8217;une consacr\u00e9e aux photographies de Depardon, l&#8217;autre \u00e0 celles de Burnett avec, pour s\u00e9paration entre ces deux, la reproduction du clich\u00e9 iconique du photographe chilien, Leopoldo Vargas, saisissant la derni\u00e8re image de Salvador Allende vivant, sortant de son palais \u00e0 la Moneda, l&#8217;arme \u00e0 la main. Ces photographies sont enrichies par des textes d&#8217;auteurs chiliens qui font entrer en r\u00e9sonnance le Chili des ann\u00e9es 1970 avec le Chili actuel, donnant \u00e0 voir les enjeux de ce pays, 50 ans apr\u00e8s le coup d&#8217;\u00e9tat.<\/p>\n","protected":false},"excerpt":{"rendered":"<p>Raymond Depardon d\u00e9couvre le Chili en septembre 1971, accompagn\u00e9 du journaliste Robert Pledge, alors que le pays f\u00eate le premier anniversaire de l&#8217;\u00e9lection de Salvador Allende. Cofondateur du parti socialiste et soutenu par une coalition d&#8217;Unit\u00e9 populaire, le pr\u00e9sident chilien souhaitait mettre en place la voie chilienne vers le socialisme avec, notamment, la nationalisation de [&hellip;]<\/p>\n","protected":false},"featured_media":33465,"template":"","meta":[],"product_cat":[2948,2958],"product_tag":[],"acf":[],"yoast_head":"<!-- This site is optimized with the Yoast SEO plugin v20.11 - https:\/\/yoast.com\/wordpress\/plugins\/seo\/ -->\n<title>SEPTEMBRE AU CHILI : 1971\/1973 - Librairie 7L<\/title>\n<meta name=\"robots\" content=\"index, follow, max-snippet:-1, max-image-preview:large, max-video-preview:-1\" \/>\n<link rel=\"canonical\" href=\"https:\/\/librairie7l.com\/en\/produit\/septembre-au-chili-1971-1973\/\" \/>\n<meta property=\"og:locale\" content=\"en_US\" \/>\n<meta property=\"og:type\" content=\"article\" \/>\n<meta property=\"og:title\" content=\"SEPTEMBRE AU CHILI : 1971\/1973 - Librairie 7L\" \/>\n<meta property=\"og:description\" content=\"Raymond Depardon d\u00e9couvre le Chili en septembre 1971, accompagn\u00e9 du journaliste Robert Pledge, alors que le pays f\u00eate le premier anniversaire de l&#8217;\u00e9lection de Salvador Allende. Cofondateur du parti socialiste et soutenu par une coalition d&#8217;Unit\u00e9 populaire, le pr\u00e9sident chilien souhaitait mettre en place la voie chilienne vers le socialisme avec, notamment, la nationalisation de [&hellip;]\" \/>\n<meta property=\"og:url\" content=\"https:\/\/librairie7l.com\/en\/produit\/septembre-au-chili-1971-1973\/\" \/>\n<meta property=\"og:site_name\" content=\"Librairie 7L\" \/>\n<meta property=\"article:modified_time\" content=\"2026-05-14T17:55:39+00:00\" \/>\n<meta property=\"og:image\" content=\"https:\/\/librairie7l.com\/wp-content\/uploads\/2023\/04\/9782365113700_1_75.jpg\" \/>\n\t<meta property=\"og:image:width\" content=\"400\" \/>\n\t<meta property=\"og:image:height\" content=\"565\" \/>\n\t<meta property=\"og:image:type\" content=\"image\/jpeg\" \/>\n<meta name=\"twitter:card\" content=\"summary_large_image\" \/>\n<meta name=\"twitter:label1\" content=\"Est. reading time\" \/>\n\t<meta name=\"twitter:data1\" content=\"2 minutes\" \/>\n<script type=\"application\/ld+json\" class=\"yoast-schema-graph\">{\"@context\":\"https:\/\/schema.org\",\"@graph\":[{\"@type\":\"WebPage\",\"@id\":\"https:\/\/librairie7l.com\/en\/produit\/septembre-au-chili-1971-1973\/\",\"url\":\"https:\/\/librairie7l.com\/en\/produit\/septembre-au-chili-1971-1973\/\",\"name\":\"SEPTEMBRE AU CHILI : 1971\/1973 - Librairie 7L\",\"isPartOf\":{\"@id\":\"https:\/\/librairie7l.com\/en\/#website\"},\"datePublished\":\"2023-09-19T08:56:43+00:00\",\"dateModified\":\"2026-05-14T17:55:39+00:00\",\"breadcrumb\":{\"@id\":\"https:\/\/librairie7l.com\/en\/produit\/septembre-au-chili-1971-1973\/#breadcrumb\"},\"inLanguage\":\"en-US\",\"potentialAction\":[{\"@type\":\"ReadAction\",\"target\":[\"https:\/\/librairie7l.com\/en\/produit\/septembre-au-chili-1971-1973\/\"]}]},{\"@type\":\"BreadcrumbList\",\"@id\":\"https:\/\/librairie7l.com\/en\/produit\/septembre-au-chili-1971-1973\/#breadcrumb\",\"itemListElement\":[{\"@type\":\"ListItem\",\"position\":1,\"name\":\"Accueil\",\"item\":\"https:\/\/librairie7l.com\/en\/\"},{\"@type\":\"ListItem\",\"position\":2,\"name\":\"Shop\",\"item\":\"https:\/\/librairie7l.com\/en\/shop\/\"},{\"@type\":\"ListItem\",\"position\":3,\"name\":\"SEPTEMBRE AU CHILI : 1971\/1973\"}]},{\"@type\":\"WebSite\",\"@id\":\"https:\/\/librairie7l.com\/en\/#website\",\"url\":\"https:\/\/librairie7l.com\/en\/\",\"name\":\"Librairie 7L\",\"description\":\"Librairie fond\u00e9e en 1999 par Karl Lagerfeld \u00e0 Paris\",\"publisher\":{\"@id\":\"https:\/\/librairie7l.com\/en\/#organization\"},\"potentialAction\":[{\"@type\":\"SearchAction\",\"target\":{\"@type\":\"EntryPoint\",\"urlTemplate\":\"https:\/\/librairie7l.com\/en\/?s={search_term_string}\"},\"query-input\":\"required name=search_term_string\"}],\"inLanguage\":\"en-US\"},{\"@type\":\"Organization\",\"@id\":\"https:\/\/librairie7l.com\/en\/#organization\",\"name\":\"Librairie 7L\",\"url\":\"https:\/\/librairie7l.com\/en\/\",\"logo\":{\"@type\":\"ImageObject\",\"inLanguage\":\"en-US\",\"@id\":\"https:\/\/librairie7l.com\/en\/#\/schema\/logo\/image\/\",\"url\":\"https:\/\/librairie7l.com\/wp-content\/uploads\/2022\/08\/logo-1.png\",\"contentUrl\":\"https:\/\/librairie7l.com\/wp-content\/uploads\/2022\/08\/logo-1.png\",\"width\":227,\"height\":301,\"caption\":\"Librairie 7L\"},\"image\":{\"@id\":\"https:\/\/librairie7l.com\/en\/#\/schema\/logo\/image\/\"}}]}<\/script>\n<!-- \/ Yoast SEO plugin. -->","yoast_head_json":{"title":"SEPTEMBRE AU CHILI : 1971\/1973 - Librairie 7L","robots":{"index":"index","follow":"follow","max-snippet":"max-snippet:-1","max-image-preview":"max-image-preview:large","max-video-preview":"max-video-preview:-1"},"canonical":"https:\/\/librairie7l.com\/en\/produit\/septembre-au-chili-1971-1973\/","og_locale":"en_US","og_type":"article","og_title":"SEPTEMBRE AU CHILI : 1971\/1973 - Librairie 7L","og_description":"Raymond Depardon d\u00e9couvre le Chili en septembre 1971, accompagn\u00e9 du journaliste Robert Pledge, alors que le pays f\u00eate le premier anniversaire de l&#8217;\u00e9lection de Salvador Allende. Cofondateur du parti socialiste et soutenu par une coalition d&#8217;Unit\u00e9 populaire, le pr\u00e9sident chilien souhaitait mettre en place la voie chilienne vers le socialisme avec, notamment, la nationalisation de [&hellip;]","og_url":"https:\/\/librairie7l.com\/en\/produit\/septembre-au-chili-1971-1973\/","og_site_name":"Librairie 7L","article_modified_time":"2026-05-14T17:55:39+00:00","og_image":[{"width":400,"height":565,"url":"https:\/\/librairie7l.com\/wp-content\/uploads\/2023\/04\/9782365113700_1_75.jpg","type":"image\/jpeg"}],"twitter_card":"summary_large_image","twitter_misc":{"Est. reading time":"2 minutes"},"schema":{"@context":"https:\/\/schema.org","@graph":[{"@type":"WebPage","@id":"https:\/\/librairie7l.com\/en\/produit\/septembre-au-chili-1971-1973\/","url":"https:\/\/librairie7l.com\/en\/produit\/septembre-au-chili-1971-1973\/","name":"SEPTEMBRE AU CHILI : 1971\/1973 - Librairie 7L","isPartOf":{"@id":"https:\/\/librairie7l.com\/en\/#website"},"datePublished":"2023-09-19T08:56:43+00:00","dateModified":"2026-05-14T17:55:39+00:00","breadcrumb":{"@id":"https:\/\/librairie7l.com\/en\/produit\/septembre-au-chili-1971-1973\/#breadcrumb"},"inLanguage":"en-US","potentialAction":[{"@type":"ReadAction","target":["https:\/\/librairie7l.com\/en\/produit\/septembre-au-chili-1971-1973\/"]}]},{"@type":"BreadcrumbList","@id":"https:\/\/librairie7l.com\/en\/produit\/septembre-au-chili-1971-1973\/#breadcrumb","itemListElement":[{"@type":"ListItem","position":1,"name":"Accueil","item":"https:\/\/librairie7l.com\/en\/"},{"@type":"ListItem","position":2,"name":"Shop","item":"https:\/\/librairie7l.com\/en\/shop\/"},{"@type":"ListItem","position":3,"name":"SEPTEMBRE AU CHILI : 1971\/1973"}]},{"@type":"WebSite","@id":"https:\/\/librairie7l.com\/en\/#website","url":"https:\/\/librairie7l.com\/en\/","name":"Librairie 7L","description":"Librairie fond\u00e9e en 1999 par Karl Lagerfeld \u00e0 Paris","publisher":{"@id":"https:\/\/librairie7l.com\/en\/#organization"},"potentialAction":[{"@type":"SearchAction","target":{"@type":"EntryPoint","urlTemplate":"https:\/\/librairie7l.com\/en\/?s={search_term_string}"},"query-input":"required name=search_term_string"}],"inLanguage":"en-US"},{"@type":"Organization","@id":"https:\/\/librairie7l.com\/en\/#organization","name":"Librairie 7L","url":"https:\/\/librairie7l.com\/en\/","logo":{"@type":"ImageObject","inLanguage":"en-US","@id":"https:\/\/librairie7l.com\/en\/#\/schema\/logo\/image\/","url":"https:\/\/librairie7l.com\/wp-content\/uploads\/2022\/08\/logo-1.png","contentUrl":"https:\/\/librairie7l.com\/wp-content\/uploads\/2022\/08\/logo-1.png","width":227,"height":301,"caption":"Librairie 7L"},"image":{"@id":"https:\/\/librairie7l.com\/en\/#\/schema\/logo\/image\/"}}]}},"_links":{"self":[{"href":"https:\/\/librairie7l.com\/en\/wp-json\/wp\/v2\/product\/33467"}],"collection":[{"href":"https:\/\/librairie7l.com\/en\/wp-json\/wp\/v2\/product"}],"about":[{"href":"https:\/\/librairie7l.com\/en\/wp-json\/wp\/v2\/types\/product"}],"wp:featuredmedia":[{"embeddable":true,"href":"https:\/\/librairie7l.com\/en\/wp-json\/wp\/v2\/media\/33465"}],"wp:attachment":[{"href":"https:\/\/librairie7l.com\/en\/wp-json\/wp\/v2\/media?parent=33467"}],"wp:term":[{"taxonomy":"product_cat","embeddable":true,"href":"https:\/\/librairie7l.com\/en\/wp-json\/wp\/v2\/product_cat?post=33467"},{"taxonomy":"product_tag","embeddable":true,"href":"https:\/\/librairie7l.com\/en\/wp-json\/wp\/v2\/product_tag?post=33467"}],"curies":[{"name":"wp","href":"https:\/\/api.w.org\/{rel}","templated":true}]}}