{"id":33471,"date":"2023-09-19T10:56:45","date_gmt":"2023-09-19T08:56:45","guid":{"rendered":"https:\/\/librairie7l.com\/?post_type=product&#038;p=33471"},"modified":"2026-04-18T11:06:09","modified_gmt":"2026-04-18T09:06:09","slug":"des-histoires-vraies","status":"publish","type":"product","link":"https:\/\/librairie7l.com\/en\/produit\/des-histoires-vraies\/","title":{"rendered":"DES HISTOIRES VRAIES"},"content":{"rendered":"<p>Publi\u00e9 pour la premi\u00e8re fois en 1994 et r\u00e9guli\u00e8rement r\u00e9\u00e9dit\u00e9 et enrichi depuis, \u00abDes histoires vraies\u00bb revient cette ann\u00e9e pour la huiti\u00e8me fois augment\u00e9 de trois r\u00e9cits in\u00e9dits. Sophie Calle continue \u00e0 nous raconter ses histoires, dans un langage pr\u00e9cis et sobre, avec le souci du mot juste. Tant\u00f4t l\u00e9g\u00e8res et dr\u00f4les, tant\u00f4t s\u00e9rieuses, dramatiques ou cruelles, ces histoires vraies, toutes accompagn\u00e9es d&#8217;une image, livrent dans un work in progress les fragments d&#8217;une vie.<\/p>\n","protected":false},"excerpt":{"rendered":"<p>Publi\u00e9 pour la premi\u00e8re fois en 1994 et r\u00e9guli\u00e8rement r\u00e9\u00e9dit\u00e9 et enrichi depuis, \u00abDes histoires vraies\u00bb revient cette ann\u00e9e pour la huiti\u00e8me fois augment\u00e9 de trois r\u00e9cits in\u00e9dits. Sophie Calle continue \u00e0 nous raconter ses histoires, dans un langage pr\u00e9cis et sobre, avec le souci du mot juste. Tant\u00f4t l\u00e9g\u00e8res et dr\u00f4les, tant\u00f4t s\u00e9rieuses, dramatiques [&hellip;]<\/p>\n","protected":false},"featured_media":33469,"template":"","meta":[],"product_cat":[2948,2958],"product_tag":[],"acf":[],"yoast_head":"<!-- This site is optimized with the Yoast SEO plugin v20.11 - https:\/\/yoast.com\/wordpress\/plugins\/seo\/ -->\n<title>DES HISTOIRES VRAIES - Librairie 7L<\/title>\n<meta name=\"robots\" content=\"index, follow, max-snippet:-1, max-image-preview:large, max-video-preview:-1\" \/>\n<link rel=\"canonical\" href=\"https:\/\/librairie7l.com\/en\/produit\/des-histoires-vraies\/\" \/>\n<meta property=\"og:locale\" content=\"en_US\" \/>\n<meta property=\"og:type\" content=\"article\" \/>\n<meta property=\"og:title\" content=\"DES HISTOIRES VRAIES - Librairie 7L\" \/>\n<meta property=\"og:description\" content=\"Publi\u00e9 pour la premi\u00e8re fois en 1994 et r\u00e9guli\u00e8rement r\u00e9\u00e9dit\u00e9 et enrichi depuis, \u00abDes histoires vraies\u00bb revient cette ann\u00e9e pour la huiti\u00e8me fois augment\u00e9 de trois r\u00e9cits in\u00e9dits. Sophie Calle continue \u00e0 nous raconter ses histoires, dans un langage pr\u00e9cis et sobre, avec le souci du mot juste. Tant\u00f4t l\u00e9g\u00e8res et dr\u00f4les, tant\u00f4t s\u00e9rieuses, dramatiques [&hellip;]\" \/>\n<meta property=\"og:url\" content=\"https:\/\/librairie7l.com\/en\/produit\/des-histoires-vraies\/\" \/>\n<meta property=\"og:site_name\" content=\"Librairie 7L\" \/>\n<meta property=\"article:modified_time\" content=\"2026-04-18T09:06:09+00:00\" \/>\n<meta property=\"og:image\" content=\"https:\/\/librairie7l.com\/wp-content\/uploads\/2023\/04\/9782330182472_1_75.jpg\" \/>\n\t<meta property=\"og:image:width\" content=\"468\" \/>\n\t<meta property=\"og:image:height\" content=\"808\" \/>\n\t<meta property=\"og:image:type\" content=\"image\/jpeg\" \/>\n<meta name=\"twitter:card\" content=\"summary_large_image\" \/>\n<script type=\"application\/ld+json\" class=\"yoast-schema-graph\">{\"@context\":\"https:\/\/schema.org\",\"@graph\":[{\"@type\":\"WebPage\",\"@id\":\"https:\/\/librairie7l.com\/en\/produit\/des-histoires-vraies\/\",\"url\":\"https:\/\/librairie7l.com\/en\/produit\/des-histoires-vraies\/\",\"name\":\"DES HISTOIRES VRAIES - Librairie 7L\",\"isPartOf\":{\"@id\":\"https:\/\/librairie7l.com\/en\/#website\"},\"datePublished\":\"2023-09-19T08:56:45+00:00\",\"dateModified\":\"2026-04-18T09:06:09+00:00\",\"breadcrumb\":{\"@id\":\"https:\/\/librairie7l.com\/en\/produit\/des-histoires-vraies\/#breadcrumb\"},\"inLanguage\":\"en-US\",\"potentialAction\":[{\"@type\":\"ReadAction\",\"target\":[\"https:\/\/librairie7l.com\/en\/produit\/des-histoires-vraies\/\"]}]},{\"@type\":\"BreadcrumbList\",\"@id\":\"https:\/\/librairie7l.com\/en\/produit\/des-histoires-vraies\/#breadcrumb\",\"itemListElement\":[{\"@type\":\"ListItem\",\"position\":1,\"name\":\"Accueil\",\"item\":\"https:\/\/librairie7l.com\/en\/\"},{\"@type\":\"ListItem\",\"position\":2,\"name\":\"Shop\",\"item\":\"https:\/\/librairie7l.com\/en\/shop\/\"},{\"@type\":\"ListItem\",\"position\":3,\"name\":\"DES HISTOIRES VRAIES\"}]},{\"@type\":\"WebSite\",\"@id\":\"https:\/\/librairie7l.com\/en\/#website\",\"url\":\"https:\/\/librairie7l.com\/en\/\",\"name\":\"Librairie 7L\",\"description\":\"Librairie fond\u00e9e en 1999 par Karl Lagerfeld \u00e0 Paris\",\"publisher\":{\"@id\":\"https:\/\/librairie7l.com\/en\/#organization\"},\"potentialAction\":[{\"@type\":\"SearchAction\",\"target\":{\"@type\":\"EntryPoint\",\"urlTemplate\":\"https:\/\/librairie7l.com\/en\/?s={search_term_string}\"},\"query-input\":\"required name=search_term_string\"}],\"inLanguage\":\"en-US\"},{\"@type\":\"Organization\",\"@id\":\"https:\/\/librairie7l.com\/en\/#organization\",\"name\":\"Librairie 7L\",\"url\":\"https:\/\/librairie7l.com\/en\/\",\"logo\":{\"@type\":\"ImageObject\",\"inLanguage\":\"en-US\",\"@id\":\"https:\/\/librairie7l.com\/en\/#\/schema\/logo\/image\/\",\"url\":\"https:\/\/librairie7l.com\/wp-content\/uploads\/2022\/08\/logo-1.png\",\"contentUrl\":\"https:\/\/librairie7l.com\/wp-content\/uploads\/2022\/08\/logo-1.png\",\"width\":227,\"height\":301,\"caption\":\"Librairie 7L\"},\"image\":{\"@id\":\"https:\/\/librairie7l.com\/en\/#\/schema\/logo\/image\/\"}}]}<\/script>\n<!-- \/ Yoast SEO plugin. -->","yoast_head_json":{"title":"DES HISTOIRES VRAIES - Librairie 7L","robots":{"index":"index","follow":"follow","max-snippet":"max-snippet:-1","max-image-preview":"max-image-preview:large","max-video-preview":"max-video-preview:-1"},"canonical":"https:\/\/librairie7l.com\/en\/produit\/des-histoires-vraies\/","og_locale":"en_US","og_type":"article","og_title":"DES HISTOIRES VRAIES - Librairie 7L","og_description":"Publi\u00e9 pour la premi\u00e8re fois en 1994 et r\u00e9guli\u00e8rement r\u00e9\u00e9dit\u00e9 et enrichi depuis, \u00abDes histoires vraies\u00bb revient cette ann\u00e9e pour la huiti\u00e8me fois augment\u00e9 de trois r\u00e9cits in\u00e9dits. Sophie Calle continue \u00e0 nous raconter ses histoires, dans un langage pr\u00e9cis et sobre, avec le souci du mot juste. Tant\u00f4t l\u00e9g\u00e8res et dr\u00f4les, tant\u00f4t s\u00e9rieuses, dramatiques [&hellip;]","og_url":"https:\/\/librairie7l.com\/en\/produit\/des-histoires-vraies\/","og_site_name":"Librairie 7L","article_modified_time":"2026-04-18T09:06:09+00:00","og_image":[{"width":468,"height":808,"url":"https:\/\/librairie7l.com\/wp-content\/uploads\/2023\/04\/9782330182472_1_75.jpg","type":"image\/jpeg"}],"twitter_card":"summary_large_image","schema":{"@context":"https:\/\/schema.org","@graph":[{"@type":"WebPage","@id":"https:\/\/librairie7l.com\/en\/produit\/des-histoires-vraies\/","url":"https:\/\/librairie7l.com\/en\/produit\/des-histoires-vraies\/","name":"DES HISTOIRES VRAIES - Librairie 7L","isPartOf":{"@id":"https:\/\/librairie7l.com\/en\/#website"},"datePublished":"2023-09-19T08:56:45+00:00","dateModified":"2026-04-18T09:06:09+00:00","breadcrumb":{"@id":"https:\/\/librairie7l.com\/en\/produit\/des-histoires-vraies\/#breadcrumb"},"inLanguage":"en-US","potentialAction":[{"@type":"ReadAction","target":["https:\/\/librairie7l.com\/en\/produit\/des-histoires-vraies\/"]}]},{"@type":"BreadcrumbList","@id":"https:\/\/librairie7l.com\/en\/produit\/des-histoires-vraies\/#breadcrumb","itemListElement":[{"@type":"ListItem","position":1,"name":"Accueil","item":"https:\/\/librairie7l.com\/en\/"},{"@type":"ListItem","position":2,"name":"Shop","item":"https:\/\/librairie7l.com\/en\/shop\/"},{"@type":"ListItem","position":3,"name":"DES HISTOIRES VRAIES"}]},{"@type":"WebSite","@id":"https:\/\/librairie7l.com\/en\/#website","url":"https:\/\/librairie7l.com\/en\/","name":"Librairie 7L","description":"Librairie fond\u00e9e en 1999 par Karl Lagerfeld \u00e0 Paris","publisher":{"@id":"https:\/\/librairie7l.com\/en\/#organization"},"potentialAction":[{"@type":"SearchAction","target":{"@type":"EntryPoint","urlTemplate":"https:\/\/librairie7l.com\/en\/?s={search_term_string}"},"query-input":"required name=search_term_string"}],"inLanguage":"en-US"},{"@type":"Organization","@id":"https:\/\/librairie7l.com\/en\/#organization","name":"Librairie 7L","url":"https:\/\/librairie7l.com\/en\/","logo":{"@type":"ImageObject","inLanguage":"en-US","@id":"https:\/\/librairie7l.com\/en\/#\/schema\/logo\/image\/","url":"https:\/\/librairie7l.com\/wp-content\/uploads\/2022\/08\/logo-1.png","contentUrl":"https:\/\/librairie7l.com\/wp-content\/uploads\/2022\/08\/logo-1.png","width":227,"height":301,"caption":"Librairie 7L"},"image":{"@id":"https:\/\/librairie7l.com\/en\/#\/schema\/logo\/image\/"}}]}},"_links":{"self":[{"href":"https:\/\/librairie7l.com\/en\/wp-json\/wp\/v2\/product\/33471"}],"collection":[{"href":"https:\/\/librairie7l.com\/en\/wp-json\/wp\/v2\/product"}],"about":[{"href":"https:\/\/librairie7l.com\/en\/wp-json\/wp\/v2\/types\/product"}],"wp:featuredmedia":[{"embeddable":true,"href":"https:\/\/librairie7l.com\/en\/wp-json\/wp\/v2\/media\/33469"}],"wp:attachment":[{"href":"https:\/\/librairie7l.com\/en\/wp-json\/wp\/v2\/media?parent=33471"}],"wp:term":[{"taxonomy":"product_cat","embeddable":true,"href":"https:\/\/librairie7l.com\/en\/wp-json\/wp\/v2\/product_cat?post=33471"},{"taxonomy":"product_tag","embeddable":true,"href":"https:\/\/librairie7l.com\/en\/wp-json\/wp\/v2\/product_tag?post=33471"}],"curies":[{"name":"wp","href":"https:\/\/api.w.org\/{rel}","templated":true}]}}