{"id":33475,"date":"2023-09-19T10:56:50","date_gmt":"2023-09-19T08:56:50","guid":{"rendered":"https:\/\/librairie7l.com\/?post_type=product&#038;p=33475"},"modified":"2026-04-21T21:50:11","modified_gmt":"2026-04-21T19:50:11","slug":"corps-a-corps-histoires-de-la-photographie","status":"publish","type":"product","link":"https:\/\/librairie7l.com\/en\/produit\/corps-a-corps-histoires-de-la-photographie\/","title":{"rendered":"CORPS A CORPS : HISTOIRE(S) DE LA PHOTOGRAPHIE"},"content":{"rendered":"<p>Cette exposition propose une relecture de l&#8217;histoire de la  photographie des XX\u00e8me et XXI\u00e8me si\u00e8cles au travers le prisme de la  repr\u00e9sentation humaine. Elle fait dialoguer deux collections photographiques &#8211; celle, publique, du Mus\u00e9e national d&#8217;art moderne &#8211;  Centre Pompidou, et celle, priv\u00e9e, d&#8217;un collectionneur fran\u00e7ais, Marin  Karmitz.<br \/>\nHommes et femmes sont des sujets privil\u00e9gi\u00e9s du m\u00e9dium  photographique, depuis ses origines. Mod\u00e8les et\/ou acteurs de ces  images les repr\u00e9sentant, ils et elles incarnent les modes, les styles,  les particularit\u00e9s comme les obsessions et les mani\u00e8res de voir du  photographe. Portraits pos\u00e9s, corps \u00e9pi\u00e9s ou \u00ab en soi \u00bb, corps collectif,  en lutte ou opprim\u00e9s, corps fragment\u00e9s et corps interdits&#8230; Comment  la photographie participe-t-elle \u00e0 la naissance des identit\u00e9s, et leur  visibilit\u00e9 ? Comment documente-elle leur individualit\u00e9, leur rapport \u00e0  l&#8217;autre, leurs luttes, leur disparition et leur possible renaissance ?<br \/>\nCr\u00e9\u00e9e d\u00e8s les d\u00e9buts du Centre Pompidou, la collection de  photographies du Mus\u00e9e national d&#8217;art moderne est devenue en pr\u00e8s  de quarante ans l&#8217;une des plus importantes au monde. Riche de plus  de 40 000 tirages et de 60 000 n\u00e9gatifs, elle est constitu\u00e9e de grands  fonds historiques (Man Ray, Brassa\u00ef, Constantin Brancusi ou Dora  Maar) ; elle compte de nombreux ensembles de figures incontournables du XXe si\u00e8cle, comme des corpus importants de la cr\u00e9ation  contemporaine.<\/p>\n","protected":false},"excerpt":{"rendered":"<p>Cette exposition propose une relecture de l&#8217;histoire de la photographie des XX\u00e8me et XXI\u00e8me si\u00e8cles au travers le prisme de la repr\u00e9sentation humaine. Elle fait dialoguer deux collections photographiques &#8211; celle, publique, du Mus\u00e9e national d&#8217;art moderne &#8211; Centre Pompidou, et celle, priv\u00e9e, d&#8217;un collectionneur fran\u00e7ais, Marin Karmitz. Hommes et femmes sont des sujets privil\u00e9gi\u00e9s [&hellip;]<\/p>\n","protected":false},"featured_media":33473,"template":"","meta":[],"product_cat":[2948,2958],"product_tag":[],"acf":[],"yoast_head":"<!-- This site is optimized with the Yoast SEO plugin v20.11 - https:\/\/yoast.com\/wordpress\/plugins\/seo\/ -->\n<title>CORPS A CORPS : HISTOIRE(S) DE LA PHOTOGRAPHIE - Librairie 7L<\/title>\n<meta name=\"robots\" content=\"index, follow, max-snippet:-1, max-image-preview:large, max-video-preview:-1\" \/>\n<link rel=\"canonical\" href=\"https:\/\/librairie7l.com\/en\/produit\/corps-a-corps-histoires-de-la-photographie\/\" \/>\n<meta property=\"og:locale\" content=\"en_US\" \/>\n<meta property=\"og:type\" content=\"article\" \/>\n<meta property=\"og:title\" content=\"CORPS A CORPS : HISTOIRE(S) DE LA PHOTOGRAPHIE - Librairie 7L\" \/>\n<meta property=\"og:description\" content=\"Cette exposition propose une relecture de l&#8217;histoire de la photographie des XX\u00e8me et XXI\u00e8me si\u00e8cles au travers le prisme de la repr\u00e9sentation humaine. Elle fait dialoguer deux collections photographiques &#8211; celle, publique, du Mus\u00e9e national d&#8217;art moderne &#8211; Centre Pompidou, et celle, priv\u00e9e, d&#8217;un collectionneur fran\u00e7ais, Marin Karmitz. Hommes et femmes sont des sujets privil\u00e9gi\u00e9s [&hellip;]\" \/>\n<meta property=\"og:url\" content=\"https:\/\/librairie7l.com\/en\/produit\/corps-a-corps-histoires-de-la-photographie\/\" \/>\n<meta property=\"og:site_name\" content=\"Librairie 7L\" \/>\n<meta property=\"article:modified_time\" content=\"2026-04-21T19:50:11+00:00\" \/>\n<meta property=\"og:image\" content=\"https:\/\/librairie7l.com\/wp-content\/uploads\/2023\/03\/9782844269577_1_75.jpg\" \/>\n\t<meta property=\"og:image:width\" content=\"600\" \/>\n\t<meta property=\"og:image:height\" content=\"736\" \/>\n\t<meta property=\"og:image:type\" content=\"image\/jpeg\" \/>\n<meta name=\"twitter:card\" content=\"summary_large_image\" \/>\n<meta name=\"twitter:label1\" content=\"Est. reading time\" \/>\n\t<meta name=\"twitter:data1\" content=\"1 minute\" \/>\n<script type=\"application\/ld+json\" class=\"yoast-schema-graph\">{\"@context\":\"https:\/\/schema.org\",\"@graph\":[{\"@type\":\"WebPage\",\"@id\":\"https:\/\/librairie7l.com\/en\/produit\/corps-a-corps-histoires-de-la-photographie\/\",\"url\":\"https:\/\/librairie7l.com\/en\/produit\/corps-a-corps-histoires-de-la-photographie\/\",\"name\":\"CORPS A CORPS : HISTOIRE(S) DE LA PHOTOGRAPHIE - Librairie 7L\",\"isPartOf\":{\"@id\":\"https:\/\/librairie7l.com\/en\/#website\"},\"datePublished\":\"2023-09-19T08:56:50+00:00\",\"dateModified\":\"2026-04-21T19:50:11+00:00\",\"breadcrumb\":{\"@id\":\"https:\/\/librairie7l.com\/en\/produit\/corps-a-corps-histoires-de-la-photographie\/#breadcrumb\"},\"inLanguage\":\"en-US\",\"potentialAction\":[{\"@type\":\"ReadAction\",\"target\":[\"https:\/\/librairie7l.com\/en\/produit\/corps-a-corps-histoires-de-la-photographie\/\"]}]},{\"@type\":\"BreadcrumbList\",\"@id\":\"https:\/\/librairie7l.com\/en\/produit\/corps-a-corps-histoires-de-la-photographie\/#breadcrumb\",\"itemListElement\":[{\"@type\":\"ListItem\",\"position\":1,\"name\":\"Accueil\",\"item\":\"https:\/\/librairie7l.com\/en\/\"},{\"@type\":\"ListItem\",\"position\":2,\"name\":\"Shop\",\"item\":\"https:\/\/librairie7l.com\/en\/shop\/\"},{\"@type\":\"ListItem\",\"position\":3,\"name\":\"CORPS A CORPS : HISTOIRE(S) DE LA PHOTOGRAPHIE\"}]},{\"@type\":\"WebSite\",\"@id\":\"https:\/\/librairie7l.com\/en\/#website\",\"url\":\"https:\/\/librairie7l.com\/en\/\",\"name\":\"Librairie 7L\",\"description\":\"Librairie fond\u00e9e en 1999 par Karl Lagerfeld \u00e0 Paris\",\"publisher\":{\"@id\":\"https:\/\/librairie7l.com\/en\/#organization\"},\"potentialAction\":[{\"@type\":\"SearchAction\",\"target\":{\"@type\":\"EntryPoint\",\"urlTemplate\":\"https:\/\/librairie7l.com\/en\/?s={search_term_string}\"},\"query-input\":\"required name=search_term_string\"}],\"inLanguage\":\"en-US\"},{\"@type\":\"Organization\",\"@id\":\"https:\/\/librairie7l.com\/en\/#organization\",\"name\":\"Librairie 7L\",\"url\":\"https:\/\/librairie7l.com\/en\/\",\"logo\":{\"@type\":\"ImageObject\",\"inLanguage\":\"en-US\",\"@id\":\"https:\/\/librairie7l.com\/en\/#\/schema\/logo\/image\/\",\"url\":\"https:\/\/librairie7l.com\/wp-content\/uploads\/2022\/08\/logo-1.png\",\"contentUrl\":\"https:\/\/librairie7l.com\/wp-content\/uploads\/2022\/08\/logo-1.png\",\"width\":227,\"height\":301,\"caption\":\"Librairie 7L\"},\"image\":{\"@id\":\"https:\/\/librairie7l.com\/en\/#\/schema\/logo\/image\/\"}}]}<\/script>\n<!-- \/ Yoast SEO plugin. -->","yoast_head_json":{"title":"CORPS A CORPS : HISTOIRE(S) DE LA PHOTOGRAPHIE - Librairie 7L","robots":{"index":"index","follow":"follow","max-snippet":"max-snippet:-1","max-image-preview":"max-image-preview:large","max-video-preview":"max-video-preview:-1"},"canonical":"https:\/\/librairie7l.com\/en\/produit\/corps-a-corps-histoires-de-la-photographie\/","og_locale":"en_US","og_type":"article","og_title":"CORPS A CORPS : HISTOIRE(S) DE LA PHOTOGRAPHIE - Librairie 7L","og_description":"Cette exposition propose une relecture de l&#8217;histoire de la photographie des XX\u00e8me et XXI\u00e8me si\u00e8cles au travers le prisme de la repr\u00e9sentation humaine. Elle fait dialoguer deux collections photographiques &#8211; celle, publique, du Mus\u00e9e national d&#8217;art moderne &#8211; Centre Pompidou, et celle, priv\u00e9e, d&#8217;un collectionneur fran\u00e7ais, Marin Karmitz. Hommes et femmes sont des sujets privil\u00e9gi\u00e9s [&hellip;]","og_url":"https:\/\/librairie7l.com\/en\/produit\/corps-a-corps-histoires-de-la-photographie\/","og_site_name":"Librairie 7L","article_modified_time":"2026-04-21T19:50:11+00:00","og_image":[{"width":600,"height":736,"url":"https:\/\/librairie7l.com\/wp-content\/uploads\/2023\/03\/9782844269577_1_75.jpg","type":"image\/jpeg"}],"twitter_card":"summary_large_image","twitter_misc":{"Est. reading time":"1 minute"},"schema":{"@context":"https:\/\/schema.org","@graph":[{"@type":"WebPage","@id":"https:\/\/librairie7l.com\/en\/produit\/corps-a-corps-histoires-de-la-photographie\/","url":"https:\/\/librairie7l.com\/en\/produit\/corps-a-corps-histoires-de-la-photographie\/","name":"CORPS A CORPS : HISTOIRE(S) DE LA PHOTOGRAPHIE - Librairie 7L","isPartOf":{"@id":"https:\/\/librairie7l.com\/en\/#website"},"datePublished":"2023-09-19T08:56:50+00:00","dateModified":"2026-04-21T19:50:11+00:00","breadcrumb":{"@id":"https:\/\/librairie7l.com\/en\/produit\/corps-a-corps-histoires-de-la-photographie\/#breadcrumb"},"inLanguage":"en-US","potentialAction":[{"@type":"ReadAction","target":["https:\/\/librairie7l.com\/en\/produit\/corps-a-corps-histoires-de-la-photographie\/"]}]},{"@type":"BreadcrumbList","@id":"https:\/\/librairie7l.com\/en\/produit\/corps-a-corps-histoires-de-la-photographie\/#breadcrumb","itemListElement":[{"@type":"ListItem","position":1,"name":"Accueil","item":"https:\/\/librairie7l.com\/en\/"},{"@type":"ListItem","position":2,"name":"Shop","item":"https:\/\/librairie7l.com\/en\/shop\/"},{"@type":"ListItem","position":3,"name":"CORPS A CORPS : HISTOIRE(S) DE LA PHOTOGRAPHIE"}]},{"@type":"WebSite","@id":"https:\/\/librairie7l.com\/en\/#website","url":"https:\/\/librairie7l.com\/en\/","name":"Librairie 7L","description":"Librairie fond\u00e9e en 1999 par Karl Lagerfeld \u00e0 Paris","publisher":{"@id":"https:\/\/librairie7l.com\/en\/#organization"},"potentialAction":[{"@type":"SearchAction","target":{"@type":"EntryPoint","urlTemplate":"https:\/\/librairie7l.com\/en\/?s={search_term_string}"},"query-input":"required name=search_term_string"}],"inLanguage":"en-US"},{"@type":"Organization","@id":"https:\/\/librairie7l.com\/en\/#organization","name":"Librairie 7L","url":"https:\/\/librairie7l.com\/en\/","logo":{"@type":"ImageObject","inLanguage":"en-US","@id":"https:\/\/librairie7l.com\/en\/#\/schema\/logo\/image\/","url":"https:\/\/librairie7l.com\/wp-content\/uploads\/2022\/08\/logo-1.png","contentUrl":"https:\/\/librairie7l.com\/wp-content\/uploads\/2022\/08\/logo-1.png","width":227,"height":301,"caption":"Librairie 7L"},"image":{"@id":"https:\/\/librairie7l.com\/en\/#\/schema\/logo\/image\/"}}]}},"_links":{"self":[{"href":"https:\/\/librairie7l.com\/en\/wp-json\/wp\/v2\/product\/33475"}],"collection":[{"href":"https:\/\/librairie7l.com\/en\/wp-json\/wp\/v2\/product"}],"about":[{"href":"https:\/\/librairie7l.com\/en\/wp-json\/wp\/v2\/types\/product"}],"wp:featuredmedia":[{"embeddable":true,"href":"https:\/\/librairie7l.com\/en\/wp-json\/wp\/v2\/media\/33473"}],"wp:attachment":[{"href":"https:\/\/librairie7l.com\/en\/wp-json\/wp\/v2\/media?parent=33475"}],"wp:term":[{"taxonomy":"product_cat","embeddable":true,"href":"https:\/\/librairie7l.com\/en\/wp-json\/wp\/v2\/product_cat?post=33475"},{"taxonomy":"product_tag","embeddable":true,"href":"https:\/\/librairie7l.com\/en\/wp-json\/wp\/v2\/product_tag?post=33475"}],"curies":[{"name":"wp","href":"https:\/\/api.w.org\/{rel}","templated":true}]}}