{"id":33479,"date":"2023-09-19T10:56:56","date_gmt":"2023-09-19T08:56:56","guid":{"rendered":"https:\/\/librairie7l.com\/?post_type=product&#038;p=33479"},"modified":"2026-04-18T20:27:06","modified_gmt":"2026-04-18T18:27:06","slug":"ruth-orkin-bike-trip1939","status":"publish","type":"product","link":"https:\/\/librairie7l.com\/en\/produit\/ruth-orkin-bike-trip1939\/","title":{"rendered":"RUTH ORKIN, BIKE TRIP,1939"},"content":{"rendered":"<p>Ruth Orkin (1921-1985) n&#8217;a que 17 ans lorsqu&#8217;elle enfourche sa bicyclette et inaugure un \u00ab bike trip \u00bb \u00e0 travers les Etats-Unis en 1939, de Los Angeles \u00e0 New York. Sa travers\u00e9e et son audace assez inhabituelle pour l&#8217;\u00e9poque suscitent la curiosit\u00e9 des gens et de la presse locale qui lui consacre de nombreux reportages. Cette \u00e9pop\u00e9e prend les allures pour la jeune femme d&#8217;un voyage initiatique au cours duquel elle esquisse les pr\u00e9mices de son \u00e9criture photographique. Ses photographies de sc\u00e8nes de rue, de b\u00e2timents d\u00e9coup\u00e9s par des jeux subtils de lumi\u00e8re, ses images po\u00e9tiques et touchantes seront montr\u00e9es pour la pour la premi\u00e8re fois en France \u00e0 l&#8217;occasion d&#8217;une exposition \u00e0 la Fondation Henri Cartier-Bresson du 19 septembre 23 au 14 janvier 24.<\/p>\n","protected":false},"excerpt":{"rendered":"<p>Ruth Orkin (1921-1985) n&#8217;a que 17 ans lorsqu&#8217;elle enfourche sa bicyclette et inaugure un \u00ab bike trip \u00bb \u00e0 travers les Etats-Unis en 1939, de Los Angeles \u00e0 New York. Sa travers\u00e9e et son audace assez inhabituelle pour l&#8217;\u00e9poque suscitent la curiosit\u00e9 des gens et de la presse locale qui lui consacre de nombreux reportages. [&hellip;]<\/p>\n","protected":false},"featured_media":33477,"template":"","meta":[],"product_cat":[2948,2958],"product_tag":[],"acf":[],"yoast_head":"<!-- This site is optimized with the Yoast SEO plugin v20.11 - https:\/\/yoast.com\/wordpress\/plugins\/seo\/ -->\n<title>RUTH ORKIN, BIKE TRIP,1939 - Librairie 7L<\/title>\n<meta name=\"robots\" content=\"index, follow, max-snippet:-1, max-image-preview:large, max-video-preview:-1\" \/>\n<link rel=\"canonical\" href=\"https:\/\/librairie7l.com\/en\/produit\/ruth-orkin-bike-trip1939\/\" \/>\n<meta property=\"og:locale\" content=\"en_US\" \/>\n<meta property=\"og:type\" content=\"article\" \/>\n<meta property=\"og:title\" content=\"RUTH ORKIN, BIKE TRIP,1939 - Librairie 7L\" \/>\n<meta property=\"og:description\" content=\"Ruth Orkin (1921-1985) n&#8217;a que 17 ans lorsqu&#8217;elle enfourche sa bicyclette et inaugure un \u00ab bike trip \u00bb \u00e0 travers les Etats-Unis en 1939, de Los Angeles \u00e0 New York. Sa travers\u00e9e et son audace assez inhabituelle pour l&#8217;\u00e9poque suscitent la curiosit\u00e9 des gens et de la presse locale qui lui consacre de nombreux reportages. [&hellip;]\" \/>\n<meta property=\"og:url\" content=\"https:\/\/librairie7l.com\/en\/produit\/ruth-orkin-bike-trip1939\/\" \/>\n<meta property=\"og:site_name\" content=\"Librairie 7L\" \/>\n<meta property=\"article:modified_time\" content=\"2026-04-18T18:27:06+00:00\" \/>\n<meta property=\"og:image\" content=\"https:\/\/librairie7l.com\/wp-content\/uploads\/2023\/04\/9782845979659_1_75.jpg\" \/>\n\t<meta property=\"og:image:width\" content=\"651\" \/>\n\t<meta property=\"og:image:height\" content=\"595\" \/>\n\t<meta property=\"og:image:type\" content=\"image\/jpeg\" \/>\n<meta name=\"twitter:card\" content=\"summary_large_image\" \/>\n<meta name=\"twitter:label1\" content=\"Est. reading time\" \/>\n\t<meta name=\"twitter:data1\" content=\"1 minute\" \/>\n<script type=\"application\/ld+json\" class=\"yoast-schema-graph\">{\"@context\":\"https:\/\/schema.org\",\"@graph\":[{\"@type\":\"WebPage\",\"@id\":\"https:\/\/librairie7l.com\/en\/produit\/ruth-orkin-bike-trip1939\/\",\"url\":\"https:\/\/librairie7l.com\/en\/produit\/ruth-orkin-bike-trip1939\/\",\"name\":\"RUTH ORKIN, BIKE TRIP,1939 - Librairie 7L\",\"isPartOf\":{\"@id\":\"https:\/\/librairie7l.com\/en\/#website\"},\"datePublished\":\"2023-09-19T08:56:56+00:00\",\"dateModified\":\"2026-04-18T18:27:06+00:00\",\"breadcrumb\":{\"@id\":\"https:\/\/librairie7l.com\/en\/produit\/ruth-orkin-bike-trip1939\/#breadcrumb\"},\"inLanguage\":\"en-US\",\"potentialAction\":[{\"@type\":\"ReadAction\",\"target\":[\"https:\/\/librairie7l.com\/en\/produit\/ruth-orkin-bike-trip1939\/\"]}]},{\"@type\":\"BreadcrumbList\",\"@id\":\"https:\/\/librairie7l.com\/en\/produit\/ruth-orkin-bike-trip1939\/#breadcrumb\",\"itemListElement\":[{\"@type\":\"ListItem\",\"position\":1,\"name\":\"Accueil\",\"item\":\"https:\/\/librairie7l.com\/en\/\"},{\"@type\":\"ListItem\",\"position\":2,\"name\":\"Shop\",\"item\":\"https:\/\/librairie7l.com\/en\/shop\/\"},{\"@type\":\"ListItem\",\"position\":3,\"name\":\"RUTH ORKIN, BIKE TRIP,1939\"}]},{\"@type\":\"WebSite\",\"@id\":\"https:\/\/librairie7l.com\/en\/#website\",\"url\":\"https:\/\/librairie7l.com\/en\/\",\"name\":\"Librairie 7L\",\"description\":\"Librairie fond\u00e9e en 1999 par Karl Lagerfeld \u00e0 Paris\",\"publisher\":{\"@id\":\"https:\/\/librairie7l.com\/en\/#organization\"},\"potentialAction\":[{\"@type\":\"SearchAction\",\"target\":{\"@type\":\"EntryPoint\",\"urlTemplate\":\"https:\/\/librairie7l.com\/en\/?s={search_term_string}\"},\"query-input\":\"required name=search_term_string\"}],\"inLanguage\":\"en-US\"},{\"@type\":\"Organization\",\"@id\":\"https:\/\/librairie7l.com\/en\/#organization\",\"name\":\"Librairie 7L\",\"url\":\"https:\/\/librairie7l.com\/en\/\",\"logo\":{\"@type\":\"ImageObject\",\"inLanguage\":\"en-US\",\"@id\":\"https:\/\/librairie7l.com\/en\/#\/schema\/logo\/image\/\",\"url\":\"https:\/\/librairie7l.com\/wp-content\/uploads\/2022\/08\/logo-1.png\",\"contentUrl\":\"https:\/\/librairie7l.com\/wp-content\/uploads\/2022\/08\/logo-1.png\",\"width\":227,\"height\":301,\"caption\":\"Librairie 7L\"},\"image\":{\"@id\":\"https:\/\/librairie7l.com\/en\/#\/schema\/logo\/image\/\"}}]}<\/script>\n<!-- \/ Yoast SEO plugin. -->","yoast_head_json":{"title":"RUTH ORKIN, BIKE TRIP,1939 - Librairie 7L","robots":{"index":"index","follow":"follow","max-snippet":"max-snippet:-1","max-image-preview":"max-image-preview:large","max-video-preview":"max-video-preview:-1"},"canonical":"https:\/\/librairie7l.com\/en\/produit\/ruth-orkin-bike-trip1939\/","og_locale":"en_US","og_type":"article","og_title":"RUTH ORKIN, BIKE TRIP,1939 - Librairie 7L","og_description":"Ruth Orkin (1921-1985) n&#8217;a que 17 ans lorsqu&#8217;elle enfourche sa bicyclette et inaugure un \u00ab bike trip \u00bb \u00e0 travers les Etats-Unis en 1939, de Los Angeles \u00e0 New York. Sa travers\u00e9e et son audace assez inhabituelle pour l&#8217;\u00e9poque suscitent la curiosit\u00e9 des gens et de la presse locale qui lui consacre de nombreux reportages. [&hellip;]","og_url":"https:\/\/librairie7l.com\/en\/produit\/ruth-orkin-bike-trip1939\/","og_site_name":"Librairie 7L","article_modified_time":"2026-04-18T18:27:06+00:00","og_image":[{"width":651,"height":595,"url":"https:\/\/librairie7l.com\/wp-content\/uploads\/2023\/04\/9782845979659_1_75.jpg","type":"image\/jpeg"}],"twitter_card":"summary_large_image","twitter_misc":{"Est. reading time":"1 minute"},"schema":{"@context":"https:\/\/schema.org","@graph":[{"@type":"WebPage","@id":"https:\/\/librairie7l.com\/en\/produit\/ruth-orkin-bike-trip1939\/","url":"https:\/\/librairie7l.com\/en\/produit\/ruth-orkin-bike-trip1939\/","name":"RUTH ORKIN, BIKE TRIP,1939 - Librairie 7L","isPartOf":{"@id":"https:\/\/librairie7l.com\/en\/#website"},"datePublished":"2023-09-19T08:56:56+00:00","dateModified":"2026-04-18T18:27:06+00:00","breadcrumb":{"@id":"https:\/\/librairie7l.com\/en\/produit\/ruth-orkin-bike-trip1939\/#breadcrumb"},"inLanguage":"en-US","potentialAction":[{"@type":"ReadAction","target":["https:\/\/librairie7l.com\/en\/produit\/ruth-orkin-bike-trip1939\/"]}]},{"@type":"BreadcrumbList","@id":"https:\/\/librairie7l.com\/en\/produit\/ruth-orkin-bike-trip1939\/#breadcrumb","itemListElement":[{"@type":"ListItem","position":1,"name":"Accueil","item":"https:\/\/librairie7l.com\/en\/"},{"@type":"ListItem","position":2,"name":"Shop","item":"https:\/\/librairie7l.com\/en\/shop\/"},{"@type":"ListItem","position":3,"name":"RUTH ORKIN, BIKE TRIP,1939"}]},{"@type":"WebSite","@id":"https:\/\/librairie7l.com\/en\/#website","url":"https:\/\/librairie7l.com\/en\/","name":"Librairie 7L","description":"Librairie fond\u00e9e en 1999 par Karl Lagerfeld \u00e0 Paris","publisher":{"@id":"https:\/\/librairie7l.com\/en\/#organization"},"potentialAction":[{"@type":"SearchAction","target":{"@type":"EntryPoint","urlTemplate":"https:\/\/librairie7l.com\/en\/?s={search_term_string}"},"query-input":"required name=search_term_string"}],"inLanguage":"en-US"},{"@type":"Organization","@id":"https:\/\/librairie7l.com\/en\/#organization","name":"Librairie 7L","url":"https:\/\/librairie7l.com\/en\/","logo":{"@type":"ImageObject","inLanguage":"en-US","@id":"https:\/\/librairie7l.com\/en\/#\/schema\/logo\/image\/","url":"https:\/\/librairie7l.com\/wp-content\/uploads\/2022\/08\/logo-1.png","contentUrl":"https:\/\/librairie7l.com\/wp-content\/uploads\/2022\/08\/logo-1.png","width":227,"height":301,"caption":"Librairie 7L"},"image":{"@id":"https:\/\/librairie7l.com\/en\/#\/schema\/logo\/image\/"}}]}},"_links":{"self":[{"href":"https:\/\/librairie7l.com\/en\/wp-json\/wp\/v2\/product\/33479"}],"collection":[{"href":"https:\/\/librairie7l.com\/en\/wp-json\/wp\/v2\/product"}],"about":[{"href":"https:\/\/librairie7l.com\/en\/wp-json\/wp\/v2\/types\/product"}],"wp:featuredmedia":[{"embeddable":true,"href":"https:\/\/librairie7l.com\/en\/wp-json\/wp\/v2\/media\/33477"}],"wp:attachment":[{"href":"https:\/\/librairie7l.com\/en\/wp-json\/wp\/v2\/media?parent=33479"}],"wp:term":[{"taxonomy":"product_cat","embeddable":true,"href":"https:\/\/librairie7l.com\/en\/wp-json\/wp\/v2\/product_cat?post=33479"},{"taxonomy":"product_tag","embeddable":true,"href":"https:\/\/librairie7l.com\/en\/wp-json\/wp\/v2\/product_tag?post=33479"}],"curies":[{"name":"wp","href":"https:\/\/api.w.org\/{rel}","templated":true}]}}