{"id":33483,"date":"2023-09-19T10:57:17","date_gmt":"2023-09-19T08:57:17","guid":{"rendered":"https:\/\/librairie7l.com\/?post_type=product&#038;p=33483"},"modified":"2026-04-25T01:13:45","modified_gmt":"2026-04-24T23:13:45","slug":"sarah-bernhardt-catalogue","status":"publish","type":"product","link":"https:\/\/librairie7l.com\/en\/produit\/sarah-bernhardt-catalogue\/","title":{"rendered":"SARAH BERNHARDT, CATALOGUE"},"content":{"rendered":"<p>\u00ab Elle a des capacit\u00e9s d&#8217;expression plus grandes que  les autres gens. Elle a l&#8217;impression qu&#8217;il n&#8217;y a pas de  limites \u00e0 ce qu&#8217;elle pourrait vivre. Et puis surtout, il n&#8217;y a  personne d&#8217;autre qui vit comme elle, et \u00e7a, c&#8217;est une  grande solitude. \u00bb Delphine Seyrig Son nom est connu de tous, pourtant que sait-on exactement de cette grande actrice aussi c\u00e9l\u00e8bre que Gambetta et Hugo comme le rapporte la presse de l&#8217;\u00e9poque? Sarah Bernhardt (1844-1923) a \u00e9t\u00e9 l&#8217;une des plus grandes trag\u00e9diennes fran\u00e7aises. Elle quitte la Com\u00e9die fran\u00e7aise et fonde en 1880 sa propre compagnie, avec laquelle elle participe \u00e0 une tourn\u00e9e \u00e0 travers le monde, au cours de laquelle elle acquiert un statut de v\u00e9ritable vedette internationale. Peintre, sculptrice, \u00e9crivaine, directrice de th\u00e9\u00e2tre, elle a \u00e9t\u00e9 par ailleurs actrice de cin\u00e9ma, apparaissant dans une dizaine de films.<br \/>\nCe livre, \u00e0 travers une iconographie extr\u00eamement riche, et de courts articles, tente de r\u00e9v\u00e9ler les multiples visages de cette femme, artiste, engag\u00e9e, patriote, ambassadrice du style parisien dans le but de r\u00e9pondre \u00e0 cette question :<br \/>\nMais qui \u00eates-vous donc Sarah Bernhardt ?<\/p>\n","protected":false},"excerpt":{"rendered":"<p>\u00ab Elle a des capacit\u00e9s d&#8217;expression plus grandes que les autres gens. Elle a l&#8217;impression qu&#8217;il n&#8217;y a pas de limites \u00e0 ce qu&#8217;elle pourrait vivre. Et puis surtout, il n&#8217;y a personne d&#8217;autre qui vit comme elle, et \u00e7a, c&#8217;est une grande solitude. \u00bb Delphine Seyrig Son nom est connu de tous, pourtant que [&hellip;]<\/p>\n","protected":false},"featured_media":33481,"template":"","meta":[],"product_cat":[2948,2953],"product_tag":[],"acf":[],"yoast_head":"<!-- This site is optimized with the Yoast SEO plugin v20.11 - https:\/\/yoast.com\/wordpress\/plugins\/seo\/ -->\n<title>SARAH BERNHARDT, CATALOGUE - Librairie 7L<\/title>\n<meta name=\"robots\" content=\"index, follow, max-snippet:-1, max-image-preview:large, max-video-preview:-1\" \/>\n<link rel=\"canonical\" href=\"https:\/\/librairie7l.com\/en\/produit\/sarah-bernhardt-catalogue\/\" \/>\n<meta property=\"og:locale\" content=\"en_US\" \/>\n<meta property=\"og:type\" content=\"article\" \/>\n<meta property=\"og:title\" content=\"SARAH BERNHARDT, CATALOGUE - Librairie 7L\" \/>\n<meta property=\"og:description\" content=\"\u00ab Elle a des capacit\u00e9s d&#8217;expression plus grandes que les autres gens. Elle a l&#8217;impression qu&#8217;il n&#8217;y a pas de limites \u00e0 ce qu&#8217;elle pourrait vivre. Et puis surtout, il n&#8217;y a personne d&#8217;autre qui vit comme elle, et \u00e7a, c&#8217;est une grande solitude. \u00bb Delphine Seyrig Son nom est connu de tous, pourtant que [&hellip;]\" \/>\n<meta property=\"og:url\" content=\"https:\/\/librairie7l.com\/en\/produit\/sarah-bernhardt-catalogue\/\" \/>\n<meta property=\"og:site_name\" content=\"Librairie 7L\" \/>\n<meta property=\"article:modified_time\" content=\"2026-04-24T23:13:45+00:00\" \/>\n<meta property=\"og:image\" content=\"https:\/\/librairie7l.com\/wp-content\/uploads\/2022\/11\/9782759605514_1_75.jpg\" \/>\n\t<meta property=\"og:image:width\" content=\"600\" \/>\n\t<meta property=\"og:image:height\" content=\"753\" \/>\n\t<meta property=\"og:image:type\" content=\"image\/jpeg\" \/>\n<meta name=\"twitter:card\" content=\"summary_large_image\" \/>\n<meta name=\"twitter:label1\" content=\"Est. reading time\" \/>\n\t<meta name=\"twitter:data1\" content=\"1 minute\" \/>\n<script type=\"application\/ld+json\" class=\"yoast-schema-graph\">{\"@context\":\"https:\/\/schema.org\",\"@graph\":[{\"@type\":\"WebPage\",\"@id\":\"https:\/\/librairie7l.com\/en\/produit\/sarah-bernhardt-catalogue\/\",\"url\":\"https:\/\/librairie7l.com\/en\/produit\/sarah-bernhardt-catalogue\/\",\"name\":\"SARAH BERNHARDT, CATALOGUE - Librairie 7L\",\"isPartOf\":{\"@id\":\"https:\/\/librairie7l.com\/en\/#website\"},\"datePublished\":\"2023-09-19T08:57:17+00:00\",\"dateModified\":\"2026-04-24T23:13:45+00:00\",\"breadcrumb\":{\"@id\":\"https:\/\/librairie7l.com\/en\/produit\/sarah-bernhardt-catalogue\/#breadcrumb\"},\"inLanguage\":\"en-US\",\"potentialAction\":[{\"@type\":\"ReadAction\",\"target\":[\"https:\/\/librairie7l.com\/en\/produit\/sarah-bernhardt-catalogue\/\"]}]},{\"@type\":\"BreadcrumbList\",\"@id\":\"https:\/\/librairie7l.com\/en\/produit\/sarah-bernhardt-catalogue\/#breadcrumb\",\"itemListElement\":[{\"@type\":\"ListItem\",\"position\":1,\"name\":\"Accueil\",\"item\":\"https:\/\/librairie7l.com\/en\/\"},{\"@type\":\"ListItem\",\"position\":2,\"name\":\"Shop\",\"item\":\"https:\/\/librairie7l.com\/en\/shop\/\"},{\"@type\":\"ListItem\",\"position\":3,\"name\":\"SARAH BERNHARDT, CATALOGUE\"}]},{\"@type\":\"WebSite\",\"@id\":\"https:\/\/librairie7l.com\/en\/#website\",\"url\":\"https:\/\/librairie7l.com\/en\/\",\"name\":\"Librairie 7L\",\"description\":\"Librairie fond\u00e9e en 1999 par Karl Lagerfeld \u00e0 Paris\",\"publisher\":{\"@id\":\"https:\/\/librairie7l.com\/en\/#organization\"},\"potentialAction\":[{\"@type\":\"SearchAction\",\"target\":{\"@type\":\"EntryPoint\",\"urlTemplate\":\"https:\/\/librairie7l.com\/en\/?s={search_term_string}\"},\"query-input\":\"required name=search_term_string\"}],\"inLanguage\":\"en-US\"},{\"@type\":\"Organization\",\"@id\":\"https:\/\/librairie7l.com\/en\/#organization\",\"name\":\"Librairie 7L\",\"url\":\"https:\/\/librairie7l.com\/en\/\",\"logo\":{\"@type\":\"ImageObject\",\"inLanguage\":\"en-US\",\"@id\":\"https:\/\/librairie7l.com\/en\/#\/schema\/logo\/image\/\",\"url\":\"https:\/\/librairie7l.com\/wp-content\/uploads\/2022\/08\/logo-1.png\",\"contentUrl\":\"https:\/\/librairie7l.com\/wp-content\/uploads\/2022\/08\/logo-1.png\",\"width\":227,\"height\":301,\"caption\":\"Librairie 7L\"},\"image\":{\"@id\":\"https:\/\/librairie7l.com\/en\/#\/schema\/logo\/image\/\"}}]}<\/script>\n<!-- \/ Yoast SEO plugin. -->","yoast_head_json":{"title":"SARAH BERNHARDT, CATALOGUE - Librairie 7L","robots":{"index":"index","follow":"follow","max-snippet":"max-snippet:-1","max-image-preview":"max-image-preview:large","max-video-preview":"max-video-preview:-1"},"canonical":"https:\/\/librairie7l.com\/en\/produit\/sarah-bernhardt-catalogue\/","og_locale":"en_US","og_type":"article","og_title":"SARAH BERNHARDT, CATALOGUE - Librairie 7L","og_description":"\u00ab Elle a des capacit\u00e9s d&#8217;expression plus grandes que les autres gens. Elle a l&#8217;impression qu&#8217;il n&#8217;y a pas de limites \u00e0 ce qu&#8217;elle pourrait vivre. Et puis surtout, il n&#8217;y a personne d&#8217;autre qui vit comme elle, et \u00e7a, c&#8217;est une grande solitude. \u00bb Delphine Seyrig Son nom est connu de tous, pourtant que [&hellip;]","og_url":"https:\/\/librairie7l.com\/en\/produit\/sarah-bernhardt-catalogue\/","og_site_name":"Librairie 7L","article_modified_time":"2026-04-24T23:13:45+00:00","og_image":[{"width":600,"height":753,"url":"https:\/\/librairie7l.com\/wp-content\/uploads\/2022\/11\/9782759605514_1_75.jpg","type":"image\/jpeg"}],"twitter_card":"summary_large_image","twitter_misc":{"Est. reading time":"1 minute"},"schema":{"@context":"https:\/\/schema.org","@graph":[{"@type":"WebPage","@id":"https:\/\/librairie7l.com\/en\/produit\/sarah-bernhardt-catalogue\/","url":"https:\/\/librairie7l.com\/en\/produit\/sarah-bernhardt-catalogue\/","name":"SARAH BERNHARDT, CATALOGUE - Librairie 7L","isPartOf":{"@id":"https:\/\/librairie7l.com\/en\/#website"},"datePublished":"2023-09-19T08:57:17+00:00","dateModified":"2026-04-24T23:13:45+00:00","breadcrumb":{"@id":"https:\/\/librairie7l.com\/en\/produit\/sarah-bernhardt-catalogue\/#breadcrumb"},"inLanguage":"en-US","potentialAction":[{"@type":"ReadAction","target":["https:\/\/librairie7l.com\/en\/produit\/sarah-bernhardt-catalogue\/"]}]},{"@type":"BreadcrumbList","@id":"https:\/\/librairie7l.com\/en\/produit\/sarah-bernhardt-catalogue\/#breadcrumb","itemListElement":[{"@type":"ListItem","position":1,"name":"Accueil","item":"https:\/\/librairie7l.com\/en\/"},{"@type":"ListItem","position":2,"name":"Shop","item":"https:\/\/librairie7l.com\/en\/shop\/"},{"@type":"ListItem","position":3,"name":"SARAH BERNHARDT, CATALOGUE"}]},{"@type":"WebSite","@id":"https:\/\/librairie7l.com\/en\/#website","url":"https:\/\/librairie7l.com\/en\/","name":"Librairie 7L","description":"Librairie fond\u00e9e en 1999 par Karl Lagerfeld \u00e0 Paris","publisher":{"@id":"https:\/\/librairie7l.com\/en\/#organization"},"potentialAction":[{"@type":"SearchAction","target":{"@type":"EntryPoint","urlTemplate":"https:\/\/librairie7l.com\/en\/?s={search_term_string}"},"query-input":"required name=search_term_string"}],"inLanguage":"en-US"},{"@type":"Organization","@id":"https:\/\/librairie7l.com\/en\/#organization","name":"Librairie 7L","url":"https:\/\/librairie7l.com\/en\/","logo":{"@type":"ImageObject","inLanguage":"en-US","@id":"https:\/\/librairie7l.com\/en\/#\/schema\/logo\/image\/","url":"https:\/\/librairie7l.com\/wp-content\/uploads\/2022\/08\/logo-1.png","contentUrl":"https:\/\/librairie7l.com\/wp-content\/uploads\/2022\/08\/logo-1.png","width":227,"height":301,"caption":"Librairie 7L"},"image":{"@id":"https:\/\/librairie7l.com\/en\/#\/schema\/logo\/image\/"}}]}},"_links":{"self":[{"href":"https:\/\/librairie7l.com\/en\/wp-json\/wp\/v2\/product\/33483"}],"collection":[{"href":"https:\/\/librairie7l.com\/en\/wp-json\/wp\/v2\/product"}],"about":[{"href":"https:\/\/librairie7l.com\/en\/wp-json\/wp\/v2\/types\/product"}],"wp:featuredmedia":[{"embeddable":true,"href":"https:\/\/librairie7l.com\/en\/wp-json\/wp\/v2\/media\/33481"}],"wp:attachment":[{"href":"https:\/\/librairie7l.com\/en\/wp-json\/wp\/v2\/media?parent=33483"}],"wp:term":[{"taxonomy":"product_cat","embeddable":true,"href":"https:\/\/librairie7l.com\/en\/wp-json\/wp\/v2\/product_cat?post=33483"},{"taxonomy":"product_tag","embeddable":true,"href":"https:\/\/librairie7l.com\/en\/wp-json\/wp\/v2\/product_tag?post=33483"}],"curies":[{"name":"wp","href":"https:\/\/api.w.org\/{rel}","templated":true}]}}