{"id":33503,"date":"2023-09-19T10:58:01","date_gmt":"2023-09-19T08:58:01","guid":{"rendered":"https:\/\/librairie7l.com\/?post_type=product&#038;p=33503"},"modified":"2026-04-16T19:26:32","modified_gmt":"2026-04-16T17:26:32","slug":"jardiner-sans-arroser-ou-presque-les-conseils-et-les-plantes-pour-un-beau-jardin-resistant-a-la-secheresse","status":"publish","type":"product","link":"https:\/\/librairie7l.com\/en\/produit\/jardiner-sans-arroser-ou-presque-les-conseils-et-les-plantes-pour-un-beau-jardin-resistant-a-la-secheresse\/","title":{"rendered":"JARDINER SANS ARROSER (OU PRESQUE) : LES CONSEILS ET LES PLANTES POUR UN BEAU JARDIN R\u00c9SISTANT \u00c0 LA S\u00c9CHERESSE"},"content":{"rendered":"<p>Le guide anticanicule et de survie du jardin pour affronter la s\u00e9cheresse ! Apprenons \u00e0 planter et \u00e0 cultiver autrement , pour un jardin \u00e9conome en eau et r\u00e9sistant aux changements climatiques !<br \/>\nMultiplication des \u00e9pisodes caniculaires, restrictions d&#8217;eau, s\u00e9cheresse d\u00e9vastatrice&#8230;Avec le bouleversement climatique, la conception des jardins doit aujourd&#8217;hui int\u00e9grer de fortes contraintes en accord avec une nature en mutation.<\/p>\n<p>Ce livre, \u00e9crit par une pionni\u00e8re du jardin sans arrosage, guide tous les jardiniers pour mettre en place les bonnes strat\u00e9giesafin de cr\u00e9er un espace v\u00e9g\u00e9tal harmonieux, p\u00e9renne et autonome, capable de s&#8217;adapter aux nouvelles donnes climatiques, dont la s\u00e9cheresse fait d\u00e9sormais partie.<br \/>\nIl vous propose une approche accessible et globalis\u00e9e du jardin, avec de nombreux conseils pratiques en faveur de l&#8217;\u00e9conomie d&#8217;eau: conna\u00eetre son climat, son sol et l&#8217;exposition du jardin, savoir quoi et \u00e0 quel moment planter et entretenir ses plantes en p\u00e9riode de forte chaleur et de s\u00e9cheresse, faire face aux nouveaux ravageurs, d\u00e9velopper des techniques de r\u00e9sistance&#8230;<br \/>\nDes photos de massifs d\u00e9taill\u00e9es et un r\u00e9pertoire de plantes r\u00e9silientes vous permettront de trouver facilement les meilleurs arbres, arbustes, exotiques, rosiers et vivaces adapt\u00e9s \u00e0 votre r\u00e9gion et \u00e0 votre terrain, petit ou grand, pour composer un beau jardin, moins assoiff\u00e9 et plus r\u00e9sistant \u00e0 la canicule.<\/p>\n","protected":false},"excerpt":{"rendered":"<p>Le guide anticanicule et de survie du jardin pour affronter la s\u00e9cheresse ! Apprenons \u00e0 planter et \u00e0 cultiver autrement , pour un jardin \u00e9conome en eau et r\u00e9sistant aux changements climatiques ! Multiplication des \u00e9pisodes caniculaires, restrictions d&#8217;eau, s\u00e9cheresse d\u00e9vastatrice&#8230;Avec le bouleversement climatique, la conception des jardins doit aujourd&#8217;hui int\u00e9grer de fortes contraintes en [&hellip;]<\/p>\n","protected":false},"featured_media":33501,"template":"","meta":[],"product_cat":[2948,2956],"product_tag":[],"acf":[],"yoast_head":"<!-- This site is optimized with the Yoast SEO plugin v20.11 - https:\/\/yoast.com\/wordpress\/plugins\/seo\/ -->\n<title>JARDINER SANS ARROSER (OU PRESQUE) : LES CONSEILS ET LES PLANTES POUR UN BEAU JARDIN R\u00c9SISTANT \u00c0 LA S\u00c9CHERESSE - Librairie 7L<\/title>\n<meta name=\"robots\" content=\"index, follow, max-snippet:-1, max-image-preview:large, max-video-preview:-1\" \/>\n<link rel=\"canonical\" href=\"https:\/\/librairie7l.com\/en\/produit\/jardiner-sans-arroser-ou-presque-les-conseils-et-les-plantes-pour-un-beau-jardin-resistant-a-la-secheresse\/\" \/>\n<meta property=\"og:locale\" content=\"en_US\" \/>\n<meta property=\"og:type\" content=\"article\" \/>\n<meta property=\"og:title\" content=\"JARDINER SANS ARROSER (OU PRESQUE) : LES CONSEILS ET LES PLANTES POUR UN BEAU JARDIN R\u00c9SISTANT \u00c0 LA S\u00c9CHERESSE - Librairie 7L\" \/>\n<meta property=\"og:description\" content=\"Le guide anticanicule et de survie du jardin pour affronter la s\u00e9cheresse ! Apprenons \u00e0 planter et \u00e0 cultiver autrement , pour un jardin \u00e9conome en eau et r\u00e9sistant aux changements climatiques ! Multiplication des \u00e9pisodes caniculaires, restrictions d&#8217;eau, s\u00e9cheresse d\u00e9vastatrice&#8230;Avec le bouleversement climatique, la conception des jardins doit aujourd&#8217;hui int\u00e9grer de fortes contraintes en [&hellip;]\" \/>\n<meta property=\"og:url\" content=\"https:\/\/librairie7l.com\/en\/produit\/jardiner-sans-arroser-ou-presque-les-conseils-et-les-plantes-pour-un-beau-jardin-resistant-a-la-secheresse\/\" \/>\n<meta property=\"og:site_name\" content=\"Librairie 7L\" \/>\n<meta property=\"article:modified_time\" content=\"2026-04-16T17:26:32+00:00\" \/>\n<meta property=\"og:image\" content=\"https:\/\/librairie7l.com\/wp-content\/uploads\/2022\/10\/9782263183119_1_75.jpg\" \/>\n\t<meta property=\"og:image:width\" content=\"400\" \/>\n\t<meta property=\"og:image:height\" content=\"538\" \/>\n\t<meta property=\"og:image:type\" content=\"image\/jpeg\" \/>\n<meta name=\"twitter:card\" content=\"summary_large_image\" \/>\n<meta name=\"twitter:label1\" content=\"Est. reading time\" \/>\n\t<meta name=\"twitter:data1\" content=\"1 minute\" \/>\n<script type=\"application\/ld+json\" class=\"yoast-schema-graph\">{\"@context\":\"https:\/\/schema.org\",\"@graph\":[{\"@type\":\"WebPage\",\"@id\":\"https:\/\/librairie7l.com\/en\/produit\/jardiner-sans-arroser-ou-presque-les-conseils-et-les-plantes-pour-un-beau-jardin-resistant-a-la-secheresse\/\",\"url\":\"https:\/\/librairie7l.com\/en\/produit\/jardiner-sans-arroser-ou-presque-les-conseils-et-les-plantes-pour-un-beau-jardin-resistant-a-la-secheresse\/\",\"name\":\"JARDINER SANS ARROSER (OU PRESQUE) : LES CONSEILS ET LES PLANTES POUR UN BEAU JARDIN R\u00c9SISTANT \u00c0 LA S\u00c9CHERESSE - Librairie 7L\",\"isPartOf\":{\"@id\":\"https:\/\/librairie7l.com\/en\/#website\"},\"datePublished\":\"2023-09-19T08:58:01+00:00\",\"dateModified\":\"2026-04-16T17:26:32+00:00\",\"breadcrumb\":{\"@id\":\"https:\/\/librairie7l.com\/en\/produit\/jardiner-sans-arroser-ou-presque-les-conseils-et-les-plantes-pour-un-beau-jardin-resistant-a-la-secheresse\/#breadcrumb\"},\"inLanguage\":\"en-US\",\"potentialAction\":[{\"@type\":\"ReadAction\",\"target\":[\"https:\/\/librairie7l.com\/en\/produit\/jardiner-sans-arroser-ou-presque-les-conseils-et-les-plantes-pour-un-beau-jardin-resistant-a-la-secheresse\/\"]}]},{\"@type\":\"BreadcrumbList\",\"@id\":\"https:\/\/librairie7l.com\/en\/produit\/jardiner-sans-arroser-ou-presque-les-conseils-et-les-plantes-pour-un-beau-jardin-resistant-a-la-secheresse\/#breadcrumb\",\"itemListElement\":[{\"@type\":\"ListItem\",\"position\":1,\"name\":\"Accueil\",\"item\":\"https:\/\/librairie7l.com\/en\/\"},{\"@type\":\"ListItem\",\"position\":2,\"name\":\"Shop\",\"item\":\"https:\/\/librairie7l.com\/en\/shop\/\"},{\"@type\":\"ListItem\",\"position\":3,\"name\":\"JARDINER SANS ARROSER (OU PRESQUE) : LES CONSEILS ET LES PLANTES POUR UN BEAU JARDIN R\u00c9SISTANT \u00c0 LA S\u00c9CHERESSE\"}]},{\"@type\":\"WebSite\",\"@id\":\"https:\/\/librairie7l.com\/en\/#website\",\"url\":\"https:\/\/librairie7l.com\/en\/\",\"name\":\"Librairie 7L\",\"description\":\"Librairie fond\u00e9e en 1999 par Karl Lagerfeld \u00e0 Paris\",\"publisher\":{\"@id\":\"https:\/\/librairie7l.com\/en\/#organization\"},\"potentialAction\":[{\"@type\":\"SearchAction\",\"target\":{\"@type\":\"EntryPoint\",\"urlTemplate\":\"https:\/\/librairie7l.com\/en\/?s={search_term_string}\"},\"query-input\":\"required name=search_term_string\"}],\"inLanguage\":\"en-US\"},{\"@type\":\"Organization\",\"@id\":\"https:\/\/librairie7l.com\/en\/#organization\",\"name\":\"Librairie 7L\",\"url\":\"https:\/\/librairie7l.com\/en\/\",\"logo\":{\"@type\":\"ImageObject\",\"inLanguage\":\"en-US\",\"@id\":\"https:\/\/librairie7l.com\/en\/#\/schema\/logo\/image\/\",\"url\":\"https:\/\/librairie7l.com\/wp-content\/uploads\/2022\/08\/logo-1.png\",\"contentUrl\":\"https:\/\/librairie7l.com\/wp-content\/uploads\/2022\/08\/logo-1.png\",\"width\":227,\"height\":301,\"caption\":\"Librairie 7L\"},\"image\":{\"@id\":\"https:\/\/librairie7l.com\/en\/#\/schema\/logo\/image\/\"}}]}<\/script>\n<!-- \/ Yoast SEO plugin. -->","yoast_head_json":{"title":"JARDINER SANS ARROSER (OU PRESQUE) : LES CONSEILS ET LES PLANTES POUR UN BEAU JARDIN R\u00c9SISTANT \u00c0 LA S\u00c9CHERESSE - Librairie 7L","robots":{"index":"index","follow":"follow","max-snippet":"max-snippet:-1","max-image-preview":"max-image-preview:large","max-video-preview":"max-video-preview:-1"},"canonical":"https:\/\/librairie7l.com\/en\/produit\/jardiner-sans-arroser-ou-presque-les-conseils-et-les-plantes-pour-un-beau-jardin-resistant-a-la-secheresse\/","og_locale":"en_US","og_type":"article","og_title":"JARDINER SANS ARROSER (OU PRESQUE) : LES CONSEILS ET LES PLANTES POUR UN BEAU JARDIN R\u00c9SISTANT \u00c0 LA S\u00c9CHERESSE - Librairie 7L","og_description":"Le guide anticanicule et de survie du jardin pour affronter la s\u00e9cheresse ! Apprenons \u00e0 planter et \u00e0 cultiver autrement , pour un jardin \u00e9conome en eau et r\u00e9sistant aux changements climatiques ! Multiplication des \u00e9pisodes caniculaires, restrictions d&#8217;eau, s\u00e9cheresse d\u00e9vastatrice&#8230;Avec le bouleversement climatique, la conception des jardins doit aujourd&#8217;hui int\u00e9grer de fortes contraintes en [&hellip;]","og_url":"https:\/\/librairie7l.com\/en\/produit\/jardiner-sans-arroser-ou-presque-les-conseils-et-les-plantes-pour-un-beau-jardin-resistant-a-la-secheresse\/","og_site_name":"Librairie 7L","article_modified_time":"2026-04-16T17:26:32+00:00","og_image":[{"width":400,"height":538,"url":"https:\/\/librairie7l.com\/wp-content\/uploads\/2022\/10\/9782263183119_1_75.jpg","type":"image\/jpeg"}],"twitter_card":"summary_large_image","twitter_misc":{"Est. reading time":"1 minute"},"schema":{"@context":"https:\/\/schema.org","@graph":[{"@type":"WebPage","@id":"https:\/\/librairie7l.com\/en\/produit\/jardiner-sans-arroser-ou-presque-les-conseils-et-les-plantes-pour-un-beau-jardin-resistant-a-la-secheresse\/","url":"https:\/\/librairie7l.com\/en\/produit\/jardiner-sans-arroser-ou-presque-les-conseils-et-les-plantes-pour-un-beau-jardin-resistant-a-la-secheresse\/","name":"JARDINER SANS ARROSER (OU PRESQUE) : LES CONSEILS ET LES PLANTES POUR UN BEAU JARDIN R\u00c9SISTANT \u00c0 LA S\u00c9CHERESSE - Librairie 7L","isPartOf":{"@id":"https:\/\/librairie7l.com\/en\/#website"},"datePublished":"2023-09-19T08:58:01+00:00","dateModified":"2026-04-16T17:26:32+00:00","breadcrumb":{"@id":"https:\/\/librairie7l.com\/en\/produit\/jardiner-sans-arroser-ou-presque-les-conseils-et-les-plantes-pour-un-beau-jardin-resistant-a-la-secheresse\/#breadcrumb"},"inLanguage":"en-US","potentialAction":[{"@type":"ReadAction","target":["https:\/\/librairie7l.com\/en\/produit\/jardiner-sans-arroser-ou-presque-les-conseils-et-les-plantes-pour-un-beau-jardin-resistant-a-la-secheresse\/"]}]},{"@type":"BreadcrumbList","@id":"https:\/\/librairie7l.com\/en\/produit\/jardiner-sans-arroser-ou-presque-les-conseils-et-les-plantes-pour-un-beau-jardin-resistant-a-la-secheresse\/#breadcrumb","itemListElement":[{"@type":"ListItem","position":1,"name":"Accueil","item":"https:\/\/librairie7l.com\/en\/"},{"@type":"ListItem","position":2,"name":"Shop","item":"https:\/\/librairie7l.com\/en\/shop\/"},{"@type":"ListItem","position":3,"name":"JARDINER SANS ARROSER (OU PRESQUE) : LES CONSEILS ET LES PLANTES POUR UN BEAU JARDIN R\u00c9SISTANT \u00c0 LA S\u00c9CHERESSE"}]},{"@type":"WebSite","@id":"https:\/\/librairie7l.com\/en\/#website","url":"https:\/\/librairie7l.com\/en\/","name":"Librairie 7L","description":"Librairie fond\u00e9e en 1999 par Karl Lagerfeld \u00e0 Paris","publisher":{"@id":"https:\/\/librairie7l.com\/en\/#organization"},"potentialAction":[{"@type":"SearchAction","target":{"@type":"EntryPoint","urlTemplate":"https:\/\/librairie7l.com\/en\/?s={search_term_string}"},"query-input":"required name=search_term_string"}],"inLanguage":"en-US"},{"@type":"Organization","@id":"https:\/\/librairie7l.com\/en\/#organization","name":"Librairie 7L","url":"https:\/\/librairie7l.com\/en\/","logo":{"@type":"ImageObject","inLanguage":"en-US","@id":"https:\/\/librairie7l.com\/en\/#\/schema\/logo\/image\/","url":"https:\/\/librairie7l.com\/wp-content\/uploads\/2022\/08\/logo-1.png","contentUrl":"https:\/\/librairie7l.com\/wp-content\/uploads\/2022\/08\/logo-1.png","width":227,"height":301,"caption":"Librairie 7L"},"image":{"@id":"https:\/\/librairie7l.com\/en\/#\/schema\/logo\/image\/"}}]}},"_links":{"self":[{"href":"https:\/\/librairie7l.com\/en\/wp-json\/wp\/v2\/product\/33503"}],"collection":[{"href":"https:\/\/librairie7l.com\/en\/wp-json\/wp\/v2\/product"}],"about":[{"href":"https:\/\/librairie7l.com\/en\/wp-json\/wp\/v2\/types\/product"}],"wp:featuredmedia":[{"embeddable":true,"href":"https:\/\/librairie7l.com\/en\/wp-json\/wp\/v2\/media\/33501"}],"wp:attachment":[{"href":"https:\/\/librairie7l.com\/en\/wp-json\/wp\/v2\/media?parent=33503"}],"wp:term":[{"taxonomy":"product_cat","embeddable":true,"href":"https:\/\/librairie7l.com\/en\/wp-json\/wp\/v2\/product_cat?post=33503"},{"taxonomy":"product_tag","embeddable":true,"href":"https:\/\/librairie7l.com\/en\/wp-json\/wp\/v2\/product_tag?post=33503"}],"curies":[{"name":"wp","href":"https:\/\/api.w.org\/{rel}","templated":true}]}}