{"id":33507,"date":"2023-09-19T10:58:07","date_gmt":"2023-09-19T08:58:07","guid":{"rendered":"https:\/\/librairie7l.com\/?post_type=product&#038;p=33507"},"modified":"2026-04-16T22:05:48","modified_gmt":"2026-04-16T20:05:48","slug":"casa-susanna","status":"publish","type":"product","link":"https:\/\/librairie7l.com\/en\/produit\/casa-susanna\/","title":{"rendered":"CASA SUSANNA"},"content":{"rendered":"<p>En 2004, 340 photographies, datant du d\u00e9but des ann\u00e9es 1960, sont retrouv\u00e9es aux puces de New York. Ces instantan\u00e9s d&#8217;amateurs r\u00e9v\u00e8lent un vaste r\u00e9seau clandestin de travestis entre les \u00c9tats-Unis et le Canada. Ils ont appartenu \u00e0 la c\u00e9l\u00e8bre Susanna, qui accueillait r\u00e9guli\u00e8rement des amis travestis dans sa propri\u00e9t\u00e9 des Catskill (NY). Essentielle \u00e0 leur pratique du travestisme, la photographie est pr\u00e9cieusement conserv\u00e9e par ses adeptes comme preuve de leur \u00ab fille int\u00e9rieure \u00bb. Ces clich\u00e9s retrouv\u00e9s t\u00e9moignent aujourd&#8217;hui de l&#8217;existence et de l&#8217;esth\u00e9tique d&#8217;un r\u00e9seau pionnier dans l&#8217;histoire transgenre am\u00e9ricaine.<br \/>\nExposition aux Rencontres d&#8217;Arles 2023 (espace Van Gogh) Sortie du film &#8220;La Casa Susanna&#8221; de S\u00e9bastien Lifshitz et Isabelle Bonnet au printemps 2023<\/p>\n","protected":false},"excerpt":{"rendered":"<p>En 2004, 340 photographies, datant du d\u00e9but des ann\u00e9es 1960, sont retrouv\u00e9es aux puces de New York. Ces instantan\u00e9s d&#8217;amateurs r\u00e9v\u00e8lent un vaste r\u00e9seau clandestin de travestis entre les \u00c9tats-Unis et le Canada. Ils ont appartenu \u00e0 la c\u00e9l\u00e8bre Susanna, qui accueillait r\u00e9guli\u00e8rement des amis travestis dans sa propri\u00e9t\u00e9 des Catskill (NY). Essentielle \u00e0 leur [&hellip;]<\/p>\n","protected":false},"featured_media":33505,"template":"","meta":[],"product_cat":[2948,2958],"product_tag":[],"acf":[],"yoast_head":"<!-- This site is optimized with the Yoast SEO plugin v20.11 - https:\/\/yoast.com\/wordpress\/plugins\/seo\/ -->\n<title>CASA SUSANNA - Librairie 7L<\/title>\n<meta name=\"robots\" content=\"index, follow, max-snippet:-1, max-image-preview:large, max-video-preview:-1\" \/>\n<link rel=\"canonical\" href=\"https:\/\/librairie7l.com\/en\/produit\/casa-susanna\/\" \/>\n<meta property=\"og:locale\" content=\"en_US\" \/>\n<meta property=\"og:type\" content=\"article\" \/>\n<meta property=\"og:title\" content=\"CASA SUSANNA - Librairie 7L\" \/>\n<meta property=\"og:description\" content=\"En 2004, 340 photographies, datant du d\u00e9but des ann\u00e9es 1960, sont retrouv\u00e9es aux puces de New York. Ces instantan\u00e9s d&#8217;amateurs r\u00e9v\u00e8lent un vaste r\u00e9seau clandestin de travestis entre les \u00c9tats-Unis et le Canada. Ils ont appartenu \u00e0 la c\u00e9l\u00e8bre Susanna, qui accueillait r\u00e9guli\u00e8rement des amis travestis dans sa propri\u00e9t\u00e9 des Catskill (NY). Essentielle \u00e0 leur [&hellip;]\" \/>\n<meta property=\"og:url\" content=\"https:\/\/librairie7l.com\/en\/produit\/casa-susanna\/\" \/>\n<meta property=\"og:site_name\" content=\"Librairie 7L\" \/>\n<meta property=\"article:modified_time\" content=\"2026-04-16T20:05:48+00:00\" \/>\n<meta property=\"og:image\" content=\"https:\/\/librairie7l.com\/wp-content\/uploads\/2023\/01\/9782845979420_1_75.jpg\" \/>\n\t<meta property=\"og:image:width\" content=\"600\" \/>\n\t<meta property=\"og:image:height\" content=\"846\" \/>\n\t<meta property=\"og:image:type\" content=\"image\/jpeg\" \/>\n<meta name=\"twitter:card\" content=\"summary_large_image\" \/>\n<meta name=\"twitter:label1\" content=\"Est. reading time\" \/>\n\t<meta name=\"twitter:data1\" content=\"1 minute\" \/>\n<script type=\"application\/ld+json\" class=\"yoast-schema-graph\">{\"@context\":\"https:\/\/schema.org\",\"@graph\":[{\"@type\":\"WebPage\",\"@id\":\"https:\/\/librairie7l.com\/en\/produit\/casa-susanna\/\",\"url\":\"https:\/\/librairie7l.com\/en\/produit\/casa-susanna\/\",\"name\":\"CASA SUSANNA - Librairie 7L\",\"isPartOf\":{\"@id\":\"https:\/\/librairie7l.com\/en\/#website\"},\"datePublished\":\"2023-09-19T08:58:07+00:00\",\"dateModified\":\"2026-04-16T20:05:48+00:00\",\"breadcrumb\":{\"@id\":\"https:\/\/librairie7l.com\/en\/produit\/casa-susanna\/#breadcrumb\"},\"inLanguage\":\"en-US\",\"potentialAction\":[{\"@type\":\"ReadAction\",\"target\":[\"https:\/\/librairie7l.com\/en\/produit\/casa-susanna\/\"]}]},{\"@type\":\"BreadcrumbList\",\"@id\":\"https:\/\/librairie7l.com\/en\/produit\/casa-susanna\/#breadcrumb\",\"itemListElement\":[{\"@type\":\"ListItem\",\"position\":1,\"name\":\"Accueil\",\"item\":\"https:\/\/librairie7l.com\/en\/\"},{\"@type\":\"ListItem\",\"position\":2,\"name\":\"Shop\",\"item\":\"https:\/\/librairie7l.com\/en\/shop\/\"},{\"@type\":\"ListItem\",\"position\":3,\"name\":\"CASA SUSANNA\"}]},{\"@type\":\"WebSite\",\"@id\":\"https:\/\/librairie7l.com\/en\/#website\",\"url\":\"https:\/\/librairie7l.com\/en\/\",\"name\":\"Librairie 7L\",\"description\":\"Librairie fond\u00e9e en 1999 par Karl Lagerfeld \u00e0 Paris\",\"publisher\":{\"@id\":\"https:\/\/librairie7l.com\/en\/#organization\"},\"potentialAction\":[{\"@type\":\"SearchAction\",\"target\":{\"@type\":\"EntryPoint\",\"urlTemplate\":\"https:\/\/librairie7l.com\/en\/?s={search_term_string}\"},\"query-input\":\"required name=search_term_string\"}],\"inLanguage\":\"en-US\"},{\"@type\":\"Organization\",\"@id\":\"https:\/\/librairie7l.com\/en\/#organization\",\"name\":\"Librairie 7L\",\"url\":\"https:\/\/librairie7l.com\/en\/\",\"logo\":{\"@type\":\"ImageObject\",\"inLanguage\":\"en-US\",\"@id\":\"https:\/\/librairie7l.com\/en\/#\/schema\/logo\/image\/\",\"url\":\"https:\/\/librairie7l.com\/wp-content\/uploads\/2022\/08\/logo-1.png\",\"contentUrl\":\"https:\/\/librairie7l.com\/wp-content\/uploads\/2022\/08\/logo-1.png\",\"width\":227,\"height\":301,\"caption\":\"Librairie 7L\"},\"image\":{\"@id\":\"https:\/\/librairie7l.com\/en\/#\/schema\/logo\/image\/\"}}]}<\/script>\n<!-- \/ Yoast SEO plugin. -->","yoast_head_json":{"title":"CASA SUSANNA - Librairie 7L","robots":{"index":"index","follow":"follow","max-snippet":"max-snippet:-1","max-image-preview":"max-image-preview:large","max-video-preview":"max-video-preview:-1"},"canonical":"https:\/\/librairie7l.com\/en\/produit\/casa-susanna\/","og_locale":"en_US","og_type":"article","og_title":"CASA SUSANNA - Librairie 7L","og_description":"En 2004, 340 photographies, datant du d\u00e9but des ann\u00e9es 1960, sont retrouv\u00e9es aux puces de New York. Ces instantan\u00e9s d&#8217;amateurs r\u00e9v\u00e8lent un vaste r\u00e9seau clandestin de travestis entre les \u00c9tats-Unis et le Canada. Ils ont appartenu \u00e0 la c\u00e9l\u00e8bre Susanna, qui accueillait r\u00e9guli\u00e8rement des amis travestis dans sa propri\u00e9t\u00e9 des Catskill (NY). Essentielle \u00e0 leur [&hellip;]","og_url":"https:\/\/librairie7l.com\/en\/produit\/casa-susanna\/","og_site_name":"Librairie 7L","article_modified_time":"2026-04-16T20:05:48+00:00","og_image":[{"width":600,"height":846,"url":"https:\/\/librairie7l.com\/wp-content\/uploads\/2023\/01\/9782845979420_1_75.jpg","type":"image\/jpeg"}],"twitter_card":"summary_large_image","twitter_misc":{"Est. reading time":"1 minute"},"schema":{"@context":"https:\/\/schema.org","@graph":[{"@type":"WebPage","@id":"https:\/\/librairie7l.com\/en\/produit\/casa-susanna\/","url":"https:\/\/librairie7l.com\/en\/produit\/casa-susanna\/","name":"CASA SUSANNA - Librairie 7L","isPartOf":{"@id":"https:\/\/librairie7l.com\/en\/#website"},"datePublished":"2023-09-19T08:58:07+00:00","dateModified":"2026-04-16T20:05:48+00:00","breadcrumb":{"@id":"https:\/\/librairie7l.com\/en\/produit\/casa-susanna\/#breadcrumb"},"inLanguage":"en-US","potentialAction":[{"@type":"ReadAction","target":["https:\/\/librairie7l.com\/en\/produit\/casa-susanna\/"]}]},{"@type":"BreadcrumbList","@id":"https:\/\/librairie7l.com\/en\/produit\/casa-susanna\/#breadcrumb","itemListElement":[{"@type":"ListItem","position":1,"name":"Accueil","item":"https:\/\/librairie7l.com\/en\/"},{"@type":"ListItem","position":2,"name":"Shop","item":"https:\/\/librairie7l.com\/en\/shop\/"},{"@type":"ListItem","position":3,"name":"CASA SUSANNA"}]},{"@type":"WebSite","@id":"https:\/\/librairie7l.com\/en\/#website","url":"https:\/\/librairie7l.com\/en\/","name":"Librairie 7L","description":"Librairie fond\u00e9e en 1999 par Karl Lagerfeld \u00e0 Paris","publisher":{"@id":"https:\/\/librairie7l.com\/en\/#organization"},"potentialAction":[{"@type":"SearchAction","target":{"@type":"EntryPoint","urlTemplate":"https:\/\/librairie7l.com\/en\/?s={search_term_string}"},"query-input":"required name=search_term_string"}],"inLanguage":"en-US"},{"@type":"Organization","@id":"https:\/\/librairie7l.com\/en\/#organization","name":"Librairie 7L","url":"https:\/\/librairie7l.com\/en\/","logo":{"@type":"ImageObject","inLanguage":"en-US","@id":"https:\/\/librairie7l.com\/en\/#\/schema\/logo\/image\/","url":"https:\/\/librairie7l.com\/wp-content\/uploads\/2022\/08\/logo-1.png","contentUrl":"https:\/\/librairie7l.com\/wp-content\/uploads\/2022\/08\/logo-1.png","width":227,"height":301,"caption":"Librairie 7L"},"image":{"@id":"https:\/\/librairie7l.com\/en\/#\/schema\/logo\/image\/"}}]}},"_links":{"self":[{"href":"https:\/\/librairie7l.com\/en\/wp-json\/wp\/v2\/product\/33507"}],"collection":[{"href":"https:\/\/librairie7l.com\/en\/wp-json\/wp\/v2\/product"}],"about":[{"href":"https:\/\/librairie7l.com\/en\/wp-json\/wp\/v2\/types\/product"}],"wp:featuredmedia":[{"embeddable":true,"href":"https:\/\/librairie7l.com\/en\/wp-json\/wp\/v2\/media\/33505"}],"wp:attachment":[{"href":"https:\/\/librairie7l.com\/en\/wp-json\/wp\/v2\/media?parent=33507"}],"wp:term":[{"taxonomy":"product_cat","embeddable":true,"href":"https:\/\/librairie7l.com\/en\/wp-json\/wp\/v2\/product_cat?post=33507"},{"taxonomy":"product_tag","embeddable":true,"href":"https:\/\/librairie7l.com\/en\/wp-json\/wp\/v2\/product_tag?post=33507"}],"curies":[{"name":"wp","href":"https:\/\/api.w.org\/{rel}","templated":true}]}}