{"id":33521,"date":"2023-09-19T11:18:25","date_gmt":"2023-09-19T09:18:25","guid":{"rendered":"https:\/\/librairie7l.com\/?post_type=product&#038;p=33521"},"modified":"2026-04-06T04:05:38","modified_gmt":"2026-04-06T02:05:38","slug":"linvention-du-rose-couleur-japon-histoire-monde","status":"publish","type":"product","link":"https:\/\/librairie7l.com\/en\/produit\/linvention-du-rose-couleur-japon-histoire-monde\/","title":{"rendered":"L&#8217;INVENTION DU ROSE : COULEUR JAPON, HISTOIRE MONDE"},"content":{"rendered":"<p>L&#8217;auteur montre comment le rose contemporain constitue en discours de la modernit\u00e9 aussi bien que l&#8217;un de ses stigmates, qu&#8217;il est devenu une couleur interm\u00e9diaire entre le rouge historique et le transgressif violet. Transferts culturels, orientalisme ou encore  soft power seront autant de clefs de lecture pour comprendre un ph\u00e9nom\u00e8ne mondial,  l&#8217;intersection de l&#8217;histoire culturelle, des relations internationales t des \u00e9tudes japonaises. Cette enqu\u00eate sur plusieurs rives du monde et plusieurs \u00e9poques veut saisir la sp\u00e9cificit\u00e9 d&#8217;une couleur qui cannibalise la p\u00e9riode actuelle. Une couleur tomb\u00e9e du ciel et que l&#8217;on ne discerne pas vraiment, le rose. Mais pas n&#8217;importe lequel : celui des sakura, celui qui n&#8217;existe pas&#8230;<\/p>\n","protected":false},"excerpt":{"rendered":"<p>L&#8217;auteur montre comment le rose contemporain constitue en discours de la modernit\u00e9 aussi bien que l&#8217;un de ses stigmates, qu&#8217;il est devenu une couleur interm\u00e9diaire entre le rouge historique et le transgressif violet. Transferts culturels, orientalisme ou encore soft power seront autant de clefs de lecture pour comprendre un ph\u00e9nom\u00e8ne mondial, l&#8217;intersection de l&#8217;histoire culturelle, [&hellip;]<\/p>\n","protected":false},"featured_media":33519,"template":"","meta":[],"product_cat":[2948,2957],"product_tag":[],"acf":[],"yoast_head":"<!-- This site is optimized with the Yoast SEO plugin v20.11 - https:\/\/yoast.com\/wordpress\/plugins\/seo\/ -->\n<title>L&#039;INVENTION DU ROSE : COULEUR JAPON, HISTOIRE MONDE - Librairie 7L<\/title>\n<meta name=\"robots\" content=\"index, follow, max-snippet:-1, max-image-preview:large, max-video-preview:-1\" \/>\n<link rel=\"canonical\" href=\"https:\/\/librairie7l.com\/en\/produit\/linvention-du-rose-couleur-japon-histoire-monde\/\" \/>\n<meta property=\"og:locale\" content=\"en_US\" \/>\n<meta property=\"og:type\" content=\"article\" \/>\n<meta property=\"og:title\" content=\"L&#039;INVENTION DU ROSE : COULEUR JAPON, HISTOIRE MONDE - Librairie 7L\" \/>\n<meta property=\"og:description\" content=\"L&#8217;auteur montre comment le rose contemporain constitue en discours de la modernit\u00e9 aussi bien que l&#8217;un de ses stigmates, qu&#8217;il est devenu une couleur interm\u00e9diaire entre le rouge historique et le transgressif violet. Transferts culturels, orientalisme ou encore soft power seront autant de clefs de lecture pour comprendre un ph\u00e9nom\u00e8ne mondial, l&#8217;intersection de l&#8217;histoire culturelle, [&hellip;]\" \/>\n<meta property=\"og:url\" content=\"https:\/\/librairie7l.com\/en\/produit\/linvention-du-rose-couleur-japon-histoire-monde\/\" \/>\n<meta property=\"og:site_name\" content=\"Librairie 7L\" \/>\n<meta property=\"article:modified_time\" content=\"2026-04-06T02:05:38+00:00\" \/>\n<meta property=\"og:image\" content=\"https:\/\/librairie7l.com\/wp-content\/uploads\/2023\/05\/9782130842354_1_75.jpg\" \/>\n\t<meta property=\"og:image:width\" content=\"500\" \/>\n\t<meta property=\"og:image:height\" content=\"760\" \/>\n\t<meta property=\"og:image:type\" content=\"image\/jpeg\" \/>\n<meta name=\"twitter:card\" content=\"summary_large_image\" \/>\n<meta name=\"twitter:label1\" content=\"Est. reading time\" \/>\n\t<meta name=\"twitter:data1\" content=\"1 minute\" \/>\n<script type=\"application\/ld+json\" class=\"yoast-schema-graph\">{\"@context\":\"https:\/\/schema.org\",\"@graph\":[{\"@type\":\"WebPage\",\"@id\":\"https:\/\/librairie7l.com\/en\/produit\/linvention-du-rose-couleur-japon-histoire-monde\/\",\"url\":\"https:\/\/librairie7l.com\/en\/produit\/linvention-du-rose-couleur-japon-histoire-monde\/\",\"name\":\"L'INVENTION DU ROSE : COULEUR JAPON, HISTOIRE MONDE - Librairie 7L\",\"isPartOf\":{\"@id\":\"https:\/\/librairie7l.com\/en\/#website\"},\"datePublished\":\"2023-09-19T09:18:25+00:00\",\"dateModified\":\"2026-04-06T02:05:38+00:00\",\"breadcrumb\":{\"@id\":\"https:\/\/librairie7l.com\/en\/produit\/linvention-du-rose-couleur-japon-histoire-monde\/#breadcrumb\"},\"inLanguage\":\"en-US\",\"potentialAction\":[{\"@type\":\"ReadAction\",\"target\":[\"https:\/\/librairie7l.com\/en\/produit\/linvention-du-rose-couleur-japon-histoire-monde\/\"]}]},{\"@type\":\"BreadcrumbList\",\"@id\":\"https:\/\/librairie7l.com\/en\/produit\/linvention-du-rose-couleur-japon-histoire-monde\/#breadcrumb\",\"itemListElement\":[{\"@type\":\"ListItem\",\"position\":1,\"name\":\"Accueil\",\"item\":\"https:\/\/librairie7l.com\/en\/\"},{\"@type\":\"ListItem\",\"position\":2,\"name\":\"Shop\",\"item\":\"https:\/\/librairie7l.com\/en\/shop\/\"},{\"@type\":\"ListItem\",\"position\":3,\"name\":\"L&#8217;INVENTION DU ROSE : COULEUR JAPON, HISTOIRE MONDE\"}]},{\"@type\":\"WebSite\",\"@id\":\"https:\/\/librairie7l.com\/en\/#website\",\"url\":\"https:\/\/librairie7l.com\/en\/\",\"name\":\"Librairie 7L\",\"description\":\"Librairie fond\u00e9e en 1999 par Karl Lagerfeld \u00e0 Paris\",\"publisher\":{\"@id\":\"https:\/\/librairie7l.com\/en\/#organization\"},\"potentialAction\":[{\"@type\":\"SearchAction\",\"target\":{\"@type\":\"EntryPoint\",\"urlTemplate\":\"https:\/\/librairie7l.com\/en\/?s={search_term_string}\"},\"query-input\":\"required name=search_term_string\"}],\"inLanguage\":\"en-US\"},{\"@type\":\"Organization\",\"@id\":\"https:\/\/librairie7l.com\/en\/#organization\",\"name\":\"Librairie 7L\",\"url\":\"https:\/\/librairie7l.com\/en\/\",\"logo\":{\"@type\":\"ImageObject\",\"inLanguage\":\"en-US\",\"@id\":\"https:\/\/librairie7l.com\/en\/#\/schema\/logo\/image\/\",\"url\":\"https:\/\/librairie7l.com\/wp-content\/uploads\/2022\/08\/logo-1.png\",\"contentUrl\":\"https:\/\/librairie7l.com\/wp-content\/uploads\/2022\/08\/logo-1.png\",\"width\":227,\"height\":301,\"caption\":\"Librairie 7L\"},\"image\":{\"@id\":\"https:\/\/librairie7l.com\/en\/#\/schema\/logo\/image\/\"}}]}<\/script>\n<!-- \/ Yoast SEO plugin. -->","yoast_head_json":{"title":"L'INVENTION DU ROSE : COULEUR JAPON, HISTOIRE MONDE - Librairie 7L","robots":{"index":"index","follow":"follow","max-snippet":"max-snippet:-1","max-image-preview":"max-image-preview:large","max-video-preview":"max-video-preview:-1"},"canonical":"https:\/\/librairie7l.com\/en\/produit\/linvention-du-rose-couleur-japon-histoire-monde\/","og_locale":"en_US","og_type":"article","og_title":"L'INVENTION DU ROSE : COULEUR JAPON, HISTOIRE MONDE - Librairie 7L","og_description":"L&#8217;auteur montre comment le rose contemporain constitue en discours de la modernit\u00e9 aussi bien que l&#8217;un de ses stigmates, qu&#8217;il est devenu une couleur interm\u00e9diaire entre le rouge historique et le transgressif violet. Transferts culturels, orientalisme ou encore soft power seront autant de clefs de lecture pour comprendre un ph\u00e9nom\u00e8ne mondial, l&#8217;intersection de l&#8217;histoire culturelle, [&hellip;]","og_url":"https:\/\/librairie7l.com\/en\/produit\/linvention-du-rose-couleur-japon-histoire-monde\/","og_site_name":"Librairie 7L","article_modified_time":"2026-04-06T02:05:38+00:00","og_image":[{"width":500,"height":760,"url":"https:\/\/librairie7l.com\/wp-content\/uploads\/2023\/05\/9782130842354_1_75.jpg","type":"image\/jpeg"}],"twitter_card":"summary_large_image","twitter_misc":{"Est. reading time":"1 minute"},"schema":{"@context":"https:\/\/schema.org","@graph":[{"@type":"WebPage","@id":"https:\/\/librairie7l.com\/en\/produit\/linvention-du-rose-couleur-japon-histoire-monde\/","url":"https:\/\/librairie7l.com\/en\/produit\/linvention-du-rose-couleur-japon-histoire-monde\/","name":"L'INVENTION DU ROSE : COULEUR JAPON, HISTOIRE MONDE - Librairie 7L","isPartOf":{"@id":"https:\/\/librairie7l.com\/en\/#website"},"datePublished":"2023-09-19T09:18:25+00:00","dateModified":"2026-04-06T02:05:38+00:00","breadcrumb":{"@id":"https:\/\/librairie7l.com\/en\/produit\/linvention-du-rose-couleur-japon-histoire-monde\/#breadcrumb"},"inLanguage":"en-US","potentialAction":[{"@type":"ReadAction","target":["https:\/\/librairie7l.com\/en\/produit\/linvention-du-rose-couleur-japon-histoire-monde\/"]}]},{"@type":"BreadcrumbList","@id":"https:\/\/librairie7l.com\/en\/produit\/linvention-du-rose-couleur-japon-histoire-monde\/#breadcrumb","itemListElement":[{"@type":"ListItem","position":1,"name":"Accueil","item":"https:\/\/librairie7l.com\/en\/"},{"@type":"ListItem","position":2,"name":"Shop","item":"https:\/\/librairie7l.com\/en\/shop\/"},{"@type":"ListItem","position":3,"name":"L&#8217;INVENTION DU ROSE : COULEUR JAPON, HISTOIRE MONDE"}]},{"@type":"WebSite","@id":"https:\/\/librairie7l.com\/en\/#website","url":"https:\/\/librairie7l.com\/en\/","name":"Librairie 7L","description":"Librairie fond\u00e9e en 1999 par Karl Lagerfeld \u00e0 Paris","publisher":{"@id":"https:\/\/librairie7l.com\/en\/#organization"},"potentialAction":[{"@type":"SearchAction","target":{"@type":"EntryPoint","urlTemplate":"https:\/\/librairie7l.com\/en\/?s={search_term_string}"},"query-input":"required name=search_term_string"}],"inLanguage":"en-US"},{"@type":"Organization","@id":"https:\/\/librairie7l.com\/en\/#organization","name":"Librairie 7L","url":"https:\/\/librairie7l.com\/en\/","logo":{"@type":"ImageObject","inLanguage":"en-US","@id":"https:\/\/librairie7l.com\/en\/#\/schema\/logo\/image\/","url":"https:\/\/librairie7l.com\/wp-content\/uploads\/2022\/08\/logo-1.png","contentUrl":"https:\/\/librairie7l.com\/wp-content\/uploads\/2022\/08\/logo-1.png","width":227,"height":301,"caption":"Librairie 7L"},"image":{"@id":"https:\/\/librairie7l.com\/en\/#\/schema\/logo\/image\/"}}]}},"_links":{"self":[{"href":"https:\/\/librairie7l.com\/en\/wp-json\/wp\/v2\/product\/33521"}],"collection":[{"href":"https:\/\/librairie7l.com\/en\/wp-json\/wp\/v2\/product"}],"about":[{"href":"https:\/\/librairie7l.com\/en\/wp-json\/wp\/v2\/types\/product"}],"wp:featuredmedia":[{"embeddable":true,"href":"https:\/\/librairie7l.com\/en\/wp-json\/wp\/v2\/media\/33519"}],"wp:attachment":[{"href":"https:\/\/librairie7l.com\/en\/wp-json\/wp\/v2\/media?parent=33521"}],"wp:term":[{"taxonomy":"product_cat","embeddable":true,"href":"https:\/\/librairie7l.com\/en\/wp-json\/wp\/v2\/product_cat?post=33521"},{"taxonomy":"product_tag","embeddable":true,"href":"https:\/\/librairie7l.com\/en\/wp-json\/wp\/v2\/product_tag?post=33521"}],"curies":[{"name":"wp","href":"https:\/\/api.w.org\/{rel}","templated":true}]}}