{"id":33525,"date":"2023-09-19T11:20:46","date_gmt":"2023-09-19T09:20:46","guid":{"rendered":"https:\/\/librairie7l.com\/?post_type=product&#038;p=33525"},"modified":"2026-04-10T12:47:30","modified_gmt":"2026-04-10T10:47:30","slug":"tissus-papiers-peints-tapis-et-mobilier-une-histoire-familiale-de-pasion-et-d","status":"publish","type":"product","link":"https:\/\/librairie7l.com\/en\/produit\/tissus-papiers-peints-tapis-et-mobilier-une-histoire-familiale-de-pasion-et-d\/","title":{"rendered":"TISSUS, PAPIERS PEINTS, TAPIS ET MOBILIER, UNE HISTOIRE FAMILIALE DE PASION ET DE CR\u00c9ATIVIT\u00c9"},"content":{"rendered":"<p>Des brocards et damas enchanteurs, des velours de soie lumineux tiss\u00e9s \u00e0 la main, des imprim\u00e9s traditionnels \u00e0 la planche de bois, ainsi que des motifs contemporains \u00e9clatants, con\u00e7us comme de v\u00e9ritables oeuvres d&#8217;art : Pierre Frey, une entreprise familiale fond\u00e9e en 1935, est c\u00e9l\u00e8bre pour la diversit\u00e9 et l&#8217;audace de ses cr\u00e9ations. Elle s&#8217;est affirm\u00e9e dans le monde du luxe comme le ma\u00eetre incontestable des tissus d&#8217;ameublement et des papiers peints \u00e0 l&#8217;\u00e9chelle mondiale. Apr\u00e8s avoir acquis les v\u00e9n\u00e9rables maisons Braqueni\u00e9, Le Manach et Thorp of London, elle poss\u00e8de l&#8217;un des plus importants patrimoines textiles priv\u00e9s au monde, et collabore aussi bien avec le Louvre qu&#8217;avec le ch\u00e2teau de Versailles. Elle d\u00e9core des ch\u00e2teaux et fournit des tissus et papiers peints contemporains et traditionnels pour d&#8217;\u00e9l\u00e9gantes demeures priv\u00e9es.<\/p>\n","protected":false},"excerpt":{"rendered":"<p>Des brocards et damas enchanteurs, des velours de soie lumineux tiss\u00e9s \u00e0 la main, des imprim\u00e9s traditionnels \u00e0 la planche de bois, ainsi que des motifs contemporains \u00e9clatants, con\u00e7us comme de v\u00e9ritables oeuvres d&#8217;art : Pierre Frey, une entreprise familiale fond\u00e9e en 1935, est c\u00e9l\u00e8bre pour la diversit\u00e9 et l&#8217;audace de ses cr\u00e9ations. Elle s&#8217;est [&hellip;]<\/p>\n","protected":false},"featured_media":33524,"template":"","meta":[],"product_cat":[2948,2951],"product_tag":[],"acf":[],"yoast_head":"<!-- This site is optimized with the Yoast SEO plugin v20.11 - https:\/\/yoast.com\/wordpress\/plugins\/seo\/ -->\n<title>TISSUS, PAPIERS PEINTS, TAPIS ET MOBILIER, UNE HISTOIRE FAMILIALE DE PASION ET DE CR\u00c9ATIVIT\u00c9 - Librairie 7L<\/title>\n<meta name=\"robots\" content=\"index, follow, max-snippet:-1, max-image-preview:large, max-video-preview:-1\" \/>\n<link rel=\"canonical\" href=\"https:\/\/librairie7l.com\/en\/produit\/tissus-papiers-peints-tapis-et-mobilier-une-histoire-familiale-de-pasion-et-d\/\" \/>\n<meta property=\"og:locale\" content=\"en_US\" \/>\n<meta property=\"og:type\" content=\"article\" \/>\n<meta property=\"og:title\" content=\"TISSUS, PAPIERS PEINTS, TAPIS ET MOBILIER, UNE HISTOIRE FAMILIALE DE PASION ET DE CR\u00c9ATIVIT\u00c9 - Librairie 7L\" \/>\n<meta property=\"og:description\" content=\"Des brocards et damas enchanteurs, des velours de soie lumineux tiss\u00e9s \u00e0 la main, des imprim\u00e9s traditionnels \u00e0 la planche de bois, ainsi que des motifs contemporains \u00e9clatants, con\u00e7us comme de v\u00e9ritables oeuvres d&#8217;art : Pierre Frey, une entreprise familiale fond\u00e9e en 1935, est c\u00e9l\u00e8bre pour la diversit\u00e9 et l&#8217;audace de ses cr\u00e9ations. Elle s&#8217;est [&hellip;]\" \/>\n<meta property=\"og:url\" content=\"https:\/\/librairie7l.com\/en\/produit\/tissus-papiers-peints-tapis-et-mobilier-une-histoire-familiale-de-pasion-et-d\/\" \/>\n<meta property=\"og:site_name\" content=\"Librairie 7L\" \/>\n<meta property=\"article:modified_time\" content=\"2026-04-10T10:47:30+00:00\" \/>\n<meta property=\"og:image\" content=\"https:\/\/librairie7l.com\/wp-content\/uploads\/2023\/04\/9782080284563_1_75.jpg\" \/>\n\t<meta property=\"og:image:width\" content=\"600\" \/>\n\t<meta property=\"og:image:height\" content=\"783\" \/>\n\t<meta property=\"og:image:type\" content=\"image\/jpeg\" \/>\n<meta name=\"twitter:card\" content=\"summary_large_image\" \/>\n<meta name=\"twitter:label1\" content=\"Est. reading time\" \/>\n\t<meta name=\"twitter:data1\" content=\"1 minute\" \/>\n<script type=\"application\/ld+json\" class=\"yoast-schema-graph\">{\"@context\":\"https:\/\/schema.org\",\"@graph\":[{\"@type\":\"WebPage\",\"@id\":\"https:\/\/librairie7l.com\/en\/produit\/tissus-papiers-peints-tapis-et-mobilier-une-histoire-familiale-de-pasion-et-d\/\",\"url\":\"https:\/\/librairie7l.com\/en\/produit\/tissus-papiers-peints-tapis-et-mobilier-une-histoire-familiale-de-pasion-et-d\/\",\"name\":\"TISSUS, PAPIERS PEINTS, TAPIS ET MOBILIER, UNE HISTOIRE FAMILIALE DE PASION ET DE CR\u00c9ATIVIT\u00c9 - Librairie 7L\",\"isPartOf\":{\"@id\":\"https:\/\/librairie7l.com\/en\/#website\"},\"datePublished\":\"2023-09-19T09:20:46+00:00\",\"dateModified\":\"2026-04-10T10:47:30+00:00\",\"breadcrumb\":{\"@id\":\"https:\/\/librairie7l.com\/en\/produit\/tissus-papiers-peints-tapis-et-mobilier-une-histoire-familiale-de-pasion-et-d\/#breadcrumb\"},\"inLanguage\":\"en-US\",\"potentialAction\":[{\"@type\":\"ReadAction\",\"target\":[\"https:\/\/librairie7l.com\/en\/produit\/tissus-papiers-peints-tapis-et-mobilier-une-histoire-familiale-de-pasion-et-d\/\"]}]},{\"@type\":\"BreadcrumbList\",\"@id\":\"https:\/\/librairie7l.com\/en\/produit\/tissus-papiers-peints-tapis-et-mobilier-une-histoire-familiale-de-pasion-et-d\/#breadcrumb\",\"itemListElement\":[{\"@type\":\"ListItem\",\"position\":1,\"name\":\"Accueil\",\"item\":\"https:\/\/librairie7l.com\/en\/\"},{\"@type\":\"ListItem\",\"position\":2,\"name\":\"Shop\",\"item\":\"https:\/\/librairie7l.com\/en\/shop\/\"},{\"@type\":\"ListItem\",\"position\":3,\"name\":\"TISSUS, PAPIERS PEINTS, TAPIS ET MOBILIER, UNE HISTOIRE FAMILIALE DE PASION ET DE CR\u00c9ATIVIT\u00c9\"}]},{\"@type\":\"WebSite\",\"@id\":\"https:\/\/librairie7l.com\/en\/#website\",\"url\":\"https:\/\/librairie7l.com\/en\/\",\"name\":\"Librairie 7L\",\"description\":\"Librairie fond\u00e9e en 1999 par Karl Lagerfeld \u00e0 Paris\",\"publisher\":{\"@id\":\"https:\/\/librairie7l.com\/en\/#organization\"},\"potentialAction\":[{\"@type\":\"SearchAction\",\"target\":{\"@type\":\"EntryPoint\",\"urlTemplate\":\"https:\/\/librairie7l.com\/en\/?s={search_term_string}\"},\"query-input\":\"required name=search_term_string\"}],\"inLanguage\":\"en-US\"},{\"@type\":\"Organization\",\"@id\":\"https:\/\/librairie7l.com\/en\/#organization\",\"name\":\"Librairie 7L\",\"url\":\"https:\/\/librairie7l.com\/en\/\",\"logo\":{\"@type\":\"ImageObject\",\"inLanguage\":\"en-US\",\"@id\":\"https:\/\/librairie7l.com\/en\/#\/schema\/logo\/image\/\",\"url\":\"https:\/\/librairie7l.com\/wp-content\/uploads\/2022\/08\/logo-1.png\",\"contentUrl\":\"https:\/\/librairie7l.com\/wp-content\/uploads\/2022\/08\/logo-1.png\",\"width\":227,\"height\":301,\"caption\":\"Librairie 7L\"},\"image\":{\"@id\":\"https:\/\/librairie7l.com\/en\/#\/schema\/logo\/image\/\"}}]}<\/script>\n<!-- \/ Yoast SEO plugin. -->","yoast_head_json":{"title":"TISSUS, PAPIERS PEINTS, TAPIS ET MOBILIER, UNE HISTOIRE FAMILIALE DE PASION ET DE CR\u00c9ATIVIT\u00c9 - Librairie 7L","robots":{"index":"index","follow":"follow","max-snippet":"max-snippet:-1","max-image-preview":"max-image-preview:large","max-video-preview":"max-video-preview:-1"},"canonical":"https:\/\/librairie7l.com\/en\/produit\/tissus-papiers-peints-tapis-et-mobilier-une-histoire-familiale-de-pasion-et-d\/","og_locale":"en_US","og_type":"article","og_title":"TISSUS, PAPIERS PEINTS, TAPIS ET MOBILIER, UNE HISTOIRE FAMILIALE DE PASION ET DE CR\u00c9ATIVIT\u00c9 - Librairie 7L","og_description":"Des brocards et damas enchanteurs, des velours de soie lumineux tiss\u00e9s \u00e0 la main, des imprim\u00e9s traditionnels \u00e0 la planche de bois, ainsi que des motifs contemporains \u00e9clatants, con\u00e7us comme de v\u00e9ritables oeuvres d&#8217;art : Pierre Frey, une entreprise familiale fond\u00e9e en 1935, est c\u00e9l\u00e8bre pour la diversit\u00e9 et l&#8217;audace de ses cr\u00e9ations. Elle s&#8217;est [&hellip;]","og_url":"https:\/\/librairie7l.com\/en\/produit\/tissus-papiers-peints-tapis-et-mobilier-une-histoire-familiale-de-pasion-et-d\/","og_site_name":"Librairie 7L","article_modified_time":"2026-04-10T10:47:30+00:00","og_image":[{"width":600,"height":783,"url":"https:\/\/librairie7l.com\/wp-content\/uploads\/2023\/04\/9782080284563_1_75.jpg","type":"image\/jpeg"}],"twitter_card":"summary_large_image","twitter_misc":{"Est. reading time":"1 minute"},"schema":{"@context":"https:\/\/schema.org","@graph":[{"@type":"WebPage","@id":"https:\/\/librairie7l.com\/en\/produit\/tissus-papiers-peints-tapis-et-mobilier-une-histoire-familiale-de-pasion-et-d\/","url":"https:\/\/librairie7l.com\/en\/produit\/tissus-papiers-peints-tapis-et-mobilier-une-histoire-familiale-de-pasion-et-d\/","name":"TISSUS, PAPIERS PEINTS, TAPIS ET MOBILIER, UNE HISTOIRE FAMILIALE DE PASION ET DE CR\u00c9ATIVIT\u00c9 - Librairie 7L","isPartOf":{"@id":"https:\/\/librairie7l.com\/en\/#website"},"datePublished":"2023-09-19T09:20:46+00:00","dateModified":"2026-04-10T10:47:30+00:00","breadcrumb":{"@id":"https:\/\/librairie7l.com\/en\/produit\/tissus-papiers-peints-tapis-et-mobilier-une-histoire-familiale-de-pasion-et-d\/#breadcrumb"},"inLanguage":"en-US","potentialAction":[{"@type":"ReadAction","target":["https:\/\/librairie7l.com\/en\/produit\/tissus-papiers-peints-tapis-et-mobilier-une-histoire-familiale-de-pasion-et-d\/"]}]},{"@type":"BreadcrumbList","@id":"https:\/\/librairie7l.com\/en\/produit\/tissus-papiers-peints-tapis-et-mobilier-une-histoire-familiale-de-pasion-et-d\/#breadcrumb","itemListElement":[{"@type":"ListItem","position":1,"name":"Accueil","item":"https:\/\/librairie7l.com\/en\/"},{"@type":"ListItem","position":2,"name":"Shop","item":"https:\/\/librairie7l.com\/en\/shop\/"},{"@type":"ListItem","position":3,"name":"TISSUS, PAPIERS PEINTS, TAPIS ET MOBILIER, UNE HISTOIRE FAMILIALE DE PASION ET DE CR\u00c9ATIVIT\u00c9"}]},{"@type":"WebSite","@id":"https:\/\/librairie7l.com\/en\/#website","url":"https:\/\/librairie7l.com\/en\/","name":"Librairie 7L","description":"Librairie fond\u00e9e en 1999 par Karl Lagerfeld \u00e0 Paris","publisher":{"@id":"https:\/\/librairie7l.com\/en\/#organization"},"potentialAction":[{"@type":"SearchAction","target":{"@type":"EntryPoint","urlTemplate":"https:\/\/librairie7l.com\/en\/?s={search_term_string}"},"query-input":"required name=search_term_string"}],"inLanguage":"en-US"},{"@type":"Organization","@id":"https:\/\/librairie7l.com\/en\/#organization","name":"Librairie 7L","url":"https:\/\/librairie7l.com\/en\/","logo":{"@type":"ImageObject","inLanguage":"en-US","@id":"https:\/\/librairie7l.com\/en\/#\/schema\/logo\/image\/","url":"https:\/\/librairie7l.com\/wp-content\/uploads\/2022\/08\/logo-1.png","contentUrl":"https:\/\/librairie7l.com\/wp-content\/uploads\/2022\/08\/logo-1.png","width":227,"height":301,"caption":"Librairie 7L"},"image":{"@id":"https:\/\/librairie7l.com\/en\/#\/schema\/logo\/image\/"}}]}},"_links":{"self":[{"href":"https:\/\/librairie7l.com\/en\/wp-json\/wp\/v2\/product\/33525"}],"collection":[{"href":"https:\/\/librairie7l.com\/en\/wp-json\/wp\/v2\/product"}],"about":[{"href":"https:\/\/librairie7l.com\/en\/wp-json\/wp\/v2\/types\/product"}],"wp:featuredmedia":[{"embeddable":true,"href":"https:\/\/librairie7l.com\/en\/wp-json\/wp\/v2\/media\/33524"}],"wp:attachment":[{"href":"https:\/\/librairie7l.com\/en\/wp-json\/wp\/v2\/media?parent=33525"}],"wp:term":[{"taxonomy":"product_cat","embeddable":true,"href":"https:\/\/librairie7l.com\/en\/wp-json\/wp\/v2\/product_cat?post=33525"},{"taxonomy":"product_tag","embeddable":true,"href":"https:\/\/librairie7l.com\/en\/wp-json\/wp\/v2\/product_tag?post=33525"}],"curies":[{"name":"wp","href":"https:\/\/api.w.org\/{rel}","templated":true}]}}