{"id":33529,"date":"2023-09-19T11:20:49","date_gmt":"2023-09-19T09:20:49","guid":{"rendered":"https:\/\/librairie7l.com\/?post_type=product&#038;p=33529"},"modified":"2026-04-06T04:06:09","modified_gmt":"2026-04-06T02:06:09","slug":"annees-pop-annees-choc-1960-1975","status":"publish","type":"product","link":"https:\/\/librairie7l.com\/en\/produit\/annees-pop-annees-choc-1960-1975\/","title":{"rendered":"ANN\u00c9ES POP, ANN\u00c9ES CHOC : 1960-1975"},"content":{"rendered":"<p>L&#8217;exposition porte sur les mouvements sociaux, politiques et culturels de contestation en France de 1960 \u00e0 1975. Les oeuvres d&#8217;artistes proches de la figuration narrative tels que Arroyo, Err\u00f3, Fromanger, Grau, Messac et Rancillac apportent une r\u00e9flexion critique sur leur temps, de la guerre du Vietnam aux lendemains de Mai 68. En partenariat avec la fondation Gandur pour l&#8217;Art. exposition : 22\/6-31\/12 M\u00e9morial (Caen)<\/p>\n","protected":false},"excerpt":{"rendered":"<p>L&#8217;exposition porte sur les mouvements sociaux, politiques et culturels de contestation en France de 1960 \u00e0 1975. Les oeuvres d&#8217;artistes proches de la figuration narrative tels que Arroyo, Err\u00f3, Fromanger, Grau, Messac et Rancillac apportent une r\u00e9flexion critique sur leur temps, de la guerre du Vietnam aux lendemains de Mai 68. En partenariat avec la [&hellip;]<\/p>\n","protected":false},"featured_media":33527,"template":"","meta":[],"product_cat":[2948,2953],"product_tag":[],"acf":[],"yoast_head":"<!-- This site is optimized with the Yoast SEO plugin v20.11 - https:\/\/yoast.com\/wordpress\/plugins\/seo\/ -->\n<title>ANN\u00c9ES POP, ANN\u00c9ES CHOC : 1960-1975 - Librairie 7L<\/title>\n<meta name=\"robots\" content=\"index, follow, max-snippet:-1, max-image-preview:large, max-video-preview:-1\" \/>\n<link rel=\"canonical\" href=\"https:\/\/librairie7l.com\/en\/produit\/annees-pop-annees-choc-1960-1975\/\" \/>\n<meta property=\"og:locale\" content=\"en_US\" \/>\n<meta property=\"og:type\" content=\"article\" \/>\n<meta property=\"og:title\" content=\"ANN\u00c9ES POP, ANN\u00c9ES CHOC : 1960-1975 - Librairie 7L\" \/>\n<meta property=\"og:description\" content=\"L&#8217;exposition porte sur les mouvements sociaux, politiques et culturels de contestation en France de 1960 \u00e0 1975. Les oeuvres d&#8217;artistes proches de la figuration narrative tels que Arroyo, Err\u00f3, Fromanger, Grau, Messac et Rancillac apportent une r\u00e9flexion critique sur leur temps, de la guerre du Vietnam aux lendemains de Mai 68. En partenariat avec la [&hellip;]\" \/>\n<meta property=\"og:url\" content=\"https:\/\/librairie7l.com\/en\/produit\/annees-pop-annees-choc-1960-1975\/\" \/>\n<meta property=\"og:site_name\" content=\"Librairie 7L\" \/>\n<meta property=\"article:modified_time\" content=\"2026-04-06T02:06:09+00:00\" \/>\n<meta property=\"og:image\" content=\"https:\/\/librairie7l.com\/wp-content\/uploads\/2023\/04\/9789461617828_1_75.jpg\" \/>\n\t<meta property=\"og:image:width\" content=\"600\" \/>\n\t<meta property=\"og:image:height\" content=\"830\" \/>\n\t<meta property=\"og:image:type\" content=\"image\/jpeg\" \/>\n<meta name=\"twitter:card\" content=\"summary_large_image\" \/>\n<script type=\"application\/ld+json\" class=\"yoast-schema-graph\">{\"@context\":\"https:\/\/schema.org\",\"@graph\":[{\"@type\":\"WebPage\",\"@id\":\"https:\/\/librairie7l.com\/en\/produit\/annees-pop-annees-choc-1960-1975\/\",\"url\":\"https:\/\/librairie7l.com\/en\/produit\/annees-pop-annees-choc-1960-1975\/\",\"name\":\"ANN\u00c9ES POP, ANN\u00c9ES CHOC : 1960-1975 - Librairie 7L\",\"isPartOf\":{\"@id\":\"https:\/\/librairie7l.com\/en\/#website\"},\"datePublished\":\"2023-09-19T09:20:49+00:00\",\"dateModified\":\"2026-04-06T02:06:09+00:00\",\"breadcrumb\":{\"@id\":\"https:\/\/librairie7l.com\/en\/produit\/annees-pop-annees-choc-1960-1975\/#breadcrumb\"},\"inLanguage\":\"en-US\",\"potentialAction\":[{\"@type\":\"ReadAction\",\"target\":[\"https:\/\/librairie7l.com\/en\/produit\/annees-pop-annees-choc-1960-1975\/\"]}]},{\"@type\":\"BreadcrumbList\",\"@id\":\"https:\/\/librairie7l.com\/en\/produit\/annees-pop-annees-choc-1960-1975\/#breadcrumb\",\"itemListElement\":[{\"@type\":\"ListItem\",\"position\":1,\"name\":\"Accueil\",\"item\":\"https:\/\/librairie7l.com\/en\/\"},{\"@type\":\"ListItem\",\"position\":2,\"name\":\"Shop\",\"item\":\"https:\/\/librairie7l.com\/en\/shop\/\"},{\"@type\":\"ListItem\",\"position\":3,\"name\":\"ANN\u00c9ES POP, ANN\u00c9ES CHOC : 1960-1975\"}]},{\"@type\":\"WebSite\",\"@id\":\"https:\/\/librairie7l.com\/en\/#website\",\"url\":\"https:\/\/librairie7l.com\/en\/\",\"name\":\"Librairie 7L\",\"description\":\"Librairie fond\u00e9e en 1999 par Karl Lagerfeld \u00e0 Paris\",\"publisher\":{\"@id\":\"https:\/\/librairie7l.com\/en\/#organization\"},\"potentialAction\":[{\"@type\":\"SearchAction\",\"target\":{\"@type\":\"EntryPoint\",\"urlTemplate\":\"https:\/\/librairie7l.com\/en\/?s={search_term_string}\"},\"query-input\":\"required name=search_term_string\"}],\"inLanguage\":\"en-US\"},{\"@type\":\"Organization\",\"@id\":\"https:\/\/librairie7l.com\/en\/#organization\",\"name\":\"Librairie 7L\",\"url\":\"https:\/\/librairie7l.com\/en\/\",\"logo\":{\"@type\":\"ImageObject\",\"inLanguage\":\"en-US\",\"@id\":\"https:\/\/librairie7l.com\/en\/#\/schema\/logo\/image\/\",\"url\":\"https:\/\/librairie7l.com\/wp-content\/uploads\/2022\/08\/logo-1.png\",\"contentUrl\":\"https:\/\/librairie7l.com\/wp-content\/uploads\/2022\/08\/logo-1.png\",\"width\":227,\"height\":301,\"caption\":\"Librairie 7L\"},\"image\":{\"@id\":\"https:\/\/librairie7l.com\/en\/#\/schema\/logo\/image\/\"}}]}<\/script>\n<!-- \/ Yoast SEO plugin. -->","yoast_head_json":{"title":"ANN\u00c9ES POP, ANN\u00c9ES CHOC : 1960-1975 - Librairie 7L","robots":{"index":"index","follow":"follow","max-snippet":"max-snippet:-1","max-image-preview":"max-image-preview:large","max-video-preview":"max-video-preview:-1"},"canonical":"https:\/\/librairie7l.com\/en\/produit\/annees-pop-annees-choc-1960-1975\/","og_locale":"en_US","og_type":"article","og_title":"ANN\u00c9ES POP, ANN\u00c9ES CHOC : 1960-1975 - Librairie 7L","og_description":"L&#8217;exposition porte sur les mouvements sociaux, politiques et culturels de contestation en France de 1960 \u00e0 1975. Les oeuvres d&#8217;artistes proches de la figuration narrative tels que Arroyo, Err\u00f3, Fromanger, Grau, Messac et Rancillac apportent une r\u00e9flexion critique sur leur temps, de la guerre du Vietnam aux lendemains de Mai 68. En partenariat avec la [&hellip;]","og_url":"https:\/\/librairie7l.com\/en\/produit\/annees-pop-annees-choc-1960-1975\/","og_site_name":"Librairie 7L","article_modified_time":"2026-04-06T02:06:09+00:00","og_image":[{"width":600,"height":830,"url":"https:\/\/librairie7l.com\/wp-content\/uploads\/2023\/04\/9789461617828_1_75.jpg","type":"image\/jpeg"}],"twitter_card":"summary_large_image","schema":{"@context":"https:\/\/schema.org","@graph":[{"@type":"WebPage","@id":"https:\/\/librairie7l.com\/en\/produit\/annees-pop-annees-choc-1960-1975\/","url":"https:\/\/librairie7l.com\/en\/produit\/annees-pop-annees-choc-1960-1975\/","name":"ANN\u00c9ES POP, ANN\u00c9ES CHOC : 1960-1975 - Librairie 7L","isPartOf":{"@id":"https:\/\/librairie7l.com\/en\/#website"},"datePublished":"2023-09-19T09:20:49+00:00","dateModified":"2026-04-06T02:06:09+00:00","breadcrumb":{"@id":"https:\/\/librairie7l.com\/en\/produit\/annees-pop-annees-choc-1960-1975\/#breadcrumb"},"inLanguage":"en-US","potentialAction":[{"@type":"ReadAction","target":["https:\/\/librairie7l.com\/en\/produit\/annees-pop-annees-choc-1960-1975\/"]}]},{"@type":"BreadcrumbList","@id":"https:\/\/librairie7l.com\/en\/produit\/annees-pop-annees-choc-1960-1975\/#breadcrumb","itemListElement":[{"@type":"ListItem","position":1,"name":"Accueil","item":"https:\/\/librairie7l.com\/en\/"},{"@type":"ListItem","position":2,"name":"Shop","item":"https:\/\/librairie7l.com\/en\/shop\/"},{"@type":"ListItem","position":3,"name":"ANN\u00c9ES POP, ANN\u00c9ES CHOC : 1960-1975"}]},{"@type":"WebSite","@id":"https:\/\/librairie7l.com\/en\/#website","url":"https:\/\/librairie7l.com\/en\/","name":"Librairie 7L","description":"Librairie fond\u00e9e en 1999 par Karl Lagerfeld \u00e0 Paris","publisher":{"@id":"https:\/\/librairie7l.com\/en\/#organization"},"potentialAction":[{"@type":"SearchAction","target":{"@type":"EntryPoint","urlTemplate":"https:\/\/librairie7l.com\/en\/?s={search_term_string}"},"query-input":"required name=search_term_string"}],"inLanguage":"en-US"},{"@type":"Organization","@id":"https:\/\/librairie7l.com\/en\/#organization","name":"Librairie 7L","url":"https:\/\/librairie7l.com\/en\/","logo":{"@type":"ImageObject","inLanguage":"en-US","@id":"https:\/\/librairie7l.com\/en\/#\/schema\/logo\/image\/","url":"https:\/\/librairie7l.com\/wp-content\/uploads\/2022\/08\/logo-1.png","contentUrl":"https:\/\/librairie7l.com\/wp-content\/uploads\/2022\/08\/logo-1.png","width":227,"height":301,"caption":"Librairie 7L"},"image":{"@id":"https:\/\/librairie7l.com\/en\/#\/schema\/logo\/image\/"}}]}},"_links":{"self":[{"href":"https:\/\/librairie7l.com\/en\/wp-json\/wp\/v2\/product\/33529"}],"collection":[{"href":"https:\/\/librairie7l.com\/en\/wp-json\/wp\/v2\/product"}],"about":[{"href":"https:\/\/librairie7l.com\/en\/wp-json\/wp\/v2\/types\/product"}],"wp:featuredmedia":[{"embeddable":true,"href":"https:\/\/librairie7l.com\/en\/wp-json\/wp\/v2\/media\/33527"}],"wp:attachment":[{"href":"https:\/\/librairie7l.com\/en\/wp-json\/wp\/v2\/media?parent=33529"}],"wp:term":[{"taxonomy":"product_cat","embeddable":true,"href":"https:\/\/librairie7l.com\/en\/wp-json\/wp\/v2\/product_cat?post=33529"},{"taxonomy":"product_tag","embeddable":true,"href":"https:\/\/librairie7l.com\/en\/wp-json\/wp\/v2\/product_tag?post=33529"}],"curies":[{"name":"wp","href":"https:\/\/api.w.org\/{rel}","templated":true}]}}