{"id":33535,"date":"2023-09-19T11:21:09","date_gmt":"2023-09-19T09:21:09","guid":{"rendered":"https:\/\/librairie7l.com\/?post_type=product&#038;p=33535"},"modified":"2026-04-10T12:47:23","modified_gmt":"2026-04-10T10:47:23","slug":"histoires-inachevees","status":"publish","type":"product","link":"https:\/\/librairie7l.com\/en\/produit\/histoires-inachevees\/","title":{"rendered":"HISTOIRES INACHEV\u00c9ES"},"content":{"rendered":"<p>Publi\u00e9 \u00e0 l&#8217;occasion d&#8217;une exposition \u00e0 la Maison de l&#8217;Am\u00e9rique latine en septembre 2023 et en \u00e9troite collaboration avec l&#8217;artiste, cet ouvrage pr\u00e9sente des images in\u00e9dites issues des archives de la photographe, ainsi que des s\u00e9ries plus confidentielles, qui racontent une certaine histoire des marges de la soci\u00e9t\u00e9 chilienne avec beaucoup de po\u00e9sie et d&#8217;humanit\u00e9.<\/p>\n<p>  Ce que je photographie est en relation avec les personnes qui ne sont pas au centre mais au-dehors, toujours soumises au pouvoir.  Le travail de Paz Errazuriz, depuis le d\u00e9but des ann\u00e9es 1970, est un v\u00e9ritable t\u00e9moignage social du Chili. Ses portraits en noir et blanc parlent des diktats sociaux, de la marginalisation de certains groupes, de la condition humaine, en d\u00e9rangeant les conventions de repr\u00e9sentations visuelles. Paz regarde les invisibles : lutteurs, travestis, prostitu\u00e9es, tueurs d&#8217;abattoirs, aveugles, alcooliques, mendiants ou encore malades mentaux sont souvent pris dans des espaces ferm\u00e9s ou confin\u00e9s. Son travail au long cours lui permet de nouer des relations fortes avec ses mod\u00e8les, femmes et hommes posent fi\u00e8rement, parfois s&#8217;abandonnent, donnent acc\u00e8s \u00e0 une part de leur intimit\u00e9. Ainsi, dans l&#8217;une des plus c\u00e9l\u00e8bres s\u00e9ries de la photographe, on d\u00e9couvre Evelyn et Pilar, travestis au sein d&#8217;une maison close \u00e0 Santiago, qu&#8217;Errazuriz suit, dans l&#8217;intimit\u00e9 de leurs vies quotidiennes et de leurs f\u00eates nocturnes. Elle s&#8217;int\u00e9resse \u00e9galement \u00e0 la vie des lutteurs chiliens, choisissant, face \u00e0 la violence des combats, la d\u00e9licatesse et la fragilit\u00e9 de leur intimit\u00e9 aupr\u00e8s de leurs familles. Son int\u00e9r\u00eat pour ceux qui vivent hors des sch\u00e9mas traditionnels, la m\u00e8ne \u00e0 documenter la vie d&#8217;une troupe de cirque chilienne, montrant, dans le m\u00eame temps, des num\u00e9ros surr\u00e9alistes et des conditions de vie tr\u00e8s pr\u00e9caires, m\u00ealant l&#8217;\u00e9trange au r\u00e9el.<\/p>\n","protected":false},"excerpt":{"rendered":"<p>Publi\u00e9 \u00e0 l&#8217;occasion d&#8217;une exposition \u00e0 la Maison de l&#8217;Am\u00e9rique latine en septembre 2023 et en \u00e9troite collaboration avec l&#8217;artiste, cet ouvrage pr\u00e9sente des images in\u00e9dites issues des archives de la photographe, ainsi que des s\u00e9ries plus confidentielles, qui racontent une certaine histoire des marges de la soci\u00e9t\u00e9 chilienne avec beaucoup de po\u00e9sie et d&#8217;humanit\u00e9. [&hellip;]<\/p>\n","protected":false},"featured_media":34821,"template":"","meta":[],"product_cat":[2948,2958],"product_tag":[],"acf":[],"yoast_head":"<!-- This site is optimized with the Yoast SEO plugin v20.11 - https:\/\/yoast.com\/wordpress\/plugins\/seo\/ -->\n<title>HISTOIRES INACHEV\u00c9ES - Librairie 7L<\/title>\n<meta name=\"robots\" content=\"index, follow, max-snippet:-1, max-image-preview:large, max-video-preview:-1\" \/>\n<link rel=\"canonical\" href=\"https:\/\/librairie7l.com\/en\/produit\/histoires-inachevees\/\" \/>\n<meta property=\"og:locale\" content=\"en_US\" \/>\n<meta property=\"og:type\" content=\"article\" \/>\n<meta property=\"og:title\" content=\"HISTOIRES INACHEV\u00c9ES - Librairie 7L\" \/>\n<meta property=\"og:description\" content=\"Publi\u00e9 \u00e0 l&#8217;occasion d&#8217;une exposition \u00e0 la Maison de l&#8217;Am\u00e9rique latine en septembre 2023 et en \u00e9troite collaboration avec l&#8217;artiste, cet ouvrage pr\u00e9sente des images in\u00e9dites issues des archives de la photographe, ainsi que des s\u00e9ries plus confidentielles, qui racontent une certaine histoire des marges de la soci\u00e9t\u00e9 chilienne avec beaucoup de po\u00e9sie et d&#8217;humanit\u00e9. [&hellip;]\" \/>\n<meta property=\"og:url\" content=\"https:\/\/librairie7l.com\/en\/produit\/histoires-inachevees\/\" \/>\n<meta property=\"og:site_name\" content=\"Librairie 7L\" \/>\n<meta property=\"article:modified_time\" content=\"2026-04-10T10:47:23+00:00\" \/>\n<meta property=\"og:image\" content=\"https:\/\/librairie7l.com\/wp-content\/uploads\/2023\/04\/9782365113755_1_75.jpg\" \/>\n\t<meta property=\"og:image:width\" content=\"400\" \/>\n\t<meta property=\"og:image:height\" content=\"561\" \/>\n\t<meta property=\"og:image:type\" content=\"image\/jpeg\" \/>\n<meta name=\"twitter:card\" content=\"summary_large_image\" \/>\n<meta name=\"twitter:label1\" content=\"Est. reading time\" \/>\n\t<meta name=\"twitter:data1\" content=\"2 minutes\" \/>\n<script type=\"application\/ld+json\" class=\"yoast-schema-graph\">{\"@context\":\"https:\/\/schema.org\",\"@graph\":[{\"@type\":\"WebPage\",\"@id\":\"https:\/\/librairie7l.com\/en\/produit\/histoires-inachevees\/\",\"url\":\"https:\/\/librairie7l.com\/en\/produit\/histoires-inachevees\/\",\"name\":\"HISTOIRES INACHEV\u00c9ES - Librairie 7L\",\"isPartOf\":{\"@id\":\"https:\/\/librairie7l.com\/en\/#website\"},\"datePublished\":\"2023-09-19T09:21:09+00:00\",\"dateModified\":\"2026-04-10T10:47:23+00:00\",\"breadcrumb\":{\"@id\":\"https:\/\/librairie7l.com\/en\/produit\/histoires-inachevees\/#breadcrumb\"},\"inLanguage\":\"en-US\",\"potentialAction\":[{\"@type\":\"ReadAction\",\"target\":[\"https:\/\/librairie7l.com\/en\/produit\/histoires-inachevees\/\"]}]},{\"@type\":\"BreadcrumbList\",\"@id\":\"https:\/\/librairie7l.com\/en\/produit\/histoires-inachevees\/#breadcrumb\",\"itemListElement\":[{\"@type\":\"ListItem\",\"position\":1,\"name\":\"Accueil\",\"item\":\"https:\/\/librairie7l.com\/en\/\"},{\"@type\":\"ListItem\",\"position\":2,\"name\":\"Shop\",\"item\":\"https:\/\/librairie7l.com\/en\/shop\/\"},{\"@type\":\"ListItem\",\"position\":3,\"name\":\"HISTOIRES INACHEV\u00c9ES\"}]},{\"@type\":\"WebSite\",\"@id\":\"https:\/\/librairie7l.com\/en\/#website\",\"url\":\"https:\/\/librairie7l.com\/en\/\",\"name\":\"Librairie 7L\",\"description\":\"Librairie fond\u00e9e en 1999 par Karl Lagerfeld \u00e0 Paris\",\"publisher\":{\"@id\":\"https:\/\/librairie7l.com\/en\/#organization\"},\"potentialAction\":[{\"@type\":\"SearchAction\",\"target\":{\"@type\":\"EntryPoint\",\"urlTemplate\":\"https:\/\/librairie7l.com\/en\/?s={search_term_string}\"},\"query-input\":\"required name=search_term_string\"}],\"inLanguage\":\"en-US\"},{\"@type\":\"Organization\",\"@id\":\"https:\/\/librairie7l.com\/en\/#organization\",\"name\":\"Librairie 7L\",\"url\":\"https:\/\/librairie7l.com\/en\/\",\"logo\":{\"@type\":\"ImageObject\",\"inLanguage\":\"en-US\",\"@id\":\"https:\/\/librairie7l.com\/en\/#\/schema\/logo\/image\/\",\"url\":\"https:\/\/librairie7l.com\/wp-content\/uploads\/2022\/08\/logo-1.png\",\"contentUrl\":\"https:\/\/librairie7l.com\/wp-content\/uploads\/2022\/08\/logo-1.png\",\"width\":227,\"height\":301,\"caption\":\"Librairie 7L\"},\"image\":{\"@id\":\"https:\/\/librairie7l.com\/en\/#\/schema\/logo\/image\/\"}}]}<\/script>\n<!-- \/ Yoast SEO plugin. -->","yoast_head_json":{"title":"HISTOIRES INACHEV\u00c9ES - Librairie 7L","robots":{"index":"index","follow":"follow","max-snippet":"max-snippet:-1","max-image-preview":"max-image-preview:large","max-video-preview":"max-video-preview:-1"},"canonical":"https:\/\/librairie7l.com\/en\/produit\/histoires-inachevees\/","og_locale":"en_US","og_type":"article","og_title":"HISTOIRES INACHEV\u00c9ES - Librairie 7L","og_description":"Publi\u00e9 \u00e0 l&#8217;occasion d&#8217;une exposition \u00e0 la Maison de l&#8217;Am\u00e9rique latine en septembre 2023 et en \u00e9troite collaboration avec l&#8217;artiste, cet ouvrage pr\u00e9sente des images in\u00e9dites issues des archives de la photographe, ainsi que des s\u00e9ries plus confidentielles, qui racontent une certaine histoire des marges de la soci\u00e9t\u00e9 chilienne avec beaucoup de po\u00e9sie et d&#8217;humanit\u00e9. [&hellip;]","og_url":"https:\/\/librairie7l.com\/en\/produit\/histoires-inachevees\/","og_site_name":"Librairie 7L","article_modified_time":"2026-04-10T10:47:23+00:00","og_image":[{"width":400,"height":561,"url":"https:\/\/librairie7l.com\/wp-content\/uploads\/2023\/04\/9782365113755_1_75.jpg","type":"image\/jpeg"}],"twitter_card":"summary_large_image","twitter_misc":{"Est. reading time":"2 minutes"},"schema":{"@context":"https:\/\/schema.org","@graph":[{"@type":"WebPage","@id":"https:\/\/librairie7l.com\/en\/produit\/histoires-inachevees\/","url":"https:\/\/librairie7l.com\/en\/produit\/histoires-inachevees\/","name":"HISTOIRES INACHEV\u00c9ES - Librairie 7L","isPartOf":{"@id":"https:\/\/librairie7l.com\/en\/#website"},"datePublished":"2023-09-19T09:21:09+00:00","dateModified":"2026-04-10T10:47:23+00:00","breadcrumb":{"@id":"https:\/\/librairie7l.com\/en\/produit\/histoires-inachevees\/#breadcrumb"},"inLanguage":"en-US","potentialAction":[{"@type":"ReadAction","target":["https:\/\/librairie7l.com\/en\/produit\/histoires-inachevees\/"]}]},{"@type":"BreadcrumbList","@id":"https:\/\/librairie7l.com\/en\/produit\/histoires-inachevees\/#breadcrumb","itemListElement":[{"@type":"ListItem","position":1,"name":"Accueil","item":"https:\/\/librairie7l.com\/en\/"},{"@type":"ListItem","position":2,"name":"Shop","item":"https:\/\/librairie7l.com\/en\/shop\/"},{"@type":"ListItem","position":3,"name":"HISTOIRES INACHEV\u00c9ES"}]},{"@type":"WebSite","@id":"https:\/\/librairie7l.com\/en\/#website","url":"https:\/\/librairie7l.com\/en\/","name":"Librairie 7L","description":"Librairie fond\u00e9e en 1999 par Karl Lagerfeld \u00e0 Paris","publisher":{"@id":"https:\/\/librairie7l.com\/en\/#organization"},"potentialAction":[{"@type":"SearchAction","target":{"@type":"EntryPoint","urlTemplate":"https:\/\/librairie7l.com\/en\/?s={search_term_string}"},"query-input":"required name=search_term_string"}],"inLanguage":"en-US"},{"@type":"Organization","@id":"https:\/\/librairie7l.com\/en\/#organization","name":"Librairie 7L","url":"https:\/\/librairie7l.com\/en\/","logo":{"@type":"ImageObject","inLanguage":"en-US","@id":"https:\/\/librairie7l.com\/en\/#\/schema\/logo\/image\/","url":"https:\/\/librairie7l.com\/wp-content\/uploads\/2022\/08\/logo-1.png","contentUrl":"https:\/\/librairie7l.com\/wp-content\/uploads\/2022\/08\/logo-1.png","width":227,"height":301,"caption":"Librairie 7L"},"image":{"@id":"https:\/\/librairie7l.com\/en\/#\/schema\/logo\/image\/"}}]}},"_links":{"self":[{"href":"https:\/\/librairie7l.com\/en\/wp-json\/wp\/v2\/product\/33535"}],"collection":[{"href":"https:\/\/librairie7l.com\/en\/wp-json\/wp\/v2\/product"}],"about":[{"href":"https:\/\/librairie7l.com\/en\/wp-json\/wp\/v2\/types\/product"}],"wp:featuredmedia":[{"embeddable":true,"href":"https:\/\/librairie7l.com\/en\/wp-json\/wp\/v2\/media\/34821"}],"wp:attachment":[{"href":"https:\/\/librairie7l.com\/en\/wp-json\/wp\/v2\/media?parent=33535"}],"wp:term":[{"taxonomy":"product_cat","embeddable":true,"href":"https:\/\/librairie7l.com\/en\/wp-json\/wp\/v2\/product_cat?post=33535"},{"taxonomy":"product_tag","embeddable":true,"href":"https:\/\/librairie7l.com\/en\/wp-json\/wp\/v2\/product_tag?post=33535"}],"curies":[{"name":"wp","href":"https:\/\/api.w.org\/{rel}","templated":true}]}}