{"id":33551,"date":"2023-09-19T11:21:43","date_gmt":"2023-09-19T09:21:43","guid":{"rendered":"https:\/\/librairie7l.com\/?post_type=product&#038;p=33551"},"modified":"2026-04-21T14:05:59","modified_gmt":"2026-04-21T12:05:59","slug":"biarritz-paradiso-en-pensant-a-jacques-henri-lartigue","status":"publish","type":"product","link":"https:\/\/librairie7l.com\/en\/produit\/biarritz-paradiso-en-pensant-a-jacques-henri-lartigue\/","title":{"rendered":"BIARRITZ PARADISO : EN PENSANT \u00c0 JACQUES-HENRI LARTIGUE"},"content":{"rendered":"<p>Biarritz n&#8217;est pas qu&#8217;une station baln\u00e9aire, c&#8217;est un th\u00e9\u00e2tre ouvert sur le monde sauvage, un cin\u00e9ma d&#8217;apocalypse en m\u00eame temps qu&#8217;une terre d&#8217;\u00e9lection pour les \u00e9piphanies. Un paradis paradoxal, en somme, qui porte sa propre nostalgie tout en donnant acc\u00e8s au fameux \u00absentiment oc\u00e9anique\u00bb cher \u00e0 Freud, c&#8217;est-\u00e0-dire \u00e0 une promesse m\u00e9taphysique.<\/p>\n<p> Claude Nori s&#8217;y est install\u00e9 en 1999 pour y \u00eatre heureux et en faire son territoire r\u00eav\u00e9 qu&#8217;il photographie, doubl\u00e9 d&#8217;une nostalgie cr\u00e9ative. La dolce vita italienne qu&#8217;il a maintes fois mise en avant dans ses livres se manifeste quelquefois sur les plages bordant l&#8217;oc\u00e9an comme un mirage \u00e9tincelant. Biarritz devient alors Paradiso.<\/p>\n<p> Mais c&#8217;est Jacques-Henri Lartigue qui a inspir\u00e9 la plupart de ses images.<\/p>\n<p> L&#8217;\u00e9t\u00e9, il se baignait tous les jours sur la plage du Port-Vieux. Un si\u00e8cle plus tard, Nori perp\u00e9tue la tradition, de m\u00eame qu&#8217;il traque l&#8217;ombre de son a\u00een\u00e9 dans ses propres images, marchant sur ses traces, entre l&#8217;H\u00f4tel du Palais et le Rocher de la Vierge, photographiant les petits miracles qui survivent \u00e0 l&#8217;\u00e9preuve du temps. Des gestes, des reliques. Un fragment d&#8217;\u00e9ternit\u00e9 fix\u00e9 dans un sourire adolescent, la complicit\u00e9 d&#8217;Isabelle, la femme aim\u00e9e ou la voussure d&#8217;un homme contemplant les vagues. <\/p>\n<p> Les deux ont finalement port\u00e9 la photographie \u00e0 son plus haut degr\u00e9 de d\u00e9licatesse et d&#8217;incandescence, archivant les joies simples de l&#8217;enfance, les acc\u00e9l\u00e9rations du pr\u00e9sent, la griserie des bains de mer et la folle beaut\u00e9 des instants vuln\u00e9rables. <\/p>\n<p> Pour Claude Nori, la vocation de capter la vie au pr\u00e9sent est moins un t\u00e9moignage d&#8217;insouciance qu&#8217;une fa\u00e7on \u00e9l\u00e9gante et polie d&#8217;enregistrer la disparition en cours.<\/p>\n<p> Erwan Desplanques se joint au livre afin de c\u00e9l\u00e9brer les deux artistes tout en \u00e9voquant ses jeunes ann\u00e9es \u00e0 Biarritz o\u00f9 il d\u00e9couvrit son m\u00e9tier de journaliste et sa vocation d&#8217;\u00e9crivain. N\u00e9 en 1980, il a publi\u00e9 trois livres aux \u00e9ditions de L&#8217;Olivier, dont L&#8217;Am\u00e9rique derri\u00e8re moi, prix R\u00e9camier 2019. Il est \u00e9galement commissaire d&#8217;exposition et critique litt\u00e9raire \u00e0 Sud-Ouest.<\/p>\n<p> Claude Nori photographe, \u00e9crivain \u00e0 ses heures et quelques fois cin\u00e9aste a invent\u00e9 la Photobiographie et ne cesse de surfer sur les vagues de son existence \u00e0 la recherche d&#8217;\u00e9piphanies li\u00e9es \u00e0 l&#8217;enfance, aux amours baln\u00e9aires, aux flirts d&#8217;un \u00e9t\u00e9 italien dont plusieurs de ses livres se font l&#8217;\u00e9cho. En 2011, il avait d\u00e9j\u00e0 publi\u00e9 Jours heureux au Pays basque aujourd&#8217;hui introuvable.<\/p>\n<p> \u00c0 travers ses nombreux albums, Jacques Henri Lartigue (1986-1894) relata avec des images d&#8217;une grande libert\u00e9 formelle et des textes vifs et po\u00e9tiques sa vie familiale, la soci\u00e9t\u00e9 mondaine de la Belle \u00c9poque, les premiers temps de l&#8217;aviation et l&#8217;ambiance sensuelle des lieux de vill\u00e9giature o\u00f9 il s\u00e9journait les beaux jours.<\/p>\n<p> Biarritz Paradiso est \u00e9galement le titre d&#8217;une exposition organis\u00e9e \u00e0 la galerie Arr\u00eat sur l&#8217;image, \u00e0 Bordeaux, en septembre 2023.<\/p>\n","protected":false},"excerpt":{"rendered":"<p>Biarritz n&#8217;est pas qu&#8217;une station baln\u00e9aire, c&#8217;est un th\u00e9\u00e2tre ouvert sur le monde sauvage, un cin\u00e9ma d&#8217;apocalypse en m\u00eame temps qu&#8217;une terre d&#8217;\u00e9lection pour les \u00e9piphanies. Un paradis paradoxal, en somme, qui porte sa propre nostalgie tout en donnant acc\u00e8s au fameux \u00absentiment oc\u00e9anique\u00bb cher \u00e0 Freud, c&#8217;est-\u00e0-dire \u00e0 une promesse m\u00e9taphysique. Claude Nori s&#8217;y [&hellip;]<\/p>\n","protected":false},"featured_media":33549,"template":"","meta":[],"product_cat":[2948,2958],"product_tag":[],"acf":[],"yoast_head":"<!-- This site is optimized with the Yoast SEO plugin v20.11 - https:\/\/yoast.com\/wordpress\/plugins\/seo\/ -->\n<title>BIARRITZ PARADISO : EN PENSANT \u00c0 JACQUES-HENRI LARTIGUE - Librairie 7L<\/title>\n<meta name=\"robots\" content=\"index, follow, max-snippet:-1, max-image-preview:large, max-video-preview:-1\" \/>\n<link rel=\"canonical\" href=\"https:\/\/librairie7l.com\/en\/produit\/biarritz-paradiso-en-pensant-a-jacques-henri-lartigue\/\" \/>\n<meta property=\"og:locale\" content=\"en_US\" \/>\n<meta property=\"og:type\" content=\"article\" \/>\n<meta property=\"og:title\" content=\"BIARRITZ PARADISO : EN PENSANT \u00c0 JACQUES-HENRI LARTIGUE - Librairie 7L\" \/>\n<meta property=\"og:description\" content=\"Biarritz n&#8217;est pas qu&#8217;une station baln\u00e9aire, c&#8217;est un th\u00e9\u00e2tre ouvert sur le monde sauvage, un cin\u00e9ma d&#8217;apocalypse en m\u00eame temps qu&#8217;une terre d&#8217;\u00e9lection pour les \u00e9piphanies. Un paradis paradoxal, en somme, qui porte sa propre nostalgie tout en donnant acc\u00e8s au fameux \u00absentiment oc\u00e9anique\u00bb cher \u00e0 Freud, c&#8217;est-\u00e0-dire \u00e0 une promesse m\u00e9taphysique. Claude Nori s&#8217;y [&hellip;]\" \/>\n<meta property=\"og:url\" content=\"https:\/\/librairie7l.com\/en\/produit\/biarritz-paradiso-en-pensant-a-jacques-henri-lartigue\/\" \/>\n<meta property=\"og:site_name\" content=\"Librairie 7L\" \/>\n<meta property=\"article:modified_time\" content=\"2026-04-21T12:05:59+00:00\" \/>\n<meta property=\"og:image\" content=\"https:\/\/librairie7l.com\/wp-content\/uploads\/2023\/05\/9791090294585_1_75.jpg\" \/>\n\t<meta property=\"og:image:width\" content=\"461\" \/>\n\t<meta property=\"og:image:height\" content=\"600\" \/>\n\t<meta property=\"og:image:type\" content=\"image\/jpeg\" \/>\n<meta name=\"twitter:card\" content=\"summary_large_image\" \/>\n<meta name=\"twitter:label1\" content=\"Est. reading time\" \/>\n\t<meta name=\"twitter:data1\" content=\"2 minutes\" \/>\n<script type=\"application\/ld+json\" class=\"yoast-schema-graph\">{\"@context\":\"https:\/\/schema.org\",\"@graph\":[{\"@type\":\"WebPage\",\"@id\":\"https:\/\/librairie7l.com\/en\/produit\/biarritz-paradiso-en-pensant-a-jacques-henri-lartigue\/\",\"url\":\"https:\/\/librairie7l.com\/en\/produit\/biarritz-paradiso-en-pensant-a-jacques-henri-lartigue\/\",\"name\":\"BIARRITZ PARADISO : EN PENSANT \u00c0 JACQUES-HENRI LARTIGUE - Librairie 7L\",\"isPartOf\":{\"@id\":\"https:\/\/librairie7l.com\/en\/#website\"},\"datePublished\":\"2023-09-19T09:21:43+00:00\",\"dateModified\":\"2026-04-21T12:05:59+00:00\",\"breadcrumb\":{\"@id\":\"https:\/\/librairie7l.com\/en\/produit\/biarritz-paradiso-en-pensant-a-jacques-henri-lartigue\/#breadcrumb\"},\"inLanguage\":\"en-US\",\"potentialAction\":[{\"@type\":\"ReadAction\",\"target\":[\"https:\/\/librairie7l.com\/en\/produit\/biarritz-paradiso-en-pensant-a-jacques-henri-lartigue\/\"]}]},{\"@type\":\"BreadcrumbList\",\"@id\":\"https:\/\/librairie7l.com\/en\/produit\/biarritz-paradiso-en-pensant-a-jacques-henri-lartigue\/#breadcrumb\",\"itemListElement\":[{\"@type\":\"ListItem\",\"position\":1,\"name\":\"Accueil\",\"item\":\"https:\/\/librairie7l.com\/en\/\"},{\"@type\":\"ListItem\",\"position\":2,\"name\":\"Shop\",\"item\":\"https:\/\/librairie7l.com\/en\/shop\/\"},{\"@type\":\"ListItem\",\"position\":3,\"name\":\"BIARRITZ PARADISO : EN PENSANT \u00c0 JACQUES-HENRI LARTIGUE\"}]},{\"@type\":\"WebSite\",\"@id\":\"https:\/\/librairie7l.com\/en\/#website\",\"url\":\"https:\/\/librairie7l.com\/en\/\",\"name\":\"Librairie 7L\",\"description\":\"Librairie fond\u00e9e en 1999 par Karl Lagerfeld \u00e0 Paris\",\"publisher\":{\"@id\":\"https:\/\/librairie7l.com\/en\/#organization\"},\"potentialAction\":[{\"@type\":\"SearchAction\",\"target\":{\"@type\":\"EntryPoint\",\"urlTemplate\":\"https:\/\/librairie7l.com\/en\/?s={search_term_string}\"},\"query-input\":\"required name=search_term_string\"}],\"inLanguage\":\"en-US\"},{\"@type\":\"Organization\",\"@id\":\"https:\/\/librairie7l.com\/en\/#organization\",\"name\":\"Librairie 7L\",\"url\":\"https:\/\/librairie7l.com\/en\/\",\"logo\":{\"@type\":\"ImageObject\",\"inLanguage\":\"en-US\",\"@id\":\"https:\/\/librairie7l.com\/en\/#\/schema\/logo\/image\/\",\"url\":\"https:\/\/librairie7l.com\/wp-content\/uploads\/2022\/08\/logo-1.png\",\"contentUrl\":\"https:\/\/librairie7l.com\/wp-content\/uploads\/2022\/08\/logo-1.png\",\"width\":227,\"height\":301,\"caption\":\"Librairie 7L\"},\"image\":{\"@id\":\"https:\/\/librairie7l.com\/en\/#\/schema\/logo\/image\/\"}}]}<\/script>\n<!-- \/ Yoast SEO plugin. -->","yoast_head_json":{"title":"BIARRITZ PARADISO : EN PENSANT \u00c0 JACQUES-HENRI LARTIGUE - Librairie 7L","robots":{"index":"index","follow":"follow","max-snippet":"max-snippet:-1","max-image-preview":"max-image-preview:large","max-video-preview":"max-video-preview:-1"},"canonical":"https:\/\/librairie7l.com\/en\/produit\/biarritz-paradiso-en-pensant-a-jacques-henri-lartigue\/","og_locale":"en_US","og_type":"article","og_title":"BIARRITZ PARADISO : EN PENSANT \u00c0 JACQUES-HENRI LARTIGUE - Librairie 7L","og_description":"Biarritz n&#8217;est pas qu&#8217;une station baln\u00e9aire, c&#8217;est un th\u00e9\u00e2tre ouvert sur le monde sauvage, un cin\u00e9ma d&#8217;apocalypse en m\u00eame temps qu&#8217;une terre d&#8217;\u00e9lection pour les \u00e9piphanies. Un paradis paradoxal, en somme, qui porte sa propre nostalgie tout en donnant acc\u00e8s au fameux \u00absentiment oc\u00e9anique\u00bb cher \u00e0 Freud, c&#8217;est-\u00e0-dire \u00e0 une promesse m\u00e9taphysique. Claude Nori s&#8217;y [&hellip;]","og_url":"https:\/\/librairie7l.com\/en\/produit\/biarritz-paradiso-en-pensant-a-jacques-henri-lartigue\/","og_site_name":"Librairie 7L","article_modified_time":"2026-04-21T12:05:59+00:00","og_image":[{"width":461,"height":600,"url":"https:\/\/librairie7l.com\/wp-content\/uploads\/2023\/05\/9791090294585_1_75.jpg","type":"image\/jpeg"}],"twitter_card":"summary_large_image","twitter_misc":{"Est. reading time":"2 minutes"},"schema":{"@context":"https:\/\/schema.org","@graph":[{"@type":"WebPage","@id":"https:\/\/librairie7l.com\/en\/produit\/biarritz-paradiso-en-pensant-a-jacques-henri-lartigue\/","url":"https:\/\/librairie7l.com\/en\/produit\/biarritz-paradiso-en-pensant-a-jacques-henri-lartigue\/","name":"BIARRITZ PARADISO : EN PENSANT \u00c0 JACQUES-HENRI LARTIGUE - Librairie 7L","isPartOf":{"@id":"https:\/\/librairie7l.com\/en\/#website"},"datePublished":"2023-09-19T09:21:43+00:00","dateModified":"2026-04-21T12:05:59+00:00","breadcrumb":{"@id":"https:\/\/librairie7l.com\/en\/produit\/biarritz-paradiso-en-pensant-a-jacques-henri-lartigue\/#breadcrumb"},"inLanguage":"en-US","potentialAction":[{"@type":"ReadAction","target":["https:\/\/librairie7l.com\/en\/produit\/biarritz-paradiso-en-pensant-a-jacques-henri-lartigue\/"]}]},{"@type":"BreadcrumbList","@id":"https:\/\/librairie7l.com\/en\/produit\/biarritz-paradiso-en-pensant-a-jacques-henri-lartigue\/#breadcrumb","itemListElement":[{"@type":"ListItem","position":1,"name":"Accueil","item":"https:\/\/librairie7l.com\/en\/"},{"@type":"ListItem","position":2,"name":"Shop","item":"https:\/\/librairie7l.com\/en\/shop\/"},{"@type":"ListItem","position":3,"name":"BIARRITZ PARADISO : EN PENSANT \u00c0 JACQUES-HENRI LARTIGUE"}]},{"@type":"WebSite","@id":"https:\/\/librairie7l.com\/en\/#website","url":"https:\/\/librairie7l.com\/en\/","name":"Librairie 7L","description":"Librairie fond\u00e9e en 1999 par Karl Lagerfeld \u00e0 Paris","publisher":{"@id":"https:\/\/librairie7l.com\/en\/#organization"},"potentialAction":[{"@type":"SearchAction","target":{"@type":"EntryPoint","urlTemplate":"https:\/\/librairie7l.com\/en\/?s={search_term_string}"},"query-input":"required name=search_term_string"}],"inLanguage":"en-US"},{"@type":"Organization","@id":"https:\/\/librairie7l.com\/en\/#organization","name":"Librairie 7L","url":"https:\/\/librairie7l.com\/en\/","logo":{"@type":"ImageObject","inLanguage":"en-US","@id":"https:\/\/librairie7l.com\/en\/#\/schema\/logo\/image\/","url":"https:\/\/librairie7l.com\/wp-content\/uploads\/2022\/08\/logo-1.png","contentUrl":"https:\/\/librairie7l.com\/wp-content\/uploads\/2022\/08\/logo-1.png","width":227,"height":301,"caption":"Librairie 7L"},"image":{"@id":"https:\/\/librairie7l.com\/en\/#\/schema\/logo\/image\/"}}]}},"_links":{"self":[{"href":"https:\/\/librairie7l.com\/en\/wp-json\/wp\/v2\/product\/33551"}],"collection":[{"href":"https:\/\/librairie7l.com\/en\/wp-json\/wp\/v2\/product"}],"about":[{"href":"https:\/\/librairie7l.com\/en\/wp-json\/wp\/v2\/types\/product"}],"wp:featuredmedia":[{"embeddable":true,"href":"https:\/\/librairie7l.com\/en\/wp-json\/wp\/v2\/media\/33549"}],"wp:attachment":[{"href":"https:\/\/librairie7l.com\/en\/wp-json\/wp\/v2\/media?parent=33551"}],"wp:term":[{"taxonomy":"product_cat","embeddable":true,"href":"https:\/\/librairie7l.com\/en\/wp-json\/wp\/v2\/product_cat?post=33551"},{"taxonomy":"product_tag","embeddable":true,"href":"https:\/\/librairie7l.com\/en\/wp-json\/wp\/v2\/product_tag?post=33551"}],"curies":[{"name":"wp","href":"https:\/\/api.w.org\/{rel}","templated":true}]}}