{"id":33555,"date":"2023-09-19T11:21:46","date_gmt":"2023-09-19T09:21:46","guid":{"rendered":"https:\/\/librairie7l.com\/?post_type=product&#038;p=33555"},"modified":"2026-04-10T12:47:28","modified_gmt":"2026-04-10T10:47:28","slug":"chefs-doeuvre-art-deco-musee-des-annees-30","status":"publish","type":"product","link":"https:\/\/librairie7l.com\/en\/produit\/chefs-doeuvre-art-deco-musee-des-annees-30\/","title":{"rendered":"CHEFS D&#8217;OEUVRE ART D\u00c9CO : MUS\u00c9E DES ANN\u00c9ES 30"},"content":{"rendered":"<p>Tandis que l&#8217;Art d\u00e9co, admir\u00e9 de tous \u00e0 l&#8217;Exposition internationale des arts d\u00e9coratifs de 1925, continue \u00e0 se diffuser, jusqu&#8217;\u00e0 la fin des ann\u00e9es 30, conjointement aux mouvements modernistes et cubistes dans les arts d\u00e9coratifs, les Beaux-Arts et l&#8217;architecture, de nombreux peintres de l&#8217;entre-deux guerres tels que Boutet de Montvel, Courm\u00e8s, La Pateli\u00e8re, Souverbie ou Despiau s&#8217;attachent \u00e0 redonner au r\u00e9alisme un nouveau visage, en phase avec son temps. La ville de Boulogne-Billancourt est au coeur de cette cr\u00e9ativit\u00e9 bouillonnante. Attir\u00e9s par des terrains aux prix abordables, de grands industriels comme Renault et Dassault, les Studios de Boulogne pour le cin\u00e9ma et des artistes tels que Paul Landowski, Marc Chagall ou Juan Gris s&#8217;installent dans cette ville naissante. Les \u00ab Dimanches de Boulogne \u00bb de Daniel-Henry Kahnweiler, en r\u00e9unissant de nombreux artistes cubistes, participe \u00e0 faire de la ville un centre culturel de premier plan. T\u00e9moin privil\u00e9gi\u00e9 de cette \u00e9poque foisonnante, le mus\u00e9e des ann\u00e9es 30 conserve dans ses collections plusieurs centaines de chefs-d&#8217;oeuvre, dans des domaines aussi vari\u00e9s que la peinture, la sculpture, avec les fr\u00e8res Martel, Jouve, Janniot ou Bernard, les arts d\u00e9coratifs, avec des ensembles exceptionnels de Ruhlmann, Leleu, Follot, Sue et Mare, Printz, Herbst, Sognot, Mallet-Stevens, les arts graphiques ou l&#8217;architecture. \u00c0 rebours d&#8217;une modernit\u00e9 trop longtemps cantonn\u00e9e au cubisme, \u00e0 l&#8217;abstraction et \u00e0 l&#8217;art conceptuel, il offre un regard singulier sur cette p\u00e9riode encore m\u00e9connue.<\/p>\n","protected":false},"excerpt":{"rendered":"<p>Tandis que l&#8217;Art d\u00e9co, admir\u00e9 de tous \u00e0 l&#8217;Exposition internationale des arts d\u00e9coratifs de 1925, continue \u00e0 se diffuser, jusqu&#8217;\u00e0 la fin des ann\u00e9es 30, conjointement aux mouvements modernistes et cubistes dans les arts d\u00e9coratifs, les Beaux-Arts et l&#8217;architecture, de nombreux peintres de l&#8217;entre-deux guerres tels que Boutet de Montvel, Courm\u00e8s, La Pateli\u00e8re, Souverbie ou [&hellip;]<\/p>\n","protected":false},"featured_media":33554,"template":"","meta":[],"product_cat":[2948,2952],"product_tag":[],"acf":[],"yoast_head":"<!-- This site is optimized with the Yoast SEO plugin v20.11 - https:\/\/yoast.com\/wordpress\/plugins\/seo\/ -->\n<title>CHEFS D&#039;OEUVRE ART D\u00c9CO : MUS\u00c9E DES ANN\u00c9ES 30 - Librairie 7L<\/title>\n<meta name=\"robots\" content=\"index, follow, max-snippet:-1, max-image-preview:large, max-video-preview:-1\" \/>\n<link rel=\"canonical\" href=\"https:\/\/librairie7l.com\/en\/produit\/chefs-doeuvre-art-deco-musee-des-annees-30\/\" \/>\n<meta property=\"og:locale\" content=\"en_US\" \/>\n<meta property=\"og:type\" content=\"article\" \/>\n<meta property=\"og:title\" content=\"CHEFS D&#039;OEUVRE ART D\u00c9CO : MUS\u00c9E DES ANN\u00c9ES 30 - Librairie 7L\" \/>\n<meta property=\"og:description\" content=\"Tandis que l&#8217;Art d\u00e9co, admir\u00e9 de tous \u00e0 l&#8217;Exposition internationale des arts d\u00e9coratifs de 1925, continue \u00e0 se diffuser, jusqu&#8217;\u00e0 la fin des ann\u00e9es 30, conjointement aux mouvements modernistes et cubistes dans les arts d\u00e9coratifs, les Beaux-Arts et l&#8217;architecture, de nombreux peintres de l&#8217;entre-deux guerres tels que Boutet de Montvel, Courm\u00e8s, La Pateli\u00e8re, Souverbie ou [&hellip;]\" \/>\n<meta property=\"og:url\" content=\"https:\/\/librairie7l.com\/en\/produit\/chefs-doeuvre-art-deco-musee-des-annees-30\/\" \/>\n<meta property=\"og:site_name\" content=\"Librairie 7L\" \/>\n<meta property=\"article:modified_time\" content=\"2026-04-10T10:47:28+00:00\" \/>\n<meta property=\"og:image\" content=\"https:\/\/librairie7l.com\/wp-content\/uploads\/2022\/10\/9782376660736_1_75.jpg\" \/>\n\t<meta property=\"og:image:width\" content=\"400\" \/>\n\t<meta property=\"og:image:height\" content=\"507\" \/>\n\t<meta property=\"og:image:type\" content=\"image\/jpeg\" \/>\n<meta name=\"twitter:card\" content=\"summary_large_image\" \/>\n<meta name=\"twitter:label1\" content=\"Est. reading time\" \/>\n\t<meta name=\"twitter:data1\" content=\"1 minute\" \/>\n<script type=\"application\/ld+json\" class=\"yoast-schema-graph\">{\"@context\":\"https:\/\/schema.org\",\"@graph\":[{\"@type\":\"WebPage\",\"@id\":\"https:\/\/librairie7l.com\/en\/produit\/chefs-doeuvre-art-deco-musee-des-annees-30\/\",\"url\":\"https:\/\/librairie7l.com\/en\/produit\/chefs-doeuvre-art-deco-musee-des-annees-30\/\",\"name\":\"CHEFS D'OEUVRE ART D\u00c9CO : MUS\u00c9E DES ANN\u00c9ES 30 - Librairie 7L\",\"isPartOf\":{\"@id\":\"https:\/\/librairie7l.com\/en\/#website\"},\"datePublished\":\"2023-09-19T09:21:46+00:00\",\"dateModified\":\"2026-04-10T10:47:28+00:00\",\"breadcrumb\":{\"@id\":\"https:\/\/librairie7l.com\/en\/produit\/chefs-doeuvre-art-deco-musee-des-annees-30\/#breadcrumb\"},\"inLanguage\":\"en-US\",\"potentialAction\":[{\"@type\":\"ReadAction\",\"target\":[\"https:\/\/librairie7l.com\/en\/produit\/chefs-doeuvre-art-deco-musee-des-annees-30\/\"]}]},{\"@type\":\"BreadcrumbList\",\"@id\":\"https:\/\/librairie7l.com\/en\/produit\/chefs-doeuvre-art-deco-musee-des-annees-30\/#breadcrumb\",\"itemListElement\":[{\"@type\":\"ListItem\",\"position\":1,\"name\":\"Accueil\",\"item\":\"https:\/\/librairie7l.com\/en\/\"},{\"@type\":\"ListItem\",\"position\":2,\"name\":\"Shop\",\"item\":\"https:\/\/librairie7l.com\/en\/shop\/\"},{\"@type\":\"ListItem\",\"position\":3,\"name\":\"CHEFS D&#8217;OEUVRE ART D\u00c9CO : MUS\u00c9E DES ANN\u00c9ES 30\"}]},{\"@type\":\"WebSite\",\"@id\":\"https:\/\/librairie7l.com\/en\/#website\",\"url\":\"https:\/\/librairie7l.com\/en\/\",\"name\":\"Librairie 7L\",\"description\":\"Librairie fond\u00e9e en 1999 par Karl Lagerfeld \u00e0 Paris\",\"publisher\":{\"@id\":\"https:\/\/librairie7l.com\/en\/#organization\"},\"potentialAction\":[{\"@type\":\"SearchAction\",\"target\":{\"@type\":\"EntryPoint\",\"urlTemplate\":\"https:\/\/librairie7l.com\/en\/?s={search_term_string}\"},\"query-input\":\"required name=search_term_string\"}],\"inLanguage\":\"en-US\"},{\"@type\":\"Organization\",\"@id\":\"https:\/\/librairie7l.com\/en\/#organization\",\"name\":\"Librairie 7L\",\"url\":\"https:\/\/librairie7l.com\/en\/\",\"logo\":{\"@type\":\"ImageObject\",\"inLanguage\":\"en-US\",\"@id\":\"https:\/\/librairie7l.com\/en\/#\/schema\/logo\/image\/\",\"url\":\"https:\/\/librairie7l.com\/wp-content\/uploads\/2022\/08\/logo-1.png\",\"contentUrl\":\"https:\/\/librairie7l.com\/wp-content\/uploads\/2022\/08\/logo-1.png\",\"width\":227,\"height\":301,\"caption\":\"Librairie 7L\"},\"image\":{\"@id\":\"https:\/\/librairie7l.com\/en\/#\/schema\/logo\/image\/\"}}]}<\/script>\n<!-- \/ Yoast SEO plugin. -->","yoast_head_json":{"title":"CHEFS D'OEUVRE ART D\u00c9CO : MUS\u00c9E DES ANN\u00c9ES 30 - Librairie 7L","robots":{"index":"index","follow":"follow","max-snippet":"max-snippet:-1","max-image-preview":"max-image-preview:large","max-video-preview":"max-video-preview:-1"},"canonical":"https:\/\/librairie7l.com\/en\/produit\/chefs-doeuvre-art-deco-musee-des-annees-30\/","og_locale":"en_US","og_type":"article","og_title":"CHEFS D'OEUVRE ART D\u00c9CO : MUS\u00c9E DES ANN\u00c9ES 30 - Librairie 7L","og_description":"Tandis que l&#8217;Art d\u00e9co, admir\u00e9 de tous \u00e0 l&#8217;Exposition internationale des arts d\u00e9coratifs de 1925, continue \u00e0 se diffuser, jusqu&#8217;\u00e0 la fin des ann\u00e9es 30, conjointement aux mouvements modernistes et cubistes dans les arts d\u00e9coratifs, les Beaux-Arts et l&#8217;architecture, de nombreux peintres de l&#8217;entre-deux guerres tels que Boutet de Montvel, Courm\u00e8s, La Pateli\u00e8re, Souverbie ou [&hellip;]","og_url":"https:\/\/librairie7l.com\/en\/produit\/chefs-doeuvre-art-deco-musee-des-annees-30\/","og_site_name":"Librairie 7L","article_modified_time":"2026-04-10T10:47:28+00:00","og_image":[{"width":400,"height":507,"url":"https:\/\/librairie7l.com\/wp-content\/uploads\/2022\/10\/9782376660736_1_75.jpg","type":"image\/jpeg"}],"twitter_card":"summary_large_image","twitter_misc":{"Est. reading time":"1 minute"},"schema":{"@context":"https:\/\/schema.org","@graph":[{"@type":"WebPage","@id":"https:\/\/librairie7l.com\/en\/produit\/chefs-doeuvre-art-deco-musee-des-annees-30\/","url":"https:\/\/librairie7l.com\/en\/produit\/chefs-doeuvre-art-deco-musee-des-annees-30\/","name":"CHEFS D'OEUVRE ART D\u00c9CO : MUS\u00c9E DES ANN\u00c9ES 30 - Librairie 7L","isPartOf":{"@id":"https:\/\/librairie7l.com\/en\/#website"},"datePublished":"2023-09-19T09:21:46+00:00","dateModified":"2026-04-10T10:47:28+00:00","breadcrumb":{"@id":"https:\/\/librairie7l.com\/en\/produit\/chefs-doeuvre-art-deco-musee-des-annees-30\/#breadcrumb"},"inLanguage":"en-US","potentialAction":[{"@type":"ReadAction","target":["https:\/\/librairie7l.com\/en\/produit\/chefs-doeuvre-art-deco-musee-des-annees-30\/"]}]},{"@type":"BreadcrumbList","@id":"https:\/\/librairie7l.com\/en\/produit\/chefs-doeuvre-art-deco-musee-des-annees-30\/#breadcrumb","itemListElement":[{"@type":"ListItem","position":1,"name":"Accueil","item":"https:\/\/librairie7l.com\/en\/"},{"@type":"ListItem","position":2,"name":"Shop","item":"https:\/\/librairie7l.com\/en\/shop\/"},{"@type":"ListItem","position":3,"name":"CHEFS D&#8217;OEUVRE ART D\u00c9CO : MUS\u00c9E DES ANN\u00c9ES 30"}]},{"@type":"WebSite","@id":"https:\/\/librairie7l.com\/en\/#website","url":"https:\/\/librairie7l.com\/en\/","name":"Librairie 7L","description":"Librairie fond\u00e9e en 1999 par Karl Lagerfeld \u00e0 Paris","publisher":{"@id":"https:\/\/librairie7l.com\/en\/#organization"},"potentialAction":[{"@type":"SearchAction","target":{"@type":"EntryPoint","urlTemplate":"https:\/\/librairie7l.com\/en\/?s={search_term_string}"},"query-input":"required name=search_term_string"}],"inLanguage":"en-US"},{"@type":"Organization","@id":"https:\/\/librairie7l.com\/en\/#organization","name":"Librairie 7L","url":"https:\/\/librairie7l.com\/en\/","logo":{"@type":"ImageObject","inLanguage":"en-US","@id":"https:\/\/librairie7l.com\/en\/#\/schema\/logo\/image\/","url":"https:\/\/librairie7l.com\/wp-content\/uploads\/2022\/08\/logo-1.png","contentUrl":"https:\/\/librairie7l.com\/wp-content\/uploads\/2022\/08\/logo-1.png","width":227,"height":301,"caption":"Librairie 7L"},"image":{"@id":"https:\/\/librairie7l.com\/en\/#\/schema\/logo\/image\/"}}]}},"_links":{"self":[{"href":"https:\/\/librairie7l.com\/en\/wp-json\/wp\/v2\/product\/33555"}],"collection":[{"href":"https:\/\/librairie7l.com\/en\/wp-json\/wp\/v2\/product"}],"about":[{"href":"https:\/\/librairie7l.com\/en\/wp-json\/wp\/v2\/types\/product"}],"wp:featuredmedia":[{"embeddable":true,"href":"https:\/\/librairie7l.com\/en\/wp-json\/wp\/v2\/media\/33554"}],"wp:attachment":[{"href":"https:\/\/librairie7l.com\/en\/wp-json\/wp\/v2\/media?parent=33555"}],"wp:term":[{"taxonomy":"product_cat","embeddable":true,"href":"https:\/\/librairie7l.com\/en\/wp-json\/wp\/v2\/product_cat?post=33555"},{"taxonomy":"product_tag","embeddable":true,"href":"https:\/\/librairie7l.com\/en\/wp-json\/wp\/v2\/product_tag?post=33555"}],"curies":[{"name":"wp","href":"https:\/\/api.w.org\/{rel}","templated":true}]}}