{"id":33565,"date":"2023-09-19T11:21:58","date_gmt":"2023-09-19T09:21:58","guid":{"rendered":"https:\/\/librairie7l.com\/?post_type=product&#038;p=33565"},"modified":"2026-04-18T20:15:46","modified_gmt":"2026-04-18T18:15:46","slug":"jacques-leonard","status":"publish","type":"product","link":"https:\/\/librairie7l.com\/en\/produit\/jacques-leonard\/","title":{"rendered":"JACQUES L\u00c9ONARD"},"content":{"rendered":"<p>Catalogue de l&#8217;exposition \u00ab Jacques L\u00e9onard &#8211; L&#8217;esprit nomade \u00bb 27 mai &#8211; 1er octobre 2023 Commissariat : Daniel Rouvier, mus\u00e9e R\u00e9attu ; Maria Planas, Fundaci\u00f3n Photographic Social Vision, Barcelone Le mus\u00e9e R\u00e9attu, premier mus\u00e9e des Beaux-Arts en France \u00e0 avoir cr\u00e9\u00e9 un d\u00e9partement photographique en 1965 \u00e0 l&#8217;initiative du photographe arl\u00e9sien Lucien Clergue et du conservateur Jean-Maurice Rouquette, expose, en partenariat avec la Fundaci\u00f3n Photographic Social Vision, le travail peu connu en France de Jacques L\u00e9onard, avec une s\u00e9lection de plus de 150 photographies.<br \/>\nSes 90 photographies pr\u00e9sent\u00e9es dans le catalogue, d&#8217;une veine tr\u00e8s humaniste, rendent compte de la vie citadine : rues, march\u00e9s, f\u00eates, parcs d&#8217;attractions, sport, foires, port et front de mer marqu\u00e9 par le d\u00e9veloppement du tourisme&#8230;<br \/>\nSon mariage avec Rosario Amaya, gitane du quartier de Montju\u00efc, lui ouvre les portes de sa communaut\u00e9. Portant sur elle le regard d&#8217;un membre de la famille, ses images constituent l&#8217;une des collections les plus importantes sur la culture gitane.<br \/>\nL&#8217;exposition mettra aussi en lumi\u00e8re deux s\u00e9ries exceptionnelles : \u00c9vad\u00e9s, de 1943, reportage sur le passage par l&#8217;Espagne de Fran\u00e7ais fuyant le fascisme pour embarquer vers l&#8217;Afrique ; La Divisi\u00f3n Azul, de 1954, qui t\u00e9moigne du retour en Espagne, des survivants de la Divisi\u00f3n Azul, 45 000 hommes envoy\u00e9s par Franco en soutien \u00e0 l&#8217;arm\u00e9e nazie dans l&#8217;invasion de la Russie.<\/p>\n","protected":false},"excerpt":{"rendered":"<p>Catalogue de l&#8217;exposition \u00ab Jacques L\u00e9onard &#8211; L&#8217;esprit nomade \u00bb 27 mai &#8211; 1er octobre 2023 Commissariat : Daniel Rouvier, mus\u00e9e R\u00e9attu ; Maria Planas, Fundaci\u00f3n Photographic Social Vision, Barcelone Le mus\u00e9e R\u00e9attu, premier mus\u00e9e des Beaux-Arts en France \u00e0 avoir cr\u00e9\u00e9 un d\u00e9partement photographique en 1965 \u00e0 l&#8217;initiative du photographe arl\u00e9sien Lucien Clergue et [&hellip;]<\/p>\n","protected":false},"featured_media":0,"template":"","meta":[],"product_cat":[2948,2958],"product_tag":[],"acf":[],"yoast_head":"<!-- This site is optimized with the Yoast SEO plugin v20.11 - https:\/\/yoast.com\/wordpress\/plugins\/seo\/ -->\n<title>JACQUES L\u00c9ONARD - Librairie 7L<\/title>\n<meta name=\"robots\" content=\"index, follow, max-snippet:-1, max-image-preview:large, max-video-preview:-1\" \/>\n<link rel=\"canonical\" href=\"https:\/\/librairie7l.com\/en\/produit\/jacques-leonard\/\" \/>\n<meta property=\"og:locale\" content=\"en_US\" \/>\n<meta property=\"og:type\" content=\"article\" \/>\n<meta property=\"og:title\" content=\"JACQUES L\u00c9ONARD - Librairie 7L\" \/>\n<meta property=\"og:description\" content=\"Catalogue de l&#8217;exposition \u00ab Jacques L\u00e9onard &#8211; L&#8217;esprit nomade \u00bb 27 mai &#8211; 1er octobre 2023 Commissariat : Daniel Rouvier, mus\u00e9e R\u00e9attu ; Maria Planas, Fundaci\u00f3n Photographic Social Vision, Barcelone Le mus\u00e9e R\u00e9attu, premier mus\u00e9e des Beaux-Arts en France \u00e0 avoir cr\u00e9\u00e9 un d\u00e9partement photographique en 1965 \u00e0 l&#8217;initiative du photographe arl\u00e9sien Lucien Clergue et [&hellip;]\" \/>\n<meta property=\"og:url\" content=\"https:\/\/librairie7l.com\/en\/produit\/jacques-leonard\/\" \/>\n<meta property=\"og:site_name\" content=\"Librairie 7L\" \/>\n<meta property=\"article:modified_time\" content=\"2026-04-18T18:15:46+00:00\" \/>\n<meta name=\"twitter:card\" content=\"summary_large_image\" \/>\n<meta name=\"twitter:label1\" content=\"Est. reading time\" \/>\n\t<meta name=\"twitter:data1\" content=\"1 minute\" \/>\n<script type=\"application\/ld+json\" class=\"yoast-schema-graph\">{\"@context\":\"https:\/\/schema.org\",\"@graph\":[{\"@type\":\"WebPage\",\"@id\":\"https:\/\/librairie7l.com\/en\/produit\/jacques-leonard\/\",\"url\":\"https:\/\/librairie7l.com\/en\/produit\/jacques-leonard\/\",\"name\":\"JACQUES L\u00c9ONARD - Librairie 7L\",\"isPartOf\":{\"@id\":\"https:\/\/librairie7l.com\/en\/#website\"},\"datePublished\":\"2023-09-19T09:21:58+00:00\",\"dateModified\":\"2026-04-18T18:15:46+00:00\",\"breadcrumb\":{\"@id\":\"https:\/\/librairie7l.com\/en\/produit\/jacques-leonard\/#breadcrumb\"},\"inLanguage\":\"en-US\",\"potentialAction\":[{\"@type\":\"ReadAction\",\"target\":[\"https:\/\/librairie7l.com\/en\/produit\/jacques-leonard\/\"]}]},{\"@type\":\"BreadcrumbList\",\"@id\":\"https:\/\/librairie7l.com\/en\/produit\/jacques-leonard\/#breadcrumb\",\"itemListElement\":[{\"@type\":\"ListItem\",\"position\":1,\"name\":\"Accueil\",\"item\":\"https:\/\/librairie7l.com\/en\/\"},{\"@type\":\"ListItem\",\"position\":2,\"name\":\"Shop\",\"item\":\"https:\/\/librairie7l.com\/en\/shop\/\"},{\"@type\":\"ListItem\",\"position\":3,\"name\":\"JACQUES L\u00c9ONARD\"}]},{\"@type\":\"WebSite\",\"@id\":\"https:\/\/librairie7l.com\/en\/#website\",\"url\":\"https:\/\/librairie7l.com\/en\/\",\"name\":\"Librairie 7L\",\"description\":\"Librairie fond\u00e9e en 1999 par Karl Lagerfeld \u00e0 Paris\",\"publisher\":{\"@id\":\"https:\/\/librairie7l.com\/en\/#organization\"},\"potentialAction\":[{\"@type\":\"SearchAction\",\"target\":{\"@type\":\"EntryPoint\",\"urlTemplate\":\"https:\/\/librairie7l.com\/en\/?s={search_term_string}\"},\"query-input\":\"required name=search_term_string\"}],\"inLanguage\":\"en-US\"},{\"@type\":\"Organization\",\"@id\":\"https:\/\/librairie7l.com\/en\/#organization\",\"name\":\"Librairie 7L\",\"url\":\"https:\/\/librairie7l.com\/en\/\",\"logo\":{\"@type\":\"ImageObject\",\"inLanguage\":\"en-US\",\"@id\":\"https:\/\/librairie7l.com\/en\/#\/schema\/logo\/image\/\",\"url\":\"https:\/\/librairie7l.com\/wp-content\/uploads\/2022\/08\/logo-1.png\",\"contentUrl\":\"https:\/\/librairie7l.com\/wp-content\/uploads\/2022\/08\/logo-1.png\",\"width\":227,\"height\":301,\"caption\":\"Librairie 7L\"},\"image\":{\"@id\":\"https:\/\/librairie7l.com\/en\/#\/schema\/logo\/image\/\"}}]}<\/script>\n<!-- \/ Yoast SEO plugin. -->","yoast_head_json":{"title":"JACQUES L\u00c9ONARD - Librairie 7L","robots":{"index":"index","follow":"follow","max-snippet":"max-snippet:-1","max-image-preview":"max-image-preview:large","max-video-preview":"max-video-preview:-1"},"canonical":"https:\/\/librairie7l.com\/en\/produit\/jacques-leonard\/","og_locale":"en_US","og_type":"article","og_title":"JACQUES L\u00c9ONARD - Librairie 7L","og_description":"Catalogue de l&#8217;exposition \u00ab Jacques L\u00e9onard &#8211; L&#8217;esprit nomade \u00bb 27 mai &#8211; 1er octobre 2023 Commissariat : Daniel Rouvier, mus\u00e9e R\u00e9attu ; Maria Planas, Fundaci\u00f3n Photographic Social Vision, Barcelone Le mus\u00e9e R\u00e9attu, premier mus\u00e9e des Beaux-Arts en France \u00e0 avoir cr\u00e9\u00e9 un d\u00e9partement photographique en 1965 \u00e0 l&#8217;initiative du photographe arl\u00e9sien Lucien Clergue et [&hellip;]","og_url":"https:\/\/librairie7l.com\/en\/produit\/jacques-leonard\/","og_site_name":"Librairie 7L","article_modified_time":"2026-04-18T18:15:46+00:00","twitter_card":"summary_large_image","twitter_misc":{"Est. reading time":"1 minute"},"schema":{"@context":"https:\/\/schema.org","@graph":[{"@type":"WebPage","@id":"https:\/\/librairie7l.com\/en\/produit\/jacques-leonard\/","url":"https:\/\/librairie7l.com\/en\/produit\/jacques-leonard\/","name":"JACQUES L\u00c9ONARD - Librairie 7L","isPartOf":{"@id":"https:\/\/librairie7l.com\/en\/#website"},"datePublished":"2023-09-19T09:21:58+00:00","dateModified":"2026-04-18T18:15:46+00:00","breadcrumb":{"@id":"https:\/\/librairie7l.com\/en\/produit\/jacques-leonard\/#breadcrumb"},"inLanguage":"en-US","potentialAction":[{"@type":"ReadAction","target":["https:\/\/librairie7l.com\/en\/produit\/jacques-leonard\/"]}]},{"@type":"BreadcrumbList","@id":"https:\/\/librairie7l.com\/en\/produit\/jacques-leonard\/#breadcrumb","itemListElement":[{"@type":"ListItem","position":1,"name":"Accueil","item":"https:\/\/librairie7l.com\/en\/"},{"@type":"ListItem","position":2,"name":"Shop","item":"https:\/\/librairie7l.com\/en\/shop\/"},{"@type":"ListItem","position":3,"name":"JACQUES L\u00c9ONARD"}]},{"@type":"WebSite","@id":"https:\/\/librairie7l.com\/en\/#website","url":"https:\/\/librairie7l.com\/en\/","name":"Librairie 7L","description":"Librairie fond\u00e9e en 1999 par Karl Lagerfeld \u00e0 Paris","publisher":{"@id":"https:\/\/librairie7l.com\/en\/#organization"},"potentialAction":[{"@type":"SearchAction","target":{"@type":"EntryPoint","urlTemplate":"https:\/\/librairie7l.com\/en\/?s={search_term_string}"},"query-input":"required name=search_term_string"}],"inLanguage":"en-US"},{"@type":"Organization","@id":"https:\/\/librairie7l.com\/en\/#organization","name":"Librairie 7L","url":"https:\/\/librairie7l.com\/en\/","logo":{"@type":"ImageObject","inLanguage":"en-US","@id":"https:\/\/librairie7l.com\/en\/#\/schema\/logo\/image\/","url":"https:\/\/librairie7l.com\/wp-content\/uploads\/2022\/08\/logo-1.png","contentUrl":"https:\/\/librairie7l.com\/wp-content\/uploads\/2022\/08\/logo-1.png","width":227,"height":301,"caption":"Librairie 7L"},"image":{"@id":"https:\/\/librairie7l.com\/en\/#\/schema\/logo\/image\/"}}]}},"_links":{"self":[{"href":"https:\/\/librairie7l.com\/en\/wp-json\/wp\/v2\/product\/33565"}],"collection":[{"href":"https:\/\/librairie7l.com\/en\/wp-json\/wp\/v2\/product"}],"about":[{"href":"https:\/\/librairie7l.com\/en\/wp-json\/wp\/v2\/types\/product"}],"wp:attachment":[{"href":"https:\/\/librairie7l.com\/en\/wp-json\/wp\/v2\/media?parent=33565"}],"wp:term":[{"taxonomy":"product_cat","embeddable":true,"href":"https:\/\/librairie7l.com\/en\/wp-json\/wp\/v2\/product_cat?post=33565"},{"taxonomy":"product_tag","embeddable":true,"href":"https:\/\/librairie7l.com\/en\/wp-json\/wp\/v2\/product_tag?post=33565"}],"curies":[{"name":"wp","href":"https:\/\/api.w.org\/{rel}","templated":true}]}}