{"id":33573,"date":"2023-09-19T12:25:08","date_gmt":"2023-09-19T10:25:08","guid":{"rendered":"https:\/\/librairie7l.com\/?post_type=product&#038;p=33573"},"modified":"2026-04-07T12:54:00","modified_gmt":"2026-04-07T10:54:00","slug":"picasso-8-femmes","status":"publish","type":"product","link":"https:\/\/librairie7l.com\/en\/produit\/picasso-8-femmes\/","title":{"rendered":"PICASSO : 8 FEMMES"},"content":{"rendered":"<p>Cet ouvrage propose de d\u00e9couvrir ou red\u00e9couvrir huit femmes qui partag\u00e8rent un temps la vie de Picasso. Germaine Pichot, Fernande Olivier, Eva Gouel, Olga Khokhlova, Marie-Th\u00e9r\u00e8se Walter, Dora Maar, Fran\u00e7oise Gilot et Jacqueline Roque form\u00e8rent avec lui de singuliers couples, plus ou moins durables, plus ou moins publics. Ces femmes, que l&#8217;histoire a intimement li\u00e9es \u00e0 la production de Picasso, ont souvent \u00e9t\u00e9 \u00e9tudi\u00e9es sans nuances, enferm\u00e9es dans un processus de cr\u00e9ation et de destruction typiquement picassien.<\/p>\n<p>Avec un soin de chercheuse \u00e9gal \u00e0 son talent de conteuse, Laurence Madeline restitue \u00e0 chaque femme et au-del\u00e0 des ann\u00e9es pass\u00e9es aupr\u00e8s de lui, l&#8217;intensit\u00e9 d&#8217;une existence irr\u00e9ductible \u00e0 Picasso. Picasso qui n&#8217;est ni un h\u00e9ros, ni un dieu. Il vit, tombe amoureux, trahit, est trahi, travaille, expose, cr\u00e9e inlassablement.<\/p>\n<p>Approcher ces huit femmes, c&#8217;est d\u00e9rouler en huit r\u00e9cits l&#8217;entier parcours de l&#8217;artiste, de l&#8217;atelier pr\u00e9caire et convivial du Bateau-Lavoir \u00e0 celui de Mougins, solide et prot\u00e9g\u00e9 comme une forteresse. C&#8217;est aussi explorer soixante-dix ann\u00e9es de la condition f\u00e9minine, de 1906 \u00e0 1973, de la petite Parisienne qui cherche une vie meilleure \u00e0 la femme consciente de sa responsabilit\u00e9 \u00e9crasante dans la survivance d&#8217;un cr\u00e9ateur octog\u00e9naire, puis nonag\u00e9naire, en passant par les compagnes qui questionnent un machisme flagrant. C&#8217;est enfin aborder l&#8217;oeuvre de Picasso comme une entreprise qui ne serait pas seulement vampirisante, mais r\u00e9fl\u00e9chie, polyphonique. Une entreprise dans laquelle les femmes ne sont ni des muses ni des mod\u00e8les, mais de v\u00e9ritables partenaires qui contribu\u00e8rent \u00e0 porter l&#8217;oeuvre de l&#8217;artiste \u00e0 la post\u00e9rit\u00e9 inou\u00efe que nous lui connaissons aujourd&#8217;hui.<\/p>\n","protected":false},"excerpt":{"rendered":"<p>Cet ouvrage propose de d\u00e9couvrir ou red\u00e9couvrir huit femmes qui partag\u00e8rent un temps la vie de Picasso. Germaine Pichot, Fernande Olivier, Eva Gouel, Olga Khokhlova, Marie-Th\u00e9r\u00e8se Walter, Dora Maar, Fran\u00e7oise Gilot et Jacqueline Roque form\u00e8rent avec lui de singuliers couples, plus ou moins durables, plus ou moins publics. Ces femmes, que l&#8217;histoire a intimement li\u00e9es [&hellip;]<\/p>\n","protected":false},"featured_media":33571,"template":"","meta":[],"product_cat":[2948,2953],"product_tag":[],"acf":[],"yoast_head":"<!-- This site is optimized with the Yoast SEO plugin v20.11 - https:\/\/yoast.com\/wordpress\/plugins\/seo\/ -->\n<title>PICASSO : 8 FEMMES - Librairie 7L<\/title>\n<meta name=\"robots\" content=\"index, follow, max-snippet:-1, max-image-preview:large, max-video-preview:-1\" \/>\n<link rel=\"canonical\" href=\"https:\/\/librairie7l.com\/en\/produit\/picasso-8-femmes\/\" \/>\n<meta property=\"og:locale\" content=\"en_US\" \/>\n<meta property=\"og:type\" content=\"article\" \/>\n<meta property=\"og:title\" content=\"PICASSO : 8 FEMMES - Librairie 7L\" \/>\n<meta property=\"og:description\" content=\"Cet ouvrage propose de d\u00e9couvrir ou red\u00e9couvrir huit femmes qui partag\u00e8rent un temps la vie de Picasso. Germaine Pichot, Fernande Olivier, Eva Gouel, Olga Khokhlova, Marie-Th\u00e9r\u00e8se Walter, Dora Maar, Fran\u00e7oise Gilot et Jacqueline Roque form\u00e8rent avec lui de singuliers couples, plus ou moins durables, plus ou moins publics. Ces femmes, que l&#8217;histoire a intimement li\u00e9es [&hellip;]\" \/>\n<meta property=\"og:url\" content=\"https:\/\/librairie7l.com\/en\/produit\/picasso-8-femmes\/\" \/>\n<meta property=\"og:site_name\" content=\"Librairie 7L\" \/>\n<meta property=\"article:modified_time\" content=\"2026-04-07T10:54:00+00:00\" \/>\n<meta property=\"og:image\" content=\"https:\/\/librairie7l.com\/wp-content\/uploads\/2023\/01\/9782754112345_1_75.jpg\" \/>\n\t<meta property=\"og:image:width\" content=\"600\" \/>\n\t<meta property=\"og:image:height\" content=\"901\" \/>\n\t<meta property=\"og:image:type\" content=\"image\/jpeg\" \/>\n<meta name=\"twitter:card\" content=\"summary_large_image\" \/>\n<meta name=\"twitter:label1\" content=\"Est. reading time\" \/>\n\t<meta name=\"twitter:data1\" content=\"1 minute\" \/>\n<script type=\"application\/ld+json\" class=\"yoast-schema-graph\">{\"@context\":\"https:\/\/schema.org\",\"@graph\":[{\"@type\":\"WebPage\",\"@id\":\"https:\/\/librairie7l.com\/en\/produit\/picasso-8-femmes\/\",\"url\":\"https:\/\/librairie7l.com\/en\/produit\/picasso-8-femmes\/\",\"name\":\"PICASSO : 8 FEMMES - Librairie 7L\",\"isPartOf\":{\"@id\":\"https:\/\/librairie7l.com\/en\/#website\"},\"datePublished\":\"2023-09-19T10:25:08+00:00\",\"dateModified\":\"2026-04-07T10:54:00+00:00\",\"breadcrumb\":{\"@id\":\"https:\/\/librairie7l.com\/en\/produit\/picasso-8-femmes\/#breadcrumb\"},\"inLanguage\":\"en-US\",\"potentialAction\":[{\"@type\":\"ReadAction\",\"target\":[\"https:\/\/librairie7l.com\/en\/produit\/picasso-8-femmes\/\"]}]},{\"@type\":\"BreadcrumbList\",\"@id\":\"https:\/\/librairie7l.com\/en\/produit\/picasso-8-femmes\/#breadcrumb\",\"itemListElement\":[{\"@type\":\"ListItem\",\"position\":1,\"name\":\"Accueil\",\"item\":\"https:\/\/librairie7l.com\/en\/\"},{\"@type\":\"ListItem\",\"position\":2,\"name\":\"Shop\",\"item\":\"https:\/\/librairie7l.com\/en\/shop\/\"},{\"@type\":\"ListItem\",\"position\":3,\"name\":\"PICASSO : 8 FEMMES\"}]},{\"@type\":\"WebSite\",\"@id\":\"https:\/\/librairie7l.com\/en\/#website\",\"url\":\"https:\/\/librairie7l.com\/en\/\",\"name\":\"Librairie 7L\",\"description\":\"Librairie fond\u00e9e en 1999 par Karl Lagerfeld \u00e0 Paris\",\"publisher\":{\"@id\":\"https:\/\/librairie7l.com\/en\/#organization\"},\"potentialAction\":[{\"@type\":\"SearchAction\",\"target\":{\"@type\":\"EntryPoint\",\"urlTemplate\":\"https:\/\/librairie7l.com\/en\/?s={search_term_string}\"},\"query-input\":\"required name=search_term_string\"}],\"inLanguage\":\"en-US\"},{\"@type\":\"Organization\",\"@id\":\"https:\/\/librairie7l.com\/en\/#organization\",\"name\":\"Librairie 7L\",\"url\":\"https:\/\/librairie7l.com\/en\/\",\"logo\":{\"@type\":\"ImageObject\",\"inLanguage\":\"en-US\",\"@id\":\"https:\/\/librairie7l.com\/en\/#\/schema\/logo\/image\/\",\"url\":\"https:\/\/librairie7l.com\/wp-content\/uploads\/2022\/08\/logo-1.png\",\"contentUrl\":\"https:\/\/librairie7l.com\/wp-content\/uploads\/2022\/08\/logo-1.png\",\"width\":227,\"height\":301,\"caption\":\"Librairie 7L\"},\"image\":{\"@id\":\"https:\/\/librairie7l.com\/en\/#\/schema\/logo\/image\/\"}}]}<\/script>\n<!-- \/ Yoast SEO plugin. -->","yoast_head_json":{"title":"PICASSO : 8 FEMMES - Librairie 7L","robots":{"index":"index","follow":"follow","max-snippet":"max-snippet:-1","max-image-preview":"max-image-preview:large","max-video-preview":"max-video-preview:-1"},"canonical":"https:\/\/librairie7l.com\/en\/produit\/picasso-8-femmes\/","og_locale":"en_US","og_type":"article","og_title":"PICASSO : 8 FEMMES - Librairie 7L","og_description":"Cet ouvrage propose de d\u00e9couvrir ou red\u00e9couvrir huit femmes qui partag\u00e8rent un temps la vie de Picasso. Germaine Pichot, Fernande Olivier, Eva Gouel, Olga Khokhlova, Marie-Th\u00e9r\u00e8se Walter, Dora Maar, Fran\u00e7oise Gilot et Jacqueline Roque form\u00e8rent avec lui de singuliers couples, plus ou moins durables, plus ou moins publics. Ces femmes, que l&#8217;histoire a intimement li\u00e9es [&hellip;]","og_url":"https:\/\/librairie7l.com\/en\/produit\/picasso-8-femmes\/","og_site_name":"Librairie 7L","article_modified_time":"2026-04-07T10:54:00+00:00","og_image":[{"width":600,"height":901,"url":"https:\/\/librairie7l.com\/wp-content\/uploads\/2023\/01\/9782754112345_1_75.jpg","type":"image\/jpeg"}],"twitter_card":"summary_large_image","twitter_misc":{"Est. reading time":"1 minute"},"schema":{"@context":"https:\/\/schema.org","@graph":[{"@type":"WebPage","@id":"https:\/\/librairie7l.com\/en\/produit\/picasso-8-femmes\/","url":"https:\/\/librairie7l.com\/en\/produit\/picasso-8-femmes\/","name":"PICASSO : 8 FEMMES - Librairie 7L","isPartOf":{"@id":"https:\/\/librairie7l.com\/en\/#website"},"datePublished":"2023-09-19T10:25:08+00:00","dateModified":"2026-04-07T10:54:00+00:00","breadcrumb":{"@id":"https:\/\/librairie7l.com\/en\/produit\/picasso-8-femmes\/#breadcrumb"},"inLanguage":"en-US","potentialAction":[{"@type":"ReadAction","target":["https:\/\/librairie7l.com\/en\/produit\/picasso-8-femmes\/"]}]},{"@type":"BreadcrumbList","@id":"https:\/\/librairie7l.com\/en\/produit\/picasso-8-femmes\/#breadcrumb","itemListElement":[{"@type":"ListItem","position":1,"name":"Accueil","item":"https:\/\/librairie7l.com\/en\/"},{"@type":"ListItem","position":2,"name":"Shop","item":"https:\/\/librairie7l.com\/en\/shop\/"},{"@type":"ListItem","position":3,"name":"PICASSO : 8 FEMMES"}]},{"@type":"WebSite","@id":"https:\/\/librairie7l.com\/en\/#website","url":"https:\/\/librairie7l.com\/en\/","name":"Librairie 7L","description":"Librairie fond\u00e9e en 1999 par Karl Lagerfeld \u00e0 Paris","publisher":{"@id":"https:\/\/librairie7l.com\/en\/#organization"},"potentialAction":[{"@type":"SearchAction","target":{"@type":"EntryPoint","urlTemplate":"https:\/\/librairie7l.com\/en\/?s={search_term_string}"},"query-input":"required name=search_term_string"}],"inLanguage":"en-US"},{"@type":"Organization","@id":"https:\/\/librairie7l.com\/en\/#organization","name":"Librairie 7L","url":"https:\/\/librairie7l.com\/en\/","logo":{"@type":"ImageObject","inLanguage":"en-US","@id":"https:\/\/librairie7l.com\/en\/#\/schema\/logo\/image\/","url":"https:\/\/librairie7l.com\/wp-content\/uploads\/2022\/08\/logo-1.png","contentUrl":"https:\/\/librairie7l.com\/wp-content\/uploads\/2022\/08\/logo-1.png","width":227,"height":301,"caption":"Librairie 7L"},"image":{"@id":"https:\/\/librairie7l.com\/en\/#\/schema\/logo\/image\/"}}]}},"_links":{"self":[{"href":"https:\/\/librairie7l.com\/en\/wp-json\/wp\/v2\/product\/33573"}],"collection":[{"href":"https:\/\/librairie7l.com\/en\/wp-json\/wp\/v2\/product"}],"about":[{"href":"https:\/\/librairie7l.com\/en\/wp-json\/wp\/v2\/types\/product"}],"wp:featuredmedia":[{"embeddable":true,"href":"https:\/\/librairie7l.com\/en\/wp-json\/wp\/v2\/media\/33571"}],"wp:attachment":[{"href":"https:\/\/librairie7l.com\/en\/wp-json\/wp\/v2\/media?parent=33573"}],"wp:term":[{"taxonomy":"product_cat","embeddable":true,"href":"https:\/\/librairie7l.com\/en\/wp-json\/wp\/v2\/product_cat?post=33573"},{"taxonomy":"product_tag","embeddable":true,"href":"https:\/\/librairie7l.com\/en\/wp-json\/wp\/v2\/product_tag?post=33573"}],"curies":[{"name":"wp","href":"https:\/\/api.w.org\/{rel}","templated":true}]}}