{"id":33579,"date":"2023-09-19T12:26:15","date_gmt":"2023-09-19T10:26:15","guid":{"rendered":"https:\/\/librairie7l.com\/?post_type=product&#038;p=33579"},"modified":"2026-04-27T12:06:03","modified_gmt":"2026-04-27T10:06:03","slug":"le-parfum-saffiche-quand-les-artistes-reinventent-la-publicite","status":"publish","type":"product","link":"https:\/\/librairie7l.com\/en\/produit\/le-parfum-saffiche-quand-les-artistes-reinventent-la-publicite\/","title":{"rendered":"LE PARFUM S&#8217;AFFICHE : QUAND LES ARTISTES R\u00c9INVENTENT LA PUBLICIT\u00c9"},"content":{"rendered":"<p>Le Mus\u00e9e International de la Parfumerie organise durant l&#8217;\u00e9t\u00e9 2023 une exposition consacr\u00e9e au processus de cr\u00e9ation des marques, pr\u00e9sentant l&#8217;\u00e9volution des codes visuels des campagnes publicitaires des maisons de parfumerie sur plus d&#8217;un si\u00e8cle.Au tournant du xxe si\u00e8cle, \u00e9laborer l&#8217;image d&#8217;un parfum rel\u00e8ve des plus grands illustrateurs qui exposent leurs cr\u00e9ations hautes en couleur dans les rues. Jules Ch\u00e9ret, Alfons Mucha puis Leonetto Cappiello mettent ainsi leur talent au service des parfumeurs les plus renomm\u00e9s. Plus tardivement, avec l&#8217;\u00e9volution des techniques d&#8217;impression puis audiovisuelles, les images photographiques d&#8217;Helmut Newton, Herb Ritts ou Jean-Paul Goude, puis cin\u00e9matographiques avec Jean- Pierre Jeunet, Sofia Coppola ou Martin Scorsese deviennent la norme jusqu&#8217;\u00e0 ce que les r\u00e9seaux sociaux ne s&#8217;approprient ces codes et les fassent \u00e9voluer.Cet ouvrage est l&#8217;occasion de pr\u00e9senter la riche collection d&#8217;affiches, de publicit\u00e9s, de flacons, de cartes parfum\u00e9es, objets publicitaires ou d&#8217;imprimerie du Mus\u00e9e International de la Parfumerie dans leur contexte historique et stylistique.<\/p>\n","protected":false},"excerpt":{"rendered":"<p>Le Mus\u00e9e International de la Parfumerie organise durant l&#8217;\u00e9t\u00e9 2023 une exposition consacr\u00e9e au processus de cr\u00e9ation des marques, pr\u00e9sentant l&#8217;\u00e9volution des codes visuels des campagnes publicitaires des maisons de parfumerie sur plus d&#8217;un si\u00e8cle.Au tournant du xxe si\u00e8cle, \u00e9laborer l&#8217;image d&#8217;un parfum rel\u00e8ve des plus grands illustrateurs qui exposent leurs cr\u00e9ations hautes en couleur [&hellip;]<\/p>\n","protected":false},"featured_media":33577,"template":"","meta":[],"product_cat":[2948,2957],"product_tag":[],"acf":[],"yoast_head":"<!-- This site is optimized with the Yoast SEO plugin v20.11 - https:\/\/yoast.com\/wordpress\/plugins\/seo\/ -->\n<title>LE PARFUM S&#039;AFFICHE : QUAND LES ARTISTES R\u00c9INVENTENT LA PUBLICIT\u00c9 - Librairie 7L<\/title>\n<meta name=\"robots\" content=\"index, follow, max-snippet:-1, max-image-preview:large, max-video-preview:-1\" \/>\n<link rel=\"canonical\" href=\"https:\/\/librairie7l.com\/en\/produit\/le-parfum-saffiche-quand-les-artistes-reinventent-la-publicite\/\" \/>\n<meta property=\"og:locale\" content=\"en_US\" \/>\n<meta property=\"og:type\" content=\"article\" \/>\n<meta property=\"og:title\" content=\"LE PARFUM S&#039;AFFICHE : QUAND LES ARTISTES R\u00c9INVENTENT LA PUBLICIT\u00c9 - Librairie 7L\" \/>\n<meta property=\"og:description\" content=\"Le Mus\u00e9e International de la Parfumerie organise durant l&#8217;\u00e9t\u00e9 2023 une exposition consacr\u00e9e au processus de cr\u00e9ation des marques, pr\u00e9sentant l&#8217;\u00e9volution des codes visuels des campagnes publicitaires des maisons de parfumerie sur plus d&#8217;un si\u00e8cle.Au tournant du xxe si\u00e8cle, \u00e9laborer l&#8217;image d&#8217;un parfum rel\u00e8ve des plus grands illustrateurs qui exposent leurs cr\u00e9ations hautes en couleur [&hellip;]\" \/>\n<meta property=\"og:url\" content=\"https:\/\/librairie7l.com\/en\/produit\/le-parfum-saffiche-quand-les-artistes-reinventent-la-publicite\/\" \/>\n<meta property=\"og:site_name\" content=\"Librairie 7L\" \/>\n<meta property=\"article:modified_time\" content=\"2026-04-27T10:06:03+00:00\" \/>\n<meta property=\"og:image\" content=\"https:\/\/librairie7l.com\/wp-content\/uploads\/2023\/02\/9782382031247_1_75.jpg\" \/>\n\t<meta property=\"og:image:width\" content=\"600\" \/>\n\t<meta property=\"og:image:height\" content=\"714\" \/>\n\t<meta property=\"og:image:type\" content=\"image\/jpeg\" \/>\n<meta name=\"twitter:card\" content=\"summary_large_image\" \/>\n<meta name=\"twitter:label1\" content=\"Est. reading time\" \/>\n\t<meta name=\"twitter:data1\" content=\"1 minute\" \/>\n<script type=\"application\/ld+json\" class=\"yoast-schema-graph\">{\"@context\":\"https:\/\/schema.org\",\"@graph\":[{\"@type\":\"WebPage\",\"@id\":\"https:\/\/librairie7l.com\/en\/produit\/le-parfum-saffiche-quand-les-artistes-reinventent-la-publicite\/\",\"url\":\"https:\/\/librairie7l.com\/en\/produit\/le-parfum-saffiche-quand-les-artistes-reinventent-la-publicite\/\",\"name\":\"LE PARFUM S'AFFICHE : QUAND LES ARTISTES R\u00c9INVENTENT LA PUBLICIT\u00c9 - Librairie 7L\",\"isPartOf\":{\"@id\":\"https:\/\/librairie7l.com\/en\/#website\"},\"datePublished\":\"2023-09-19T10:26:15+00:00\",\"dateModified\":\"2026-04-27T10:06:03+00:00\",\"breadcrumb\":{\"@id\":\"https:\/\/librairie7l.com\/en\/produit\/le-parfum-saffiche-quand-les-artistes-reinventent-la-publicite\/#breadcrumb\"},\"inLanguage\":\"en-US\",\"potentialAction\":[{\"@type\":\"ReadAction\",\"target\":[\"https:\/\/librairie7l.com\/en\/produit\/le-parfum-saffiche-quand-les-artistes-reinventent-la-publicite\/\"]}]},{\"@type\":\"BreadcrumbList\",\"@id\":\"https:\/\/librairie7l.com\/en\/produit\/le-parfum-saffiche-quand-les-artistes-reinventent-la-publicite\/#breadcrumb\",\"itemListElement\":[{\"@type\":\"ListItem\",\"position\":1,\"name\":\"Accueil\",\"item\":\"https:\/\/librairie7l.com\/en\/\"},{\"@type\":\"ListItem\",\"position\":2,\"name\":\"Shop\",\"item\":\"https:\/\/librairie7l.com\/en\/shop\/\"},{\"@type\":\"ListItem\",\"position\":3,\"name\":\"LE PARFUM S&#8217;AFFICHE : QUAND LES ARTISTES R\u00c9INVENTENT LA PUBLICIT\u00c9\"}]},{\"@type\":\"WebSite\",\"@id\":\"https:\/\/librairie7l.com\/en\/#website\",\"url\":\"https:\/\/librairie7l.com\/en\/\",\"name\":\"Librairie 7L\",\"description\":\"Librairie fond\u00e9e en 1999 par Karl Lagerfeld \u00e0 Paris\",\"publisher\":{\"@id\":\"https:\/\/librairie7l.com\/en\/#organization\"},\"potentialAction\":[{\"@type\":\"SearchAction\",\"target\":{\"@type\":\"EntryPoint\",\"urlTemplate\":\"https:\/\/librairie7l.com\/en\/?s={search_term_string}\"},\"query-input\":\"required name=search_term_string\"}],\"inLanguage\":\"en-US\"},{\"@type\":\"Organization\",\"@id\":\"https:\/\/librairie7l.com\/en\/#organization\",\"name\":\"Librairie 7L\",\"url\":\"https:\/\/librairie7l.com\/en\/\",\"logo\":{\"@type\":\"ImageObject\",\"inLanguage\":\"en-US\",\"@id\":\"https:\/\/librairie7l.com\/en\/#\/schema\/logo\/image\/\",\"url\":\"https:\/\/librairie7l.com\/wp-content\/uploads\/2022\/08\/logo-1.png\",\"contentUrl\":\"https:\/\/librairie7l.com\/wp-content\/uploads\/2022\/08\/logo-1.png\",\"width\":227,\"height\":301,\"caption\":\"Librairie 7L\"},\"image\":{\"@id\":\"https:\/\/librairie7l.com\/en\/#\/schema\/logo\/image\/\"}}]}<\/script>\n<!-- \/ Yoast SEO plugin. -->","yoast_head_json":{"title":"LE PARFUM S'AFFICHE : QUAND LES ARTISTES R\u00c9INVENTENT LA PUBLICIT\u00c9 - Librairie 7L","robots":{"index":"index","follow":"follow","max-snippet":"max-snippet:-1","max-image-preview":"max-image-preview:large","max-video-preview":"max-video-preview:-1"},"canonical":"https:\/\/librairie7l.com\/en\/produit\/le-parfum-saffiche-quand-les-artistes-reinventent-la-publicite\/","og_locale":"en_US","og_type":"article","og_title":"LE PARFUM S'AFFICHE : QUAND LES ARTISTES R\u00c9INVENTENT LA PUBLICIT\u00c9 - Librairie 7L","og_description":"Le Mus\u00e9e International de la Parfumerie organise durant l&#8217;\u00e9t\u00e9 2023 une exposition consacr\u00e9e au processus de cr\u00e9ation des marques, pr\u00e9sentant l&#8217;\u00e9volution des codes visuels des campagnes publicitaires des maisons de parfumerie sur plus d&#8217;un si\u00e8cle.Au tournant du xxe si\u00e8cle, \u00e9laborer l&#8217;image d&#8217;un parfum rel\u00e8ve des plus grands illustrateurs qui exposent leurs cr\u00e9ations hautes en couleur [&hellip;]","og_url":"https:\/\/librairie7l.com\/en\/produit\/le-parfum-saffiche-quand-les-artistes-reinventent-la-publicite\/","og_site_name":"Librairie 7L","article_modified_time":"2026-04-27T10:06:03+00:00","og_image":[{"width":600,"height":714,"url":"https:\/\/librairie7l.com\/wp-content\/uploads\/2023\/02\/9782382031247_1_75.jpg","type":"image\/jpeg"}],"twitter_card":"summary_large_image","twitter_misc":{"Est. reading time":"1 minute"},"schema":{"@context":"https:\/\/schema.org","@graph":[{"@type":"WebPage","@id":"https:\/\/librairie7l.com\/en\/produit\/le-parfum-saffiche-quand-les-artistes-reinventent-la-publicite\/","url":"https:\/\/librairie7l.com\/en\/produit\/le-parfum-saffiche-quand-les-artistes-reinventent-la-publicite\/","name":"LE PARFUM S'AFFICHE : QUAND LES ARTISTES R\u00c9INVENTENT LA PUBLICIT\u00c9 - Librairie 7L","isPartOf":{"@id":"https:\/\/librairie7l.com\/en\/#website"},"datePublished":"2023-09-19T10:26:15+00:00","dateModified":"2026-04-27T10:06:03+00:00","breadcrumb":{"@id":"https:\/\/librairie7l.com\/en\/produit\/le-parfum-saffiche-quand-les-artistes-reinventent-la-publicite\/#breadcrumb"},"inLanguage":"en-US","potentialAction":[{"@type":"ReadAction","target":["https:\/\/librairie7l.com\/en\/produit\/le-parfum-saffiche-quand-les-artistes-reinventent-la-publicite\/"]}]},{"@type":"BreadcrumbList","@id":"https:\/\/librairie7l.com\/en\/produit\/le-parfum-saffiche-quand-les-artistes-reinventent-la-publicite\/#breadcrumb","itemListElement":[{"@type":"ListItem","position":1,"name":"Accueil","item":"https:\/\/librairie7l.com\/en\/"},{"@type":"ListItem","position":2,"name":"Shop","item":"https:\/\/librairie7l.com\/en\/shop\/"},{"@type":"ListItem","position":3,"name":"LE PARFUM S&#8217;AFFICHE : QUAND LES ARTISTES R\u00c9INVENTENT LA PUBLICIT\u00c9"}]},{"@type":"WebSite","@id":"https:\/\/librairie7l.com\/en\/#website","url":"https:\/\/librairie7l.com\/en\/","name":"Librairie 7L","description":"Librairie fond\u00e9e en 1999 par Karl Lagerfeld \u00e0 Paris","publisher":{"@id":"https:\/\/librairie7l.com\/en\/#organization"},"potentialAction":[{"@type":"SearchAction","target":{"@type":"EntryPoint","urlTemplate":"https:\/\/librairie7l.com\/en\/?s={search_term_string}"},"query-input":"required name=search_term_string"}],"inLanguage":"en-US"},{"@type":"Organization","@id":"https:\/\/librairie7l.com\/en\/#organization","name":"Librairie 7L","url":"https:\/\/librairie7l.com\/en\/","logo":{"@type":"ImageObject","inLanguage":"en-US","@id":"https:\/\/librairie7l.com\/en\/#\/schema\/logo\/image\/","url":"https:\/\/librairie7l.com\/wp-content\/uploads\/2022\/08\/logo-1.png","contentUrl":"https:\/\/librairie7l.com\/wp-content\/uploads\/2022\/08\/logo-1.png","width":227,"height":301,"caption":"Librairie 7L"},"image":{"@id":"https:\/\/librairie7l.com\/en\/#\/schema\/logo\/image\/"}}]}},"_links":{"self":[{"href":"https:\/\/librairie7l.com\/en\/wp-json\/wp\/v2\/product\/33579"}],"collection":[{"href":"https:\/\/librairie7l.com\/en\/wp-json\/wp\/v2\/product"}],"about":[{"href":"https:\/\/librairie7l.com\/en\/wp-json\/wp\/v2\/types\/product"}],"wp:featuredmedia":[{"embeddable":true,"href":"https:\/\/librairie7l.com\/en\/wp-json\/wp\/v2\/media\/33577"}],"wp:attachment":[{"href":"https:\/\/librairie7l.com\/en\/wp-json\/wp\/v2\/media?parent=33579"}],"wp:term":[{"taxonomy":"product_cat","embeddable":true,"href":"https:\/\/librairie7l.com\/en\/wp-json\/wp\/v2\/product_cat?post=33579"},{"taxonomy":"product_tag","embeddable":true,"href":"https:\/\/librairie7l.com\/en\/wp-json\/wp\/v2\/product_tag?post=33579"}],"curies":[{"name":"wp","href":"https:\/\/api.w.org\/{rel}","templated":true}]}}