{"id":33585,"date":"2023-09-19T12:28:11","date_gmt":"2023-09-19T10:28:11","guid":{"rendered":"https:\/\/librairie7l.com\/?post_type=product&#038;p=33585"},"modified":"2026-04-05T21:39:34","modified_gmt":"2026-04-05T19:39:34","slug":"scrapbook-dans-limaginaire-des-cineastes","status":"publish","type":"product","link":"https:\/\/librairie7l.com\/en\/produit\/scrapbook-dans-limaginaire-des-cineastes\/","title":{"rendered":"SCRAPBOOK : DANS L&#8217;IMAGINAIRE DES CIN\u00c9ASTES"},"content":{"rendered":"<p>Cet ouvrage pr\u00e9sente quelques-uns des plus beaux scrapbooks de cin\u00e9astes d&#8217;avant-garde de la deuxi\u00e8me moiti\u00e9 du XXe si\u00e8cle tels Derek Jarman, Agn\u00e8s Varda, Chris Marker, Stanley Kubrick, ou plus r\u00e9cemment Pedro Costa et Bertrand Mandico. Il propose un voyage \u00e0 l&#8217;origine de la cr\u00e9ation de leurs films, donnant acc\u00e8s \u00e0 des documents priv\u00e9s, d\u00e9voilant l&#8217;intimit\u00e9 au coeur m\u00eame du processus cr\u00e9atif. Y sont associ\u00e9es des personnalit\u00e9s ayant, \u00e0 leur fa\u00e7on, particip\u00e9 \u00e0 l&#8217;\u00e9laboration de films comme William S. Burroughs (\u00e9crivain et sc\u00e9nariste) ou Marie-Laure de Noailles (peintre et productrice), tous deux adeptes du scrapbooking le plus exp\u00e9rimental, m\u00ealant l&#8217;\u00e9motionnel et le politique.<\/p>\n<p>Le livre, comme l&#8217;exposition qu&#8217;il accompagne (Les Rencontres de la photographie d&#8217;Arles 2023), se concentre sur des artistes ayant une pratique radicale, repoussant au maximum les fronti\u00e8res de l&#8217;autofiction. Pour Matthieu Orl\u00e9an, si les films constituent un pr\u00e9sent de cin\u00e9ma, le scrapbook est \u00e0 la fois leur pass\u00e9 (le lieu de leur invention et de leur esquisse) et leur futur (leur archive). Un cha\u00eenon, parfois manquant, mais fondamental pour comprendre la circulation, la survivance et l&#8217;apoth\u00e9ose des images contemporaines.<\/p>\n<p>Artistes pr\u00e9sent\u00e9s : John Truwe, Marie-Laure de Noailles, Robert Duncan &amp; Jess, Agn\u00e8s Varda, Jane Wodening &amp; Stan Brakhage, Derek Jarman, Christophe Berhault, Bertrand Mandico, Jim Jarmusch, William S. Burroughs, Pedro Costa, Chris Marker, Stanley Kubrick, Christian Patterson<\/p>\n","protected":false},"excerpt":{"rendered":"<p>Cet ouvrage pr\u00e9sente quelques-uns des plus beaux scrapbooks de cin\u00e9astes d&#8217;avant-garde de la deuxi\u00e8me moiti\u00e9 du XXe si\u00e8cle tels Derek Jarman, Agn\u00e8s Varda, Chris Marker, Stanley Kubrick, ou plus r\u00e9cemment Pedro Costa et Bertrand Mandico. Il propose un voyage \u00e0 l&#8217;origine de la cr\u00e9ation de leurs films, donnant acc\u00e8s \u00e0 des documents priv\u00e9s, d\u00e9voilant l&#8217;intimit\u00e9 [&hellip;]<\/p>\n","protected":false},"featured_media":33583,"template":"","meta":[],"product_cat":[2948,2958],"product_tag":[],"acf":[],"yoast_head":"<!-- This site is optimized with the Yoast SEO plugin v20.11 - https:\/\/yoast.com\/wordpress\/plugins\/seo\/ -->\n<title>SCRAPBOOK : DANS L&#039;IMAGINAIRE DES CIN\u00c9ASTES - Librairie 7L<\/title>\n<meta name=\"robots\" content=\"index, follow, max-snippet:-1, max-image-preview:large, max-video-preview:-1\" \/>\n<link rel=\"canonical\" href=\"https:\/\/librairie7l.com\/en\/produit\/scrapbook-dans-limaginaire-des-cineastes\/\" \/>\n<meta property=\"og:locale\" content=\"en_US\" \/>\n<meta property=\"og:type\" content=\"article\" \/>\n<meta property=\"og:title\" content=\"SCRAPBOOK : DANS L&#039;IMAGINAIRE DES CIN\u00c9ASTES - Librairie 7L\" \/>\n<meta property=\"og:description\" content=\"Cet ouvrage pr\u00e9sente quelques-uns des plus beaux scrapbooks de cin\u00e9astes d&#8217;avant-garde de la deuxi\u00e8me moiti\u00e9 du XXe si\u00e8cle tels Derek Jarman, Agn\u00e8s Varda, Chris Marker, Stanley Kubrick, ou plus r\u00e9cemment Pedro Costa et Bertrand Mandico. Il propose un voyage \u00e0 l&#8217;origine de la cr\u00e9ation de leurs films, donnant acc\u00e8s \u00e0 des documents priv\u00e9s, d\u00e9voilant l&#8217;intimit\u00e9 [&hellip;]\" \/>\n<meta property=\"og:url\" content=\"https:\/\/librairie7l.com\/en\/produit\/scrapbook-dans-limaginaire-des-cineastes\/\" \/>\n<meta property=\"og:site_name\" content=\"Librairie 7L\" \/>\n<meta property=\"article:modified_time\" content=\"2026-04-05T19:39:34+00:00\" \/>\n<meta property=\"og:image\" content=\"https:\/\/librairie7l.com\/wp-content\/uploads\/2023\/02\/9791095821618_1_75.jpg\" \/>\n\t<meta property=\"og:image:width\" content=\"400\" \/>\n\t<meta property=\"og:image:height\" content=\"469\" \/>\n\t<meta property=\"og:image:type\" content=\"image\/jpeg\" \/>\n<meta name=\"twitter:card\" content=\"summary_large_image\" \/>\n<meta name=\"twitter:label1\" content=\"Est. reading time\" \/>\n\t<meta name=\"twitter:data1\" content=\"1 minute\" \/>\n<script type=\"application\/ld+json\" class=\"yoast-schema-graph\">{\"@context\":\"https:\/\/schema.org\",\"@graph\":[{\"@type\":\"WebPage\",\"@id\":\"https:\/\/librairie7l.com\/en\/produit\/scrapbook-dans-limaginaire-des-cineastes\/\",\"url\":\"https:\/\/librairie7l.com\/en\/produit\/scrapbook-dans-limaginaire-des-cineastes\/\",\"name\":\"SCRAPBOOK : DANS L'IMAGINAIRE DES CIN\u00c9ASTES - Librairie 7L\",\"isPartOf\":{\"@id\":\"https:\/\/librairie7l.com\/en\/#website\"},\"datePublished\":\"2023-09-19T10:28:11+00:00\",\"dateModified\":\"2026-04-05T19:39:34+00:00\",\"breadcrumb\":{\"@id\":\"https:\/\/librairie7l.com\/en\/produit\/scrapbook-dans-limaginaire-des-cineastes\/#breadcrumb\"},\"inLanguage\":\"en-US\",\"potentialAction\":[{\"@type\":\"ReadAction\",\"target\":[\"https:\/\/librairie7l.com\/en\/produit\/scrapbook-dans-limaginaire-des-cineastes\/\"]}]},{\"@type\":\"BreadcrumbList\",\"@id\":\"https:\/\/librairie7l.com\/en\/produit\/scrapbook-dans-limaginaire-des-cineastes\/#breadcrumb\",\"itemListElement\":[{\"@type\":\"ListItem\",\"position\":1,\"name\":\"Accueil\",\"item\":\"https:\/\/librairie7l.com\/en\/\"},{\"@type\":\"ListItem\",\"position\":2,\"name\":\"Shop\",\"item\":\"https:\/\/librairie7l.com\/en\/shop\/\"},{\"@type\":\"ListItem\",\"position\":3,\"name\":\"SCRAPBOOK : DANS L&#8217;IMAGINAIRE DES CIN\u00c9ASTES\"}]},{\"@type\":\"WebSite\",\"@id\":\"https:\/\/librairie7l.com\/en\/#website\",\"url\":\"https:\/\/librairie7l.com\/en\/\",\"name\":\"Librairie 7L\",\"description\":\"Librairie fond\u00e9e en 1999 par Karl Lagerfeld \u00e0 Paris\",\"publisher\":{\"@id\":\"https:\/\/librairie7l.com\/en\/#organization\"},\"potentialAction\":[{\"@type\":\"SearchAction\",\"target\":{\"@type\":\"EntryPoint\",\"urlTemplate\":\"https:\/\/librairie7l.com\/en\/?s={search_term_string}\"},\"query-input\":\"required name=search_term_string\"}],\"inLanguage\":\"en-US\"},{\"@type\":\"Organization\",\"@id\":\"https:\/\/librairie7l.com\/en\/#organization\",\"name\":\"Librairie 7L\",\"url\":\"https:\/\/librairie7l.com\/en\/\",\"logo\":{\"@type\":\"ImageObject\",\"inLanguage\":\"en-US\",\"@id\":\"https:\/\/librairie7l.com\/en\/#\/schema\/logo\/image\/\",\"url\":\"https:\/\/librairie7l.com\/wp-content\/uploads\/2022\/08\/logo-1.png\",\"contentUrl\":\"https:\/\/librairie7l.com\/wp-content\/uploads\/2022\/08\/logo-1.png\",\"width\":227,\"height\":301,\"caption\":\"Librairie 7L\"},\"image\":{\"@id\":\"https:\/\/librairie7l.com\/en\/#\/schema\/logo\/image\/\"}}]}<\/script>\n<!-- \/ Yoast SEO plugin. -->","yoast_head_json":{"title":"SCRAPBOOK : DANS L'IMAGINAIRE DES CIN\u00c9ASTES - Librairie 7L","robots":{"index":"index","follow":"follow","max-snippet":"max-snippet:-1","max-image-preview":"max-image-preview:large","max-video-preview":"max-video-preview:-1"},"canonical":"https:\/\/librairie7l.com\/en\/produit\/scrapbook-dans-limaginaire-des-cineastes\/","og_locale":"en_US","og_type":"article","og_title":"SCRAPBOOK : DANS L'IMAGINAIRE DES CIN\u00c9ASTES - Librairie 7L","og_description":"Cet ouvrage pr\u00e9sente quelques-uns des plus beaux scrapbooks de cin\u00e9astes d&#8217;avant-garde de la deuxi\u00e8me moiti\u00e9 du XXe si\u00e8cle tels Derek Jarman, Agn\u00e8s Varda, Chris Marker, Stanley Kubrick, ou plus r\u00e9cemment Pedro Costa et Bertrand Mandico. Il propose un voyage \u00e0 l&#8217;origine de la cr\u00e9ation de leurs films, donnant acc\u00e8s \u00e0 des documents priv\u00e9s, d\u00e9voilant l&#8217;intimit\u00e9 [&hellip;]","og_url":"https:\/\/librairie7l.com\/en\/produit\/scrapbook-dans-limaginaire-des-cineastes\/","og_site_name":"Librairie 7L","article_modified_time":"2026-04-05T19:39:34+00:00","og_image":[{"width":400,"height":469,"url":"https:\/\/librairie7l.com\/wp-content\/uploads\/2023\/02\/9791095821618_1_75.jpg","type":"image\/jpeg"}],"twitter_card":"summary_large_image","twitter_misc":{"Est. reading time":"1 minute"},"schema":{"@context":"https:\/\/schema.org","@graph":[{"@type":"WebPage","@id":"https:\/\/librairie7l.com\/en\/produit\/scrapbook-dans-limaginaire-des-cineastes\/","url":"https:\/\/librairie7l.com\/en\/produit\/scrapbook-dans-limaginaire-des-cineastes\/","name":"SCRAPBOOK : DANS L'IMAGINAIRE DES CIN\u00c9ASTES - Librairie 7L","isPartOf":{"@id":"https:\/\/librairie7l.com\/en\/#website"},"datePublished":"2023-09-19T10:28:11+00:00","dateModified":"2026-04-05T19:39:34+00:00","breadcrumb":{"@id":"https:\/\/librairie7l.com\/en\/produit\/scrapbook-dans-limaginaire-des-cineastes\/#breadcrumb"},"inLanguage":"en-US","potentialAction":[{"@type":"ReadAction","target":["https:\/\/librairie7l.com\/en\/produit\/scrapbook-dans-limaginaire-des-cineastes\/"]}]},{"@type":"BreadcrumbList","@id":"https:\/\/librairie7l.com\/en\/produit\/scrapbook-dans-limaginaire-des-cineastes\/#breadcrumb","itemListElement":[{"@type":"ListItem","position":1,"name":"Accueil","item":"https:\/\/librairie7l.com\/en\/"},{"@type":"ListItem","position":2,"name":"Shop","item":"https:\/\/librairie7l.com\/en\/shop\/"},{"@type":"ListItem","position":3,"name":"SCRAPBOOK : DANS L&#8217;IMAGINAIRE DES CIN\u00c9ASTES"}]},{"@type":"WebSite","@id":"https:\/\/librairie7l.com\/en\/#website","url":"https:\/\/librairie7l.com\/en\/","name":"Librairie 7L","description":"Librairie fond\u00e9e en 1999 par Karl Lagerfeld \u00e0 Paris","publisher":{"@id":"https:\/\/librairie7l.com\/en\/#organization"},"potentialAction":[{"@type":"SearchAction","target":{"@type":"EntryPoint","urlTemplate":"https:\/\/librairie7l.com\/en\/?s={search_term_string}"},"query-input":"required name=search_term_string"}],"inLanguage":"en-US"},{"@type":"Organization","@id":"https:\/\/librairie7l.com\/en\/#organization","name":"Librairie 7L","url":"https:\/\/librairie7l.com\/en\/","logo":{"@type":"ImageObject","inLanguage":"en-US","@id":"https:\/\/librairie7l.com\/en\/#\/schema\/logo\/image\/","url":"https:\/\/librairie7l.com\/wp-content\/uploads\/2022\/08\/logo-1.png","contentUrl":"https:\/\/librairie7l.com\/wp-content\/uploads\/2022\/08\/logo-1.png","width":227,"height":301,"caption":"Librairie 7L"},"image":{"@id":"https:\/\/librairie7l.com\/en\/#\/schema\/logo\/image\/"}}]}},"_links":{"self":[{"href":"https:\/\/librairie7l.com\/en\/wp-json\/wp\/v2\/product\/33585"}],"collection":[{"href":"https:\/\/librairie7l.com\/en\/wp-json\/wp\/v2\/product"}],"about":[{"href":"https:\/\/librairie7l.com\/en\/wp-json\/wp\/v2\/types\/product"}],"wp:featuredmedia":[{"embeddable":true,"href":"https:\/\/librairie7l.com\/en\/wp-json\/wp\/v2\/media\/33583"}],"wp:attachment":[{"href":"https:\/\/librairie7l.com\/en\/wp-json\/wp\/v2\/media?parent=33585"}],"wp:term":[{"taxonomy":"product_cat","embeddable":true,"href":"https:\/\/librairie7l.com\/en\/wp-json\/wp\/v2\/product_cat?post=33585"},{"taxonomy":"product_tag","embeddable":true,"href":"https:\/\/librairie7l.com\/en\/wp-json\/wp\/v2\/product_tag?post=33585"}],"curies":[{"name":"wp","href":"https:\/\/api.w.org\/{rel}","templated":true}]}}