{"id":33589,"date":"2023-09-19T12:28:17","date_gmt":"2023-09-19T10:28:17","guid":{"rendered":"https:\/\/librairie7l.com\/?post_type=product&#038;p=33589"},"modified":"2026-04-06T02:54:42","modified_gmt":"2026-04-06T00:54:42","slug":"300-femmes-peintres","status":"publish","type":"product","link":"https:\/\/librairie7l.com\/en\/produit\/300-femmes-peintres\/","title":{"rendered":"300 FEMMES PEINTRES"},"content":{"rendered":"<p>300 femmes peintres d&#8217;exception sur pr\u00e8s de cinq si\u00e8cles r\u00e9unies dans un seul ouvrage.<\/p>\n<p>Livre \u00e9v\u00e9nement, qui fait suite au succ\u00e8s de 400 femmes artistes publi\u00e9 par Phaidon, 300 femmes peintres s&#8217;attache \u00e0 d\u00e9voiler une version plus riche et plus diversifi\u00e9e de l&#8217;histoire de la peinture. Couvrant pr\u00e8s de 500 ans de technique et d&#8217;innovation, cette \u00e9tude c\u00e9l\u00e8bre le travail de plus de 300 femmes artistes, des noms embl\u00e9matiques de l&#8217;histoire de l&#8217;art aux figures montantes de l&#8217;art contemporain.<\/p>\n","protected":false},"excerpt":{"rendered":"<p>300 femmes peintres d&#8217;exception sur pr\u00e8s de cinq si\u00e8cles r\u00e9unies dans un seul ouvrage. Livre \u00e9v\u00e9nement, qui fait suite au succ\u00e8s de 400 femmes artistes publi\u00e9 par Phaidon, 300 femmes peintres s&#8217;attache \u00e0 d\u00e9voiler une version plus riche et plus diversifi\u00e9e de l&#8217;histoire de la peinture. Couvrant pr\u00e8s de 500 ans de technique et d&#8217;innovation, [&hellip;]<\/p>\n","protected":false},"featured_media":33587,"template":"","meta":[],"product_cat":[2948,2953],"product_tag":[],"acf":[],"yoast_head":"<!-- This site is optimized with the Yoast SEO plugin v20.11 - https:\/\/yoast.com\/wordpress\/plugins\/seo\/ -->\n<title>300 FEMMES PEINTRES - Librairie 7L<\/title>\n<meta name=\"robots\" content=\"index, follow, max-snippet:-1, max-image-preview:large, max-video-preview:-1\" \/>\n<link rel=\"canonical\" href=\"https:\/\/librairie7l.com\/en\/produit\/300-femmes-peintres\/\" \/>\n<meta property=\"og:locale\" content=\"en_US\" \/>\n<meta property=\"og:type\" content=\"article\" \/>\n<meta property=\"og:title\" content=\"300 FEMMES PEINTRES - Librairie 7L\" \/>\n<meta property=\"og:description\" content=\"300 femmes peintres d&#8217;exception sur pr\u00e8s de cinq si\u00e8cles r\u00e9unies dans un seul ouvrage. Livre \u00e9v\u00e9nement, qui fait suite au succ\u00e8s de 400 femmes artistes publi\u00e9 par Phaidon, 300 femmes peintres s&#8217;attache \u00e0 d\u00e9voiler une version plus riche et plus diversifi\u00e9e de l&#8217;histoire de la peinture. Couvrant pr\u00e8s de 500 ans de technique et d&#8217;innovation, [&hellip;]\" \/>\n<meta property=\"og:url\" content=\"https:\/\/librairie7l.com\/en\/produit\/300-femmes-peintres\/\" \/>\n<meta property=\"og:site_name\" content=\"Librairie 7L\" \/>\n<meta property=\"article:modified_time\" content=\"2026-04-06T00:54:42+00:00\" \/>\n<meta property=\"og:image\" content=\"https:\/\/librairie7l.com\/wp-content\/uploads\/2022\/06\/9781838665890_1_75.jpg\" \/>\n\t<meta property=\"og:image:width\" content=\"600\" \/>\n\t<meta property=\"og:image:height\" content=\"800\" \/>\n\t<meta property=\"og:image:type\" content=\"image\/jpeg\" \/>\n<meta name=\"twitter:card\" content=\"summary_large_image\" \/>\n<script type=\"application\/ld+json\" class=\"yoast-schema-graph\">{\"@context\":\"https:\/\/schema.org\",\"@graph\":[{\"@type\":\"WebPage\",\"@id\":\"https:\/\/librairie7l.com\/en\/produit\/300-femmes-peintres\/\",\"url\":\"https:\/\/librairie7l.com\/en\/produit\/300-femmes-peintres\/\",\"name\":\"300 FEMMES PEINTRES - Librairie 7L\",\"isPartOf\":{\"@id\":\"https:\/\/librairie7l.com\/en\/#website\"},\"datePublished\":\"2023-09-19T10:28:17+00:00\",\"dateModified\":\"2026-04-06T00:54:42+00:00\",\"breadcrumb\":{\"@id\":\"https:\/\/librairie7l.com\/en\/produit\/300-femmes-peintres\/#breadcrumb\"},\"inLanguage\":\"en-US\",\"potentialAction\":[{\"@type\":\"ReadAction\",\"target\":[\"https:\/\/librairie7l.com\/en\/produit\/300-femmes-peintres\/\"]}]},{\"@type\":\"BreadcrumbList\",\"@id\":\"https:\/\/librairie7l.com\/en\/produit\/300-femmes-peintres\/#breadcrumb\",\"itemListElement\":[{\"@type\":\"ListItem\",\"position\":1,\"name\":\"Accueil\",\"item\":\"https:\/\/librairie7l.com\/en\/\"},{\"@type\":\"ListItem\",\"position\":2,\"name\":\"Shop\",\"item\":\"https:\/\/librairie7l.com\/en\/shop\/\"},{\"@type\":\"ListItem\",\"position\":3,\"name\":\"300 FEMMES PEINTRES\"}]},{\"@type\":\"WebSite\",\"@id\":\"https:\/\/librairie7l.com\/en\/#website\",\"url\":\"https:\/\/librairie7l.com\/en\/\",\"name\":\"Librairie 7L\",\"description\":\"Librairie fond\u00e9e en 1999 par Karl Lagerfeld \u00e0 Paris\",\"publisher\":{\"@id\":\"https:\/\/librairie7l.com\/en\/#organization\"},\"potentialAction\":[{\"@type\":\"SearchAction\",\"target\":{\"@type\":\"EntryPoint\",\"urlTemplate\":\"https:\/\/librairie7l.com\/en\/?s={search_term_string}\"},\"query-input\":\"required name=search_term_string\"}],\"inLanguage\":\"en-US\"},{\"@type\":\"Organization\",\"@id\":\"https:\/\/librairie7l.com\/en\/#organization\",\"name\":\"Librairie 7L\",\"url\":\"https:\/\/librairie7l.com\/en\/\",\"logo\":{\"@type\":\"ImageObject\",\"inLanguage\":\"en-US\",\"@id\":\"https:\/\/librairie7l.com\/en\/#\/schema\/logo\/image\/\",\"url\":\"https:\/\/librairie7l.com\/wp-content\/uploads\/2022\/08\/logo-1.png\",\"contentUrl\":\"https:\/\/librairie7l.com\/wp-content\/uploads\/2022\/08\/logo-1.png\",\"width\":227,\"height\":301,\"caption\":\"Librairie 7L\"},\"image\":{\"@id\":\"https:\/\/librairie7l.com\/en\/#\/schema\/logo\/image\/\"}}]}<\/script>\n<!-- \/ Yoast SEO plugin. -->","yoast_head_json":{"title":"300 FEMMES PEINTRES - Librairie 7L","robots":{"index":"index","follow":"follow","max-snippet":"max-snippet:-1","max-image-preview":"max-image-preview:large","max-video-preview":"max-video-preview:-1"},"canonical":"https:\/\/librairie7l.com\/en\/produit\/300-femmes-peintres\/","og_locale":"en_US","og_type":"article","og_title":"300 FEMMES PEINTRES - Librairie 7L","og_description":"300 femmes peintres d&#8217;exception sur pr\u00e8s de cinq si\u00e8cles r\u00e9unies dans un seul ouvrage. Livre \u00e9v\u00e9nement, qui fait suite au succ\u00e8s de 400 femmes artistes publi\u00e9 par Phaidon, 300 femmes peintres s&#8217;attache \u00e0 d\u00e9voiler une version plus riche et plus diversifi\u00e9e de l&#8217;histoire de la peinture. Couvrant pr\u00e8s de 500 ans de technique et d&#8217;innovation, [&hellip;]","og_url":"https:\/\/librairie7l.com\/en\/produit\/300-femmes-peintres\/","og_site_name":"Librairie 7L","article_modified_time":"2026-04-06T00:54:42+00:00","og_image":[{"width":600,"height":800,"url":"https:\/\/librairie7l.com\/wp-content\/uploads\/2022\/06\/9781838665890_1_75.jpg","type":"image\/jpeg"}],"twitter_card":"summary_large_image","schema":{"@context":"https:\/\/schema.org","@graph":[{"@type":"WebPage","@id":"https:\/\/librairie7l.com\/en\/produit\/300-femmes-peintres\/","url":"https:\/\/librairie7l.com\/en\/produit\/300-femmes-peintres\/","name":"300 FEMMES PEINTRES - Librairie 7L","isPartOf":{"@id":"https:\/\/librairie7l.com\/en\/#website"},"datePublished":"2023-09-19T10:28:17+00:00","dateModified":"2026-04-06T00:54:42+00:00","breadcrumb":{"@id":"https:\/\/librairie7l.com\/en\/produit\/300-femmes-peintres\/#breadcrumb"},"inLanguage":"en-US","potentialAction":[{"@type":"ReadAction","target":["https:\/\/librairie7l.com\/en\/produit\/300-femmes-peintres\/"]}]},{"@type":"BreadcrumbList","@id":"https:\/\/librairie7l.com\/en\/produit\/300-femmes-peintres\/#breadcrumb","itemListElement":[{"@type":"ListItem","position":1,"name":"Accueil","item":"https:\/\/librairie7l.com\/en\/"},{"@type":"ListItem","position":2,"name":"Shop","item":"https:\/\/librairie7l.com\/en\/shop\/"},{"@type":"ListItem","position":3,"name":"300 FEMMES PEINTRES"}]},{"@type":"WebSite","@id":"https:\/\/librairie7l.com\/en\/#website","url":"https:\/\/librairie7l.com\/en\/","name":"Librairie 7L","description":"Librairie fond\u00e9e en 1999 par Karl Lagerfeld \u00e0 Paris","publisher":{"@id":"https:\/\/librairie7l.com\/en\/#organization"},"potentialAction":[{"@type":"SearchAction","target":{"@type":"EntryPoint","urlTemplate":"https:\/\/librairie7l.com\/en\/?s={search_term_string}"},"query-input":"required name=search_term_string"}],"inLanguage":"en-US"},{"@type":"Organization","@id":"https:\/\/librairie7l.com\/en\/#organization","name":"Librairie 7L","url":"https:\/\/librairie7l.com\/en\/","logo":{"@type":"ImageObject","inLanguage":"en-US","@id":"https:\/\/librairie7l.com\/en\/#\/schema\/logo\/image\/","url":"https:\/\/librairie7l.com\/wp-content\/uploads\/2022\/08\/logo-1.png","contentUrl":"https:\/\/librairie7l.com\/wp-content\/uploads\/2022\/08\/logo-1.png","width":227,"height":301,"caption":"Librairie 7L"},"image":{"@id":"https:\/\/librairie7l.com\/en\/#\/schema\/logo\/image\/"}}]}},"_links":{"self":[{"href":"https:\/\/librairie7l.com\/en\/wp-json\/wp\/v2\/product\/33589"}],"collection":[{"href":"https:\/\/librairie7l.com\/en\/wp-json\/wp\/v2\/product"}],"about":[{"href":"https:\/\/librairie7l.com\/en\/wp-json\/wp\/v2\/types\/product"}],"wp:featuredmedia":[{"embeddable":true,"href":"https:\/\/librairie7l.com\/en\/wp-json\/wp\/v2\/media\/33587"}],"wp:attachment":[{"href":"https:\/\/librairie7l.com\/en\/wp-json\/wp\/v2\/media?parent=33589"}],"wp:term":[{"taxonomy":"product_cat","embeddable":true,"href":"https:\/\/librairie7l.com\/en\/wp-json\/wp\/v2\/product_cat?post=33589"},{"taxonomy":"product_tag","embeddable":true,"href":"https:\/\/librairie7l.com\/en\/wp-json\/wp\/v2\/product_tag?post=33589"}],"curies":[{"name":"wp","href":"https:\/\/api.w.org\/{rel}","templated":true}]}}