{"id":33593,"date":"2023-09-19T12:29:53","date_gmt":"2023-09-19T10:29:53","guid":{"rendered":"https:\/\/librairie7l.com\/?post_type=product&#038;p=33593"},"modified":"2026-04-26T06:05:53","modified_gmt":"2026-04-26T04:05:53","slug":"la-lecture-des-pierres-2","status":"publish","type":"product","link":"https:\/\/librairie7l.com\/en\/produit\/la-lecture-des-pierres-2\/","title":{"rendered":"LA LECTURE DES PIERRES"},"content":{"rendered":"<p>Homme de lettres et compagnon du mouvement surr\u00e9aliste, Roger Caillois s&#8217;int\u00e9resse tr\u00e8s t\u00f4t au monde min\u00e9ral dont les formes \u00e9voquent pour lui des figures de l&#8217;imaginaire. D\u00e8s les ann\u00e9es 1950, il commence \u00e0 collectionner des min\u00e9raux du monde entier, des \u00ab pierres curieuses, qui attirent l&#8217;attention par quelque anomalie de leur forme ou par quelque bizarrerie significative de dessin ou de couleur \u00bb. Toutes poss\u00e8dent \u00ab une ressemblance inattendue, improbable et pourtant naturelle, qui provoque la fascination \u00bb. Agates, pyrites, quartz, jaspe&#8230; elles sont autant de fragments de l&#8217;univers, d&#8217;un monde o\u00f9 r\u00eave et po\u00e9sie dessinent des analogies avec le monde v\u00e9g\u00e9tal et animal mais aussi avec celui des hommes. Cet ouvrage pr\u00e9sente les 150 plus belles pierres de la collection de min\u00e9raux que Roger Caillois a l\u00e9gu\u00e9e au Mus\u00e9um national d&#8217;histoire naturelle de Paris, ainsi que la r\u00e9\u00e9dition des c\u00e9l\u00e8bres textes Pierres, L&#8217;\u00c9criture des pierres et Agates pardoxales. Pour la premi\u00e8re fois sera d\u00e9voil\u00e9e une collection exceptionnelle cr\u00e9\u00e9e par l&#8217;un des plus grands po\u00e8tes du XXe si\u00e8cle.<\/p>\n","protected":false},"excerpt":{"rendered":"<p>Homme de lettres et compagnon du mouvement surr\u00e9aliste, Roger Caillois s&#8217;int\u00e9resse tr\u00e8s t\u00f4t au monde min\u00e9ral dont les formes \u00e9voquent pour lui des figures de l&#8217;imaginaire. D\u00e8s les ann\u00e9es 1950, il commence \u00e0 collectionner des min\u00e9raux du monde entier, des \u00ab pierres curieuses, qui attirent l&#8217;attention par quelque anomalie de leur forme ou par quelque [&hellip;]<\/p>\n","protected":false},"featured_media":33591,"template":"","meta":[],"product_cat":[2948,2953],"product_tag":[],"acf":[],"yoast_head":"<!-- This site is optimized with the Yoast SEO plugin v20.11 - https:\/\/yoast.com\/wordpress\/plugins\/seo\/ -->\n<title>LA LECTURE DES PIERRES - Librairie 7L<\/title>\n<meta name=\"robots\" content=\"index, follow, max-snippet:-1, max-image-preview:large, max-video-preview:-1\" \/>\n<link rel=\"canonical\" href=\"https:\/\/librairie7l.com\/en\/produit\/la-lecture-des-pierres-2\/\" \/>\n<meta property=\"og:locale\" content=\"en_US\" \/>\n<meta property=\"og:type\" content=\"article\" \/>\n<meta property=\"og:title\" content=\"LA LECTURE DES PIERRES - Librairie 7L\" \/>\n<meta property=\"og:description\" content=\"Homme de lettres et compagnon du mouvement surr\u00e9aliste, Roger Caillois s&#8217;int\u00e9resse tr\u00e8s t\u00f4t au monde min\u00e9ral dont les formes \u00e9voquent pour lui des figures de l&#8217;imaginaire. D\u00e8s les ann\u00e9es 1950, il commence \u00e0 collectionner des min\u00e9raux du monde entier, des \u00ab pierres curieuses, qui attirent l&#8217;attention par quelque anomalie de leur forme ou par quelque [&hellip;]\" \/>\n<meta property=\"og:url\" content=\"https:\/\/librairie7l.com\/en\/produit\/la-lecture-des-pierres-2\/\" \/>\n<meta property=\"og:site_name\" content=\"Librairie 7L\" \/>\n<meta property=\"article:modified_time\" content=\"2026-04-26T04:05:53+00:00\" \/>\n<meta property=\"og:image\" content=\"https:\/\/librairie7l.com\/wp-content\/uploads\/2014\/04\/9782365110570_1_75.jpg\" \/>\n\t<meta property=\"og:image:width\" content=\"1000\" \/>\n\t<meta property=\"og:image:height\" content=\"1336\" \/>\n\t<meta property=\"og:image:type\" content=\"image\/jpeg\" \/>\n<meta name=\"twitter:card\" content=\"summary_large_image\" \/>\n<meta name=\"twitter:label1\" content=\"Est. reading time\" \/>\n\t<meta name=\"twitter:data1\" content=\"1 minute\" \/>\n<script type=\"application\/ld+json\" class=\"yoast-schema-graph\">{\"@context\":\"https:\/\/schema.org\",\"@graph\":[{\"@type\":\"WebPage\",\"@id\":\"https:\/\/librairie7l.com\/en\/produit\/la-lecture-des-pierres-2\/\",\"url\":\"https:\/\/librairie7l.com\/en\/produit\/la-lecture-des-pierres-2\/\",\"name\":\"LA LECTURE DES PIERRES - Librairie 7L\",\"isPartOf\":{\"@id\":\"https:\/\/librairie7l.com\/en\/#website\"},\"datePublished\":\"2023-09-19T10:29:53+00:00\",\"dateModified\":\"2026-04-26T04:05:53+00:00\",\"breadcrumb\":{\"@id\":\"https:\/\/librairie7l.com\/en\/produit\/la-lecture-des-pierres-2\/#breadcrumb\"},\"inLanguage\":\"en-US\",\"potentialAction\":[{\"@type\":\"ReadAction\",\"target\":[\"https:\/\/librairie7l.com\/en\/produit\/la-lecture-des-pierres-2\/\"]}]},{\"@type\":\"BreadcrumbList\",\"@id\":\"https:\/\/librairie7l.com\/en\/produit\/la-lecture-des-pierres-2\/#breadcrumb\",\"itemListElement\":[{\"@type\":\"ListItem\",\"position\":1,\"name\":\"Accueil\",\"item\":\"https:\/\/librairie7l.com\/en\/\"},{\"@type\":\"ListItem\",\"position\":2,\"name\":\"Shop\",\"item\":\"https:\/\/librairie7l.com\/en\/shop\/\"},{\"@type\":\"ListItem\",\"position\":3,\"name\":\"LA LECTURE DES PIERRES\"}]},{\"@type\":\"WebSite\",\"@id\":\"https:\/\/librairie7l.com\/en\/#website\",\"url\":\"https:\/\/librairie7l.com\/en\/\",\"name\":\"Librairie 7L\",\"description\":\"Librairie fond\u00e9e en 1999 par Karl Lagerfeld \u00e0 Paris\",\"publisher\":{\"@id\":\"https:\/\/librairie7l.com\/en\/#organization\"},\"potentialAction\":[{\"@type\":\"SearchAction\",\"target\":{\"@type\":\"EntryPoint\",\"urlTemplate\":\"https:\/\/librairie7l.com\/en\/?s={search_term_string}\"},\"query-input\":\"required name=search_term_string\"}],\"inLanguage\":\"en-US\"},{\"@type\":\"Organization\",\"@id\":\"https:\/\/librairie7l.com\/en\/#organization\",\"name\":\"Librairie 7L\",\"url\":\"https:\/\/librairie7l.com\/en\/\",\"logo\":{\"@type\":\"ImageObject\",\"inLanguage\":\"en-US\",\"@id\":\"https:\/\/librairie7l.com\/en\/#\/schema\/logo\/image\/\",\"url\":\"https:\/\/librairie7l.com\/wp-content\/uploads\/2022\/08\/logo-1.png\",\"contentUrl\":\"https:\/\/librairie7l.com\/wp-content\/uploads\/2022\/08\/logo-1.png\",\"width\":227,\"height\":301,\"caption\":\"Librairie 7L\"},\"image\":{\"@id\":\"https:\/\/librairie7l.com\/en\/#\/schema\/logo\/image\/\"}}]}<\/script>\n<!-- \/ Yoast SEO plugin. -->","yoast_head_json":{"title":"LA LECTURE DES PIERRES - Librairie 7L","robots":{"index":"index","follow":"follow","max-snippet":"max-snippet:-1","max-image-preview":"max-image-preview:large","max-video-preview":"max-video-preview:-1"},"canonical":"https:\/\/librairie7l.com\/en\/produit\/la-lecture-des-pierres-2\/","og_locale":"en_US","og_type":"article","og_title":"LA LECTURE DES PIERRES - Librairie 7L","og_description":"Homme de lettres et compagnon du mouvement surr\u00e9aliste, Roger Caillois s&#8217;int\u00e9resse tr\u00e8s t\u00f4t au monde min\u00e9ral dont les formes \u00e9voquent pour lui des figures de l&#8217;imaginaire. D\u00e8s les ann\u00e9es 1950, il commence \u00e0 collectionner des min\u00e9raux du monde entier, des \u00ab pierres curieuses, qui attirent l&#8217;attention par quelque anomalie de leur forme ou par quelque [&hellip;]","og_url":"https:\/\/librairie7l.com\/en\/produit\/la-lecture-des-pierres-2\/","og_site_name":"Librairie 7L","article_modified_time":"2026-04-26T04:05:53+00:00","og_image":[{"width":1000,"height":1336,"url":"https:\/\/librairie7l.com\/wp-content\/uploads\/2014\/04\/9782365110570_1_75.jpg","type":"image\/jpeg"}],"twitter_card":"summary_large_image","twitter_misc":{"Est. reading time":"1 minute"},"schema":{"@context":"https:\/\/schema.org","@graph":[{"@type":"WebPage","@id":"https:\/\/librairie7l.com\/en\/produit\/la-lecture-des-pierres-2\/","url":"https:\/\/librairie7l.com\/en\/produit\/la-lecture-des-pierres-2\/","name":"LA LECTURE DES PIERRES - Librairie 7L","isPartOf":{"@id":"https:\/\/librairie7l.com\/en\/#website"},"datePublished":"2023-09-19T10:29:53+00:00","dateModified":"2026-04-26T04:05:53+00:00","breadcrumb":{"@id":"https:\/\/librairie7l.com\/en\/produit\/la-lecture-des-pierres-2\/#breadcrumb"},"inLanguage":"en-US","potentialAction":[{"@type":"ReadAction","target":["https:\/\/librairie7l.com\/en\/produit\/la-lecture-des-pierres-2\/"]}]},{"@type":"BreadcrumbList","@id":"https:\/\/librairie7l.com\/en\/produit\/la-lecture-des-pierres-2\/#breadcrumb","itemListElement":[{"@type":"ListItem","position":1,"name":"Accueil","item":"https:\/\/librairie7l.com\/en\/"},{"@type":"ListItem","position":2,"name":"Shop","item":"https:\/\/librairie7l.com\/en\/shop\/"},{"@type":"ListItem","position":3,"name":"LA LECTURE DES PIERRES"}]},{"@type":"WebSite","@id":"https:\/\/librairie7l.com\/en\/#website","url":"https:\/\/librairie7l.com\/en\/","name":"Librairie 7L","description":"Librairie fond\u00e9e en 1999 par Karl Lagerfeld \u00e0 Paris","publisher":{"@id":"https:\/\/librairie7l.com\/en\/#organization"},"potentialAction":[{"@type":"SearchAction","target":{"@type":"EntryPoint","urlTemplate":"https:\/\/librairie7l.com\/en\/?s={search_term_string}"},"query-input":"required name=search_term_string"}],"inLanguage":"en-US"},{"@type":"Organization","@id":"https:\/\/librairie7l.com\/en\/#organization","name":"Librairie 7L","url":"https:\/\/librairie7l.com\/en\/","logo":{"@type":"ImageObject","inLanguage":"en-US","@id":"https:\/\/librairie7l.com\/en\/#\/schema\/logo\/image\/","url":"https:\/\/librairie7l.com\/wp-content\/uploads\/2022\/08\/logo-1.png","contentUrl":"https:\/\/librairie7l.com\/wp-content\/uploads\/2022\/08\/logo-1.png","width":227,"height":301,"caption":"Librairie 7L"},"image":{"@id":"https:\/\/librairie7l.com\/en\/#\/schema\/logo\/image\/"}}]}},"_links":{"self":[{"href":"https:\/\/librairie7l.com\/en\/wp-json\/wp\/v2\/product\/33593"}],"collection":[{"href":"https:\/\/librairie7l.com\/en\/wp-json\/wp\/v2\/product"}],"about":[{"href":"https:\/\/librairie7l.com\/en\/wp-json\/wp\/v2\/types\/product"}],"wp:featuredmedia":[{"embeddable":true,"href":"https:\/\/librairie7l.com\/en\/wp-json\/wp\/v2\/media\/33591"}],"wp:attachment":[{"href":"https:\/\/librairie7l.com\/en\/wp-json\/wp\/v2\/media?parent=33593"}],"wp:term":[{"taxonomy":"product_cat","embeddable":true,"href":"https:\/\/librairie7l.com\/en\/wp-json\/wp\/v2\/product_cat?post=33593"},{"taxonomy":"product_tag","embeddable":true,"href":"https:\/\/librairie7l.com\/en\/wp-json\/wp\/v2\/product_tag?post=33593"}],"curies":[{"name":"wp","href":"https:\/\/api.w.org\/{rel}","templated":true}]}}