{"id":33601,"date":"2023-09-19T12:32:14","date_gmt":"2023-09-19T10:32:14","guid":{"rendered":"https:\/\/librairie7l.com\/?post_type=product&#038;p=33601"},"modified":"2026-04-08T11:25:46","modified_gmt":"2026-04-08T09:25:46","slug":"lapostrophe-muette-essai-sur-les-portraits-du-fayoum","status":"publish","type":"product","link":"https:\/\/librairie7l.com\/en\/produit\/lapostrophe-muette-essai-sur-les-portraits-du-fayoum\/","title":{"rendered":"L&#8217;APOSTROPHE MUETTE : ESSAI SUR LES PORTRAITS DU FAYOUM"},"content":{"rendered":"<p>Les portraits du Fayoum sont cette population silencieuse incarn\u00e9e par des visages que les fouilles ont  peu \u00e0 peu fait sortir des tombeaux. R\u00e9alis\u00e9s dans l&#8217;\u00c9gypte romaine des trois premiers si\u00e8cles de notre  \u00e8re, et relevant \u00e0 la fois d&#8217;une tradition mim\u00e9tique grecque et d&#8217;un accompagnement rituel proprement  \u00e9gyptien, ils n&#8217;\u00e9taient pas destin\u00e9s \u00e0 \u00eatre vus. Mais depuis qu&#8217;ils ont \u00e9t\u00e9 retrouv\u00e9s et identifi\u00e9s, ils n&#8217;ont  cess\u00e9 de fasciner. Dispers\u00e9e \u00e0 travers le monde, leur \u00e9nigme reste intacte, nous sommes avec eux  devant un seuil : depuis le c\u00f4t\u00e9 de la mort o\u00f9 ils ont bascul\u00e9 ils nous regardent, les yeux ouverts, comme  s&#8217;ils \u00e9taient vivants. Du coup, via leurs noms, leurs parures, et comme sortis du r\u00e9seau de bandelettes  entourant les momies o\u00f9 ils \u00e9taient encastr\u00e9s, ils nous renvoient \u00e0 tout un monde qui n&#8217;existe plus et  qui fut le leur. Avec eux c&#8217;est toute l&#8217;histoire du portrait et sa relation \u00e0 la mort qui s&#8217;inaugure, dans une  douceur \u00e9trange et insistante.<br \/>\nPassionn\u00e9 par ces visages, Jean-Christophe Bailly, a tent\u00e9, tout en reconstituant l&#8217;atelier de  pens\u00e9es qui les a lib\u00e9r\u00e9s, de rendre transparente la relation que nous pouvons d\u00e9sormais avoir avec eux.<br \/>\nLa pr\u00e9sente \u00e9dition reprend celle publi\u00e9e en 1997 par les \u00e9ditions Hazan* en lui ajoutant une pr\u00e9face qui  souligne l&#8217;actualit\u00e9 sans fin reconduite de cet exceptionnel moment o\u00f9 plusieurs civilisations  m\u00e9diterran\u00e9ennes se sont rencontr\u00e9es autour d&#8217;images qui furent d&#8217;abord des gestes d&#8217;observance.<br \/>\n* livre traduit en italien (Quodlibet, 1998) et en espagnol (Akal, 2001).<\/p>\n","protected":false},"excerpt":{"rendered":"<p>Les portraits du Fayoum sont cette population silencieuse incarn\u00e9e par des visages que les fouilles ont peu \u00e0 peu fait sortir des tombeaux. R\u00e9alis\u00e9s dans l&#8217;\u00c9gypte romaine des trois premiers si\u00e8cles de notre \u00e8re, et relevant \u00e0 la fois d&#8217;une tradition mim\u00e9tique grecque et d&#8217;un accompagnement rituel proprement \u00e9gyptien, ils n&#8217;\u00e9taient pas destin\u00e9s \u00e0 \u00eatre [&hellip;]<\/p>\n","protected":false},"featured_media":33599,"template":"","meta":[],"product_cat":[2948,2953],"product_tag":[],"acf":[],"yoast_head":"<!-- This site is optimized with the Yoast SEO plugin v20.11 - https:\/\/yoast.com\/wordpress\/plugins\/seo\/ -->\n<title>L&#039;APOSTROPHE MUETTE : ESSAI SUR LES PORTRAITS DU FAYOUM - Librairie 7L<\/title>\n<meta name=\"robots\" content=\"index, follow, max-snippet:-1, max-image-preview:large, max-video-preview:-1\" \/>\n<link rel=\"canonical\" href=\"https:\/\/librairie7l.com\/en\/produit\/lapostrophe-muette-essai-sur-les-portraits-du-fayoum\/\" \/>\n<meta property=\"og:locale\" content=\"en_US\" \/>\n<meta property=\"og:type\" content=\"article\" \/>\n<meta property=\"og:title\" content=\"L&#039;APOSTROPHE MUETTE : ESSAI SUR LES PORTRAITS DU FAYOUM - Librairie 7L\" \/>\n<meta property=\"og:description\" content=\"Les portraits du Fayoum sont cette population silencieuse incarn\u00e9e par des visages que les fouilles ont peu \u00e0 peu fait sortir des tombeaux. R\u00e9alis\u00e9s dans l&#8217;\u00c9gypte romaine des trois premiers si\u00e8cles de notre \u00e8re, et relevant \u00e0 la fois d&#8217;une tradition mim\u00e9tique grecque et d&#8217;un accompagnement rituel proprement \u00e9gyptien, ils n&#8217;\u00e9taient pas destin\u00e9s \u00e0 \u00eatre [&hellip;]\" \/>\n<meta property=\"og:url\" content=\"https:\/\/librairie7l.com\/en\/produit\/lapostrophe-muette-essai-sur-les-portraits-du-fayoum\/\" \/>\n<meta property=\"og:site_name\" content=\"Librairie 7L\" \/>\n<meta property=\"article:modified_time\" content=\"2026-04-08T09:25:46+00:00\" \/>\n<meta property=\"og:image\" content=\"https:\/\/librairie7l.com\/wp-content\/uploads\/2023\/01\/9782865891481_1_75.jpg\" \/>\n\t<meta property=\"og:image:width\" content=\"600\" \/>\n\t<meta property=\"og:image:height\" content=\"900\" \/>\n\t<meta property=\"og:image:type\" content=\"image\/jpeg\" \/>\n<meta name=\"twitter:card\" content=\"summary_large_image\" \/>\n<meta name=\"twitter:label1\" content=\"Est. reading time\" \/>\n\t<meta name=\"twitter:data1\" content=\"1 minute\" \/>\n<script type=\"application\/ld+json\" class=\"yoast-schema-graph\">{\"@context\":\"https:\/\/schema.org\",\"@graph\":[{\"@type\":\"WebPage\",\"@id\":\"https:\/\/librairie7l.com\/en\/produit\/lapostrophe-muette-essai-sur-les-portraits-du-fayoum\/\",\"url\":\"https:\/\/librairie7l.com\/en\/produit\/lapostrophe-muette-essai-sur-les-portraits-du-fayoum\/\",\"name\":\"L'APOSTROPHE MUETTE : ESSAI SUR LES PORTRAITS DU FAYOUM - Librairie 7L\",\"isPartOf\":{\"@id\":\"https:\/\/librairie7l.com\/en\/#website\"},\"datePublished\":\"2023-09-19T10:32:14+00:00\",\"dateModified\":\"2026-04-08T09:25:46+00:00\",\"breadcrumb\":{\"@id\":\"https:\/\/librairie7l.com\/en\/produit\/lapostrophe-muette-essai-sur-les-portraits-du-fayoum\/#breadcrumb\"},\"inLanguage\":\"en-US\",\"potentialAction\":[{\"@type\":\"ReadAction\",\"target\":[\"https:\/\/librairie7l.com\/en\/produit\/lapostrophe-muette-essai-sur-les-portraits-du-fayoum\/\"]}]},{\"@type\":\"BreadcrumbList\",\"@id\":\"https:\/\/librairie7l.com\/en\/produit\/lapostrophe-muette-essai-sur-les-portraits-du-fayoum\/#breadcrumb\",\"itemListElement\":[{\"@type\":\"ListItem\",\"position\":1,\"name\":\"Accueil\",\"item\":\"https:\/\/librairie7l.com\/en\/\"},{\"@type\":\"ListItem\",\"position\":2,\"name\":\"Shop\",\"item\":\"https:\/\/librairie7l.com\/en\/shop\/\"},{\"@type\":\"ListItem\",\"position\":3,\"name\":\"L&#8217;APOSTROPHE MUETTE : ESSAI SUR LES PORTRAITS DU FAYOUM\"}]},{\"@type\":\"WebSite\",\"@id\":\"https:\/\/librairie7l.com\/en\/#website\",\"url\":\"https:\/\/librairie7l.com\/en\/\",\"name\":\"Librairie 7L\",\"description\":\"Librairie fond\u00e9e en 1999 par Karl Lagerfeld \u00e0 Paris\",\"publisher\":{\"@id\":\"https:\/\/librairie7l.com\/en\/#organization\"},\"potentialAction\":[{\"@type\":\"SearchAction\",\"target\":{\"@type\":\"EntryPoint\",\"urlTemplate\":\"https:\/\/librairie7l.com\/en\/?s={search_term_string}\"},\"query-input\":\"required name=search_term_string\"}],\"inLanguage\":\"en-US\"},{\"@type\":\"Organization\",\"@id\":\"https:\/\/librairie7l.com\/en\/#organization\",\"name\":\"Librairie 7L\",\"url\":\"https:\/\/librairie7l.com\/en\/\",\"logo\":{\"@type\":\"ImageObject\",\"inLanguage\":\"en-US\",\"@id\":\"https:\/\/librairie7l.com\/en\/#\/schema\/logo\/image\/\",\"url\":\"https:\/\/librairie7l.com\/wp-content\/uploads\/2022\/08\/logo-1.png\",\"contentUrl\":\"https:\/\/librairie7l.com\/wp-content\/uploads\/2022\/08\/logo-1.png\",\"width\":227,\"height\":301,\"caption\":\"Librairie 7L\"},\"image\":{\"@id\":\"https:\/\/librairie7l.com\/en\/#\/schema\/logo\/image\/\"}}]}<\/script>\n<!-- \/ Yoast SEO plugin. -->","yoast_head_json":{"title":"L'APOSTROPHE MUETTE : ESSAI SUR LES PORTRAITS DU FAYOUM - Librairie 7L","robots":{"index":"index","follow":"follow","max-snippet":"max-snippet:-1","max-image-preview":"max-image-preview:large","max-video-preview":"max-video-preview:-1"},"canonical":"https:\/\/librairie7l.com\/en\/produit\/lapostrophe-muette-essai-sur-les-portraits-du-fayoum\/","og_locale":"en_US","og_type":"article","og_title":"L'APOSTROPHE MUETTE : ESSAI SUR LES PORTRAITS DU FAYOUM - Librairie 7L","og_description":"Les portraits du Fayoum sont cette population silencieuse incarn\u00e9e par des visages que les fouilles ont peu \u00e0 peu fait sortir des tombeaux. R\u00e9alis\u00e9s dans l&#8217;\u00c9gypte romaine des trois premiers si\u00e8cles de notre \u00e8re, et relevant \u00e0 la fois d&#8217;une tradition mim\u00e9tique grecque et d&#8217;un accompagnement rituel proprement \u00e9gyptien, ils n&#8217;\u00e9taient pas destin\u00e9s \u00e0 \u00eatre [&hellip;]","og_url":"https:\/\/librairie7l.com\/en\/produit\/lapostrophe-muette-essai-sur-les-portraits-du-fayoum\/","og_site_name":"Librairie 7L","article_modified_time":"2026-04-08T09:25:46+00:00","og_image":[{"width":600,"height":900,"url":"https:\/\/librairie7l.com\/wp-content\/uploads\/2023\/01\/9782865891481_1_75.jpg","type":"image\/jpeg"}],"twitter_card":"summary_large_image","twitter_misc":{"Est. reading time":"1 minute"},"schema":{"@context":"https:\/\/schema.org","@graph":[{"@type":"WebPage","@id":"https:\/\/librairie7l.com\/en\/produit\/lapostrophe-muette-essai-sur-les-portraits-du-fayoum\/","url":"https:\/\/librairie7l.com\/en\/produit\/lapostrophe-muette-essai-sur-les-portraits-du-fayoum\/","name":"L'APOSTROPHE MUETTE : ESSAI SUR LES PORTRAITS DU FAYOUM - Librairie 7L","isPartOf":{"@id":"https:\/\/librairie7l.com\/en\/#website"},"datePublished":"2023-09-19T10:32:14+00:00","dateModified":"2026-04-08T09:25:46+00:00","breadcrumb":{"@id":"https:\/\/librairie7l.com\/en\/produit\/lapostrophe-muette-essai-sur-les-portraits-du-fayoum\/#breadcrumb"},"inLanguage":"en-US","potentialAction":[{"@type":"ReadAction","target":["https:\/\/librairie7l.com\/en\/produit\/lapostrophe-muette-essai-sur-les-portraits-du-fayoum\/"]}]},{"@type":"BreadcrumbList","@id":"https:\/\/librairie7l.com\/en\/produit\/lapostrophe-muette-essai-sur-les-portraits-du-fayoum\/#breadcrumb","itemListElement":[{"@type":"ListItem","position":1,"name":"Accueil","item":"https:\/\/librairie7l.com\/en\/"},{"@type":"ListItem","position":2,"name":"Shop","item":"https:\/\/librairie7l.com\/en\/shop\/"},{"@type":"ListItem","position":3,"name":"L&#8217;APOSTROPHE MUETTE : ESSAI SUR LES PORTRAITS DU FAYOUM"}]},{"@type":"WebSite","@id":"https:\/\/librairie7l.com\/en\/#website","url":"https:\/\/librairie7l.com\/en\/","name":"Librairie 7L","description":"Librairie fond\u00e9e en 1999 par Karl Lagerfeld \u00e0 Paris","publisher":{"@id":"https:\/\/librairie7l.com\/en\/#organization"},"potentialAction":[{"@type":"SearchAction","target":{"@type":"EntryPoint","urlTemplate":"https:\/\/librairie7l.com\/en\/?s={search_term_string}"},"query-input":"required name=search_term_string"}],"inLanguage":"en-US"},{"@type":"Organization","@id":"https:\/\/librairie7l.com\/en\/#organization","name":"Librairie 7L","url":"https:\/\/librairie7l.com\/en\/","logo":{"@type":"ImageObject","inLanguage":"en-US","@id":"https:\/\/librairie7l.com\/en\/#\/schema\/logo\/image\/","url":"https:\/\/librairie7l.com\/wp-content\/uploads\/2022\/08\/logo-1.png","contentUrl":"https:\/\/librairie7l.com\/wp-content\/uploads\/2022\/08\/logo-1.png","width":227,"height":301,"caption":"Librairie 7L"},"image":{"@id":"https:\/\/librairie7l.com\/en\/#\/schema\/logo\/image\/"}}]}},"_links":{"self":[{"href":"https:\/\/librairie7l.com\/en\/wp-json\/wp\/v2\/product\/33601"}],"collection":[{"href":"https:\/\/librairie7l.com\/en\/wp-json\/wp\/v2\/product"}],"about":[{"href":"https:\/\/librairie7l.com\/en\/wp-json\/wp\/v2\/types\/product"}],"wp:featuredmedia":[{"embeddable":true,"href":"https:\/\/librairie7l.com\/en\/wp-json\/wp\/v2\/media\/33599"}],"wp:attachment":[{"href":"https:\/\/librairie7l.com\/en\/wp-json\/wp\/v2\/media?parent=33601"}],"wp:term":[{"taxonomy":"product_cat","embeddable":true,"href":"https:\/\/librairie7l.com\/en\/wp-json\/wp\/v2\/product_cat?post=33601"},{"taxonomy":"product_tag","embeddable":true,"href":"https:\/\/librairie7l.com\/en\/wp-json\/wp\/v2\/product_tag?post=33601"}],"curies":[{"name":"wp","href":"https:\/\/api.w.org\/{rel}","templated":true}]}}