{"id":33613,"date":"2023-09-19T12:38:47","date_gmt":"2023-09-19T10:38:47","guid":{"rendered":"https:\/\/librairie7l.com\/?post_type=product&#038;p=33613"},"modified":"2026-04-18T15:01:43","modified_gmt":"2026-04-18T13:01:43","slug":"autobiographie-de-la-neige-histoires-dun-monde-silencieux","status":"publish","type":"product","link":"https:\/\/librairie7l.com\/en\/produit\/autobiographie-de-la-neige-histoires-dun-monde-silencieux\/","title":{"rendered":"AUTOBIOGRAPHIE DE LA NEIGE : HISTOIRES D&#8217;UN MONDE SILENCIEUX"},"content":{"rendered":"<p>\u00ab Dans ce voyage po\u00e9tique, il nous apprend \u00e0 lire les traces, les noms, les odeurs, entre \u00e9clairs de lune, chutes de neige anciennes et l\u00e9gendes \u00e9vocatrices. \u00bb Vanity FairLa neige convoque des sentiments archa\u00efques. Elle \u00e9voque le merveilleux, les contes, l&#8217;enfance. Cet ouvrage tr\u00e8s po\u00e9tique est une d\u00e9claration d&#8217;amour \u00e0 la neige n\u00e9e sous la plume d&#8217;un grand passionn\u00e9 de la nature qui lui a consacr\u00e9 sa vie. De la forme des flocons aux avalanches en passant par les glaciers, le silence qu&#8217;elle engendre et bien s\u00fbr, le rapport de l&#8217;humain \u00e0 la neige, Daniel Zovi nous emm\u00e8ne sur les sentiers enneig\u00e9s de la connaissance scientifique, au travers d&#8217;histoires personnelles, de l\u00e9gendes et d&#8217;\u00e9tudes. Nous suivons ses pas, depuis les explorations \u00e0 ski de son adolescence jusqu&#8217;aux g\u00e9ants himalayens. Nous nous trouvons ainsi immerg\u00e9s dans un monde fantastique, fragile et silencieux que, ces derniers temps, nous avons commenc\u00e9 \u00e0 perdre. Daniele Zovi compose une autobiographie po\u00e9tique, un hommage \u00e0 un \u00e9l\u00e9ment chaque jour plus fragile.<\/p>\n","protected":false},"excerpt":{"rendered":"<p>\u00ab Dans ce voyage po\u00e9tique, il nous apprend \u00e0 lire les traces, les noms, les odeurs, entre \u00e9clairs de lune, chutes de neige anciennes et l\u00e9gendes \u00e9vocatrices. \u00bb Vanity FairLa neige convoque des sentiments archa\u00efques. Elle \u00e9voque le merveilleux, les contes, l&#8217;enfance. Cet ouvrage tr\u00e8s po\u00e9tique est une d\u00e9claration d&#8217;amour \u00e0 la neige n\u00e9e sous [&hellip;]<\/p>\n","protected":false},"featured_media":33611,"template":"","meta":[],"product_cat":[2948,2956],"product_tag":[],"acf":[],"yoast_head":"<!-- This site is optimized with the Yoast SEO plugin v20.11 - https:\/\/yoast.com\/wordpress\/plugins\/seo\/ -->\n<title>AUTOBIOGRAPHIE DE LA NEIGE : HISTOIRES D&#039;UN MONDE SILENCIEUX - Librairie 7L<\/title>\n<meta name=\"robots\" content=\"index, follow, max-snippet:-1, max-image-preview:large, max-video-preview:-1\" \/>\n<link rel=\"canonical\" href=\"https:\/\/librairie7l.com\/en\/produit\/autobiographie-de-la-neige-histoires-dun-monde-silencieux\/\" \/>\n<meta property=\"og:locale\" content=\"en_US\" \/>\n<meta property=\"og:type\" content=\"article\" \/>\n<meta property=\"og:title\" content=\"AUTOBIOGRAPHIE DE LA NEIGE : HISTOIRES D&#039;UN MONDE SILENCIEUX - Librairie 7L\" \/>\n<meta property=\"og:description\" content=\"\u00ab Dans ce voyage po\u00e9tique, il nous apprend \u00e0 lire les traces, les noms, les odeurs, entre \u00e9clairs de lune, chutes de neige anciennes et l\u00e9gendes \u00e9vocatrices. \u00bb Vanity FairLa neige convoque des sentiments archa\u00efques. Elle \u00e9voque le merveilleux, les contes, l&#8217;enfance. Cet ouvrage tr\u00e8s po\u00e9tique est une d\u00e9claration d&#8217;amour \u00e0 la neige n\u00e9e sous [&hellip;]\" \/>\n<meta property=\"og:url\" content=\"https:\/\/librairie7l.com\/en\/produit\/autobiographie-de-la-neige-histoires-dun-monde-silencieux\/\" \/>\n<meta property=\"og:site_name\" content=\"Librairie 7L\" \/>\n<meta property=\"article:modified_time\" content=\"2026-04-18T13:01:43+00:00\" \/>\n<meta property=\"og:image\" content=\"https:\/\/librairie7l.com\/wp-content\/uploads\/2022\/10\/9782344056288_1_75.jpg\" \/>\n\t<meta property=\"og:image:width\" content=\"600\" \/>\n\t<meta property=\"og:image:height\" content=\"945\" \/>\n\t<meta property=\"og:image:type\" content=\"image\/jpeg\" \/>\n<meta name=\"twitter:card\" content=\"summary_large_image\" \/>\n<meta name=\"twitter:label1\" content=\"Est. reading time\" \/>\n\t<meta name=\"twitter:data1\" content=\"1 minute\" \/>\n<script type=\"application\/ld+json\" class=\"yoast-schema-graph\">{\"@context\":\"https:\/\/schema.org\",\"@graph\":[{\"@type\":\"WebPage\",\"@id\":\"https:\/\/librairie7l.com\/en\/produit\/autobiographie-de-la-neige-histoires-dun-monde-silencieux\/\",\"url\":\"https:\/\/librairie7l.com\/en\/produit\/autobiographie-de-la-neige-histoires-dun-monde-silencieux\/\",\"name\":\"AUTOBIOGRAPHIE DE LA NEIGE : HISTOIRES D'UN MONDE SILENCIEUX - Librairie 7L\",\"isPartOf\":{\"@id\":\"https:\/\/librairie7l.com\/en\/#website\"},\"datePublished\":\"2023-09-19T10:38:47+00:00\",\"dateModified\":\"2026-04-18T13:01:43+00:00\",\"breadcrumb\":{\"@id\":\"https:\/\/librairie7l.com\/en\/produit\/autobiographie-de-la-neige-histoires-dun-monde-silencieux\/#breadcrumb\"},\"inLanguage\":\"en-US\",\"potentialAction\":[{\"@type\":\"ReadAction\",\"target\":[\"https:\/\/librairie7l.com\/en\/produit\/autobiographie-de-la-neige-histoires-dun-monde-silencieux\/\"]}]},{\"@type\":\"BreadcrumbList\",\"@id\":\"https:\/\/librairie7l.com\/en\/produit\/autobiographie-de-la-neige-histoires-dun-monde-silencieux\/#breadcrumb\",\"itemListElement\":[{\"@type\":\"ListItem\",\"position\":1,\"name\":\"Accueil\",\"item\":\"https:\/\/librairie7l.com\/en\/\"},{\"@type\":\"ListItem\",\"position\":2,\"name\":\"Shop\",\"item\":\"https:\/\/librairie7l.com\/en\/shop\/\"},{\"@type\":\"ListItem\",\"position\":3,\"name\":\"AUTOBIOGRAPHIE DE LA NEIGE : HISTOIRES D&#8217;UN MONDE SILENCIEUX\"}]},{\"@type\":\"WebSite\",\"@id\":\"https:\/\/librairie7l.com\/en\/#website\",\"url\":\"https:\/\/librairie7l.com\/en\/\",\"name\":\"Librairie 7L\",\"description\":\"Librairie fond\u00e9e en 1999 par Karl Lagerfeld \u00e0 Paris\",\"publisher\":{\"@id\":\"https:\/\/librairie7l.com\/en\/#organization\"},\"potentialAction\":[{\"@type\":\"SearchAction\",\"target\":{\"@type\":\"EntryPoint\",\"urlTemplate\":\"https:\/\/librairie7l.com\/en\/?s={search_term_string}\"},\"query-input\":\"required name=search_term_string\"}],\"inLanguage\":\"en-US\"},{\"@type\":\"Organization\",\"@id\":\"https:\/\/librairie7l.com\/en\/#organization\",\"name\":\"Librairie 7L\",\"url\":\"https:\/\/librairie7l.com\/en\/\",\"logo\":{\"@type\":\"ImageObject\",\"inLanguage\":\"en-US\",\"@id\":\"https:\/\/librairie7l.com\/en\/#\/schema\/logo\/image\/\",\"url\":\"https:\/\/librairie7l.com\/wp-content\/uploads\/2022\/08\/logo-1.png\",\"contentUrl\":\"https:\/\/librairie7l.com\/wp-content\/uploads\/2022\/08\/logo-1.png\",\"width\":227,\"height\":301,\"caption\":\"Librairie 7L\"},\"image\":{\"@id\":\"https:\/\/librairie7l.com\/en\/#\/schema\/logo\/image\/\"}}]}<\/script>\n<!-- \/ Yoast SEO plugin. -->","yoast_head_json":{"title":"AUTOBIOGRAPHIE DE LA NEIGE : HISTOIRES D'UN MONDE SILENCIEUX - Librairie 7L","robots":{"index":"index","follow":"follow","max-snippet":"max-snippet:-1","max-image-preview":"max-image-preview:large","max-video-preview":"max-video-preview:-1"},"canonical":"https:\/\/librairie7l.com\/en\/produit\/autobiographie-de-la-neige-histoires-dun-monde-silencieux\/","og_locale":"en_US","og_type":"article","og_title":"AUTOBIOGRAPHIE DE LA NEIGE : HISTOIRES D'UN MONDE SILENCIEUX - Librairie 7L","og_description":"\u00ab Dans ce voyage po\u00e9tique, il nous apprend \u00e0 lire les traces, les noms, les odeurs, entre \u00e9clairs de lune, chutes de neige anciennes et l\u00e9gendes \u00e9vocatrices. \u00bb Vanity FairLa neige convoque des sentiments archa\u00efques. Elle \u00e9voque le merveilleux, les contes, l&#8217;enfance. Cet ouvrage tr\u00e8s po\u00e9tique est une d\u00e9claration d&#8217;amour \u00e0 la neige n\u00e9e sous [&hellip;]","og_url":"https:\/\/librairie7l.com\/en\/produit\/autobiographie-de-la-neige-histoires-dun-monde-silencieux\/","og_site_name":"Librairie 7L","article_modified_time":"2026-04-18T13:01:43+00:00","og_image":[{"width":600,"height":945,"url":"https:\/\/librairie7l.com\/wp-content\/uploads\/2022\/10\/9782344056288_1_75.jpg","type":"image\/jpeg"}],"twitter_card":"summary_large_image","twitter_misc":{"Est. reading time":"1 minute"},"schema":{"@context":"https:\/\/schema.org","@graph":[{"@type":"WebPage","@id":"https:\/\/librairie7l.com\/en\/produit\/autobiographie-de-la-neige-histoires-dun-monde-silencieux\/","url":"https:\/\/librairie7l.com\/en\/produit\/autobiographie-de-la-neige-histoires-dun-monde-silencieux\/","name":"AUTOBIOGRAPHIE DE LA NEIGE : HISTOIRES D'UN MONDE SILENCIEUX - Librairie 7L","isPartOf":{"@id":"https:\/\/librairie7l.com\/en\/#website"},"datePublished":"2023-09-19T10:38:47+00:00","dateModified":"2026-04-18T13:01:43+00:00","breadcrumb":{"@id":"https:\/\/librairie7l.com\/en\/produit\/autobiographie-de-la-neige-histoires-dun-monde-silencieux\/#breadcrumb"},"inLanguage":"en-US","potentialAction":[{"@type":"ReadAction","target":["https:\/\/librairie7l.com\/en\/produit\/autobiographie-de-la-neige-histoires-dun-monde-silencieux\/"]}]},{"@type":"BreadcrumbList","@id":"https:\/\/librairie7l.com\/en\/produit\/autobiographie-de-la-neige-histoires-dun-monde-silencieux\/#breadcrumb","itemListElement":[{"@type":"ListItem","position":1,"name":"Accueil","item":"https:\/\/librairie7l.com\/en\/"},{"@type":"ListItem","position":2,"name":"Shop","item":"https:\/\/librairie7l.com\/en\/shop\/"},{"@type":"ListItem","position":3,"name":"AUTOBIOGRAPHIE DE LA NEIGE : HISTOIRES D&#8217;UN MONDE SILENCIEUX"}]},{"@type":"WebSite","@id":"https:\/\/librairie7l.com\/en\/#website","url":"https:\/\/librairie7l.com\/en\/","name":"Librairie 7L","description":"Librairie fond\u00e9e en 1999 par Karl Lagerfeld \u00e0 Paris","publisher":{"@id":"https:\/\/librairie7l.com\/en\/#organization"},"potentialAction":[{"@type":"SearchAction","target":{"@type":"EntryPoint","urlTemplate":"https:\/\/librairie7l.com\/en\/?s={search_term_string}"},"query-input":"required name=search_term_string"}],"inLanguage":"en-US"},{"@type":"Organization","@id":"https:\/\/librairie7l.com\/en\/#organization","name":"Librairie 7L","url":"https:\/\/librairie7l.com\/en\/","logo":{"@type":"ImageObject","inLanguage":"en-US","@id":"https:\/\/librairie7l.com\/en\/#\/schema\/logo\/image\/","url":"https:\/\/librairie7l.com\/wp-content\/uploads\/2022\/08\/logo-1.png","contentUrl":"https:\/\/librairie7l.com\/wp-content\/uploads\/2022\/08\/logo-1.png","width":227,"height":301,"caption":"Librairie 7L"},"image":{"@id":"https:\/\/librairie7l.com\/en\/#\/schema\/logo\/image\/"}}]}},"_links":{"self":[{"href":"https:\/\/librairie7l.com\/en\/wp-json\/wp\/v2\/product\/33613"}],"collection":[{"href":"https:\/\/librairie7l.com\/en\/wp-json\/wp\/v2\/product"}],"about":[{"href":"https:\/\/librairie7l.com\/en\/wp-json\/wp\/v2\/types\/product"}],"wp:featuredmedia":[{"embeddable":true,"href":"https:\/\/librairie7l.com\/en\/wp-json\/wp\/v2\/media\/33611"}],"wp:attachment":[{"href":"https:\/\/librairie7l.com\/en\/wp-json\/wp\/v2\/media?parent=33613"}],"wp:term":[{"taxonomy":"product_cat","embeddable":true,"href":"https:\/\/librairie7l.com\/en\/wp-json\/wp\/v2\/product_cat?post=33613"},{"taxonomy":"product_tag","embeddable":true,"href":"https:\/\/librairie7l.com\/en\/wp-json\/wp\/v2\/product_tag?post=33613"}],"curies":[{"name":"wp","href":"https:\/\/api.w.org\/{rel}","templated":true}]}}