{"id":33643,"date":"2023-09-19T13:01:36","date_gmt":"2023-09-19T11:01:36","guid":{"rendered":"https:\/\/librairie7l.com\/?post_type=product&#038;p=33643"},"modified":"2026-04-06T02:53:46","modified_gmt":"2026-04-06T00:53:46","slug":"modernist-beirut-2","status":"publish","type":"product","link":"https:\/\/librairie7l.com\/en\/produit\/modernist-beirut-2\/","title":{"rendered":"MODERNIST BEIRUT"},"content":{"rendered":"<p>D\u00e8s les ann\u00e9es 50, Beyrouth et le Liban ont \u00e9t\u00e9 un v\u00e9ritable laboratoire de la modernit\u00e9 architecturale au Moyen-Orient, faisant appel aux plus grands architectes nationaux et internationaux. Les institutions et grandes entreprises libanaises se sont tourn\u00e9es vers le b\u00e9ton et des formes dites brutalistes, participant pleinement au renouveau de l&#8217;architecture mondiale. Si le Liban a donn\u00e9 naissance \u00e0 une floraison de b\u00e2timents exemplaires de cette \u00e9poque, cet ouvrage est une invitation \u00e0 en d\u00e9couvrir plus d&#8217;une trentaine, souvent m\u00e9connus et admirablement saisis par le regard de Matthieu Salvaing. Par leur s\u00e9lection, les auteurs convient le lecteur \u00e0 suivre leurs pas au coeur des diff\u00e9rentes exp\u00e9riences modernistes qui ont travers\u00e9 le Liban comme autant de t\u00e9moignages d&#8217;une vision internationale et g\u00e9n\u00e9reuse. Des commandes publiques, telle l&#8217;embl\u00e9matique Foire internationale de Tripoli \u00e9difi\u00e9e par Oscar Niemeyer ou le Minist\u00e8re de la D\u00e9fense d&#8217;Andr\u00e9 Wogenscky, aux villas priv\u00e9es comme celles r\u00e9alis\u00e9es par Henri Edde, en passant par l&#8217;immeuble Interdesign de Khalil Khoury, cet ouvrage est la c\u00e9l\u00e9bration d&#8217;une histoire heureuse du Liban, ancr\u00e9e dans la modernit\u00e9 et ouverte sur le monde.<\/p>\n","protected":false},"excerpt":{"rendered":"<p>D\u00e8s les ann\u00e9es 50, Beyrouth et le Liban ont \u00e9t\u00e9 un v\u00e9ritable laboratoire de la modernit\u00e9 architecturale au Moyen-Orient, faisant appel aux plus grands architectes nationaux et internationaux. Les institutions et grandes entreprises libanaises se sont tourn\u00e9es vers le b\u00e9ton et des formes dites brutalistes, participant pleinement au renouveau de l&#8217;architecture mondiale. Si le Liban [&hellip;]<\/p>\n","protected":false},"featured_media":33642,"template":"","meta":[],"product_cat":[2948,2950],"product_tag":[],"acf":[],"yoast_head":"<!-- This site is optimized with the Yoast SEO plugin v20.11 - https:\/\/yoast.com\/wordpress\/plugins\/seo\/ -->\n<title>MODERNIST BEIRUT - Librairie 7L<\/title>\n<meta name=\"robots\" content=\"index, follow, max-snippet:-1, max-image-preview:large, max-video-preview:-1\" \/>\n<link rel=\"canonical\" href=\"https:\/\/librairie7l.com\/en\/produit\/modernist-beirut-2\/\" \/>\n<meta property=\"og:locale\" content=\"en_US\" \/>\n<meta property=\"og:type\" content=\"article\" \/>\n<meta property=\"og:title\" content=\"MODERNIST BEIRUT - Librairie 7L\" \/>\n<meta property=\"og:description\" content=\"D\u00e8s les ann\u00e9es 50, Beyrouth et le Liban ont \u00e9t\u00e9 un v\u00e9ritable laboratoire de la modernit\u00e9 architecturale au Moyen-Orient, faisant appel aux plus grands architectes nationaux et internationaux. Les institutions et grandes entreprises libanaises se sont tourn\u00e9es vers le b\u00e9ton et des formes dites brutalistes, participant pleinement au renouveau de l&#8217;architecture mondiale. Si le Liban [&hellip;]\" \/>\n<meta property=\"og:url\" content=\"https:\/\/librairie7l.com\/en\/produit\/modernist-beirut-2\/\" \/>\n<meta property=\"og:site_name\" content=\"Librairie 7L\" \/>\n<meta property=\"article:modified_time\" content=\"2026-04-06T00:53:46+00:00\" \/>\n<meta property=\"og:image\" content=\"https:\/\/librairie7l.com\/wp-content\/uploads\/2023\/04\/9782376660798_1_75.jpg\" \/>\n\t<meta property=\"og:image:width\" content=\"400\" \/>\n\t<meta property=\"og:image:height\" content=\"561\" \/>\n\t<meta property=\"og:image:type\" content=\"image\/jpeg\" \/>\n<meta name=\"twitter:card\" content=\"summary_large_image\" \/>\n<meta name=\"twitter:label1\" content=\"Est. reading time\" \/>\n\t<meta name=\"twitter:data1\" content=\"1 minute\" \/>\n<script type=\"application\/ld+json\" class=\"yoast-schema-graph\">{\"@context\":\"https:\/\/schema.org\",\"@graph\":[{\"@type\":\"WebPage\",\"@id\":\"https:\/\/librairie7l.com\/en\/produit\/modernist-beirut-2\/\",\"url\":\"https:\/\/librairie7l.com\/en\/produit\/modernist-beirut-2\/\",\"name\":\"MODERNIST BEIRUT - Librairie 7L\",\"isPartOf\":{\"@id\":\"https:\/\/librairie7l.com\/en\/#website\"},\"datePublished\":\"2023-09-19T11:01:36+00:00\",\"dateModified\":\"2026-04-06T00:53:46+00:00\",\"breadcrumb\":{\"@id\":\"https:\/\/librairie7l.com\/en\/produit\/modernist-beirut-2\/#breadcrumb\"},\"inLanguage\":\"en-US\",\"potentialAction\":[{\"@type\":\"ReadAction\",\"target\":[\"https:\/\/librairie7l.com\/en\/produit\/modernist-beirut-2\/\"]}]},{\"@type\":\"BreadcrumbList\",\"@id\":\"https:\/\/librairie7l.com\/en\/produit\/modernist-beirut-2\/#breadcrumb\",\"itemListElement\":[{\"@type\":\"ListItem\",\"position\":1,\"name\":\"Accueil\",\"item\":\"https:\/\/librairie7l.com\/en\/\"},{\"@type\":\"ListItem\",\"position\":2,\"name\":\"Shop\",\"item\":\"https:\/\/librairie7l.com\/en\/shop\/\"},{\"@type\":\"ListItem\",\"position\":3,\"name\":\"MODERNIST BEIRUT\"}]},{\"@type\":\"WebSite\",\"@id\":\"https:\/\/librairie7l.com\/en\/#website\",\"url\":\"https:\/\/librairie7l.com\/en\/\",\"name\":\"Librairie 7L\",\"description\":\"Librairie fond\u00e9e en 1999 par Karl Lagerfeld \u00e0 Paris\",\"publisher\":{\"@id\":\"https:\/\/librairie7l.com\/en\/#organization\"},\"potentialAction\":[{\"@type\":\"SearchAction\",\"target\":{\"@type\":\"EntryPoint\",\"urlTemplate\":\"https:\/\/librairie7l.com\/en\/?s={search_term_string}\"},\"query-input\":\"required name=search_term_string\"}],\"inLanguage\":\"en-US\"},{\"@type\":\"Organization\",\"@id\":\"https:\/\/librairie7l.com\/en\/#organization\",\"name\":\"Librairie 7L\",\"url\":\"https:\/\/librairie7l.com\/en\/\",\"logo\":{\"@type\":\"ImageObject\",\"inLanguage\":\"en-US\",\"@id\":\"https:\/\/librairie7l.com\/en\/#\/schema\/logo\/image\/\",\"url\":\"https:\/\/librairie7l.com\/wp-content\/uploads\/2022\/08\/logo-1.png\",\"contentUrl\":\"https:\/\/librairie7l.com\/wp-content\/uploads\/2022\/08\/logo-1.png\",\"width\":227,\"height\":301,\"caption\":\"Librairie 7L\"},\"image\":{\"@id\":\"https:\/\/librairie7l.com\/en\/#\/schema\/logo\/image\/\"}}]}<\/script>\n<!-- \/ Yoast SEO plugin. -->","yoast_head_json":{"title":"MODERNIST BEIRUT - Librairie 7L","robots":{"index":"index","follow":"follow","max-snippet":"max-snippet:-1","max-image-preview":"max-image-preview:large","max-video-preview":"max-video-preview:-1"},"canonical":"https:\/\/librairie7l.com\/en\/produit\/modernist-beirut-2\/","og_locale":"en_US","og_type":"article","og_title":"MODERNIST BEIRUT - Librairie 7L","og_description":"D\u00e8s les ann\u00e9es 50, Beyrouth et le Liban ont \u00e9t\u00e9 un v\u00e9ritable laboratoire de la modernit\u00e9 architecturale au Moyen-Orient, faisant appel aux plus grands architectes nationaux et internationaux. Les institutions et grandes entreprises libanaises se sont tourn\u00e9es vers le b\u00e9ton et des formes dites brutalistes, participant pleinement au renouveau de l&#8217;architecture mondiale. Si le Liban [&hellip;]","og_url":"https:\/\/librairie7l.com\/en\/produit\/modernist-beirut-2\/","og_site_name":"Librairie 7L","article_modified_time":"2026-04-06T00:53:46+00:00","og_image":[{"width":400,"height":561,"url":"https:\/\/librairie7l.com\/wp-content\/uploads\/2023\/04\/9782376660798_1_75.jpg","type":"image\/jpeg"}],"twitter_card":"summary_large_image","twitter_misc":{"Est. reading time":"1 minute"},"schema":{"@context":"https:\/\/schema.org","@graph":[{"@type":"WebPage","@id":"https:\/\/librairie7l.com\/en\/produit\/modernist-beirut-2\/","url":"https:\/\/librairie7l.com\/en\/produit\/modernist-beirut-2\/","name":"MODERNIST BEIRUT - Librairie 7L","isPartOf":{"@id":"https:\/\/librairie7l.com\/en\/#website"},"datePublished":"2023-09-19T11:01:36+00:00","dateModified":"2026-04-06T00:53:46+00:00","breadcrumb":{"@id":"https:\/\/librairie7l.com\/en\/produit\/modernist-beirut-2\/#breadcrumb"},"inLanguage":"en-US","potentialAction":[{"@type":"ReadAction","target":["https:\/\/librairie7l.com\/en\/produit\/modernist-beirut-2\/"]}]},{"@type":"BreadcrumbList","@id":"https:\/\/librairie7l.com\/en\/produit\/modernist-beirut-2\/#breadcrumb","itemListElement":[{"@type":"ListItem","position":1,"name":"Accueil","item":"https:\/\/librairie7l.com\/en\/"},{"@type":"ListItem","position":2,"name":"Shop","item":"https:\/\/librairie7l.com\/en\/shop\/"},{"@type":"ListItem","position":3,"name":"MODERNIST BEIRUT"}]},{"@type":"WebSite","@id":"https:\/\/librairie7l.com\/en\/#website","url":"https:\/\/librairie7l.com\/en\/","name":"Librairie 7L","description":"Librairie fond\u00e9e en 1999 par Karl Lagerfeld \u00e0 Paris","publisher":{"@id":"https:\/\/librairie7l.com\/en\/#organization"},"potentialAction":[{"@type":"SearchAction","target":{"@type":"EntryPoint","urlTemplate":"https:\/\/librairie7l.com\/en\/?s={search_term_string}"},"query-input":"required name=search_term_string"}],"inLanguage":"en-US"},{"@type":"Organization","@id":"https:\/\/librairie7l.com\/en\/#organization","name":"Librairie 7L","url":"https:\/\/librairie7l.com\/en\/","logo":{"@type":"ImageObject","inLanguage":"en-US","@id":"https:\/\/librairie7l.com\/en\/#\/schema\/logo\/image\/","url":"https:\/\/librairie7l.com\/wp-content\/uploads\/2022\/08\/logo-1.png","contentUrl":"https:\/\/librairie7l.com\/wp-content\/uploads\/2022\/08\/logo-1.png","width":227,"height":301,"caption":"Librairie 7L"},"image":{"@id":"https:\/\/librairie7l.com\/en\/#\/schema\/logo\/image\/"}}]}},"_links":{"self":[{"href":"https:\/\/librairie7l.com\/en\/wp-json\/wp\/v2\/product\/33643"}],"collection":[{"href":"https:\/\/librairie7l.com\/en\/wp-json\/wp\/v2\/product"}],"about":[{"href":"https:\/\/librairie7l.com\/en\/wp-json\/wp\/v2\/types\/product"}],"wp:featuredmedia":[{"embeddable":true,"href":"https:\/\/librairie7l.com\/en\/wp-json\/wp\/v2\/media\/33642"}],"wp:attachment":[{"href":"https:\/\/librairie7l.com\/en\/wp-json\/wp\/v2\/media?parent=33643"}],"wp:term":[{"taxonomy":"product_cat","embeddable":true,"href":"https:\/\/librairie7l.com\/en\/wp-json\/wp\/v2\/product_cat?post=33643"},{"taxonomy":"product_tag","embeddable":true,"href":"https:\/\/librairie7l.com\/en\/wp-json\/wp\/v2\/product_tag?post=33643"}],"curies":[{"name":"wp","href":"https:\/\/api.w.org\/{rel}","templated":true}]}}